{"id":10418,"date":"2021-03-13T02:38:18","date_gmt":"2021-03-13T02:38:18","guid":{"rendered":"https:\/\/mouldking.store\/shop\/import-placeholder-for-15738\/"},"modified":"2022-01-05T11:00:41","modified_gmt":"2022-01-05T11:00:41","slug":"mould-king-13001-13004-robot-m2-m1-m3-m4-set-remote-control-with-pf","status":"publish","type":"product","link":"https:\/\/mouldking.store\/de\/shop\/mould-king-13001-13004-robot-m2-m1-m3-m4-set-remote-control-with-pf\/","title":{"rendered":"MOLD KING 13001-13004 Roboter M2 M1 M3 M4 Set Fernbedienung mit PF"},"content":{"rendered":"<p>Produktinformation:<\/p>\n<div>\n<ol>\n<li>Typ: Bl\u00f6cke<\/li>\n<li>Geschlecht: Unisex<\/li>\n<li>Achtung: kann nicht essen<\/li>\n<li>Altersspanne: &gt; 6 Jahre alt<\/li>\n<li>Modell-Nr:<span class=\"property-title\">\u00a0<\/span><span class=\"property-desc line-limit-length\">13001, 13002, 13003, 13004<\/span><\/li>\n<li>Einstufung: Assemblage<\/li>\n<li>Kunststoffblockform: Selbstsichernde Steine<\/li>\n<li>Material: Kunststoff<\/li>\n<li>Kunststofftyp: ABS<\/li>\n<li>Bricks Blocks: 395 +PCS, 349+ PCS, 333 + PCS, 351 + PCS<\/li>\n<li>Enth\u00e4lt eine detaillierte Montageanleitung, PF-Teile<\/li>\n<li><strong>APP-Link<\/strong>: Wenn Sie die App nicht \u00fcber einen QR-Code erhalten k\u00f6nnen, wenden Sie sich einfach an den Verk\u00e4ufer, um sie zu erhalten.<\/li>\n<\/ol>\n<p>Notiz:<br \/>\n1. Ohne Originalverpackung, aber wir garantieren, dass unsere Produkte eine Qualit\u00e4tssicherung und eine sch\u00f6ne Verpackung haben.<br \/>\n2. Wie alle Teile, die wir vor dem Versand \u00fcberpr\u00fcft haben, machen Sie sich keine Sorgen, wenn Sie feststellen, dass einige Teile fehlen oder besch\u00e4digt sind, und kontaktieren Sie uns einfach, und wir k\u00f6nnen sie Ihnen umgehend kostenlos erneut zusenden.<\/p>\n<\/div>\n<div><\/div>","protected":false},"excerpt":{"rendered":"<p>Product information: Type: Blocks Gender: Unisex Warning: can not eat Age Range: &gt; 6 years old Model Number:\u00a013001, 13002, 13003, 13004 Classification: Assemblage Plastic Block Shape: Self-Locking Bricks Material: Plastic Plastic Type: ABS Bricks Blocks: 395 +PCS, 349+ PCS, 333 + PCS, 351 + PCS Contains detailed assembly instructions, PF parts APP link: if can\u2019t [&hellip;]<\/p>","protected":false},"featured_media":10476,"comment_status":"open","ping_status":"closed","template":"","meta":{"_acf_changed":false},"product_cat":[371],"product_tag":[366,367,369,370],"class_list":["product","first","outofstock","shipping-taxable","purchasable","product-type-variable"],"acf":[],"_links":{"self":[{"href":"https:\/\/mouldking.store\/de\/wp-json\/wp\/v2\/product\/10418","targetHints":{"allow":["GET"]}}],"collection":[{"href":"https:\/\/mouldking.store\/de\/wp-json\/wp\/v2\/product"}],"about":[{"href":"https:\/\/mouldking.store\/de\/wp-json\/wp\/v2\/types\/product"}],"replies":[{"embeddable":true,"href":"https:\/\/mouldking.store\/de\/wp-json\/wp\/v2\/comments?post=10418"}],"wp:featuredmedia":[{"embeddable":true,"href":"https:\/\/mouldking.store\/de\/wp-json\/wp\/v2\/media\/10476"}],"wp:attachment":[{"href":"https:\/\/mouldking.store\/de\/wp-json\/wp\/v2\/media?parent=10418"}],"wp:term":[{"taxonomy":"product_cat","embeddable":true,"href":"https:\/\/mouldking.store\/de\/wp-json\/wp\/v2\/product_cat?post=10418"},{"taxonomy":"product_tag","embeddable":true,"href":"https:\/\/mouldking.store\/de\/wp-json\/wp\/v2\/product_tag?post=10418"}],"curies":[{"name":"wp","href":"https:\/\/api.w.org\/{rel}","templated":true}]}}