{"id":10429,"date":"2021-03-13T02:38:19","date_gmt":"2021-03-13T02:38:19","guid":{"rendered":"https:\/\/mouldking.store\/shop\/import-placeholder-for-16616\/"},"modified":"2021-12-23T09:54:52","modified_gmt":"2021-12-23T09:54:52","slug":"mould-king-21016-rebel-u-wing-fighter-by-mirko-soppelsa-with-3300-pieces","status":"publish","type":"product","link":"https:\/\/mouldking.store\/de\/shop\/mould-king-21016-rebel-u-wing-fighter-by-mirko-soppelsa-with-3300-pieces\/","title":{"rendered":"MOLD KING 21016 Rebel U Wing Fighter von Mirko Soppelsa mit 3300 Teilen"},"content":{"rendered":"<p>Produktinformation:<\/p>\n<ol>\n<li>Typ: Bl\u00f6cke<\/li>\n<li>Geschlecht: Unisex<\/li>\n<li>Achtung: kann nicht essen<\/li>\n<li>Altersspanne: &gt; 8 Jahre alt<\/li>\n<li>Modell-Nr: <span class=\"property-title\"> 21016<\/span><\/li>\n<li>Einstufung: Assemblage<\/li>\n<li>Kunststoffblockform: Selbstsichernde Steine<\/li>\n<li>Material: Kunststoff<\/li>\n<li>Kunststofftyp: ABS<\/li>\n<li>Ziegelsteine: 3300 PCS<\/li>\n<li>Enth\u00e4lt eine ausf\u00fchrliche Montageanleitung.<\/li>\n<\/ol>\n<p>Notiz:<br \/>\n1. Ohne Originalverpackung, aber wir garantieren, dass unsere Produkte eine Qualit\u00e4tssicherung und eine sch\u00f6ne Verpackung haben.<br \/>\n2. Wie alle Teile, die wir vor dem Versand \u00fcberpr\u00fcft haben, machen Sie sich keine Sorgen, wenn Sie feststellen, dass einige Teile fehlen oder besch\u00e4digt sind, und kontaktieren Sie uns einfach, und wir k\u00f6nnen sie Ihnen umgehend kostenlos erneut zusenden.<\/p>\n<p>&nbsp;<\/p>\n<p>&nbsp;<\/p>\n<p>&nbsp;<\/p>\n<p>&nbsp;<\/p>\n<p>&nbsp;<\/p>\n<p>&nbsp;<\/p>\n<figure id=\"attachment_11131\" aria-describedby=\"caption-attachment-11131\" style=\"width: 775px\" class=\"wp-caption aligncenter\"><a href=\"https:\/\/mouldking.store\/wp-content\/uploads\/2021\/05\/mould-king-21016-rebel-u-wing-fighter-by-mirko-soppelsa-with-3300-pieces.jpg\"><img fetchpriority=\"high\" decoding=\"async\" class=\"wp-image-11131 size-large\" title=\"MOLD KING 21016 Rebel U Wing Fighter von Mirko Soppelsa mit 3300 Teilen\" src=\"https:\/\/mouldking.store\/wp-content\/uploads\/2021\/05\/mould-king-21016-rebel-u-wing-fighter-by-mirko-soppelsa-with-3300-pieces-775x1024.jpg\" alt=\"MOULD KING 21016 Rebel U Wing Fighter by Mirko Soppelsa with 3300 Pieces\" width=\"775\" height=\"1024\" srcset=\"https:\/\/mouldking.store\/wp-content\/uploads\/2021\/05\/mould-king-21016-rebel-u-wing-fighter-by-mirko-soppelsa-with-3300-pieces-775x1024.jpg 775w, https:\/\/mouldking.store\/wp-content\/uploads\/2021\/05\/mould-king-21016-rebel-u-wing-fighter-by-mirko-soppelsa-with-3300-pieces-227x300.jpg 227w, https:\/\/mouldking.store\/wp-content\/uploads\/2021\/05\/mould-king-21016-rebel-u-wing-fighter-by-mirko-soppelsa-with-3300-pieces-768x1014.jpg 768w, https:\/\/mouldking.store\/wp-content\/uploads\/2021\/05\/mould-king-21016-rebel-u-wing-fighter-by-mirko-soppelsa-with-3300-pieces-300x396.jpg 300w, https:\/\/mouldking.store\/wp-content\/uploads\/2021\/05\/mould-king-21016-rebel-u-wing-fighter-by-mirko-soppelsa-with-3300-pieces-600x793.jpg 600w, https:\/\/mouldking.store\/wp-content\/uploads\/2021\/05\/mould-king-21016-rebel-u-wing-fighter-by-mirko-soppelsa-with-3300-pieces-114x150.jpg 114w, https:\/\/mouldking.store\/wp-content\/uploads\/2021\/05\/mould-king-21016-rebel-u-wing-fighter-by-mirko-soppelsa-with-3300-pieces.jpg 969w\" sizes=\"(max-width: 775px) 100vw, 775px\" \/><\/a><figcaption id=\"caption-attachment-11131\" class=\"wp-caption-text\">MOLD KING 21016 Rebel U Wing Fighter von Mirko Soppelsa mit 3300 Teilen<\/figcaption><\/figure>\n<p>&nbsp;<\/p>","protected":false},"excerpt":{"rendered":"<p>Product information: Type: Blocks Gender: Unisex Warning: can not eat Age Range: &gt; 8 years old Model Number: 21016 Classification: Assemblage Plastic Block Shape: Self-Locking Bricks Material: Plastic Plastic Type: ABS Bricks Blocks: 3300 PCS Contains detailed assembly instructions. Notice: 1. Without an original box, but we guarantee our products have quality assurance and nice [&hellip;]<\/p>","protected":false},"featured_media":10534,"comment_status":"open","ping_status":"closed","template":"","meta":{"_acf_changed":false},"product_cat":[415],"product_tag":[430,366,576,432,433,434,435,436,437,438,440],"class_list":["product","first","outofstock","shipping-taxable","purchasable","product-type-simple"],"acf":[],"_links":{"self":[{"href":"https:\/\/mouldking.store\/de\/wp-json\/wp\/v2\/product\/10429","targetHints":{"allow":["GET"]}}],"collection":[{"href":"https:\/\/mouldking.store\/de\/wp-json\/wp\/v2\/product"}],"about":[{"href":"https:\/\/mouldking.store\/de\/wp-json\/wp\/v2\/types\/product"}],"replies":[{"embeddable":true,"href":"https:\/\/mouldking.store\/de\/wp-json\/wp\/v2\/comments?post=10429"}],"wp:featuredmedia":[{"embeddable":true,"href":"https:\/\/mouldking.store\/de\/wp-json\/wp\/v2\/media\/10534"}],"wp:attachment":[{"href":"https:\/\/mouldking.store\/de\/wp-json\/wp\/v2\/media?parent=10429"}],"wp:term":[{"taxonomy":"product_cat","embeddable":true,"href":"https:\/\/mouldking.store\/de\/wp-json\/wp\/v2\/product_cat?post=10429"},{"taxonomy":"product_tag","embeddable":true,"href":"https:\/\/mouldking.store\/de\/wp-json\/wp\/v2\/product_tag?post=10429"}],"curies":[{"name":"wp","href":"https:\/\/api.w.org\/{rel}","templated":true}]}}