{"id":10433,"date":"2021-03-13T02:38:20","date_gmt":"2021-03-13T02:38:20","guid":{"rendered":"https:\/\/mouldking.store\/shop\/import-placeholder-for-16655\/"},"modified":"2021-12-23T09:54:52","modified_gmt":"2021-12-23T09:54:52","slug":"mould-king-18003-red-monster-buggy-with-1670-pieces","status":"publish","type":"product","link":"https:\/\/mouldking.store\/de\/shop\/mould-king-18003-red-monster-buggy-with-1670-pieces\/","title":{"rendered":"MOLD KING 18003 Roter Monsterbuggy mit 1670 Teilen"},"content":{"rendered":"<p>&nbsp;<\/p>\n<p>&nbsp;<\/p>\n<p>Produktinformation:<\/p>\n<ol>\n<li>Typ: Bl\u00f6cke<\/li>\n<li>Geschlecht: Unisex<\/li>\n<li>Achtung: kann nicht essen<\/li>\n<li>Altersspanne: &gt; 8 Jahre alt<\/li>\n<li>Modell-Nr: <span class=\"property-title\"> 18003<\/span><\/li>\n<li>Einstufung: Assemblage<\/li>\n<li>Kunststoffblockform: Selbstsichernde Steine<\/li>\n<li>Material: Kunststoff<\/li>\n<li>Kunststofftyp: ABS<\/li>\n<li>Ziegelsteine: 1670 + ST\u00dcCKE<\/li>\n<li>Enth\u00e4lt eine detaillierte Montageanleitung, PF-Teile<\/li>\n<li><strong>APP-Link<\/strong>: Wenn Sie die App nicht \u00fcber einen QR-Code erhalten k\u00f6nnen, wenden Sie sich einfach an den Verk\u00e4ufer, um sie zu erhalten.<\/li>\n<\/ol>\n<p>Notiz:<br \/>\n1. Ohne Originalverpackung, aber wir garantieren, dass unsere Produkte eine Qualit\u00e4tssicherung und eine sch\u00f6ne Verpackung haben.<br \/>\n2. Wie alle Teile, die wir vor dem Versand \u00fcberpr\u00fcft haben, machen Sie sich keine Sorgen, wenn Sie feststellen, dass einige Teile fehlen oder besch\u00e4digt sind, und kontaktieren Sie uns einfach, und wir k\u00f6nnen sie Ihnen umgehend kostenlos erneut zusenden.<\/p>\n<p>&nbsp;<\/p>\n<p>&nbsp;<\/p>\n<p>&nbsp;<\/p>\n<p>&nbsp;<\/p>","protected":false},"excerpt":{"rendered":"<p>&nbsp; &nbsp; Produktinformationen: Typ: Bl\u00f6cke Geschlecht: Unisex Warnung: kann nicht gegessen werden Altersgruppe: &gt; 8 Jahre Modellnummer: 18003 Klassifizierung: Zusammenbau Kunststoffblock Form: Selbstsichernde Steine Material: Kunststoff Kunststofftyp: ABS-Steinbl\u00f6cke: 1670 +PCS Enth\u00e4lt detaillierte Montageanleitungen, PF-Teile APP-Link: Wenn Sie die App nicht \u00fcber einen QR-Code erhalten k\u00f6nnen, einfach [\u2026]<\/p>","protected":false},"featured_media":10559,"comment_status":"open","ping_status":"closed","template":"","meta":{"_acf_changed":false},"product_cat":[364],"product_tag":[467,455,417,418,419,456,457,421,425,426,427,460,430,462,468,366,469,470,432,471,466],"class_list":["product","first","outofstock","shipping-taxable","purchasable","product-type-simple"],"acf":[],"_links":{"self":[{"href":"https:\/\/mouldking.store\/de\/wp-json\/wp\/v2\/product\/10433","targetHints":{"allow":["GET"]}}],"collection":[{"href":"https:\/\/mouldking.store\/de\/wp-json\/wp\/v2\/product"}],"about":[{"href":"https:\/\/mouldking.store\/de\/wp-json\/wp\/v2\/types\/product"}],"replies":[{"embeddable":true,"href":"https:\/\/mouldking.store\/de\/wp-json\/wp\/v2\/comments?post=10433"}],"wp:featuredmedia":[{"embeddable":true,"href":"https:\/\/mouldking.store\/de\/wp-json\/wp\/v2\/media\/10559"}],"wp:attachment":[{"href":"https:\/\/mouldking.store\/de\/wp-json\/wp\/v2\/media?parent=10433"}],"wp:term":[{"taxonomy":"product_cat","embeddable":true,"href":"https:\/\/mouldking.store\/de\/wp-json\/wp\/v2\/product_cat?post=10433"},{"taxonomy":"product_tag","embeddable":true,"href":"https:\/\/mouldking.store\/de\/wp-json\/wp\/v2\/product_tag?post=10433"}],"curies":[{"name":"wp","href":"https:\/\/api.w.org\/{rel}","templated":true}]}}