{"id":10438,"date":"2021-03-13T02:38:20","date_gmt":"2021-03-13T02:38:20","guid":{"rendered":"https:\/\/mouldking.store\/shop\/import-placeholder-for-16716\/"},"modified":"2021-12-23T09:54:50","modified_gmt":"2021-12-23T09:54:50","slug":"mould-king-13010-tele-tank-with-550-pieces","status":"publish","type":"product","link":"https:\/\/mouldking.store\/de\/shop\/mould-king-13010-tele-tank-with-550-pieces\/","title":{"rendered":"MOLD KING 13010 Tele Tank mit 550 St\u00fcck"},"content":{"rendered":"<p>&nbsp;<\/p>\n<ul class=\"product-specs-list util-clearfix\">\n<li>Produktinformation:\n<ol>\n<li>Typ: Bl\u00f6cke<\/li>\n<li>Geschlecht: Unisex<\/li>\n<li>Achtung: kann nicht essen<\/li>\n<li>Altersspanne: &gt; Jahre alt<\/li>\n<li>Modell-Nr: <span class=\"property-title\">13010<\/span><\/li>\n<li>Einstufung: Assemblage<\/li>\n<li>Kunststoffblockform: Selbstsichernde Steine<\/li>\n<li>Material: Kunststoff<\/li>\n<li>Kunststofftyp: ABS<\/li>\n<li>Ziegelsteine: 550+PCS<\/li>\n<li>Enth\u00e4lt eine detaillierte Montageanleitung, PF-Teile<\/li>\n<li><strong>APP-Link<\/strong>: Wenn Sie die App nicht \u00fcber einen QR-Code erhalten k\u00f6nnen, wenden Sie sich einfach an den Verk\u00e4ufer, um sie zu erhalten.<\/li>\n<\/ol>\n<p>Notiz:<br \/>\n1. Ohne Originalverpackung, aber wir garantieren, dass unsere Produkte eine Qualit\u00e4tssicherung und eine sch\u00f6ne Verpackung haben.<br \/>\n2. Wie alle Teile, die wir vor dem Versand \u00fcberpr\u00fcft haben, machen Sie sich keine Sorgen, wenn Sie feststellen, dass einige Teile fehlen oder besch\u00e4digt sind, und kontaktieren Sie uns einfach, und wir k\u00f6nnen sie Ihnen umgehend kostenlos erneut zusenden.<\/li>\n<\/ul>\n<p>&nbsp;<\/p>\n<p>&nbsp;<\/p>","protected":false},"excerpt":{"rendered":"<p>&nbsp; Product information: Type: Blocks Gender: Unisex Warning: can not eat Age Range: &gt;\u00a0 years old Model Number: 13010 Classification: Assemblage Plastic Block Shape: Self-Locking Bricks Material: Plastic Plastic Type: ABS Bricks Blocks: 550+PCS Contains detailed assembly instructions, PF parts APP link: if can\u2019t get the app through a QR code, just pls contact the [&hellip;]<\/p>","protected":false},"featured_media":10600,"comment_status":"open","ping_status":"closed","template":"","meta":{"_acf_changed":false},"product_cat":[364],"product_tag":[455,417,418,419,425,460,366,490,491,481,482,485,466],"class_list":["product","first","outofstock","shipping-taxable","purchasable","product-type-simple"],"acf":[],"_links":{"self":[{"href":"https:\/\/mouldking.store\/de\/wp-json\/wp\/v2\/product\/10438","targetHints":{"allow":["GET"]}}],"collection":[{"href":"https:\/\/mouldking.store\/de\/wp-json\/wp\/v2\/product"}],"about":[{"href":"https:\/\/mouldking.store\/de\/wp-json\/wp\/v2\/types\/product"}],"replies":[{"embeddable":true,"href":"https:\/\/mouldking.store\/de\/wp-json\/wp\/v2\/comments?post=10438"}],"wp:featuredmedia":[{"embeddable":true,"href":"https:\/\/mouldking.store\/de\/wp-json\/wp\/v2\/media\/10600"}],"wp:attachment":[{"href":"https:\/\/mouldking.store\/de\/wp-json\/wp\/v2\/media?parent=10438"}],"wp:term":[{"taxonomy":"product_cat","embeddable":true,"href":"https:\/\/mouldking.store\/de\/wp-json\/wp\/v2\/product_cat?post=10438"},{"taxonomy":"product_tag","embeddable":true,"href":"https:\/\/mouldking.store\/de\/wp-json\/wp\/v2\/product_tag?post=10438"}],"curies":[{"name":"wp","href":"https:\/\/api.w.org\/{rel}","templated":true}]}}