{"id":11007,"date":"2021-04-14T05:14:14","date_gmt":"2021-04-14T05:14:14","guid":{"rendered":"https:\/\/mouldking.store\/?post_type=product&#038;p=11007"},"modified":"2021-12-23T09:54:49","modified_gmt":"2021-12-23T09:54:49","slug":"mould-king-16037-sanctorum-with-light-with-3588-pieces","status":"publish","type":"product","link":"https:\/\/mouldking.store\/de\/shop\/mould-king-16037-sanctorum-with-light-with-3588-pieces\/","title":{"rendered":"MOLD KING 16037 SANCTORUM mit Licht mit 3588 Teilen"},"content":{"rendered":"<ol>\n<li>Typ: Bl\u00f6cke<\/li>\n<li>Geschlecht: Unisex<\/li>\n<li>Achtung: kann nicht essen<\/li>\n<li>Altersspanne: &gt; 6 Jahre alt<\/li>\n<li>Model Number: 16037<\/li>\n<li>Einstufung: Assemblage<\/li>\n<li>Kunststoffblockform: Selbstsichernde Steine<\/li>\n<li>Material: Kunststoff<\/li>\n<li>Kunststofftyp: ABS<\/li>\n<li>Bricks Blocks: 3588 PCS<\/li>\n<li>Enth\u00e4lt eine ausf\u00fchrliche Montageanleitung<\/li>\n<\/ol>\n<p>Notiz:<br \/>\n1. Ohne Originalverpackung, aber wir garantieren, dass unsere Produkte eine Qualit\u00e4tssicherung und eine sch\u00f6ne Verpackung haben.<br \/>\n2. Wie alle Teile, die wir vor dem Versand \u00fcberpr\u00fcft haben, machen Sie sich keine Sorgen, wenn Sie feststellen, dass einige Teile fehlen oder besch\u00e4digt sind, und kontaktieren Sie uns einfach, und wir k\u00f6nnen sie Ihnen umgehend kostenlos erneut zusenden.<\/p>\n<figure id=\"attachment_11008\" aria-describedby=\"caption-attachment-11008\" style=\"width: 800px\" class=\"wp-caption aligncenter\"><img fetchpriority=\"high\" decoding=\"async\" class=\"size-full wp-image-11008\" title=\"MOLD KING 16037 SANCTORUM mit Licht mit 3588 Teilen\" src=\"http:\/\/mouldking.store\/wp-content\/uploads\/2021\/04\/mould-king-16037-sanctorum-with-light-with-3588-pieces.jpg\" alt=\"MOULD KING 16037 SANCTORUM with Light with 3588 pieces\" width=\"800\" height=\"800\" srcset=\"https:\/\/mouldking.store\/wp-content\/uploads\/2021\/04\/mould-king-16037-sanctorum-with-light-with-3588-pieces.jpg 800w, https:\/\/mouldking.store\/wp-content\/uploads\/2021\/04\/mould-king-16037-sanctorum-with-light-with-3588-pieces-300x300.jpg 300w, https:\/\/mouldking.store\/wp-content\/uploads\/2021\/04\/mould-king-16037-sanctorum-with-light-with-3588-pieces-768x768.jpg 768w, https:\/\/mouldking.store\/wp-content\/uploads\/2021\/04\/mould-king-16037-sanctorum-with-light-with-3588-pieces-600x600.jpg 600w, https:\/\/mouldking.store\/wp-content\/uploads\/2021\/04\/mould-king-16037-sanctorum-with-light-with-3588-pieces-150x150.jpg 150w\" sizes=\"(max-width: 800px) 100vw, 800px\" \/><figcaption id=\"caption-attachment-11008\" class=\"wp-caption-text\">MOLD KING 16037 SANCTORUM mit Licht mit 3588 Teilen<\/figcaption><\/figure>\n<figure id=\"attachment_11009\" aria-describedby=\"caption-attachment-11009\" style=\"width: 800px\" class=\"wp-caption aligncenter\"><img decoding=\"async\" class=\"size-full wp-image-11009\" title=\"MOLD KING 16037 SANCTORUM mit Licht mit 3588 Teilen\" src=\"http:\/\/mouldking.store\/wp-content\/uploads\/2021\/04\/mould-king-16037-sanctorum-with-light-with-3588-pieces-1.jpg\" alt=\"MOULD KING 16037 SANCTORUM with Light with 3588 pieces\" width=\"800\" height=\"800\" srcset=\"https:\/\/mouldking.store\/wp-content\/uploads\/2021\/04\/mould-king-16037-sanctorum-with-light-with-3588-pieces-1.jpg 800w, https:\/\/mouldking.store\/wp-content\/uploads\/2021\/04\/mould-king-16037-sanctorum-with-light-with-3588-pieces-1-300x300.jpg 300w, https:\/\/mouldking.store\/wp-content\/uploads\/2021\/04\/mould-king-16037-sanctorum-with-light-with-3588-pieces-1-768x768.jpg 768w, https:\/\/mouldking.store\/wp-content\/uploads\/2021\/04\/mould-king-16037-sanctorum-with-light-with-3588-pieces-1-600x600.jpg 600w, https:\/\/mouldking.store\/wp-content\/uploads\/2021\/04\/mould-king-16037-sanctorum-with-light-with-3588-pieces-1-150x150.jpg 150w\" sizes=\"(max-width: 800px) 100vw, 800px\" \/><figcaption id=\"caption-attachment-11009\" class=\"wp-caption-text\">MOLD KING 16037 SANCTORUM mit Licht mit 3588 Teilen<\/figcaption><\/figure>\n<figure id=\"attachment_11010\" aria-describedby=\"caption-attachment-11010\" style=\"width: 800px\" class=\"wp-caption aligncenter\"><img decoding=\"async\" class=\"size-full wp-image-11010\" title=\"MOLD KING 16037 SANCTORUM mit Licht mit 3588 Teilen\" src=\"http:\/\/mouldking.store\/wp-content\/uploads\/2021\/04\/mould-king-16037-sanctorum-with-light-with-3588-pieces-2.jpg\" alt=\"MOULD KING 16037 SANCTORUM with Light with 3588 pieces\" width=\"800\" height=\"800\" srcset=\"https:\/\/mouldking.store\/wp-content\/uploads\/2021\/04\/mould-king-16037-sanctorum-with-light-with-3588-pieces-2.jpg 800w, https:\/\/mouldking.store\/wp-content\/uploads\/2021\/04\/mould-king-16037-sanctorum-with-light-with-3588-pieces-2-300x300.jpg 300w, https:\/\/mouldking.store\/wp-content\/uploads\/2021\/04\/mould-king-16037-sanctorum-with-light-with-3588-pieces-2-768x768.jpg 768w, https:\/\/mouldking.store\/wp-content\/uploads\/2021\/04\/mould-king-16037-sanctorum-with-light-with-3588-pieces-2-600x600.jpg 600w, https:\/\/mouldking.store\/wp-content\/uploads\/2021\/04\/mould-king-16037-sanctorum-with-light-with-3588-pieces-2-150x150.jpg 150w\" sizes=\"(max-width: 800px) 100vw, 800px\" \/><figcaption id=\"caption-attachment-11010\" class=\"wp-caption-text\">MOLD KING 16037 SANCTORUM mit Licht mit 3588 Teilen<\/figcaption><\/figure>\n<figure id=\"attachment_11011\" aria-describedby=\"caption-attachment-11011\" style=\"width: 800px\" class=\"wp-caption aligncenter\"><img loading=\"lazy\" decoding=\"async\" class=\"size-full wp-image-11011\" title=\"MOLD KING 16037 SANCTORUM mit Licht mit 3588 Teilen\" src=\"http:\/\/mouldking.store\/wp-content\/uploads\/2021\/04\/mould-king-16037-sanctorum-with-light-with-3588-pieces-3.jpg\" alt=\"MOULD KING 16037 SANCTORUM with Light with 3588 pieces\" width=\"800\" height=\"800\" srcset=\"https:\/\/mouldking.store\/wp-content\/uploads\/2021\/04\/mould-king-16037-sanctorum-with-light-with-3588-pieces-3.jpg 800w, https:\/\/mouldking.store\/wp-content\/uploads\/2021\/04\/mould-king-16037-sanctorum-with-light-with-3588-pieces-3-300x300.jpg 300w, https:\/\/mouldking.store\/wp-content\/uploads\/2021\/04\/mould-king-16037-sanctorum-with-light-with-3588-pieces-3-768x768.jpg 768w, https:\/\/mouldking.store\/wp-content\/uploads\/2021\/04\/mould-king-16037-sanctorum-with-light-with-3588-pieces-3-600x600.jpg 600w, https:\/\/mouldking.store\/wp-content\/uploads\/2021\/04\/mould-king-16037-sanctorum-with-light-with-3588-pieces-3-150x150.jpg 150w\" sizes=\"(max-width: 800px) 100vw, 800px\" \/><figcaption id=\"caption-attachment-11011\" class=\"wp-caption-text\">MOLD KING 16037 SANCTORUM mit Licht mit 3588 Teilen<\/figcaption><\/figure>","protected":false},"excerpt":{"rendered":"<p>Type: Blocks Gender: Unisex Warning: can not eat Age Range: &gt; 6 years old Model Number: 16037 Classification: Assemblage Plastic Block Shape: Self-Locking Bricks Material: Plastic Plastic Type: ABS Bricks Blocks: 3588 PCS Contains detailed assembly instructions Notice: 1. Without an original box, but we guarantee our products have quality assurance and nice packaging. 2. [&hellip;]<\/p>","protected":false},"featured_media":11008,"comment_status":"open","ping_status":"closed","template":"","meta":{"_acf_changed":false},"product_cat":[390],"product_tag":[392,1222,1221,1223,1224],"class_list":["product","first","instock","sale","shipping-taxable","purchasable","product-type-simple"],"acf":[],"_links":{"self":[{"href":"https:\/\/mouldking.store\/de\/wp-json\/wp\/v2\/product\/11007","targetHints":{"allow":["GET"]}}],"collection":[{"href":"https:\/\/mouldking.store\/de\/wp-json\/wp\/v2\/product"}],"about":[{"href":"https:\/\/mouldking.store\/de\/wp-json\/wp\/v2\/types\/product"}],"replies":[{"embeddable":true,"href":"https:\/\/mouldking.store\/de\/wp-json\/wp\/v2\/comments?post=11007"}],"wp:featuredmedia":[{"embeddable":true,"href":"https:\/\/mouldking.store\/de\/wp-json\/wp\/v2\/media\/11008"}],"wp:attachment":[{"href":"https:\/\/mouldking.store\/de\/wp-json\/wp\/v2\/media?parent=11007"}],"wp:term":[{"taxonomy":"product_cat","embeddable":true,"href":"https:\/\/mouldking.store\/de\/wp-json\/wp\/v2\/product_cat?post=11007"},{"taxonomy":"product_tag","embeddable":true,"href":"https:\/\/mouldking.store\/de\/wp-json\/wp\/v2\/product_tag?post=11007"}],"curies":[{"name":"wp","href":"https:\/\/api.w.org\/{rel}","templated":true}]}}