{"id":11019,"date":"2021-04-23T04:14:36","date_gmt":"2021-04-23T04:14:36","guid":{"rendered":"https:\/\/mouldking.store\/?post_type=product&#038;p=11019"},"modified":"2024-04-11T10:44:06","modified_gmt":"2024-04-11T03:44:06","slug":"mouldking-14010-awm-sniper-rifle-with-1628-pieces","status":"publish","type":"product","link":"https:\/\/mouldking.store\/de\/shop\/mouldking-14010-awm-sniper-rifle-with-1628-pieces\/","title":{"rendered":"MOULDKING 14010 AWM Scharfsch\u00fctzengewehr mit 1628 Teilen"},"content":{"rendered":"<p>Produktinformation:<\/p>\n<ol>\n<li>Typ: Bl\u00f6cke<\/li>\n<li>Geschlecht: Unisex<\/li>\n<li>Achtung: kann nicht essen<\/li>\n<li>Altersspanne: &gt; 6 Jahre alt<\/li>\n<li>Modellnummer: 14010<\/li>\n<li>Einstufung: Assemblage<\/li>\n<li>Kunststoffblockform: Selbstsichernde Steine<\/li>\n<li>Material: Kunststoff<\/li>\n<li>Kunststofftyp: ABS<\/li>\n<li>Ziegelsteine: 1628 ST\u00dcCKE<\/li>\n<li>Enth\u00e4lt eine ausf\u00fchrliche Montageanleitung<\/li>\n<\/ol>\n<p>Notiz:<br \/>\n1. Ohne Originalverpackung, aber wir garantieren, dass unsere Produkte eine Qualit\u00e4tssicherung und eine sch\u00f6ne Verpackung haben.<br \/>\n2. Wie alle Teile, die wir vor dem Versand \u00fcberpr\u00fcft haben, machen Sie sich keine Sorgen, wenn Sie feststellen, dass einige Teile fehlen oder besch\u00e4digt sind, und kontaktieren Sie uns einfach, und wir k\u00f6nnen sie Ihnen umgehend kostenlos erneut zusenden.<\/p>\n<figure id=\"attachment_11020\" aria-describedby=\"caption-attachment-11020\" style=\"width: 800px\" class=\"wp-caption aligncenter\"><img fetchpriority=\"high\" decoding=\"async\" class=\"size-full wp-image-11020\" title=\"MOULDKING 14010 AWM Scharfsch\u00fctzengewehr mit 1628 Teilen\" src=\"http:\/\/mouldking.store\/wp-content\/uploads\/2021\/04\/mouldking-14010-awm-sniper-rifle-with-1628-pieces.jpg\" alt=\"MOULDKING 14010 AWM Sniper Rifle with 1628 Pieces\" width=\"800\" height=\"800\" srcset=\"https:\/\/mouldking.store\/wp-content\/uploads\/2021\/04\/mouldking-14010-awm-sniper-rifle-with-1628-pieces.jpg 800w, https:\/\/mouldking.store\/wp-content\/uploads\/2021\/04\/mouldking-14010-awm-sniper-rifle-with-1628-pieces-300x300.jpg 300w, https:\/\/mouldking.store\/wp-content\/uploads\/2021\/04\/mouldking-14010-awm-sniper-rifle-with-1628-pieces-768x768.jpg 768w, https:\/\/mouldking.store\/wp-content\/uploads\/2021\/04\/mouldking-14010-awm-sniper-rifle-with-1628-pieces-600x600.jpg 600w, https:\/\/mouldking.store\/wp-content\/uploads\/2021\/04\/mouldking-14010-awm-sniper-rifle-with-1628-pieces-150x150.jpg 150w\" sizes=\"(max-width: 800px) 100vw, 800px\" \/><figcaption id=\"caption-attachment-11020\" class=\"wp-caption-text\">MOULDKING 14010 AWM Scharfsch\u00fctzengewehr mit 1628 Teilen<\/figcaption><\/figure>\n<figure id=\"attachment_11021\" aria-describedby=\"caption-attachment-11021\" style=\"width: 800px\" class=\"wp-caption aligncenter\"><img decoding=\"async\" class=\"size-full wp-image-11021\" title=\"MOULDKING 14010 AWM Scharfsch\u00fctzengewehr mit 1628 Teilen\" src=\"http:\/\/mouldking.store\/wp-content\/uploads\/2021\/04\/mouldking-14010-awm-sniper-rifle-with-1628-pieces-1.jpg\" alt=\"MOULDKING 14010 AWM Sniper Rifle with 1628 Pieces\" width=\"800\" height=\"800\" srcset=\"https:\/\/mouldking.store\/wp-content\/uploads\/2021\/04\/mouldking-14010-awm-sniper-rifle-with-1628-pieces-1.jpg 800w, https:\/\/mouldking.store\/wp-content\/uploads\/2021\/04\/mouldking-14010-awm-sniper-rifle-with-1628-pieces-1-300x300.jpg 300w, https:\/\/mouldking.store\/wp-content\/uploads\/2021\/04\/mouldking-14010-awm-sniper-rifle-with-1628-pieces-1-768x768.jpg 768w, https:\/\/mouldking.store\/wp-content\/uploads\/2021\/04\/mouldking-14010-awm-sniper-rifle-with-1628-pieces-1-600x600.jpg 600w, https:\/\/mouldking.store\/wp-content\/uploads\/2021\/04\/mouldking-14010-awm-sniper-rifle-with-1628-pieces-1-150x150.jpg 150w\" sizes=\"(max-width: 800px) 100vw, 800px\" \/><figcaption id=\"caption-attachment-11021\" class=\"wp-caption-text\">MOULDKING 14010 AWM Scharfsch\u00fctzengewehr mit 1628 Teilen<\/figcaption><\/figure>\n<figure id=\"attachment_11022\" aria-describedby=\"caption-attachment-11022\" style=\"width: 800px\" class=\"wp-caption aligncenter\"><img decoding=\"async\" class=\"size-full wp-image-11022\" title=\"MOULDKING 14010 AWM Scharfsch\u00fctzengewehr mit 1628 Teilen\" src=\"http:\/\/mouldking.store\/wp-content\/uploads\/2021\/04\/mouldking-14010-awm-sniper-rifle-with-1628-pieces-2.jpg\" alt=\"MOULDKING 14010 AWM Sniper Rifle with 1628 Pieces\" width=\"800\" height=\"800\" srcset=\"https:\/\/mouldking.store\/wp-content\/uploads\/2021\/04\/mouldking-14010-awm-sniper-rifle-with-1628-pieces-2.jpg 800w, https:\/\/mouldking.store\/wp-content\/uploads\/2021\/04\/mouldking-14010-awm-sniper-rifle-with-1628-pieces-2-300x300.jpg 300w, https:\/\/mouldking.store\/wp-content\/uploads\/2021\/04\/mouldking-14010-awm-sniper-rifle-with-1628-pieces-2-768x768.jpg 768w, https:\/\/mouldking.store\/wp-content\/uploads\/2021\/04\/mouldking-14010-awm-sniper-rifle-with-1628-pieces-2-600x600.jpg 600w, https:\/\/mouldking.store\/wp-content\/uploads\/2021\/04\/mouldking-14010-awm-sniper-rifle-with-1628-pieces-2-150x150.jpg 150w\" sizes=\"(max-width: 800px) 100vw, 800px\" \/><figcaption id=\"caption-attachment-11022\" class=\"wp-caption-text\">MOULDKING 14010 AWM Scharfsch\u00fctzengewehr mit 1628 Teilen<\/figcaption><\/figure>\n<figure id=\"attachment_11023\" aria-describedby=\"caption-attachment-11023\" style=\"width: 800px\" class=\"wp-caption aligncenter\"><img loading=\"lazy\" decoding=\"async\" class=\"size-full wp-image-11023\" title=\"MOULDKING 14010 AWM Scharfsch\u00fctzengewehr mit 1628 Teilen\" src=\"http:\/\/mouldking.store\/wp-content\/uploads\/2021\/04\/mouldking-14010-awm-sniper-rifle-with-1628-pieces-3.jpg\" alt=\"MOULDKING 14010 AWM Sniper Rifle with 1628 Pieces\" width=\"800\" height=\"800\" srcset=\"https:\/\/mouldking.store\/wp-content\/uploads\/2021\/04\/mouldking-14010-awm-sniper-rifle-with-1628-pieces-3.jpg 800w, https:\/\/mouldking.store\/wp-content\/uploads\/2021\/04\/mouldking-14010-awm-sniper-rifle-with-1628-pieces-3-300x300.jpg 300w, https:\/\/mouldking.store\/wp-content\/uploads\/2021\/04\/mouldking-14010-awm-sniper-rifle-with-1628-pieces-3-768x768.jpg 768w, https:\/\/mouldking.store\/wp-content\/uploads\/2021\/04\/mouldking-14010-awm-sniper-rifle-with-1628-pieces-3-600x600.jpg 600w, https:\/\/mouldking.store\/wp-content\/uploads\/2021\/04\/mouldking-14010-awm-sniper-rifle-with-1628-pieces-3-150x150.jpg 150w\" sizes=\"(max-width: 800px) 100vw, 800px\" \/><figcaption id=\"caption-attachment-11023\" class=\"wp-caption-text\">MOULDKING 14010 AWM Scharfsch\u00fctzengewehr mit 1628 Teilen<\/figcaption><\/figure>\n<figure id=\"attachment_11024\" aria-describedby=\"caption-attachment-11024\" style=\"width: 800px\" class=\"wp-caption aligncenter\"><img loading=\"lazy\" decoding=\"async\" class=\"size-full wp-image-11024\" title=\"MOULDKING 14010 AWM Scharfsch\u00fctzengewehr mit 1628 Teilen\" src=\"http:\/\/mouldking.store\/wp-content\/uploads\/2021\/04\/mouldking-14010-awm-sniper-rifle-with-1628-pieces-4.jpg\" alt=\"MOULDKING 14010 AWM Sniper Rifle with 1628 Pieces\" width=\"800\" height=\"800\" srcset=\"https:\/\/mouldking.store\/wp-content\/uploads\/2021\/04\/mouldking-14010-awm-sniper-rifle-with-1628-pieces-4.jpg 800w, https:\/\/mouldking.store\/wp-content\/uploads\/2021\/04\/mouldking-14010-awm-sniper-rifle-with-1628-pieces-4-300x300.jpg 300w, https:\/\/mouldking.store\/wp-content\/uploads\/2021\/04\/mouldking-14010-awm-sniper-rifle-with-1628-pieces-4-768x768.jpg 768w, https:\/\/mouldking.store\/wp-content\/uploads\/2021\/04\/mouldking-14010-awm-sniper-rifle-with-1628-pieces-4-600x600.jpg 600w, https:\/\/mouldking.store\/wp-content\/uploads\/2021\/04\/mouldking-14010-awm-sniper-rifle-with-1628-pieces-4-150x150.jpg 150w\" sizes=\"(max-width: 800px) 100vw, 800px\" \/><figcaption id=\"caption-attachment-11024\" class=\"wp-caption-text\">MOULDKING 14010 AWM Scharfsch\u00fctzengewehr mit 1628 Teilen<\/figcaption><\/figure>\n<figure id=\"attachment_11025\" aria-describedby=\"caption-attachment-11025\" style=\"width: 800px\" class=\"wp-caption aligncenter\"><img loading=\"lazy\" decoding=\"async\" class=\"size-full wp-image-11025\" title=\"MOULDKING 14010 AWM Scharfsch\u00fctzengewehr mit 1628 Teilen\" src=\"http:\/\/mouldking.store\/wp-content\/uploads\/2021\/04\/mouldking-14010-awm-sniper-rifle-with-1628-pieces-5.jpg\" alt=\"MOULDKING 14010 AWM Sniper Rifle with 1628 Pieces\" width=\"800\" height=\"800\" srcset=\"https:\/\/mouldking.store\/wp-content\/uploads\/2021\/04\/mouldking-14010-awm-sniper-rifle-with-1628-pieces-5.jpg 800w, https:\/\/mouldking.store\/wp-content\/uploads\/2021\/04\/mouldking-14010-awm-sniper-rifle-with-1628-pieces-5-300x300.jpg 300w, https:\/\/mouldking.store\/wp-content\/uploads\/2021\/04\/mouldking-14010-awm-sniper-rifle-with-1628-pieces-5-768x768.jpg 768w, https:\/\/mouldking.store\/wp-content\/uploads\/2021\/04\/mouldking-14010-awm-sniper-rifle-with-1628-pieces-5-600x600.jpg 600w, https:\/\/mouldking.store\/wp-content\/uploads\/2021\/04\/mouldking-14010-awm-sniper-rifle-with-1628-pieces-5-150x150.jpg 150w\" sizes=\"(max-width: 800px) 100vw, 800px\" \/><figcaption id=\"caption-attachment-11025\" class=\"wp-caption-text\">MOULDKING 14010 AWM Scharfsch\u00fctzengewehr mit 1628 Teilen<\/figcaption><\/figure>","protected":false},"excerpt":{"rendered":"<p>Product information: Type: Blocks Gender: Unisex Warning: can not eat Age Range: &gt; 6 years old Model Number: 14010 Classification: Assemblage Plastic Block Shape: Self-Locking Bricks Material: Plastic Plastic Type: ABS Bricks Blocks: 1628 PCS Contains detailed assembly instructions Notice: 1. Without an original box, but we guarantee our products have quality assurance and nice [&hellip;]<\/p>","protected":false},"featured_media":11020,"comment_status":"open","ping_status":"closed","template":"","meta":{"_acf_changed":false},"product_cat":[372],"product_tag":[1227,374,1226,1225],"class_list":["product","first","instock","shipping-taxable","purchasable","product-type-simple"],"acf":[],"_links":{"self":[{"href":"https:\/\/mouldking.store\/de\/wp-json\/wp\/v2\/product\/11019","targetHints":{"allow":["GET"]}}],"collection":[{"href":"https:\/\/mouldking.store\/de\/wp-json\/wp\/v2\/product"}],"about":[{"href":"https:\/\/mouldking.store\/de\/wp-json\/wp\/v2\/types\/product"}],"replies":[{"embeddable":true,"href":"https:\/\/mouldking.store\/de\/wp-json\/wp\/v2\/comments?post=11019"}],"wp:featuredmedia":[{"embeddable":true,"href":"https:\/\/mouldking.store\/de\/wp-json\/wp\/v2\/media\/11020"}],"wp:attachment":[{"href":"https:\/\/mouldking.store\/de\/wp-json\/wp\/v2\/media?parent=11019"}],"wp:term":[{"taxonomy":"product_cat","embeddable":true,"href":"https:\/\/mouldking.store\/de\/wp-json\/wp\/v2\/product_cat?post=11019"},{"taxonomy":"product_tag","embeddable":true,"href":"https:\/\/mouldking.store\/de\/wp-json\/wp\/v2\/product_tag?post=11019"}],"curies":[{"name":"wp","href":"https:\/\/api.w.org\/{rel}","templated":true}]}}