{"id":11039,"date":"2021-05-10T03:46:06","date_gmt":"2021-05-10T03:46:06","guid":{"rendered":"https:\/\/mouldking.store\/?post_type=product&#038;p=11039"},"modified":"2021-12-23T09:54:49","modified_gmt":"2021-12-23T09:54:49","slug":"mouldking-19009-pneumatic-telescopic-forklift-with-803-pieces","status":"publish","type":"product","link":"https:\/\/mouldking.store\/de\/shop\/mouldking-19009-pneumatic-telescopic-forklift-with-803-pieces\/","title":{"rendered":"MOULDKING 19009 Pneumatischer Teleskopstapler mit 803 Teilen"},"content":{"rendered":"<ul class=\"product-specs-list util-clearfix\">\n<li class=\"product-prop line-limit-length\">Produktinformation:<br \/>\n1. Modellnummer: 19009<br \/>\n2. Warnung: kann nicht essen<br \/>\n3. Altersspanne: &gt; 6 Jahre alt<br \/>\n4. Zertifizierung: 3C<br \/>\n5. Kunststoffblockform: Selbstsichernde Steine<br \/>\n6. Material: Kunststoff<br \/>\n7. Kunststofftyp: ABS<br \/>\n8. Ziegelsteine: ~803 ST\u00dcCKE<br \/>\n9. Enth\u00e4lt eine detaillierte Montageanleitung<\/li>\n<li class=\"product-prop line-limit-length\">Notiz:<br \/>\n1. Ohne Originalverpackung, aber wir garantieren, dass unsere Produkte eine Qualit\u00e4tssicherung und eine sch\u00f6ne Verpackung haben.<br \/>\n2. Wie alle Teile, die wir vor dem Versand \u00fcberpr\u00fcft haben, machen Sie sich keine Sorgen, wenn Sie feststellen, dass einige Teile fehlen oder besch\u00e4digt sind, und kontaktieren Sie uns einfach, und wir k\u00f6nnen sie Ihnen umgehend kostenlos erneut zusenden.<\/li>\n<\/ul>\n<figure id=\"attachment_11040\" aria-describedby=\"caption-attachment-11040\" style=\"width: 800px\" class=\"wp-caption aligncenter\"><a href=\"https:\/\/mouldking.store\/wp-content\/uploads\/2021\/05\/mouldking-19009-pneumatic-telescopic-forklift-with-803-pieces.jpg\"><img fetchpriority=\"high\" decoding=\"async\" class=\"wp-image-11040 size-full\" title=\"MOULDKING 19009 Pneumatischer Teleskopstapler mit 803 Teilen\" src=\"https:\/\/mouldking.store\/wp-content\/uploads\/2021\/05\/mouldking-19009-pneumatic-telescopic-forklift-with-803-pieces.jpg\" alt=\"MOULDKING 19009 Pneumatic Telescopic Forklift with 803 pieces\" width=\"800\" height=\"800\" srcset=\"https:\/\/mouldking.store\/wp-content\/uploads\/2021\/05\/mouldking-19009-pneumatic-telescopic-forklift-with-803-pieces.jpg 800w, https:\/\/mouldking.store\/wp-content\/uploads\/2021\/05\/mouldking-19009-pneumatic-telescopic-forklift-with-803-pieces-300x300.jpg 300w, https:\/\/mouldking.store\/wp-content\/uploads\/2021\/05\/mouldking-19009-pneumatic-telescopic-forklift-with-803-pieces-768x768.jpg 768w, https:\/\/mouldking.store\/wp-content\/uploads\/2021\/05\/mouldking-19009-pneumatic-telescopic-forklift-with-803-pieces-600x600.jpg 600w, https:\/\/mouldking.store\/wp-content\/uploads\/2021\/05\/mouldking-19009-pneumatic-telescopic-forklift-with-803-pieces-150x150.jpg 150w\" sizes=\"(max-width: 800px) 100vw, 800px\" \/><\/a><figcaption id=\"caption-attachment-11040\" class=\"wp-caption-text\">MOULDKING 19009 Pneumatischer Teleskopstapler mit 803 Teilen<\/figcaption><\/figure>\n<figure id=\"attachment_11041\" aria-describedby=\"caption-attachment-11041\" style=\"width: 800px\" class=\"wp-caption aligncenter\"><img decoding=\"async\" class=\"size-full wp-image-11041\" title=\"MOULDKING 19009 Pneumatischer Teleskopstapler mit 803 Teilen\" src=\"http:\/\/mouldking.store\/wp-content\/uploads\/2021\/05\/mouldking-19009-pneumatic-telescopic-forklift-with-803-pieces-1.jpg\" alt=\"MOULDKING 19009 Pneumatic Telescopic Forklift with 803 pieces\" width=\"800\" height=\"800\" srcset=\"https:\/\/mouldking.store\/wp-content\/uploads\/2021\/05\/mouldking-19009-pneumatic-telescopic-forklift-with-803-pieces-1.jpg 800w, https:\/\/mouldking.store\/wp-content\/uploads\/2021\/05\/mouldking-19009-pneumatic-telescopic-forklift-with-803-pieces-1-300x300.jpg 300w, https:\/\/mouldking.store\/wp-content\/uploads\/2021\/05\/mouldking-19009-pneumatic-telescopic-forklift-with-803-pieces-1-768x768.jpg 768w, https:\/\/mouldking.store\/wp-content\/uploads\/2021\/05\/mouldking-19009-pneumatic-telescopic-forklift-with-803-pieces-1-600x600.jpg 600w, https:\/\/mouldking.store\/wp-content\/uploads\/2021\/05\/mouldking-19009-pneumatic-telescopic-forklift-with-803-pieces-1-150x150.jpg 150w\" sizes=\"(max-width: 800px) 100vw, 800px\" \/><figcaption id=\"caption-attachment-11041\" class=\"wp-caption-text\">MOULDKING 19009 Pneumatischer Teleskopstapler mit 803 Teilen<\/figcaption><\/figure>\n<figure id=\"attachment_11042\" aria-describedby=\"caption-attachment-11042\" style=\"width: 800px\" class=\"wp-caption aligncenter\"><img decoding=\"async\" class=\"size-full wp-image-11042\" title=\"MOULDKING 19009 Pneumatischer Teleskopstapler mit 803 Teilen\" src=\"http:\/\/mouldking.store\/wp-content\/uploads\/2021\/05\/mouldking-19009-pneumatic-telescopic-forklift-with-803-pieces-2.jpg\" alt=\"MOULDKING 19009 Pneumatic Telescopic Forklift with 803 pieces\" width=\"800\" height=\"800\" srcset=\"https:\/\/mouldking.store\/wp-content\/uploads\/2021\/05\/mouldking-19009-pneumatic-telescopic-forklift-with-803-pieces-2.jpg 800w, https:\/\/mouldking.store\/wp-content\/uploads\/2021\/05\/mouldking-19009-pneumatic-telescopic-forklift-with-803-pieces-2-300x300.jpg 300w, https:\/\/mouldking.store\/wp-content\/uploads\/2021\/05\/mouldking-19009-pneumatic-telescopic-forklift-with-803-pieces-2-768x768.jpg 768w, https:\/\/mouldking.store\/wp-content\/uploads\/2021\/05\/mouldking-19009-pneumatic-telescopic-forklift-with-803-pieces-2-600x600.jpg 600w, https:\/\/mouldking.store\/wp-content\/uploads\/2021\/05\/mouldking-19009-pneumatic-telescopic-forklift-with-803-pieces-2-150x150.jpg 150w\" sizes=\"(max-width: 800px) 100vw, 800px\" \/><figcaption id=\"caption-attachment-11042\" class=\"wp-caption-text\">MOULDKING 19009 Pneumatischer Teleskopstapler mit 803 Teilen<\/figcaption><\/figure>\n<figure id=\"attachment_11043\" aria-describedby=\"caption-attachment-11043\" style=\"width: 800px\" class=\"wp-caption aligncenter\"><img loading=\"lazy\" decoding=\"async\" class=\"size-full wp-image-11043\" title=\"MOULDKING 19009 Pneumatischer Teleskopstapler mit 803 Teilen\" src=\"http:\/\/mouldking.store\/wp-content\/uploads\/2021\/05\/mouldking-19009-pneumatic-telescopic-forklift-with-803-pieces-3.jpg\" alt=\"MOULDKING 19009 Pneumatic Telescopic Forklift with 803 pieces\" width=\"800\" height=\"800\" srcset=\"https:\/\/mouldking.store\/wp-content\/uploads\/2021\/05\/mouldking-19009-pneumatic-telescopic-forklift-with-803-pieces-3.jpg 800w, https:\/\/mouldking.store\/wp-content\/uploads\/2021\/05\/mouldking-19009-pneumatic-telescopic-forklift-with-803-pieces-3-300x300.jpg 300w, https:\/\/mouldking.store\/wp-content\/uploads\/2021\/05\/mouldking-19009-pneumatic-telescopic-forklift-with-803-pieces-3-768x768.jpg 768w, https:\/\/mouldking.store\/wp-content\/uploads\/2021\/05\/mouldking-19009-pneumatic-telescopic-forklift-with-803-pieces-3-600x600.jpg 600w, https:\/\/mouldking.store\/wp-content\/uploads\/2021\/05\/mouldking-19009-pneumatic-telescopic-forklift-with-803-pieces-3-150x150.jpg 150w\" sizes=\"(max-width: 800px) 100vw, 800px\" \/><figcaption id=\"caption-attachment-11043\" class=\"wp-caption-text\">MOULDKING 19009 Pneumatischer Teleskopstapler mit 803 Teilen<\/figcaption><\/figure>","protected":false},"excerpt":{"rendered":"<p>Product information: 1. Model Number: 19009 2. Warning: can not eat 3. Age Range: &gt; 6 years old 4. Certification: 3C 5. Plastic Block Shape: Self-Locking Bricks 6. Material: Plastic 7. Plastic Type: ABS 8. Bricks Blocks: ~803 PCS 9. Contains detailed assembly instructions Notice: 1. Without original box, but we guarantee our products have [&hellip;]<\/p>","protected":false},"featured_media":11040,"comment_status":"open","ping_status":"closed","template":"","meta":{"_acf_changed":false},"product_cat":[364],"product_tag":[1233,1232,1234],"class_list":["product","first","instock","shipping-taxable","purchasable","product-type-simple"],"acf":[],"_links":{"self":[{"href":"https:\/\/mouldking.store\/de\/wp-json\/wp\/v2\/product\/11039","targetHints":{"allow":["GET"]}}],"collection":[{"href":"https:\/\/mouldking.store\/de\/wp-json\/wp\/v2\/product"}],"about":[{"href":"https:\/\/mouldking.store\/de\/wp-json\/wp\/v2\/types\/product"}],"replies":[{"embeddable":true,"href":"https:\/\/mouldking.store\/de\/wp-json\/wp\/v2\/comments?post=11039"}],"wp:featuredmedia":[{"embeddable":true,"href":"https:\/\/mouldking.store\/de\/wp-json\/wp\/v2\/media\/11040"}],"wp:attachment":[{"href":"https:\/\/mouldking.store\/de\/wp-json\/wp\/v2\/media?parent=11039"}],"wp:term":[{"taxonomy":"product_cat","embeddable":true,"href":"https:\/\/mouldking.store\/de\/wp-json\/wp\/v2\/product_cat?post=11039"},{"taxonomy":"product_tag","embeddable":true,"href":"https:\/\/mouldking.store\/de\/wp-json\/wp\/v2\/product_tag?post=11039"}],"curies":[{"name":"wp","href":"https:\/\/api.w.org\/{rel}","templated":true}]}}