{"id":11069,"date":"2021-05-10T04:06:38","date_gmt":"2021-05-10T04:06:38","guid":{"rendered":"https:\/\/mouldking.store\/?post_type=product&#038;p=11069"},"modified":"2021-12-23T09:54:47","modified_gmt":"2021-12-23T09:54:47","slug":"mouldking-15046-power-brick-transbot-with-606-pieces","status":"publish","type":"product","link":"https:\/\/mouldking.store\/de\/shop\/mouldking-15046-power-brick-transbot-with-606-pieces\/","title":{"rendered":"MOULDKING 15046 Power Brick: Transbot mit 606 Teilen"},"content":{"rendered":"<p>Produktinformation:<\/p>\n<ol>\n<li>Typ: Bl\u00f6cke<\/li>\n<li>Geschlecht: Unisex<\/li>\n<li>Achtung: kann nicht essen<\/li>\n<li>Altersspanne: &gt; 8 Jahre alt<\/li>\n<li>Model Number: 15046<\/li>\n<li>Einstufung: Assemblage<\/li>\n<li>Kunststoffblockform: Selbstsichernde Steine<\/li>\n<li>Material: Kunststoff<\/li>\n<li>Kunststofftyp: ABS<\/li>\n<li>Bricks Blocks: 606 PCS<\/li>\n<li>Enth\u00e4lt eine ausf\u00fchrliche Montageanleitung.<\/li>\n<\/ol>\n<p>Notiz:<br \/>\n1. Ohne Originalverpackung, aber wir garantieren, dass unsere Produkte eine Qualit\u00e4tssicherung und eine sch\u00f6ne Verpackung haben.<br \/>\n2. Wie alle Teile, die wir vor dem Versand \u00fcberpr\u00fcft haben, machen Sie sich keine Sorgen, wenn Sie feststellen, dass einige Teile fehlen oder besch\u00e4digt sind, und kontaktieren Sie uns einfach, und wir k\u00f6nnen sie Ihnen umgehend kostenlos erneut zusenden.<\/p>\n<figure id=\"attachment_11070\" aria-describedby=\"caption-attachment-11070\" style=\"width: 800px\" class=\"wp-caption aligncenter\"><a href=\"https:\/\/mouldking.store\/wp-content\/uploads\/2021\/05\/mouldking-15046-power-brick-transbot-with-606-pieces.jpg\"><img fetchpriority=\"high\" decoding=\"async\" class=\"wp-image-11070 size-full\" title=\"MOULDKING 15046 Power Brick: Transbot mit 606 Teilen\" src=\"https:\/\/mouldking.store\/wp-content\/uploads\/2021\/05\/mouldking-15046-power-brick-transbot-with-606-pieces.jpg\" alt=\"MOULDKING 15046 Power Brick: Transbot with 606 pieces\" width=\"800\" height=\"800\" srcset=\"https:\/\/mouldking.store\/wp-content\/uploads\/2021\/05\/mouldking-15046-power-brick-transbot-with-606-pieces.jpg 800w, https:\/\/mouldking.store\/wp-content\/uploads\/2021\/05\/mouldking-15046-power-brick-transbot-with-606-pieces-300x300.jpg 300w, https:\/\/mouldking.store\/wp-content\/uploads\/2021\/05\/mouldking-15046-power-brick-transbot-with-606-pieces-768x768.jpg 768w, https:\/\/mouldking.store\/wp-content\/uploads\/2021\/05\/mouldking-15046-power-brick-transbot-with-606-pieces-600x600.jpg 600w, https:\/\/mouldking.store\/wp-content\/uploads\/2021\/05\/mouldking-15046-power-brick-transbot-with-606-pieces-150x150.jpg 150w\" sizes=\"(max-width: 800px) 100vw, 800px\" \/><\/a><figcaption id=\"caption-attachment-11070\" class=\"wp-caption-text\">MOULDKING 15046 Power Brick: Transbot mit 606 Teilen<\/figcaption><\/figure>\n<figure id=\"attachment_11071\" aria-describedby=\"caption-attachment-11071\" style=\"width: 800px\" class=\"wp-caption aligncenter\"><img decoding=\"async\" class=\"size-full wp-image-11071\" title=\"MOULDKING 15046 Power Brick: Transbot mit 606 Teilen\" src=\"http:\/\/mouldking.store\/wp-content\/uploads\/2021\/05\/mouldking-15046-power-brick-transbot-with-606-pieces-1.jpg\" alt=\"MOULDKING 15046 Power Brick: Transbot with 606 pieces\" width=\"800\" height=\"800\" srcset=\"https:\/\/mouldking.store\/wp-content\/uploads\/2021\/05\/mouldking-15046-power-brick-transbot-with-606-pieces-1.jpg 800w, https:\/\/mouldking.store\/wp-content\/uploads\/2021\/05\/mouldking-15046-power-brick-transbot-with-606-pieces-1-300x300.jpg 300w, https:\/\/mouldking.store\/wp-content\/uploads\/2021\/05\/mouldking-15046-power-brick-transbot-with-606-pieces-1-768x768.jpg 768w, https:\/\/mouldking.store\/wp-content\/uploads\/2021\/05\/mouldking-15046-power-brick-transbot-with-606-pieces-1-600x600.jpg 600w, https:\/\/mouldking.store\/wp-content\/uploads\/2021\/05\/mouldking-15046-power-brick-transbot-with-606-pieces-1-150x150.jpg 150w\" sizes=\"(max-width: 800px) 100vw, 800px\" \/><figcaption id=\"caption-attachment-11071\" class=\"wp-caption-text\">MOULDKING 15046 Power Brick: Transbot mit 606 Teilen<\/figcaption><\/figure>\n<figure id=\"attachment_11072\" aria-describedby=\"caption-attachment-11072\" style=\"width: 800px\" class=\"wp-caption aligncenter\"><img decoding=\"async\" class=\"size-full wp-image-11072\" title=\"MOULDKING 15046 Power Brick: Transbot mit 606 Teilen\" src=\"http:\/\/mouldking.store\/wp-content\/uploads\/2021\/05\/mouldking-15046-power-brick-transbot-with-606-pieces-2.jpg\" alt=\"MOULDKING 15046 Power Brick: Transbot with 606 pieces\" width=\"800\" height=\"800\" srcset=\"https:\/\/mouldking.store\/wp-content\/uploads\/2021\/05\/mouldking-15046-power-brick-transbot-with-606-pieces-2.jpg 800w, https:\/\/mouldking.store\/wp-content\/uploads\/2021\/05\/mouldking-15046-power-brick-transbot-with-606-pieces-2-300x300.jpg 300w, https:\/\/mouldking.store\/wp-content\/uploads\/2021\/05\/mouldking-15046-power-brick-transbot-with-606-pieces-2-768x768.jpg 768w, https:\/\/mouldking.store\/wp-content\/uploads\/2021\/05\/mouldking-15046-power-brick-transbot-with-606-pieces-2-600x600.jpg 600w, https:\/\/mouldking.store\/wp-content\/uploads\/2021\/05\/mouldking-15046-power-brick-transbot-with-606-pieces-2-150x150.jpg 150w\" sizes=\"(max-width: 800px) 100vw, 800px\" \/><figcaption id=\"caption-attachment-11072\" class=\"wp-caption-text\">MOULDKING 15046 Power Brick: Transbot mit 606 Teilen<\/figcaption><\/figure>\n<figure id=\"attachment_11073\" aria-describedby=\"caption-attachment-11073\" style=\"width: 800px\" class=\"wp-caption aligncenter\"><img loading=\"lazy\" decoding=\"async\" class=\"size-full wp-image-11073\" title=\"MOULDKING 15046 Power Brick: Transbot mit 606 Teilen\" src=\"http:\/\/mouldking.store\/wp-content\/uploads\/2021\/05\/mouldking-15046-power-brick-transbot-with-606-pieces-3.jpg\" alt=\"MOULDKING 15046 Power Brick: Transbot with 606 pieces\" width=\"800\" height=\"800\" srcset=\"https:\/\/mouldking.store\/wp-content\/uploads\/2021\/05\/mouldking-15046-power-brick-transbot-with-606-pieces-3.jpg 800w, https:\/\/mouldking.store\/wp-content\/uploads\/2021\/05\/mouldking-15046-power-brick-transbot-with-606-pieces-3-300x300.jpg 300w, https:\/\/mouldking.store\/wp-content\/uploads\/2021\/05\/mouldking-15046-power-brick-transbot-with-606-pieces-3-768x768.jpg 768w, https:\/\/mouldking.store\/wp-content\/uploads\/2021\/05\/mouldking-15046-power-brick-transbot-with-606-pieces-3-600x600.jpg 600w, https:\/\/mouldking.store\/wp-content\/uploads\/2021\/05\/mouldking-15046-power-brick-transbot-with-606-pieces-3-150x150.jpg 150w\" sizes=\"(max-width: 800px) 100vw, 800px\" \/><figcaption id=\"caption-attachment-11073\" class=\"wp-caption-text\">MOULDKING 15046 Power Brick: Transbot mit 606 Teilen<\/figcaption><\/figure>\n<figure id=\"attachment_11074\" aria-describedby=\"caption-attachment-11074\" style=\"width: 800px\" class=\"wp-caption aligncenter\"><img loading=\"lazy\" decoding=\"async\" class=\"size-full wp-image-11074\" title=\"MOULDKING 15046 Power Brick: Transbot mit 606 Teilen\" src=\"http:\/\/mouldking.store\/wp-content\/uploads\/2021\/05\/mouldking-15046-power-brick-transbot-with-606-pieces-4.jpg\" alt=\"MOULDKING 15046 Power Brick: Transbot with 606 pieces\" width=\"800\" height=\"800\" srcset=\"https:\/\/mouldking.store\/wp-content\/uploads\/2021\/05\/mouldking-15046-power-brick-transbot-with-606-pieces-4.jpg 800w, https:\/\/mouldking.store\/wp-content\/uploads\/2021\/05\/mouldking-15046-power-brick-transbot-with-606-pieces-4-300x300.jpg 300w, https:\/\/mouldking.store\/wp-content\/uploads\/2021\/05\/mouldking-15046-power-brick-transbot-with-606-pieces-4-768x768.jpg 768w, https:\/\/mouldking.store\/wp-content\/uploads\/2021\/05\/mouldking-15046-power-brick-transbot-with-606-pieces-4-600x600.jpg 600w, https:\/\/mouldking.store\/wp-content\/uploads\/2021\/05\/mouldking-15046-power-brick-transbot-with-606-pieces-4-150x150.jpg 150w\" sizes=\"(max-width: 800px) 100vw, 800px\" \/><figcaption id=\"caption-attachment-11074\" class=\"wp-caption-text\">MOULDKING 15046 Power Brick: Transbot mit 606 Teilen<\/figcaption><\/figure>","protected":false},"excerpt":{"rendered":"<p>Product information: Type: Blocks Gender: Unisex Warning: can not eat Age Range: &gt; 8 years old Model Number: 15046 Classification: Assemblage Plastic Block Shape: Self-Locking Bricks Material: Plastic Plastic Type: ABS Bricks Blocks: 606 PCS Contains detailed assembly instructions. Notice: 1. Without an original box, but we guarantee our products have quality assurance and nice [&hellip;]<\/p>","protected":false},"featured_media":11070,"comment_status":"open","ping_status":"closed","template":"","meta":{"_acf_changed":false},"product_cat":[371],"product_tag":[1249,1248,1250,1251],"class_list":["product","first","instock","sale","shipping-taxable","purchasable","product-type-simple"],"acf":[],"_links":{"self":[{"href":"https:\/\/mouldking.store\/de\/wp-json\/wp\/v2\/product\/11069","targetHints":{"allow":["GET"]}}],"collection":[{"href":"https:\/\/mouldking.store\/de\/wp-json\/wp\/v2\/product"}],"about":[{"href":"https:\/\/mouldking.store\/de\/wp-json\/wp\/v2\/types\/product"}],"replies":[{"embeddable":true,"href":"https:\/\/mouldking.store\/de\/wp-json\/wp\/v2\/comments?post=11069"}],"wp:featuredmedia":[{"embeddable":true,"href":"https:\/\/mouldking.store\/de\/wp-json\/wp\/v2\/media\/11070"}],"wp:attachment":[{"href":"https:\/\/mouldking.store\/de\/wp-json\/wp\/v2\/media?parent=11069"}],"wp:term":[{"taxonomy":"product_cat","embeddable":true,"href":"https:\/\/mouldking.store\/de\/wp-json\/wp\/v2\/product_cat?post=11069"},{"taxonomy":"product_tag","embeddable":true,"href":"https:\/\/mouldking.store\/de\/wp-json\/wp\/v2\/product_tag?post=11069"}],"curies":[{"name":"wp","href":"https:\/\/api.w.org\/{rel}","templated":true}]}}