{"id":11093,"date":"2021-05-10T04:23:45","date_gmt":"2021-05-10T04:23:45","guid":{"rendered":"https:\/\/mouldking.store\/?post_type=product&#038;p=11093"},"modified":"2025-12-25T09:28:21","modified_gmt":"2025-12-25T02:28:21","slug":"mouldking-16043-moc-67005-novatown-art-gallery-showcase-with-3536-pieces","status":"publish","type":"product","link":"https:\/\/mouldking.store\/de\/shop\/mouldking-16043-moc-67005-novatown-art-gallery-showcase-with-3536-pieces\/","title":{"rendered":"MOULDKING 16043 MOC-67005 Novatown: Art Gallery Vitrine mit 3536 St\u00fcck"},"content":{"rendered":"<p>Produktinformation:<\/p>\n<ol>\n<li>Typ: Bl\u00f6cke<\/li>\n<li>Geschlecht: Unisex<\/li>\n<li>Achtung: kann nicht essen<\/li>\n<li>Altersspanne: &gt; 8 Jahre alt<\/li>\n<li>Modellnummer: 16043<\/li>\n<li>Einstufung: Assemblage<\/li>\n<li>Kunststoffblockform: Selbstsichernde Steine<\/li>\n<li>Material: Kunststoff<\/li>\n<li>Kunststofftyp: ABS<\/li>\n<li>Ziegelsteine: 3536 PCS<\/li>\n<li>Enth\u00e4lt eine ausf\u00fchrliche Montageanleitung.<\/li>\n<\/ol>\n<p>Notiz:<br \/>\n1. Ohne Originalverpackung, aber wir garantieren, dass unsere Produkte eine Qualit\u00e4tssicherung und eine sch\u00f6ne Verpackung haben.<br \/>\n2. Wie alle Teile, die wir vor dem Versand \u00fcberpr\u00fcft haben, machen Sie sich keine Sorgen, wenn Sie feststellen, dass einige Teile fehlen oder besch\u00e4digt sind, und kontaktieren Sie uns einfach, und wir k\u00f6nnen sie Ihnen umgehend kostenlos erneut zusenden.<\/p>\n<figure id=\"attachment_11094\" aria-describedby=\"caption-attachment-11094\" style=\"width: 800px\" class=\"wp-caption aligncenter\"><a href=\"https:\/\/mouldking.store\/wp-content\/uploads\/2021\/05\/mouldking-16043-moc-67005-novatown-art-gallery-showcase-with-3536-pieces.jpg\"><img fetchpriority=\"high\" decoding=\"async\" class=\"wp-image-11094 size-full\" title=\"MOULDKING 16043 MOC-67005 Novatown: Art Gallery Vitrine mit 3536 St\u00fcck\" src=\"https:\/\/mouldking.store\/wp-content\/uploads\/2021\/05\/mouldking-16043-moc-67005-novatown-art-gallery-showcase-with-3536-pieces.jpg\" alt=\"MOULDKING 16043 MOC-67005 Novatown: Art Gallery Showcase with 3536 pieces\" width=\"800\" height=\"800\" srcset=\"https:\/\/mouldking.store\/wp-content\/uploads\/2021\/05\/mouldking-16043-moc-67005-novatown-art-gallery-showcase-with-3536-pieces.jpg 800w, https:\/\/mouldking.store\/wp-content\/uploads\/2021\/05\/mouldking-16043-moc-67005-novatown-art-gallery-showcase-with-3536-pieces-300x300.jpg 300w, https:\/\/mouldking.store\/wp-content\/uploads\/2021\/05\/mouldking-16043-moc-67005-novatown-art-gallery-showcase-with-3536-pieces-768x768.jpg 768w, https:\/\/mouldking.store\/wp-content\/uploads\/2021\/05\/mouldking-16043-moc-67005-novatown-art-gallery-showcase-with-3536-pieces-600x600.jpg 600w, https:\/\/mouldking.store\/wp-content\/uploads\/2021\/05\/mouldking-16043-moc-67005-novatown-art-gallery-showcase-with-3536-pieces-150x150.jpg 150w\" sizes=\"(max-width: 800px) 100vw, 800px\" \/><\/a><figcaption id=\"caption-attachment-11094\" class=\"wp-caption-text\">MOULDKING 16043 MOC-67005 Novatown: Art Gallery Vitrine mit 3536 St\u00fcck<\/figcaption><\/figure>\n<figure id=\"attachment_11095\" aria-describedby=\"caption-attachment-11095\" style=\"width: 800px\" class=\"wp-caption aligncenter\"><img decoding=\"async\" class=\"size-full wp-image-11095\" title=\"MOULDKING 16043 MOC-67005 Novatown: Art Gallery Vitrine mit 3536 St\u00fcck\" src=\"http:\/\/mouldking.store\/wp-content\/uploads\/2021\/05\/mouldking-16043-moc-67005-novatown-art-gallery-showcase-with-3536-pieces-1.jpg\" alt=\"MOULDKING 16043 MOC-67005 Novatown: Art Gallery Showcase with 3536 pieces\" width=\"800\" height=\"800\" srcset=\"https:\/\/mouldking.store\/wp-content\/uploads\/2021\/05\/mouldking-16043-moc-67005-novatown-art-gallery-showcase-with-3536-pieces-1.jpg 800w, https:\/\/mouldking.store\/wp-content\/uploads\/2021\/05\/mouldking-16043-moc-67005-novatown-art-gallery-showcase-with-3536-pieces-1-300x300.jpg 300w, https:\/\/mouldking.store\/wp-content\/uploads\/2021\/05\/mouldking-16043-moc-67005-novatown-art-gallery-showcase-with-3536-pieces-1-768x768.jpg 768w, https:\/\/mouldking.store\/wp-content\/uploads\/2021\/05\/mouldking-16043-moc-67005-novatown-art-gallery-showcase-with-3536-pieces-1-600x600.jpg 600w, https:\/\/mouldking.store\/wp-content\/uploads\/2021\/05\/mouldking-16043-moc-67005-novatown-art-gallery-showcase-with-3536-pieces-1-150x150.jpg 150w\" sizes=\"(max-width: 800px) 100vw, 800px\" \/><figcaption id=\"caption-attachment-11095\" class=\"wp-caption-text\">MOULDKING 16043 MOC-67005 Novatown: Art Gallery Vitrine mit 3536 St\u00fcck<\/figcaption><\/figure>\n<figure id=\"attachment_11096\" aria-describedby=\"caption-attachment-11096\" style=\"width: 800px\" class=\"wp-caption aligncenter\"><img decoding=\"async\" class=\"size-full wp-image-11096\" title=\"MOULDKING 16043 MOC-67005 Novatown: Art Gallery Vitrine mit 3536 St\u00fcck\" src=\"http:\/\/mouldking.store\/wp-content\/uploads\/2021\/05\/mouldking-16043-moc-67005-novatown-art-gallery-showcase-with-3536-pieces-2.jpg\" alt=\"MOULDKING 16043 MOC-67005 Novatown: Art Gallery Showcase with 3536 pieces\" width=\"800\" height=\"800\" srcset=\"https:\/\/mouldking.store\/wp-content\/uploads\/2021\/05\/mouldking-16043-moc-67005-novatown-art-gallery-showcase-with-3536-pieces-2.jpg 800w, https:\/\/mouldking.store\/wp-content\/uploads\/2021\/05\/mouldking-16043-moc-67005-novatown-art-gallery-showcase-with-3536-pieces-2-300x300.jpg 300w, https:\/\/mouldking.store\/wp-content\/uploads\/2021\/05\/mouldking-16043-moc-67005-novatown-art-gallery-showcase-with-3536-pieces-2-768x768.jpg 768w, https:\/\/mouldking.store\/wp-content\/uploads\/2021\/05\/mouldking-16043-moc-67005-novatown-art-gallery-showcase-with-3536-pieces-2-600x600.jpg 600w, https:\/\/mouldking.store\/wp-content\/uploads\/2021\/05\/mouldking-16043-moc-67005-novatown-art-gallery-showcase-with-3536-pieces-2-150x150.jpg 150w\" sizes=\"(max-width: 800px) 100vw, 800px\" \/><figcaption id=\"caption-attachment-11096\" class=\"wp-caption-text\">MOULDKING 16043 MOC-67005 Novatown: Art Gallery Vitrine mit 3536 St\u00fcck<\/figcaption><\/figure>\n<figure id=\"attachment_11097\" aria-describedby=\"caption-attachment-11097\" style=\"width: 800px\" class=\"wp-caption aligncenter\"><img loading=\"lazy\" decoding=\"async\" class=\"size-full wp-image-11097\" title=\"MOULDKING 16043 MOC-67005 Novatown: Art Gallery Vitrine mit 3536 St\u00fcck\" src=\"http:\/\/mouldking.store\/wp-content\/uploads\/2021\/05\/mouldking-16043-moc-67005-novatown-art-gallery-showcase-with-3536-pieces-3.jpg\" alt=\"MOULDKING 16043 MOC-67005 Novatown: Art Gallery Showcase with 3536 pieces\" width=\"800\" height=\"800\" srcset=\"https:\/\/mouldking.store\/wp-content\/uploads\/2021\/05\/mouldking-16043-moc-67005-novatown-art-gallery-showcase-with-3536-pieces-3.jpg 800w, https:\/\/mouldking.store\/wp-content\/uploads\/2021\/05\/mouldking-16043-moc-67005-novatown-art-gallery-showcase-with-3536-pieces-3-300x300.jpg 300w, https:\/\/mouldking.store\/wp-content\/uploads\/2021\/05\/mouldking-16043-moc-67005-novatown-art-gallery-showcase-with-3536-pieces-3-768x768.jpg 768w, https:\/\/mouldking.store\/wp-content\/uploads\/2021\/05\/mouldking-16043-moc-67005-novatown-art-gallery-showcase-with-3536-pieces-3-600x600.jpg 600w, https:\/\/mouldking.store\/wp-content\/uploads\/2021\/05\/mouldking-16043-moc-67005-novatown-art-gallery-showcase-with-3536-pieces-3-150x150.jpg 150w\" sizes=\"(max-width: 800px) 100vw, 800px\" \/><figcaption id=\"caption-attachment-11097\" class=\"wp-caption-text\">MOULDKING 16043 MOC-67005 Novatown: Art Gallery Vitrine mit 3536 St\u00fcck<\/figcaption><\/figure>\n<figure id=\"attachment_11098\" aria-describedby=\"caption-attachment-11098\" style=\"width: 800px\" class=\"wp-caption aligncenter\"><img loading=\"lazy\" decoding=\"async\" class=\"size-full wp-image-11098\" title=\"MOULDKING 16043 MOC-67005 Novatown: Art Gallery Vitrine mit 3536 St\u00fcck\" src=\"http:\/\/mouldking.store\/wp-content\/uploads\/2021\/05\/mouldking-16043-moc-67005-novatown-art-gallery-showcase-with-3536-pieces-4.jpg\" alt=\"MOULDKING 16043 MOC-67005 Novatown: Art Gallery Showcase with 3536 pieces\" width=\"800\" height=\"800\" srcset=\"https:\/\/mouldking.store\/wp-content\/uploads\/2021\/05\/mouldking-16043-moc-67005-novatown-art-gallery-showcase-with-3536-pieces-4.jpg 800w, https:\/\/mouldking.store\/wp-content\/uploads\/2021\/05\/mouldking-16043-moc-67005-novatown-art-gallery-showcase-with-3536-pieces-4-300x300.jpg 300w, https:\/\/mouldking.store\/wp-content\/uploads\/2021\/05\/mouldking-16043-moc-67005-novatown-art-gallery-showcase-with-3536-pieces-4-768x768.jpg 768w, https:\/\/mouldking.store\/wp-content\/uploads\/2021\/05\/mouldking-16043-moc-67005-novatown-art-gallery-showcase-with-3536-pieces-4-600x600.jpg 600w, https:\/\/mouldking.store\/wp-content\/uploads\/2021\/05\/mouldking-16043-moc-67005-novatown-art-gallery-showcase-with-3536-pieces-4-150x150.jpg 150w\" sizes=\"(max-width: 800px) 100vw, 800px\" \/><figcaption id=\"caption-attachment-11098\" class=\"wp-caption-text\">MOULDKING 16043 MOC-67005 Novatown: Art Gallery Vitrine mit 3536 St\u00fcck<\/figcaption><\/figure>","protected":false},"excerpt":{"rendered":"<p>Product information: Type: Blocks Gender: Unisex Warning: can not eat Age Range: &gt; 8 years old Model Number: 16043 Classification: Assemblage Plastic Block Shape: Self-Locking Bricks Material: Plastic Plastic Type: ABS Bricks Blocks: 3536 PCS Contains detailed assembly instructions. Notice: 1. Without an original box, but we guarantee our products have quality assurance and nice [&hellip;]<\/p>","protected":false},"featured_media":11094,"comment_status":"open","ping_status":"closed","template":"","meta":{"_acf_changed":false},"product_cat":[390],"product_tag":[1270,1268,1267,1266,1269],"class_list":["product","first","instock","sale","featured","shipping-taxable","purchasable","product-type-simple"],"acf":[],"_links":{"self":[{"href":"https:\/\/mouldking.store\/de\/wp-json\/wp\/v2\/product\/11093","targetHints":{"allow":["GET"]}}],"collection":[{"href":"https:\/\/mouldking.store\/de\/wp-json\/wp\/v2\/product"}],"about":[{"href":"https:\/\/mouldking.store\/de\/wp-json\/wp\/v2\/types\/product"}],"replies":[{"embeddable":true,"href":"https:\/\/mouldking.store\/de\/wp-json\/wp\/v2\/comments?post=11093"}],"wp:featuredmedia":[{"embeddable":true,"href":"https:\/\/mouldking.store\/de\/wp-json\/wp\/v2\/media\/11094"}],"wp:attachment":[{"href":"https:\/\/mouldking.store\/de\/wp-json\/wp\/v2\/media?parent=11093"}],"wp:term":[{"taxonomy":"product_cat","embeddable":true,"href":"https:\/\/mouldking.store\/de\/wp-json\/wp\/v2\/product_cat?post=11093"},{"taxonomy":"product_tag","embeddable":true,"href":"https:\/\/mouldking.store\/de\/wp-json\/wp\/v2\/product_tag?post=11093"}],"curies":[{"name":"wp","href":"https:\/\/api.w.org\/{rel}","templated":true}]}}