{"id":11244,"date":"2021-05-22T15:25:10","date_gmt":"2021-05-22T15:25:10","guid":{"rendered":"https:\/\/mouldking.store\/?post_type=product&#038;p=11244"},"modified":"2025-11-01T17:44:46","modified_gmt":"2025-11-01T10:44:46","slug":"mould-king-m-0019-powered-module-6-channels","status":"publish","type":"product","link":"https:\/\/mouldking.store\/de\/shop\/mould-king-m-0019-powered-module-6-channels\/","title":{"rendered":"MOLD KING M-0019 Leistungsmodul: 6 Kan\u00e4le"},"content":{"rendered":"<p>Produktinformation:<\/p>\n<ol>\n<li>Typ: Bl\u00f6cke<\/li>\n<li>Geschlecht: Unisex<\/li>\n<li>Achtung: kann nicht essen<\/li>\n<li>Altersspanne: &gt; 6 Jahre alt<\/li>\n<li>Model Number: M-0019<\/li>\n<li>Einstufung: Assemblage<\/li>\n<li>Kunststoffblockform: Selbstsichernde Steine<\/li>\n<li>Material: Kunststoff<\/li>\n<li>Kunststofftyp: ABS<\/li>\n<li>Contains detailed assembly instructions,<\/li>\n<\/ol>\n<p>Notiz:<br \/>\n1. Ohne Originalverpackung, aber wir garantieren, dass unsere Produkte eine Qualit\u00e4tssicherung und eine sch\u00f6ne Verpackung haben.<br \/>\n2. Wie alle Teile, die wir vor dem Versand \u00fcberpr\u00fcft haben, machen Sie sich keine Sorgen, wenn Sie feststellen, dass einige Teile fehlen oder besch\u00e4digt sind, und kontaktieren Sie uns einfach, und wir k\u00f6nnen sie Ihnen umgehend kostenlos erneut zusenden.<\/p>\n<figure id=\"attachment_11248\" aria-describedby=\"caption-attachment-11248\" style=\"width: 800px\" class=\"wp-caption aligncenter\"><img fetchpriority=\"high\" decoding=\"async\" class=\"size-full wp-image-11248\" title=\"MOLD KING M-0019 Leistungsmodul: 6 Kan\u00e4le\" src=\"http:\/\/mouldking.store\/wp-content\/uploads\/2021\/05\/mould-king-m-0019-powered-module-6-channels-3.jpg\" alt=\"MOULD KING M-0019 Powered Module: 6 Channels\" width=\"800\" height=\"800\" srcset=\"https:\/\/mouldking.store\/wp-content\/uploads\/2021\/05\/mould-king-m-0019-powered-module-6-channels-3.jpg 800w, https:\/\/mouldking.store\/wp-content\/uploads\/2021\/05\/mould-king-m-0019-powered-module-6-channels-3-300x300.jpg 300w, https:\/\/mouldking.store\/wp-content\/uploads\/2021\/05\/mould-king-m-0019-powered-module-6-channels-3-768x768.jpg 768w, https:\/\/mouldking.store\/wp-content\/uploads\/2021\/05\/mould-king-m-0019-powered-module-6-channels-3-600x600.jpg 600w, https:\/\/mouldking.store\/wp-content\/uploads\/2021\/05\/mould-king-m-0019-powered-module-6-channels-3-150x150.jpg 150w\" sizes=\"(max-width: 800px) 100vw, 800px\" \/><figcaption id=\"caption-attachment-11248\" class=\"wp-caption-text\"><a href=\"https:\/\/mouldking.store\/wp-content\/uploads\/2021\/05\/mould-king-m-0019-powered-module-6-channels-4.jpg\"><img decoding=\"async\" class=\"wp-image-11249 size-full\" title=\"MOLD KING M-0019 Leistungsmodul: 6 Kan\u00e4le\" src=\"http:\/\/mouldking.store\/wp-content\/uploads\/2021\/05\/mould-king-m-0019-powered-module-6-channels-4.jpg\" alt=\"MOULD KING M-0019 Powered Module: 6 Channels\" width=\"800\" height=\"800\" srcset=\"https:\/\/mouldking.store\/wp-content\/uploads\/2021\/05\/mould-king-m-0019-powered-module-6-channels-4.jpg 800w, https:\/\/mouldking.store\/wp-content\/uploads\/2021\/05\/mould-king-m-0019-powered-module-6-channels-4-300x300.jpg 300w, https:\/\/mouldking.store\/wp-content\/uploads\/2021\/05\/mould-king-m-0019-powered-module-6-channels-4-768x768.jpg 768w, https:\/\/mouldking.store\/wp-content\/uploads\/2021\/05\/mould-king-m-0019-powered-module-6-channels-4-600x600.jpg 600w, https:\/\/mouldking.store\/wp-content\/uploads\/2021\/05\/mould-king-m-0019-powered-module-6-channels-4-150x150.jpg 150w\" sizes=\"(max-width: 800px) 100vw, 800px\" \/><\/a><\/figcaption><\/figure>\n<p><img decoding=\"async\" class=\"size-full wp-image-11250 aligncenter\" title=\"MOLD KING M-0019 Leistungsmodul: 6 Kan\u00e4le\" src=\"http:\/\/mouldking.store\/wp-content\/uploads\/2021\/05\/mould-king-m-0019-powered-module-6-channels-5.jpg\" alt=\"MOULD KING M-0019 Powered Module: 6 Channels\" width=\"800\" height=\"800\" srcset=\"https:\/\/mouldking.store\/wp-content\/uploads\/2021\/05\/mould-king-m-0019-powered-module-6-channels-5.jpg 800w, https:\/\/mouldking.store\/wp-content\/uploads\/2021\/05\/mould-king-m-0019-powered-module-6-channels-5-300x300.jpg 300w, https:\/\/mouldking.store\/wp-content\/uploads\/2021\/05\/mould-king-m-0019-powered-module-6-channels-5-768x768.jpg 768w, https:\/\/mouldking.store\/wp-content\/uploads\/2021\/05\/mould-king-m-0019-powered-module-6-channels-5-600x600.jpg 600w, https:\/\/mouldking.store\/wp-content\/uploads\/2021\/05\/mould-king-m-0019-powered-module-6-channels-5-150x150.jpg 150w\" sizes=\"(max-width: 800px) 100vw, 800px\" \/><\/p>\n<p>&nbsp;<\/p>\n<p><img loading=\"lazy\" decoding=\"async\" class=\"size-full wp-image-11251\" title=\"MOLD KING M-0019 Leistungsmodul: 6 Kan\u00e4le\" src=\"http:\/\/mouldking.store\/wp-content\/uploads\/2021\/05\/mould-king-m-0019-powered-module-6-channels-6.jpg\" alt=\"MOULD KING M-0019 Powered Module: 6 Channels\" width=\"1024\" height=\"576\" srcset=\"https:\/\/mouldking.store\/wp-content\/uploads\/2021\/05\/mould-king-m-0019-powered-module-6-channels-6.jpg 1024w, https:\/\/mouldking.store\/wp-content\/uploads\/2021\/05\/mould-king-m-0019-powered-module-6-channels-6-300x169.jpg 300w, https:\/\/mouldking.store\/wp-content\/uploads\/2021\/05\/mould-king-m-0019-powered-module-6-channels-6-768x432.jpg 768w, https:\/\/mouldking.store\/wp-content\/uploads\/2021\/05\/mould-king-m-0019-powered-module-6-channels-6-600x338.jpg 600w, https:\/\/mouldking.store\/wp-content\/uploads\/2021\/05\/mould-king-m-0019-powered-module-6-channels-6-150x84.jpg 150w\" sizes=\"(max-width: 1024px) 100vw, 1024px\" \/><\/p>\n<p>&nbsp;<\/p>\n<p><img loading=\"lazy\" decoding=\"async\" class=\"size-full wp-image-11252\" title=\"MOLD KING M-0019 Leistungsmodul: 6 Kan\u00e4le\" src=\"http:\/\/mouldking.store\/wp-content\/uploads\/2021\/05\/mould-king-m-0019-powered-module-6-channels-7.jpg\" alt=\"MOULD KING M-0019 Powered Module: 6 Channels\" width=\"1024\" height=\"576\" srcset=\"https:\/\/mouldking.store\/wp-content\/uploads\/2021\/05\/mould-king-m-0019-powered-module-6-channels-7.jpg 1024w, https:\/\/mouldking.store\/wp-content\/uploads\/2021\/05\/mould-king-m-0019-powered-module-6-channels-7-300x169.jpg 300w, https:\/\/mouldking.store\/wp-content\/uploads\/2021\/05\/mould-king-m-0019-powered-module-6-channels-7-768x432.jpg 768w, https:\/\/mouldking.store\/wp-content\/uploads\/2021\/05\/mould-king-m-0019-powered-module-6-channels-7-600x338.jpg 600w, https:\/\/mouldking.store\/wp-content\/uploads\/2021\/05\/mould-king-m-0019-powered-module-6-channels-7-150x84.jpg 150w\" sizes=\"(max-width: 1024px) 100vw, 1024px\" \/><\/p>\n<p>&nbsp;<\/p>","protected":false},"excerpt":{"rendered":"<p>Product information: Type: Blocks Gender: Unisex Warning: can not eat Age Range: &gt; 6 years old Model Number: M-0019 Classification: Assemblage Plastic Block Shape: Self-Locking Bricks Material: Plastic Plastic Type: ABS Contains detailed assembly instructions, Notice: 1. Without an original box, but we guarantee our products have quality assurance and nice packaging. 2. As all [&hellip;]<\/p>","protected":false},"featured_media":11245,"comment_status":"open","ping_status":"closed","template":"","meta":{"_acf_changed":false},"product_cat":[364,13850],"product_tag":[1313,1312,1314],"class_list":["product","first","instock","featured","shipping-taxable","purchasable","product-type-simple"],"acf":[],"_links":{"self":[{"href":"https:\/\/mouldking.store\/de\/wp-json\/wp\/v2\/product\/11244","targetHints":{"allow":["GET"]}}],"collection":[{"href":"https:\/\/mouldking.store\/de\/wp-json\/wp\/v2\/product"}],"about":[{"href":"https:\/\/mouldking.store\/de\/wp-json\/wp\/v2\/types\/product"}],"replies":[{"embeddable":true,"href":"https:\/\/mouldking.store\/de\/wp-json\/wp\/v2\/comments?post=11244"}],"wp:featuredmedia":[{"embeddable":true,"href":"https:\/\/mouldking.store\/de\/wp-json\/wp\/v2\/media\/11245"}],"wp:attachment":[{"href":"https:\/\/mouldking.store\/de\/wp-json\/wp\/v2\/media?parent=11244"}],"wp:term":[{"taxonomy":"product_cat","embeddable":true,"href":"https:\/\/mouldking.store\/de\/wp-json\/wp\/v2\/product_cat?post=11244"},{"taxonomy":"product_tag","embeddable":true,"href":"https:\/\/mouldking.store\/de\/wp-json\/wp\/v2\/product_tag?post=11244"}],"curies":[{"name":"wp","href":"https:\/\/api.w.org\/{rel}","templated":true}]}}