{"id":11260,"date":"2021-05-25T15:40:00","date_gmt":"2021-05-25T15:40:00","guid":{"rendered":"https:\/\/mouldking.store\/?post_type=product&#038;p=11260"},"modified":"2025-02-28T16:11:49","modified_gmt":"2025-02-28T09:11:49","slug":"mouldking-17013-grove-mobile-crane-with-rc-with-4460-pieces","status":"publish","type":"product","link":"https:\/\/mouldking.store\/de\/shop\/mouldking-17013-grove-mobile-crane-with-rc-with-4460-pieces\/","title":{"rendered":"MOULDKING 17013 Grove Mobilkran mit RC mit 4460 Teilen"},"content":{"rendered":"<p>Produktinformation:<\/p>\n<ol>\n<li>Typ: Bl\u00f6cke<\/li>\n<li>Geschlecht: Unisex<\/li>\n<li>Achtung: kann nicht essen<\/li>\n<li>Altersspanne: &gt; 8 Jahre alt<\/li>\n<li>Model Number: 17013<\/li>\n<li>Einstufung: Assemblage<\/li>\n<li>Kunststoffblockform: Selbstsichernde Steine<\/li>\n<li>Material: Kunststoff<\/li>\n<li>Kunststofftyp: ABS<\/li>\n<li>Bricks Blocks: 4460 PCS<\/li>\n<li>Enth\u00e4lt eine detaillierte Montageanleitung, PF-Teile<\/li>\n<li><strong>APP-Link<\/strong>: Wenn Sie die App nicht \u00fcber einen QR-Code erhalten k\u00f6nnen, wenden Sie sich einfach an den Verk\u00e4ufer, um sie zu erhalten.<\/li>\n<\/ol>\n<p>Notiz:<br \/>\n1. Ohne Originalverpackung, aber wir garantieren, dass unsere Produkte eine Qualit\u00e4tssicherung und eine sch\u00f6ne Verpackung haben.<br \/>\n2. Wie alle Teile, die wir vor dem Versand \u00fcberpr\u00fcft haben, machen Sie sich keine Sorgen, wenn Sie feststellen, dass einige Teile fehlen oder besch\u00e4digt sind, und kontaktieren Sie uns einfach, und wir k\u00f6nnen sie Ihnen umgehend kostenlos erneut zusenden.<\/p>\n<figure id=\"attachment_11261\" aria-describedby=\"caption-attachment-11261\" style=\"width: 800px\" class=\"wp-caption aligncenter\"><a href=\"https:\/\/mouldking.store\/wp-content\/uploads\/2021\/05\/mouldking-17013-grove-mobile-crane-with-rc-with-4460-pieces.jpg\"><img fetchpriority=\"high\" decoding=\"async\" class=\"wp-image-11261 size-full\" title=\"MOULDKING 17013 Grove Mobilkran mit RC mit 4460 Teilen\" src=\"https:\/\/mouldking.store\/wp-content\/uploads\/2021\/05\/mouldking-17013-grove-mobile-crane-with-rc-with-4460-pieces.jpg\" alt=\"MOULDKING 17013 Grove Mobile Crane with RC with 4460 pieces\" width=\"800\" height=\"800\" srcset=\"https:\/\/mouldking.store\/wp-content\/uploads\/2021\/05\/mouldking-17013-grove-mobile-crane-with-rc-with-4460-pieces.jpg 800w, https:\/\/mouldking.store\/wp-content\/uploads\/2021\/05\/mouldking-17013-grove-mobile-crane-with-rc-with-4460-pieces-300x300.jpg 300w, https:\/\/mouldking.store\/wp-content\/uploads\/2021\/05\/mouldking-17013-grove-mobile-crane-with-rc-with-4460-pieces-768x768.jpg 768w, https:\/\/mouldking.store\/wp-content\/uploads\/2021\/05\/mouldking-17013-grove-mobile-crane-with-rc-with-4460-pieces-600x600.jpg 600w, https:\/\/mouldking.store\/wp-content\/uploads\/2021\/05\/mouldking-17013-grove-mobile-crane-with-rc-with-4460-pieces-150x150.jpg 150w\" sizes=\"(max-width: 800px) 100vw, 800px\" \/><\/a><figcaption id=\"caption-attachment-11261\" class=\"wp-caption-text\">MOULDKING 17013 Grove Mobilkran mit RC mit 4460 Teilen<\/figcaption><\/figure>\n<figure id=\"attachment_11262\" aria-describedby=\"caption-attachment-11262\" style=\"width: 800px\" class=\"wp-caption aligncenter\"><img decoding=\"async\" class=\"size-full wp-image-11262\" title=\"MOULDKING 17013 Grove Mobilkran mit RC mit 4460 Teilen\" src=\"http:\/\/mouldking.store\/wp-content\/uploads\/2021\/05\/mouldking-17013-grove-mobile-crane-with-rc-with-4460-pieces-1.jpg\" alt=\"MOULDKING 17013 Grove Mobile Crane with RC with 4460 pieces\" width=\"800\" height=\"800\" srcset=\"https:\/\/mouldking.store\/wp-content\/uploads\/2021\/05\/mouldking-17013-grove-mobile-crane-with-rc-with-4460-pieces-1.jpg 800w, https:\/\/mouldking.store\/wp-content\/uploads\/2021\/05\/mouldking-17013-grove-mobile-crane-with-rc-with-4460-pieces-1-300x300.jpg 300w, https:\/\/mouldking.store\/wp-content\/uploads\/2021\/05\/mouldking-17013-grove-mobile-crane-with-rc-with-4460-pieces-1-768x768.jpg 768w, https:\/\/mouldking.store\/wp-content\/uploads\/2021\/05\/mouldking-17013-grove-mobile-crane-with-rc-with-4460-pieces-1-600x600.jpg 600w, https:\/\/mouldking.store\/wp-content\/uploads\/2021\/05\/mouldking-17013-grove-mobile-crane-with-rc-with-4460-pieces-1-150x150.jpg 150w\" sizes=\"(max-width: 800px) 100vw, 800px\" \/><figcaption id=\"caption-attachment-11262\" class=\"wp-caption-text\">MOULDKING 17013 Grove Mobilkran mit RC mit 4460 Teilen<\/figcaption><\/figure>\n<figure id=\"attachment_11263\" aria-describedby=\"caption-attachment-11263\" style=\"width: 800px\" class=\"wp-caption aligncenter\"><img decoding=\"async\" class=\"size-full wp-image-11263\" title=\"MOULDKING 17013 Grove Mobilkran mit RC mit 4460 Teilen\" src=\"http:\/\/mouldking.store\/wp-content\/uploads\/2021\/05\/mouldking-17013-grove-mobile-crane-with-rc-with-4460-pieces-2.jpg\" alt=\"MOULDKING 17013 Grove Mobile Crane with RC with 4460 pieces\" width=\"800\" height=\"800\" srcset=\"https:\/\/mouldking.store\/wp-content\/uploads\/2021\/05\/mouldking-17013-grove-mobile-crane-with-rc-with-4460-pieces-2.jpg 800w, https:\/\/mouldking.store\/wp-content\/uploads\/2021\/05\/mouldking-17013-grove-mobile-crane-with-rc-with-4460-pieces-2-300x300.jpg 300w, https:\/\/mouldking.store\/wp-content\/uploads\/2021\/05\/mouldking-17013-grove-mobile-crane-with-rc-with-4460-pieces-2-768x768.jpg 768w, https:\/\/mouldking.store\/wp-content\/uploads\/2021\/05\/mouldking-17013-grove-mobile-crane-with-rc-with-4460-pieces-2-600x600.jpg 600w, https:\/\/mouldking.store\/wp-content\/uploads\/2021\/05\/mouldking-17013-grove-mobile-crane-with-rc-with-4460-pieces-2-150x150.jpg 150w\" sizes=\"(max-width: 800px) 100vw, 800px\" \/><figcaption id=\"caption-attachment-11263\" class=\"wp-caption-text\">MOULDKING 17013 Grove Mobilkran mit RC mit 4460 Teilen<\/figcaption><\/figure>\n<figure id=\"attachment_11264\" aria-describedby=\"caption-attachment-11264\" style=\"width: 800px\" class=\"wp-caption aligncenter\"><img loading=\"lazy\" decoding=\"async\" class=\"size-full wp-image-11264\" title=\"MOULDKING 17013 Grove Mobilkran mit RC mit 4460 Teilen\" src=\"http:\/\/mouldking.store\/wp-content\/uploads\/2021\/05\/mouldking-17013-grove-mobile-crane-with-rc-with-4460-pieces-3.jpg\" alt=\"MOULDKING 17013 Grove Mobile Crane with RC with 4460 pieces\" width=\"800\" height=\"800\" srcset=\"https:\/\/mouldking.store\/wp-content\/uploads\/2021\/05\/mouldking-17013-grove-mobile-crane-with-rc-with-4460-pieces-3.jpg 800w, https:\/\/mouldking.store\/wp-content\/uploads\/2021\/05\/mouldking-17013-grove-mobile-crane-with-rc-with-4460-pieces-3-300x300.jpg 300w, https:\/\/mouldking.store\/wp-content\/uploads\/2021\/05\/mouldking-17013-grove-mobile-crane-with-rc-with-4460-pieces-3-768x768.jpg 768w, https:\/\/mouldking.store\/wp-content\/uploads\/2021\/05\/mouldking-17013-grove-mobile-crane-with-rc-with-4460-pieces-3-600x600.jpg 600w, https:\/\/mouldking.store\/wp-content\/uploads\/2021\/05\/mouldking-17013-grove-mobile-crane-with-rc-with-4460-pieces-3-150x150.jpg 150w\" sizes=\"(max-width: 800px) 100vw, 800px\" \/><figcaption id=\"caption-attachment-11264\" class=\"wp-caption-text\">MOULDKING 17013 Grove Mobilkran mit RC mit 4460 Teilen<\/figcaption><\/figure>","protected":false},"excerpt":{"rendered":"<p>Product information: Type: Blocks Gender: Unisex Warning: can not eat Age Range: &gt; 8 years old Model Number: 17013 Classification: Assemblage Plastic Block Shape: Self-Locking Bricks Material: Plastic Plastic Type: ABS Bricks Blocks: 4460 PCS Contains detailed assembly instructions, PF parts APP link: if can\u2019t get the app through a QR code, just pls contact [&hellip;]<\/p>","protected":false},"featured_media":11261,"comment_status":"open","ping_status":"closed","template":"","meta":{"_acf_changed":false},"product_cat":[364],"product_tag":[1317,1318,1316,1315],"class_list":["product","first","outofstock","sale","featured","shipping-taxable","purchasable","product-type-simple"],"acf":[],"_links":{"self":[{"href":"https:\/\/mouldking.store\/de\/wp-json\/wp\/v2\/product\/11260","targetHints":{"allow":["GET"]}}],"collection":[{"href":"https:\/\/mouldking.store\/de\/wp-json\/wp\/v2\/product"}],"about":[{"href":"https:\/\/mouldking.store\/de\/wp-json\/wp\/v2\/types\/product"}],"replies":[{"embeddable":true,"href":"https:\/\/mouldking.store\/de\/wp-json\/wp\/v2\/comments?post=11260"}],"wp:featuredmedia":[{"embeddable":true,"href":"https:\/\/mouldking.store\/de\/wp-json\/wp\/v2\/media\/11261"}],"wp:attachment":[{"href":"https:\/\/mouldking.store\/de\/wp-json\/wp\/v2\/media?parent=11260"}],"wp:term":[{"taxonomy":"product_cat","embeddable":true,"href":"https:\/\/mouldking.store\/de\/wp-json\/wp\/v2\/product_cat?post=11260"},{"taxonomy":"product_tag","embeddable":true,"href":"https:\/\/mouldking.store\/de\/wp-json\/wp\/v2\/product_tag?post=11260"}],"curies":[{"name":"wp","href":"https:\/\/api.w.org\/{rel}","templated":true}]}}