{"id":11382,"date":"2021-06-29T14:59:19","date_gmt":"2021-06-29T14:59:19","guid":{"rendered":"https:\/\/mouldking.store\/?post_type=product&#038;p=11382"},"modified":"2021-12-23T09:54:45","modified_gmt":"2021-12-23T09:54:45","slug":"mould-king-21020-darth-vader-bust-sculpture-with-936-pieces","status":"publish","type":"product","link":"https:\/\/mouldking.store\/de\/shop\/mould-king-21020-darth-vader-bust-sculpture-with-936-pieces\/","title":{"rendered":"MOLD KING 21020 Darth Vader B\u00fcste Skulptur mit 936 Teilen"},"content":{"rendered":"<p>Produktinformation:<br \/>\n1. Modellnummer: 21020<br \/>\n2. Warnung: kann nicht essen<br \/>\n3. Altersspanne: &gt; 6 Jahre alt<br \/>\n4. Zertifizierung: 3C<br \/>\n5. Kunststoffblockform: Selbstsichernde Steine<br \/>\n6. Material: Kunststoff<br \/>\n7. Kunststofftyp: ABS<br \/>\n8. Ziegelsteine: ~936 ST\u00dcCKE<br \/>\n9. Enth\u00e4lt eine detaillierte Montageanleitung<\/p>\n<p>Notiz:<br \/>\n1. Ohne Originalverpackung, aber wir garantieren, dass unsere Produkte eine Qualit\u00e4tssicherung und eine sch\u00f6ne Verpackung haben.<br \/>\n2. Wie alle Teile, die wir vor dem Versand \u00fcberpr\u00fcft haben, machen Sie sich keine Sorgen, wenn Sie feststellen, dass einige Teile fehlen oder besch\u00e4digt sind, und kontaktieren Sie uns einfach, und wir k\u00f6nnen sie Ihnen umgehend kostenlos erneut zusenden.<\/p>\n<figure id=\"attachment_11383\" aria-describedby=\"caption-attachment-11383\" style=\"width: 800px\" class=\"wp-caption aligncenter\"><img fetchpriority=\"high\" decoding=\"async\" class=\"size-full wp-image-11383\" title=\"MOLD KING 21020 Darth Vader B\u00fcste Skulptur mit 936 Teilen\" src=\"http:\/\/mouldking.store\/wp-content\/uploads\/2021\/06\/mould-king-21020-darth-vader-bust-sculpture-with-936-pieces.jpg\" alt=\"MOULD KING 21020 Darth Vader Bust Sculpture with 936 pieces\" width=\"800\" height=\"800\" srcset=\"https:\/\/mouldking.store\/wp-content\/uploads\/2021\/06\/mould-king-21020-darth-vader-bust-sculpture-with-936-pieces.jpg 800w, https:\/\/mouldking.store\/wp-content\/uploads\/2021\/06\/mould-king-21020-darth-vader-bust-sculpture-with-936-pieces-300x300.jpg 300w, https:\/\/mouldking.store\/wp-content\/uploads\/2021\/06\/mould-king-21020-darth-vader-bust-sculpture-with-936-pieces-768x768.jpg 768w, https:\/\/mouldking.store\/wp-content\/uploads\/2021\/06\/mould-king-21020-darth-vader-bust-sculpture-with-936-pieces-600x600.jpg 600w, https:\/\/mouldking.store\/wp-content\/uploads\/2021\/06\/mould-king-21020-darth-vader-bust-sculpture-with-936-pieces-150x150.jpg 150w\" sizes=\"(max-width: 800px) 100vw, 800px\" \/><figcaption id=\"caption-attachment-11383\" class=\"wp-caption-text\">MOLD KING 21020 Darth Vader B\u00fcste Skulptur mit 936 Teilen<\/figcaption><\/figure>\n<figure id=\"attachment_11384\" aria-describedby=\"caption-attachment-11384\" style=\"width: 800px\" class=\"wp-caption aligncenter\"><img decoding=\"async\" class=\"size-full wp-image-11384\" title=\"MOLD KING 21020 Darth Vader B\u00fcste Skulptur mit 936 Teilen\" src=\"http:\/\/mouldking.store\/wp-content\/uploads\/2021\/06\/mould-king-21020-darth-vader-bust-sculpture-with-936-pieces-1.jpg\" alt=\"MOULD KING 21020 Darth Vader Bust Sculpture with 936 pieces\" width=\"800\" height=\"800\" srcset=\"https:\/\/mouldking.store\/wp-content\/uploads\/2021\/06\/mould-king-21020-darth-vader-bust-sculpture-with-936-pieces-1.jpg 800w, https:\/\/mouldking.store\/wp-content\/uploads\/2021\/06\/mould-king-21020-darth-vader-bust-sculpture-with-936-pieces-1-300x300.jpg 300w, https:\/\/mouldking.store\/wp-content\/uploads\/2021\/06\/mould-king-21020-darth-vader-bust-sculpture-with-936-pieces-1-768x768.jpg 768w, https:\/\/mouldking.store\/wp-content\/uploads\/2021\/06\/mould-king-21020-darth-vader-bust-sculpture-with-936-pieces-1-600x600.jpg 600w, https:\/\/mouldking.store\/wp-content\/uploads\/2021\/06\/mould-king-21020-darth-vader-bust-sculpture-with-936-pieces-1-150x150.jpg 150w\" sizes=\"(max-width: 800px) 100vw, 800px\" \/><figcaption id=\"caption-attachment-11384\" class=\"wp-caption-text\">MOLD KING 21020 Darth Vader B\u00fcste Skulptur mit 936 Teilen<\/figcaption><\/figure>\n<figure id=\"attachment_11385\" aria-describedby=\"caption-attachment-11385\" style=\"width: 800px\" class=\"wp-caption aligncenter\"><img decoding=\"async\" class=\"size-full wp-image-11385\" title=\"MOLD KING 21020 Darth Vader B\u00fcste Skulptur mit 936 Teilen\" src=\"http:\/\/mouldking.store\/wp-content\/uploads\/2021\/06\/mould-king-21020-darth-vader-bust-sculpture-with-936-pieces-2.jpg\" alt=\"MOULD KING 21020 Darth Vader Bust Sculpture with 936 pieces\" width=\"800\" height=\"800\" srcset=\"https:\/\/mouldking.store\/wp-content\/uploads\/2021\/06\/mould-king-21020-darth-vader-bust-sculpture-with-936-pieces-2.jpg 800w, https:\/\/mouldking.store\/wp-content\/uploads\/2021\/06\/mould-king-21020-darth-vader-bust-sculpture-with-936-pieces-2-300x300.jpg 300w, https:\/\/mouldking.store\/wp-content\/uploads\/2021\/06\/mould-king-21020-darth-vader-bust-sculpture-with-936-pieces-2-768x768.jpg 768w, https:\/\/mouldking.store\/wp-content\/uploads\/2021\/06\/mould-king-21020-darth-vader-bust-sculpture-with-936-pieces-2-600x600.jpg 600w, https:\/\/mouldking.store\/wp-content\/uploads\/2021\/06\/mould-king-21020-darth-vader-bust-sculpture-with-936-pieces-2-150x150.jpg 150w\" sizes=\"(max-width: 800px) 100vw, 800px\" \/><figcaption id=\"caption-attachment-11385\" class=\"wp-caption-text\">MOLD KING 21020 Darth Vader B\u00fcste Skulptur mit 936 Teilen<\/figcaption><\/figure>\n<figure id=\"attachment_11386\" aria-describedby=\"caption-attachment-11386\" style=\"width: 800px\" class=\"wp-caption aligncenter\"><img loading=\"lazy\" decoding=\"async\" class=\"size-full wp-image-11386\" title=\"MOLD KING 21020 Darth Vader B\u00fcste Skulptur mit 936 Teilen\" src=\"http:\/\/mouldking.store\/wp-content\/uploads\/2021\/06\/mould-king-21020-darth-vader-bust-sculpture-with-936-pieces-3.jpg\" alt=\"MOULD KING 21020 Darth Vader Bust Sculpture with 936 pieces\" width=\"800\" height=\"800\" srcset=\"https:\/\/mouldking.store\/wp-content\/uploads\/2021\/06\/mould-king-21020-darth-vader-bust-sculpture-with-936-pieces-3.jpg 800w, https:\/\/mouldking.store\/wp-content\/uploads\/2021\/06\/mould-king-21020-darth-vader-bust-sculpture-with-936-pieces-3-300x300.jpg 300w, https:\/\/mouldking.store\/wp-content\/uploads\/2021\/06\/mould-king-21020-darth-vader-bust-sculpture-with-936-pieces-3-768x768.jpg 768w, https:\/\/mouldking.store\/wp-content\/uploads\/2021\/06\/mould-king-21020-darth-vader-bust-sculpture-with-936-pieces-3-600x600.jpg 600w, https:\/\/mouldking.store\/wp-content\/uploads\/2021\/06\/mould-king-21020-darth-vader-bust-sculpture-with-936-pieces-3-150x150.jpg 150w\" sizes=\"(max-width: 800px) 100vw, 800px\" \/><figcaption id=\"caption-attachment-11386\" class=\"wp-caption-text\">MOLD KING 21020 Darth Vader B\u00fcste Skulptur mit 936 Teilen<\/figcaption><\/figure>","protected":false},"excerpt":{"rendered":"<p><span style=\"color: #ff0000;\"><strong>VORVERKAUFEN!<\/strong><\/span><\/p>","protected":false},"featured_media":11383,"comment_status":"open","ping_status":"closed","template":"","meta":{"_acf_changed":false},"product_cat":[415],"product_tag":[1341,1340],"class_list":["product","first","instock","sale","shipping-taxable","purchasable","product-type-simple"],"acf":[],"_links":{"self":[{"href":"https:\/\/mouldking.store\/de\/wp-json\/wp\/v2\/product\/11382","targetHints":{"allow":["GET"]}}],"collection":[{"href":"https:\/\/mouldking.store\/de\/wp-json\/wp\/v2\/product"}],"about":[{"href":"https:\/\/mouldking.store\/de\/wp-json\/wp\/v2\/types\/product"}],"replies":[{"embeddable":true,"href":"https:\/\/mouldking.store\/de\/wp-json\/wp\/v2\/comments?post=11382"}],"wp:featuredmedia":[{"embeddable":true,"href":"https:\/\/mouldking.store\/de\/wp-json\/wp\/v2\/media\/11383"}],"wp:attachment":[{"href":"https:\/\/mouldking.store\/de\/wp-json\/wp\/v2\/media?parent=11382"}],"wp:term":[{"taxonomy":"product_cat","embeddable":true,"href":"https:\/\/mouldking.store\/de\/wp-json\/wp\/v2\/product_cat?post=11382"},{"taxonomy":"product_tag","embeddable":true,"href":"https:\/\/mouldking.store\/de\/wp-json\/wp\/v2\/product_tag?post=11382"}],"curies":[{"name":"wp","href":"https:\/\/api.w.org\/{rel}","templated":true}]}}