{"id":12889,"date":"2021-09-28T02:45:55","date_gmt":"2021-09-28T02:45:55","guid":{"rendered":"https:\/\/mouldking.store\/product\/qizhile-23025-moc-1389-wing-body-truck-23008-8540683"},"modified":"2025-12-25T09:28:20","modified_gmt":"2025-12-25T02:28:20","slug":"qizhile-23025-moc-1389-wing-body-truck-23008","status":"publish","type":"product","link":"https:\/\/mouldking.store\/de\/shop\/qizhile-23025-moc-1389-wing-body-truck-23008\/","title":{"rendered":"QIZHILE 23025 MOC 1389 Wing Body Truck 23008"},"content":{"rendered":"<article class=\"article\">\n<h2>Schnelle Details<\/h2>\n<ul class=\"attr-list\">\n<li><span class=\"attr-name\" title=\"Material\">Material:<\/span><br \/>\n<span class=\"attr-value\" title=\"Plastik\">Plastik<\/span><\/li>\n<li><span class=\"attr-name\" title=\"Kunststofftyp\">Kunststofftyp:<\/span><br \/>\n<span class=\"attr-value\" title=\"Abs\">Abs<\/span><\/li>\n<li><span class=\"attr-name\" title=\"Typ\">Typ:<\/span><br \/>\n<span class=\"attr-value\" title=\"Blocksatz\">Blocksatz<\/span><\/li>\n<li><span class=\"attr-name\" title=\"Stil\">Stil:<\/span><br \/>\n<span class=\"attr-value\" title=\"Konstruktionsspielzeug\">Konstruktionsspielzeug<\/span><\/li>\n<li><span class=\"attr-name\" title=\"Herkunftsort\">Herkunftsort:<\/span><br \/>\n<span class=\"attr-value\" title=\"Guangdong China (Festland)\">Guangdong China (Festland)<\/span><\/li>\n<li><span class=\"attr-name\" title=\"Markenname\">Markenname:<\/span><br \/>\n<span class=\"attr-value\" title=\"Lepin\">Lepin<\/span><\/li>\n<li><span class=\"attr-name\" title=\"Modell-Nr\">Modell-Nr:<\/span><br \/>\n<span class=\"attr-value\" title=\"20003\">20003<\/span><\/li>\n<\/ul>\n<\/article>","protected":false},"excerpt":{"rendered":"<p>\u2022 Modellnummer: 23008 \u2022 Mit 4380 St\u00fcck Bausteinen h\u00f6chster Qualit\u00e4t.<\/p>\n<p>Dieser fantastische 23008 MOC 1389 Wing Body Truck von LEPINWORLD ist ein wirklich tolles MOC.<\/p>\n<h4>ARTIKELSPEZIFIKATIONEN<\/h4>\n<ul>\n<li style=\"list-style-type: none;\">\n<ul>\u2022 Ein fantastischer 23008 MOC 1389 Wing Body Truck von Rebrickable<\/ul>\n<\/li>\n<\/ul>\n<ul>\u2022 4380 Teile aus hochwertigen 100% ABS-Kunststoffsteinen, sicher f\u00fcr Kinder, lange Spielzeit, 100% kompatibel mit anderen Steinmarken wie Le .go<\/ul>\n<ul>\u2022 Einfach zu bauen mit PDF-Anleitung mit Stein-f\u00fcr-Stein-Anleitung und hochwertigen Bildern \u2013 PDF-Datei per E-Mail gesendet.<\/ul>\n<ul>\u2022 Die vollst\u00e4ndigen Abmessungen des St\u00e4nders k\u00f6nnen dem Bild unten entnommen werden.<\/ul>\n<h4>MOC-BAUANLEITUNG<\/h4>\n<p>Die Anweisungen f\u00fcr alle unsere MOC SET 23008 MOC 1389 Wing Body Truck werden nach Erhalt Ihrer Bestellung per E-Mail oder Livechat auf Facebook gesendet. Bitte kontaktieren Sie uns daf\u00fcr.<\/p>\n<h4>VERSANDDATUM<\/h4>\n<p>Die MOC-Sets ben\u00f6tigen 10-12 Tage f\u00fcr die Vorbereitung und; <span style=\"color: red;\"><strong>wird innerhalb von 15 Tagen versendet<\/strong><\/span><\/p>\n<h4>FEHLENDE TEILE<\/h4>\n<p>Alle Teile werden vor dem Versand einer Qualit\u00e4tspr\u00fcfung unterzogen. Wenn Sie also fehlende oder besch\u00e4digte Teile finden, machen Sie sich keine Sorgen. Bitte kontaktieren Sie uns und wir senden sie Ihnen kostenlos zu oder wir bieten Ihnen eine kleine R\u00fcckerstattung, damit Sie sie an anderen Orten kaufen k\u00f6nnen.<\/p>","protected":false},"featured_media":12890,"comment_status":"open","ping_status":"closed","template":"","meta":{"_acf_changed":false},"product_cat":[15],"product_tag":[],"class_list":["product","first","instock","shipping-taxable","purchasable","product-type-simple"],"acf":[],"_links":{"self":[{"href":"https:\/\/mouldking.store\/de\/wp-json\/wp\/v2\/product\/12889","targetHints":{"allow":["GET"]}}],"collection":[{"href":"https:\/\/mouldking.store\/de\/wp-json\/wp\/v2\/product"}],"about":[{"href":"https:\/\/mouldking.store\/de\/wp-json\/wp\/v2\/types\/product"}],"replies":[{"embeddable":true,"href":"https:\/\/mouldking.store\/de\/wp-json\/wp\/v2\/comments?post=12889"}],"wp:featuredmedia":[{"embeddable":true,"href":"https:\/\/mouldking.store\/de\/wp-json\/wp\/v2\/media\/12890"}],"wp:attachment":[{"href":"https:\/\/mouldking.store\/de\/wp-json\/wp\/v2\/media?parent=12889"}],"wp:term":[{"taxonomy":"product_cat","embeddable":true,"href":"https:\/\/mouldking.store\/de\/wp-json\/wp\/v2\/product_cat?post=12889"},{"taxonomy":"product_tag","embeddable":true,"href":"https:\/\/mouldking.store\/de\/wp-json\/wp\/v2\/product_tag?post=12889"}],"curies":[{"name":"wp","href":"https:\/\/api.w.org\/{rel}","templated":true}]}}