{"id":13041,"date":"2021-09-28T02:48:01","date_gmt":"2021-09-28T02:48:01","guid":{"rendered":"https:\/\/mouldking.store\/product\/builo-xqgq-01d-piano-grand-bluetooth-control-4774664"},"modified":"2021-10-11T03:01:27","modified_gmt":"2021-10-11T03:01:27","slug":"builo-xqgq-01d-piano-grand-bluetooth-control","status":"publish","type":"product","link":"https:\/\/mouldking.store\/de\/shop\/builo-xqgq-01d-piano-grand-bluetooth-control\/","title":{"rendered":"BUILO XQGQ-01D Piano Grand Bluetooth-Steuerung"},"content":{"rendered":"<h3><strong>PRESELL &#8211; READY TO SHIP IN JANUARY 2020<\/strong><\/h3>\n<p>BUILO XQGQ-01D Piano Grand Bluetooth Control is based\u00a0 on Piano Grand, a famous music instrument<\/p>\n<p><img decoding=\"async\" class=\"alignnone size-full wp-image-178766\" src=\"https:\/\/pay.lpwstore.com\/wp-content\/uploads\/2019\/11\/piano-Grand-yamaha-C5-gi\u00e1-li\u00ean-h\u1ec7.jpg\" alt=\" width=\" height=\"1000\" title=\"-\"><\/p>\n<h4>An awesome Brick set BUILO XQGQ-01D Piano Grand Bluetooth Control<\/h4>\n<h4>\u2022 +2600\u00a0 pieces made from high-quality 100% ABS plastic bricks, safe for children, long time to play, 100% compatible with other brick brands<\/h4>\n<p><span style=\"font-size: 14.4px;\">\u2022 Easy-to-build with manual instruction of BUILO XQGQ-01D Piano Grand Bluetooth Control <\/span><span style=\"color: #333333; font-size: 14.4px;\">mit Stein-f\u00fcr-Stein-Anleitung und hochwertigen Bildern<\/span><\/p>\n<p><span style=\"font-size: 14.4px;\">\u2022 Full dimensions of BUILO XQGQ-01D Piano Grand Bluetooth Control <\/span><\/p>\n<p><img fetchpriority=\"high\" decoding=\"async\" class=\"alignnone size-full wp-image-178697\" src=\"https:\/\/pay.lpwstore.com\/wp-content\/uploads\/2019\/11\/Hf1a7f0ebf2144a9a8cbc4d4a84c9b1c9h.jpg\" alt=\"XINYU Piano Bluetooth Control XQGQ-01D\" width=\"790\" height=\"995\" title=\"-\"><\/p>\n<h4><strong>LIEFERUNG &amp; R\u00dcCKGABE<\/strong><\/h4>\n<ul>\n<li>We guarantee BUILO XQGQ-01D Piano Grand Bluetooth Control for: &#8211; Full refund if do not receive your order &#8211; Free provide for missing pieces or Manual book &#8211; Customer will not pay any more for tax and customs fee. (If you have to pay, we will refund to you)<\/li>\n<li>Der internationale Versand ist ziemlich kompliziert, wir bem\u00fchen uns, alle Ihre Probleme zu bearbeiten. Wenn Ihre Bestellung jedoch Probleme hat, kontaktieren Sie uns bitte per E-Mail<\/li>\n<li>Bestellung stornieren: Wenn Sie eine Bestellung stornieren m\u00fcssen, m\u00fcssen Sie uns so schnell wie m\u00f6glich per E-Mail an contact@pay.lpwstore.com kontaktieren. Wir k\u00f6nnen die Bestellung nicht vor 48 Stunden stoppen<\/li>\n<\/ul>\n<h4><strong>FEHLENDE TEILE<\/strong><\/h4>\n<p>All parts of BUILO XQGQ-01D Piano Grand Bluetooth Control \u00a0are quality checked before shipping, so if you find some missing or damaged parts, don&#8217;t worry.\u00a0 Please contact us and we will send them to you without any fees, or we will offer a small refund for you to buy in other places.<\/p>\n<div class=\"jfk-bubble gtx-bubble\" role=\"alertdialog\" aria-describedby=\"bubble-8\">\n<div id=\"bubble-8\" class=\"jfk-bubble-content-id\">\n<div id=\"gtx-host\" style=\"min-width: 200px; max-width: 400px;\"><\/div>\n<\/div>\n<\/div>","protected":false},"excerpt":{"rendered":"<h3><strong>PRESELL &#8211; READY TO SHIP IN JANUARY 2020<\/strong><\/h3>\n<p>\u2022 With +2200 Pcs \u2022 Highest Quality bricks (Better than Lepin)<\/p>\n<p>This fantastic BUILO XQGQ-01D Piano Grand Bluetooth Control \u00a0MADE BY LEPINWORLD is a really awesome MOC.<\/p>\n<div id=\"gtx-anchor\" style=\"width: 348px; height: 16px;\"><\/div>\n<div class=\"jfk-bubble gtx-bubble\" role=\"alertdialog\" aria-describedby=\"bubble-3\">\n<div id=\"bubble-3\" class=\"jfk-bubble-content-id\">\n<div id=\"gtx-host\" style=\"min-width: 200px; max-width: 400px;\"><\/div>\n<\/div>\n<div class=\"jfk-bubble-closebtn-id jfk-bubble-closebtn\" role=\"button\" aria-label=\"Schlie\u00dfen\"><\/div>\n<div class=\"jfk-bubble-arrow-id jfk-bubble-arrow jfk-bubble-arrowdown\">\n<div class=\"jfk-bubble-arrowimplbefore\"><\/div>\n<div class=\"jfk-bubble-arrowimplafter\"><\/div>\n<\/div>\n<\/div>","protected":false},"featured_media":13042,"comment_status":"open","ping_status":"closed","template":"","meta":{"_acf_changed":false},"product_cat":[],"product_tag":[],"class_list":["product","first","outofstock","shipping-taxable","purchasable","product-type-variable","has-default-attributes"],"acf":[],"_links":{"self":[{"href":"https:\/\/mouldking.store\/de\/wp-json\/wp\/v2\/product\/13041","targetHints":{"allow":["GET"]}}],"collection":[{"href":"https:\/\/mouldking.store\/de\/wp-json\/wp\/v2\/product"}],"about":[{"href":"https:\/\/mouldking.store\/de\/wp-json\/wp\/v2\/types\/product"}],"replies":[{"embeddable":true,"href":"https:\/\/mouldking.store\/de\/wp-json\/wp\/v2\/comments?post=13041"}],"wp:featuredmedia":[{"embeddable":true,"href":"https:\/\/mouldking.store\/de\/wp-json\/wp\/v2\/media\/13042"}],"wp:attachment":[{"href":"https:\/\/mouldking.store\/de\/wp-json\/wp\/v2\/media?parent=13041"}],"wp:term":[{"taxonomy":"product_cat","embeddable":true,"href":"https:\/\/mouldking.store\/de\/wp-json\/wp\/v2\/product_cat?post=13041"},{"taxonomy":"product_tag","embeddable":true,"href":"https:\/\/mouldking.store\/de\/wp-json\/wp\/v2\/product_tag?post=13041"}],"curies":[{"name":"wp","href":"https:\/\/api.w.org\/{rel}","templated":true}]}}