{"id":13072,"date":"2021-09-28T02:48:30","date_gmt":"2021-09-28T02:48:30","guid":{"rendered":"https:\/\/mouldking.store\/product\/winner-7065-morgen-3-wheeler-18-5170979"},"modified":"2021-12-23T09:54:41","modified_gmt":"2021-12-23T09:54:41","slug":"winner-7065-morgen-3-wheeler-18","status":"publish","type":"product","link":"https:\/\/mouldking.store\/de\/shop\/winner-7065-morgen-3-wheeler-18\/","title":{"rendered":"GEWINNER 7065 Morgen 3 Wheeler 1:8"},"content":{"rendered":"<p>The Morgan Motor Company announced that they would launch the 3 Wheeler in 2011 at the Geneva Motor Show. The 3 Wheeler was initially said to have a Harley-Davidson Screaming Eagle V-twin engine and a Mazda 5-speed manual transmission, and was estimated to deliver 115 hp (86 kW) at the rear wheel. However, there was a surprise when the prototype that was shown at Geneva had an S&amp;S engine. Production three-wheelers turned out to have S&amp;S engines. The kerb weight was originally estimated to be less than 500 kg (1,102 lb), but the final weight was tested at 550 kg (1,212 lb). The acceleration from zero to 60 mph (97 km\/h) was estimated by Morgan as 4.5 seconds, with an (estimated) top speed of 115 mph (185 km\/h). The three-wheeler is to be homologated as a motorcycle in the United States<\/p>\n<p><img decoding=\"async\" class=\"alignnone size-full wp-image-179152\" src=\"https:\/\/pay.lpwstore.com\/wp-content\/uploads\/2019\/12\/t\u1ea3i-xu\u1ed1ng.png\" alt=\" width=\" height=\"612\" title=\"-\"><\/p>\n<div class=\"product-title\" data-spm-anchor-id=\"a2g0o.detail.1000016.i2.49f9456dZGFjL1\">\n<p><strong>ARTIKELSPEZIFIKATIONEN<\/strong><\/p>\n<ul>\n<li>An awesome brick set\u00a0WINNER 7065 Morgen 3 Wheeler 1:8 <span style=\"font-size: 14.4px\">von rebrickable<\/span><\/li>\n<li><strong>838 pieces<\/strong> Hergestellt aus hochwertigen 100% ABS-Kunststoffsteinen, sicher f\u00fcr Kinder, lange Spielzeit, 100% kompatibel mit anderen Steinmarken wie Le .go<\/li>\n<li><span style=\"font-size: 14.4px\">Einfach zu bauen mit PDF-Anleitung mit Stein-f\u00fcr-Stein-Anleitung und hochwertigen Bildern \u2013 PDF-Datei per E-Mail gesendet.<\/span><\/li>\n<li>Die vollst\u00e4ndigen Abmessungen des St\u00e4nders k\u00f6nnen dem Bild unten entnommen werden.\u00a0<img fetchpriority=\"high\" decoding=\"async\" class=\"size-full wp-image-178906\" title=\"WINNER 7065 Morgen 3 Wheeler\" src=\"https:\/\/pay.lpwstore.com\/wp-content\/uploads\/2019\/12\/H32c4732a4da7411c9462481f904393e9l.jpg\" alt=\"WINNER 7065 Morgen 3 Wheeler\" width=\"800\" height=\"600\" \/><\/li>\n<\/ul>\n<\/div>\n<div data-spm-anchor-id=\"a2g0o.detail.1000016.i2.49f9456dZGFjL1\">\n<figure id=\"attachment_178897\" aria-describedby=\"caption-attachment-178897\" style=\"width: 800px\" class=\"wp-caption alignnone\"><img decoding=\"async\" class=\"size-full wp-image-178897\" title=\"WINNER 7065 Morgen 3 Wheeler\" src=\"https:\/\/pay.lpwstore.com\/wp-content\/uploads\/2019\/12\/Hae21fe9cf3514e3984dd8dce1e1ee10ak.jpg\" alt=\"WINNER 7065 Morgen 3 Wheeler\" width=\"800\" height=\"600\" \/><figcaption id=\"caption-attachment-178897\" class=\"wp-caption-text\">GEWINNER 7065 Morgen 3 Wheeler 1:8<\/figcaption><\/figure>\n<figure id=\"attachment_178898\" aria-describedby=\"caption-attachment-178898\" style=\"width: 800px\" class=\"wp-caption alignnone\"><img decoding=\"async\" class=\"size-full wp-image-178898\" title=\"WINNER 7065 Morgen 3 Wheeler\" src=\"https:\/\/pay.lpwstore.com\/wp-content\/uploads\/2019\/12\/H1b370a771ff54cd9a0fdee90ea116bc9u.jpg\" alt=\"WINNER 7065 Morgen 3 Wheeler\" width=\"800\" height=\"600\" \/><figcaption id=\"caption-attachment-178898\" class=\"wp-caption-text\">GEWINNER 7065 Morgen 3 Wheeler 1:8<\/figcaption><\/figure>\n<figure id=\"attachment_178899\" aria-describedby=\"caption-attachment-178899\" style=\"width: 800px\" class=\"wp-caption alignnone\"><img loading=\"lazy\" decoding=\"async\" class=\"size-full wp-image-178899\" title=\"WINNER 7065 Morgen 3 Wheeler\" src=\"https:\/\/pay.lpwstore.com\/wp-content\/uploads\/2019\/12\/Hfad5420f634f4667b54f24a70f61399bL.jpg\" alt=\"WINNER 7065 Morgen 3 Wheeler\" width=\"800\" height=\"600\" \/><figcaption id=\"caption-attachment-178899\" class=\"wp-caption-text\">GEWINNER 7065 Morgen 3 Wheeler 1:8<\/figcaption><\/figure>\n<figure id=\"attachment_178900\" aria-describedby=\"caption-attachment-178900\" style=\"width: 800px\" class=\"wp-caption alignnone\"><img loading=\"lazy\" decoding=\"async\" class=\"size-full wp-image-178900\" title=\"WINNER 7065 Morgen 3 Wheeler\" src=\"https:\/\/pay.lpwstore.com\/wp-content\/uploads\/2019\/12\/H683c3843e46c4b13958b608d6ad28bb76.jpg\" alt=\"WINNER 7065 Morgen 3 Wheeler\" width=\"800\" height=\"600\" \/><figcaption id=\"caption-attachment-178900\" class=\"wp-caption-text\">GEWINNER 7065 Morgen 3 Wheeler 1:8<\/figcaption><\/figure>\n<figure id=\"attachment_178901\" aria-describedby=\"caption-attachment-178901\" style=\"width: 800px\" class=\"wp-caption alignnone\"><img loading=\"lazy\" decoding=\"async\" class=\"size-full wp-image-178901\" title=\"WINNER 7065 Morgen 3 Wheeler\" src=\"https:\/\/pay.lpwstore.com\/wp-content\/uploads\/2019\/12\/H9a7fba80f004484d8418e45a842fc7e9s.jpg\" alt=\"WINNER 7065 Morgen 3 Wheeler\" width=\"800\" height=\"600\" \/><figcaption id=\"caption-attachment-178901\" class=\"wp-caption-text\">GEWINNER 7065 Morgen 3 Wheeler 1:8<\/figcaption><\/figure>\n<figure id=\"attachment_178902\" aria-describedby=\"caption-attachment-178902\" style=\"width: 800px\" class=\"wp-caption alignnone\"><img loading=\"lazy\" decoding=\"async\" class=\"size-full wp-image-178902\" title=\"WINNER 7065 Morgen 3 Wheeler\" src=\"https:\/\/pay.lpwstore.com\/wp-content\/uploads\/2019\/12\/Hf12997f4fbcf4835bcace79290388591Y.jpg\" alt=\"WINNER 7065 Morgen 3 Wheeler\" width=\"800\" height=\"600\" \/><figcaption id=\"caption-attachment-178902\" class=\"wp-caption-text\">GEWINNER 7065 Morgen 3 Wheeler 1:8<\/figcaption><\/figure>\n<figure id=\"attachment_178903\" aria-describedby=\"caption-attachment-178903\" style=\"width: 800px\" class=\"wp-caption alignnone\"><img loading=\"lazy\" decoding=\"async\" class=\"size-full wp-image-178903\" title=\"WINNER 7065 Morgen 3 Wheeler\" src=\"https:\/\/pay.lpwstore.com\/wp-content\/uploads\/2019\/12\/Hfa4fe60779be4976aab8210dcd855b6aZ.jpg\" alt=\"WINNER 7065 Morgen 3 Wheeler\" width=\"800\" height=\"600\" \/><figcaption id=\"caption-attachment-178903\" class=\"wp-caption-text\">GEWINNER 7065 Morgen 3 Wheeler 1:8<\/figcaption><\/figure>\n<figure id=\"attachment_178904\" aria-describedby=\"caption-attachment-178904\" style=\"width: 800px\" class=\"wp-caption alignnone\"><img loading=\"lazy\" decoding=\"async\" class=\"size-full wp-image-178904\" title=\"WINNER 7065 Morgen 3 Wheeler\" src=\"https:\/\/pay.lpwstore.com\/wp-content\/uploads\/2019\/12\/Hc2ebeb68b16c4948a281f7d5a0e2d439T.jpg\" alt=\"WINNER 7065 Morgen 3 Wheeler\" width=\"800\" height=\"600\" \/><figcaption id=\"caption-attachment-178904\" class=\"wp-caption-text\">GEWINNER 7065 Morgen 3 Wheeler 1:8<\/figcaption><\/figure>\n<figure id=\"attachment_178905\" aria-describedby=\"caption-attachment-178905\" style=\"width: 800px\" class=\"wp-caption alignnone\"><img loading=\"lazy\" decoding=\"async\" class=\"size-full wp-image-178905\" title=\"WINNER 7065 Morgen 3 Wheeler\" src=\"https:\/\/pay.lpwstore.com\/wp-content\/uploads\/2019\/12\/H11a82e67a49e47cfa62fad46e55b4282k.jpg\" alt=\"WINNER 7065 Morgen 3 Wheeler\" width=\"800\" height=\"600\" \/><figcaption id=\"caption-attachment-178905\" class=\"wp-caption-text\">GEWINNER 7065 Morgen 3 Wheeler 1:8<\/figcaption><\/figure>\n<\/div>\n<div class=\"product-reviewer\">\n<div class=\"overview-rating\">\n<div class=\"next-rating next-rating-large next-rating-grade-high\" role=\"group\" aria-label=\"\u8bc4\u5206\u9009\u9879\">\n<div class=\"next-rating-base next-rating-base-disabled\">\n<div class=\"next-rating-underlay\" aria-hidden=\"true\"><\/div>\n<\/div>\n<\/div>\n<\/div>\n<\/div>","protected":false},"excerpt":{"rendered":"<ul>\n<li>Enthalten: <strong>838 Pcs<\/strong><\/li>\n<li>Highest quality bricks<\/li>\n<\/ul>","protected":false},"featured_media":13073,"comment_status":"open","ping_status":"closed","template":"","meta":{"_acf_changed":false},"product_cat":[],"product_tag":[],"class_list":["product","first","instock","shipping-taxable","purchasable","product-type-simple"],"acf":[],"_links":{"self":[{"href":"https:\/\/mouldking.store\/de\/wp-json\/wp\/v2\/product\/13072","targetHints":{"allow":["GET"]}}],"collection":[{"href":"https:\/\/mouldking.store\/de\/wp-json\/wp\/v2\/product"}],"about":[{"href":"https:\/\/mouldking.store\/de\/wp-json\/wp\/v2\/types\/product"}],"replies":[{"embeddable":true,"href":"https:\/\/mouldking.store\/de\/wp-json\/wp\/v2\/comments?post=13072"}],"wp:featuredmedia":[{"embeddable":true,"href":"https:\/\/mouldking.store\/de\/wp-json\/wp\/v2\/media\/13073"}],"wp:attachment":[{"href":"https:\/\/mouldking.store\/de\/wp-json\/wp\/v2\/media?parent=13072"}],"wp:term":[{"taxonomy":"product_cat","embeddable":true,"href":"https:\/\/mouldking.store\/de\/wp-json\/wp\/v2\/product_cat?post=13072"},{"taxonomy":"product_tag","embeddable":true,"href":"https:\/\/mouldking.store\/de\/wp-json\/wp\/v2\/product_tag?post=13072"}],"curies":[{"name":"wp","href":"https:\/\/api.w.org\/{rel}","templated":true}]}}