{"id":13184,"date":"2021-09-28T02:50:07","date_gmt":"2021-09-27T19:50:07","guid":{"rendered":"https:\/\/mouldking.store\/product\/builo-1003-moc-10559-silver-lamborghini-veneno-roadster-8430963"},"modified":"2025-12-25T09:28:20","modified_gmt":"2025-12-25T02:28:20","slug":"builo-1003-moc-10559-silver-lamborghini-veneno-roadster","status":"publish","type":"product","link":"https:\/\/mouldking.store\/de\/shop\/builo-1003-moc-10559-silver-lamborghini-veneno-roadster\/","title":{"rendered":"BUILO 1003 MOC 10559 Silberner Lamborghini Veneno Roadster"},"content":{"rendered":"<p>Die BESTE Version von MOC 10559 Lamborghini Veneno Roadster<\/p>\n<p>Lamborghini stellte auch sein neuestes Hyperauto vor, den Veneno. Genau wie McLaren und Ferrari verspricht es 0-62mph in weniger als 3 Sekunden, packt 750bph und sie sagen, dass die H\u00f6chstgeschwindigkeit 355km\/h (220mph) betr\u00e4gt. Ich liebe diesen Lambo, ich denke, er sieht von den dreien am \u201ehypercar\u201c aus, das Heck erinnert mich irgendwie an ein Batmobil oder so zu billig f\u00fcr dich, keine Angst; Der Lamborghini Veneno kostet 3 Millionen Euro<\/p>\n<p>Lamborghini Veneno verwendet die Art von Design, zum Beispiel das Autorennen-Design. Das Design scheint extrem erlaubt es Schl\u00fcssel. Es ist ein bemerkenswert bestes Gizmo des Gelddesigns mit dem ziemlich zuverl\u00e4ssigen Elektromotor. Sie k\u00f6nnen zum besten Preis reisen, bevor Sie es verstehen. Die Art von Material, das verwendet wird, um dieses Fahrzeug zu unterst\u00fctzen, ist, einige Aspekte zu verringern, und es sollte sogar schneller gehen. <strong>Lamborghini veneno<\/strong>\u00a0ist der hochdrehende V10-angetriebene Huracan und der V12-angetriebene Aventador. Sie werden sehen, dass Equally-Fahrzeuge extravagant wirken und Ihnen eine atemberaubende Leistung bieten. Es gibt auch das Veneno-Hypercar, in dem weniger als ein Dutzend hergestellt werden. 2018 Lamborghini Veneno stellte k\u00fcrzlich den SUV \u201eUrus\u201c vor und nannte ihn \u201edas erste supersportliche Nutzfahrzeug<\/p>\n<p>&nbsp;<\/p>\n<figure id=\"attachment_179891\" class=\"wp-caption alignnone\" style=\"width: 800px\" aria-describedby=\"caption-attachment-179891\"><img fetchpriority=\"high\" decoding=\"async\" class=\"size-full wp-image-179891\" title=\"BUILO 1003 MOC 10559 Silberner Lamborghini Veneno Roadster\" src=\"https:\/\/pay.lpwstore.com\/wp-content\/uploads\/2019\/12\/Technic-MOC-RC-Veneno-Lamborghinis-Roadster-Power-Function-Car-Blocks-Bricks-Kids-Renote-Control-Car-Toy.jpg\" alt=\"BUILO 1003 MOC 10559 Silver Lamborghini Veneno Roadster\" width=\"800\" height=\"800\" \/><figcaption id=\"caption-attachment-179891\" class=\"wp-caption-text\">BUILO 1003 MOC 10559 Silberner Lamborghini Veneno Roadster<\/figcaption><\/figure>\n<figure id=\"attachment_179892\" class=\"wp-caption alignnone\" style=\"width: 757px\" aria-describedby=\"caption-attachment-179892\"><img decoding=\"async\" class=\"size-full wp-image-179892\" title=\"BUILO 1003 MOC 10559 Silberner Lamborghini Veneno Roadster\" src=\"https:\/\/pay.lpwstore.com\/wp-content\/uploads\/2019\/12\/O1CN01KvJrWN2CMGth3i53j_2206529658459.jpg\" alt=\"BUILO 1003 MOC 10559 Silver Lamborghini Veneno Roadster\" width=\"757\" height=\"1280\" \/><figcaption id=\"caption-attachment-179892\" class=\"wp-caption-text\">BUILO 1003 MOC 10559 Silberner Lamborghini Veneno Roadster<\/figcaption><\/figure>\n<figure id=\"attachment_179893\" class=\"wp-caption alignnone\" style=\"width: 800px\" aria-describedby=\"caption-attachment-179893\"><img decoding=\"async\" class=\"size-full wp-image-179893\" title=\"BUILO 1003 MOC 10559 Silberner Lamborghini Veneno Roadster\" src=\"https:\/\/pay.lpwstore.com\/wp-content\/uploads\/2019\/12\/O1CN01RTlszP2CMGtY9NfjA_2206529658459.jpg\" alt=\"BUILO 1003 MOC 10559 Silver Lamborghini Veneno Roadster\" width=\"800\" height=\"1010\" \/><figcaption id=\"caption-attachment-179893\" class=\"wp-caption-text\">BUILO 1003 MOC 10559 Silberner Lamborghini Veneno Roadster<\/figcaption><\/figure>\n<figure id=\"attachment_179894\" class=\"wp-caption alignnone\" style=\"width: 800px\" aria-describedby=\"caption-attachment-179894\"><img loading=\"lazy\" decoding=\"async\" class=\"size-full wp-image-179894\" title=\"BUILO 1003 MOC 10559 Silberner Lamborghini Veneno Roadster\" src=\"https:\/\/pay.lpwstore.com\/wp-content\/uploads\/2019\/12\/O1CN01N68boz2CMGtcnXoEw_2206529658459.jpg\" alt=\"BUILO 1003 MOC 10559 Silver Lamborghini Veneno Roadster\" width=\"800\" height=\"1010\" \/><figcaption id=\"caption-attachment-179894\" class=\"wp-caption-text\">BUILO 1003 MOC 10559 Silberner Lamborghini Veneno Roadster<\/figcaption><\/figure>\n<figure id=\"attachment_179895\" class=\"wp-caption alignnone\" style=\"width: 800px\" aria-describedby=\"caption-attachment-179895\"><img loading=\"lazy\" decoding=\"async\" class=\"size-full wp-image-179895\" title=\"BUILO 1003 MOC 10559 Silberner Lamborghini Veneno Roadster\" src=\"https:\/\/pay.lpwstore.com\/wp-content\/uploads\/2019\/12\/O1CN01gHGMVM2CMGtgFkUUe_2206529658459.jpg\" alt=\"BUILO 1003 MOC 10559 Silver Lamborghini Veneno Roadster\" width=\"800\" height=\"446\" \/><figcaption id=\"caption-attachment-179895\" class=\"wp-caption-text\">BUILO 1003 MOC 10559 Silberner Lamborghini Veneno Roadster<\/figcaption><\/figure>\n<figure id=\"attachment_179896\" class=\"wp-caption alignnone\" style=\"width: 800px\" aria-describedby=\"caption-attachment-179896\"><img loading=\"lazy\" decoding=\"async\" class=\"size-full wp-image-179896\" title=\"BUILO 1003 MOC 10559 Silberner Lamborghini Veneno Roadster\" src=\"https:\/\/pay.lpwstore.com\/wp-content\/uploads\/2019\/12\/H9e4e9a5df438421fb4408add97d82ae7j.jpg\" alt=\"BUILO 1003 MOC 10559 Silver Lamborghini Veneno Roadster\" width=\"800\" height=\"626\" \/><figcaption id=\"caption-attachment-179896\" class=\"wp-caption-text\">BUILO 1003 MOC 10559 Silberner Lamborghini Veneno Roadster<\/figcaption><\/figure>\n<figure id=\"attachment_179897\" class=\"wp-caption alignnone\" style=\"width: 800px\" aria-describedby=\"caption-attachment-179897\"><img loading=\"lazy\" decoding=\"async\" class=\"size-full wp-image-179897\" title=\"BUILO 1003 MOC 10559 Silberner Lamborghini Veneno Roadster\" src=\"https:\/\/pay.lpwstore.com\/wp-content\/uploads\/2019\/12\/H91a2414aac1f42fd9f266659857fa343K.jpg\" alt=\"BUILO 1003 MOC 10559 Silver Lamborghini Veneno Roadster\" width=\"800\" height=\"650\" \/><figcaption id=\"caption-attachment-179897\" class=\"wp-caption-text\">BUILO 1003 MOC 10559 Silberner Lamborghini Veneno Roadster<\/figcaption><\/figure>\n<figure id=\"attachment_179898\" class=\"wp-caption alignnone\" style=\"width: 800px\" aria-describedby=\"caption-attachment-179898\"><img loading=\"lazy\" decoding=\"async\" class=\"size-full wp-image-179898\" title=\"BUILO 1003 MOC 10559 Silberner Lamborghini Veneno Roadster\" src=\"https:\/\/pay.lpwstore.com\/wp-content\/uploads\/2019\/12\/H249e7e2adbf24289b37b9273737c9172G.jpg\" alt=\"BUILO 1003 MOC 10559 Silver Lamborghini Veneno Roadster\" width=\"800\" height=\"1047\" \/><figcaption id=\"caption-attachment-179898\" class=\"wp-caption-text\">BUILO 1003 MOC 10559 Silberner Lamborghini Veneno Roadster<\/figcaption><\/figure>\n<figure id=\"attachment_179899\" class=\"wp-caption alignnone\" style=\"width: 800px\" aria-describedby=\"caption-attachment-179899\"><img loading=\"lazy\" decoding=\"async\" class=\"size-full wp-image-179899\" title=\"BUILO 1003 MOC 10559 Silberner Lamborghini Veneno Roadster\" src=\"https:\/\/pay.lpwstore.com\/wp-content\/uploads\/2019\/12\/H664c7de4cbf14f1e8a3ec18efdc3a887x.jpg\" alt=\"BUILO 1003 MOC 10559 Silver Lamborghini Veneno Roadster\" width=\"800\" height=\"1079\" \/><figcaption id=\"caption-attachment-179899\" class=\"wp-caption-text\">BUILO 1003 MOC 10559 Silberner Lamborghini Veneno Roadster<\/figcaption><\/figure>\n<figure id=\"attachment_179900\" class=\"wp-caption alignnone\" style=\"width: 800px\" aria-describedby=\"caption-attachment-179900\"><img loading=\"lazy\" decoding=\"async\" class=\"size-full wp-image-179900\" title=\"BUILO 1003 MOC 10559 Silberner Lamborghini Veneno Roadster\" src=\"https:\/\/pay.lpwstore.com\/wp-content\/uploads\/2019\/12\/O1CN01Syz77H2CMGtkAaLUb_2206529658459.jpg\" alt=\"BUILO 1003 MOC 10559 Silver Lamborghini Veneno Roadster\" width=\"800\" height=\"1249\" \/><figcaption id=\"caption-attachment-179900\" class=\"wp-caption-text\">BUILO 1003 MOC 10559 Silberner Lamborghini Veneno Roadster<\/figcaption><\/figure>\n<figure id=\"attachment_179901\" class=\"wp-caption alignnone\" style=\"width: 800px\" aria-describedby=\"caption-attachment-179901\"><img loading=\"lazy\" decoding=\"async\" class=\"size-full wp-image-179901\" title=\"BUILO 1003 MOC 10559 Silberner Lamborghini Veneno Roadster\" src=\"https:\/\/pay.lpwstore.com\/wp-content\/uploads\/2019\/12\/H2017139f9b704272b6a41bfe0e9f06abj.jpg\" alt=\"BUILO 1003 MOC 10559 Silver Lamborghini Veneno Roadster\" width=\"800\" height=\"984\" \/><figcaption id=\"caption-attachment-179901\" class=\"wp-caption-text\">BUILO 1003 MOC 10559 Silberner Lamborghini Veneno Roadster<\/figcaption><\/figure>\n<figure id=\"attachment_179902\" class=\"wp-caption alignnone\" style=\"width: 800px\" aria-describedby=\"caption-attachment-179902\"><img loading=\"lazy\" decoding=\"async\" class=\"size-full wp-image-179902\" title=\"BUILO 1003 MOC 10559 Silberner Lamborghini Veneno Roadster\" src=\"https:\/\/pay.lpwstore.com\/wp-content\/uploads\/2019\/12\/O1CN01lywz8Y2CMGtfjMZ9q_2206529658459.jpg\" alt=\"BUILO 1003 MOC 10559 Silver Lamborghini Veneno Roadster\" width=\"800\" height=\"1088\" \/><figcaption id=\"caption-attachment-179902\" class=\"wp-caption-text\">BUILO 1003 MOC 10559 Silberner Lamborghini Veneno Roadster<\/figcaption><\/figure>\n<figure id=\"attachment_179903\" class=\"wp-caption alignnone\" style=\"width: 800px\" aria-describedby=\"caption-attachment-179903\"><img loading=\"lazy\" decoding=\"async\" class=\"size-full wp-image-179903\" title=\"BUILO 1003 MOC 10559 Silberner Lamborghini Veneno Roadster\" src=\"https:\/\/pay.lpwstore.com\/wp-content\/uploads\/2019\/12\/Hd0a0b854d023458ba72e6e784127221bq.jpg\" alt=\"BUILO 1003 MOC 10559 Silver Lamborghini Veneno Roadster\" width=\"800\" height=\"1022\" \/><figcaption id=\"caption-attachment-179903\" class=\"wp-caption-text\">BUILO 1003 MOC 10559 Silberner Lamborghini Veneno Roadster<\/figcaption><\/figure>\n<figure id=\"attachment_179904\" class=\"wp-caption alignnone\" style=\"width: 800px\" aria-describedby=\"caption-attachment-179904\"><img loading=\"lazy\" decoding=\"async\" class=\"size-full wp-image-179904\" title=\"BUILO 1003 MOC 10559 Silberner Lamborghini Veneno Roadster\" src=\"https:\/\/pay.lpwstore.com\/wp-content\/uploads\/2019\/12\/O1CN01WVmPaD2CMGtfjORZV_2206529658459.jpg\" alt=\"BUILO 1003 MOC 10559 Silver Lamborghini Veneno Roadster\" width=\"800\" height=\"1148\" \/><figcaption id=\"caption-attachment-179904\" class=\"wp-caption-text\">BUILO 1003 MOC 10559 Silberner Lamborghini Veneno Roadster<\/figcaption><\/figure>\n<figure id=\"attachment_179905\" class=\"wp-caption alignnone\" style=\"width: 800px\" aria-describedby=\"caption-attachment-179905\"><img loading=\"lazy\" decoding=\"async\" class=\"size-full wp-image-179905\" title=\"BUILO 1003 MOC 10559 Silberner Lamborghini Veneno Roadster\" src=\"https:\/\/pay.lpwstore.com\/wp-content\/uploads\/2019\/12\/O1CN01bWxgLH2CMGtkAa93E_2206529658459.jpg\" alt=\"BUILO 1003 MOC 10559 Silver Lamborghini Veneno Roadster\" width=\"800\" height=\"1226\" \/><figcaption id=\"caption-attachment-179905\" class=\"wp-caption-text\">BUILO 1003 MOC 10559 Silberner Lamborghini Veneno Roadster<\/figcaption><\/figure>\n<figure id=\"attachment_179906\" class=\"wp-caption alignnone\" style=\"width: 800px\" aria-describedby=\"caption-attachment-179906\"><img loading=\"lazy\" decoding=\"async\" class=\"size-full wp-image-179906\" title=\"BUILO 1003 MOC 10559 Silberner Lamborghini Veneno Roadster\" src=\"https:\/\/pay.lpwstore.com\/wp-content\/uploads\/2019\/12\/O1CN01AB0sxs2CMGth3ioq4_2206529658459.jpg\" alt=\"BUILO 1003 MOC 10559 Silver Lamborghini Veneno Roadster\" width=\"800\" height=\"1204\" \/><figcaption id=\"caption-attachment-179906\" class=\"wp-caption-text\">BUILO 1003 MOC 10559 Silberner Lamborghini Veneno Roadster<\/figcaption><\/figure>\n<figure id=\"attachment_179907\" class=\"wp-caption alignnone\" style=\"width: 725px\" aria-describedby=\"caption-attachment-179907\"><img loading=\"lazy\" decoding=\"async\" class=\"size-full wp-image-179907\" title=\"BUILO 1003 MOC 10559 Silberner Lamborghini Veneno Roadster\" src=\"https:\/\/pay.lpwstore.com\/wp-content\/uploads\/2019\/12\/O1CN011Ew9Nz2CMGtkAaHMq_2206529658459.jpg\" alt=\"BUILO 1003 MOC 10559 Silver Lamborghini Veneno Roadster\" width=\"725\" height=\"1280\" \/><figcaption id=\"caption-attachment-179907\" class=\"wp-caption-text\">BUILO 1003 MOC 10559 Silberner Lamborghini Veneno Roadster<\/figcaption><\/figure>\n<figure id=\"attachment_179908\" class=\"wp-caption alignnone\" style=\"width: 800px\" aria-describedby=\"caption-attachment-179908\"><img loading=\"lazy\" decoding=\"async\" class=\"size-full wp-image-179908\" title=\"BUILO 1003 MOC 10559 Silberner Lamborghini Veneno Roadster\" src=\"https:\/\/pay.lpwstore.com\/wp-content\/uploads\/2019\/12\/Hd647854d5d6844b2a962e8e5080c2e1c6.jpg\" alt=\"BUILO 1003 MOC 10559 Silver Lamborghini Veneno Roadster\" width=\"800\" height=\"910\" \/><figcaption id=\"caption-attachment-179908\" class=\"wp-caption-text\">BUILO 1003 MOC 10559 Silberner Lamborghini Veneno Roadster<\/figcaption><\/figure>","protected":false},"excerpt":{"rendered":"<p>\u2022 Mit <strong>3400+<\/strong> Pcs Motorisierte Fernbedienung<\/p>","protected":false},"featured_media":13185,"comment_status":"open","ping_status":"closed","template":"","meta":{"_acf_changed":false},"product_cat":[15],"product_tag":[],"class_list":["product","first","outofstock","shipping-taxable","purchasable","product-type-simple"],"acf":[],"_links":{"self":[{"href":"https:\/\/mouldking.store\/de\/wp-json\/wp\/v2\/product\/13184","targetHints":{"allow":["GET"]}}],"collection":[{"href":"https:\/\/mouldking.store\/de\/wp-json\/wp\/v2\/product"}],"about":[{"href":"https:\/\/mouldking.store\/de\/wp-json\/wp\/v2\/types\/product"}],"replies":[{"embeddable":true,"href":"https:\/\/mouldking.store\/de\/wp-json\/wp\/v2\/comments?post=13184"}],"wp:featuredmedia":[{"embeddable":true,"href":"https:\/\/mouldking.store\/de\/wp-json\/wp\/v2\/media\/13185"}],"wp:attachment":[{"href":"https:\/\/mouldking.store\/de\/wp-json\/wp\/v2\/media?parent=13184"}],"wp:term":[{"taxonomy":"product_cat","embeddable":true,"href":"https:\/\/mouldking.store\/de\/wp-json\/wp\/v2\/product_cat?post=13184"},{"taxonomy":"product_tag","embeddable":true,"href":"https:\/\/mouldking.store\/de\/wp-json\/wp\/v2\/product_tag?post=13184"}],"curies":[{"name":"wp","href":"https:\/\/api.w.org\/{rel}","templated":true}]}}