{"id":13220,"date":"2021-09-28T02:50:20","date_gmt":"2021-09-28T02:50:20","guid":{"rendered":"https:\/\/mouldking.store\/product\/sy-6579-frozen-elsa-anna-castle-book-5385131"},"modified":"2021-12-23T09:54:41","modified_gmt":"2021-12-23T09:54:41","slug":"sy-6579-frozen-elsa-anna-castle-book","status":"publish","type":"product","link":"https:\/\/mouldking.store\/de\/shop\/sy-6579-frozen-elsa-anna-castle-book\/","title":{"rendered":"SY 6579 Frozen Elsa Anna Schlossbuch"},"content":{"rendered":"<p>Dieses fantastische SY 6579 Frozen Elsa Anna Castle Buch LEPINWORLD ist ein wirklich tolles Set, einschlie\u00dflich einiger Minifiguren<br \/><img decoding=\"async\" class=\"alignnone size-full wp-image-180178\" src=\"https:\/\/pay.lpwstore.com\/wp-content\/uploads\/2019\/12\/12906921936_786747086.jpg\" alt=\" width=\" height=\"800\" title=\"-\"> <img decoding=\"async\" class=\"alignnone size-medium wp-image-180179\" src=\"https:\/\/pay.lpwstore.com\/wp-content\/uploads\/2019\/12\/12944854355_786747086.jpg\" alt=\" width=\" height=\"800\" title=\"-\"> <img decoding=\"async\" class=\"alignnone size-medium wp-image-180180\" src=\"https:\/\/pay.lpwstore.com\/wp-content\/uploads\/2019\/12\/12985052331_786747086.jpg\" alt=\" width=\" height=\"800\" title=\"-\"> <img decoding=\"async\" class=\"alignnone size-medium wp-image-180181\" src=\"https:\/\/pay.lpwstore.com\/wp-content\/uploads\/2019\/12\/\u5fae\u4fe1\u56fe\u7247_20191216154231_\u526f\u672c.png\" alt=\" width=\" height=\"800\" title=\"-\"> <img decoding=\"async\" class=\"alignnone size-medium wp-image-180182\" src=\"https:\/\/pay.lpwstore.com\/wp-content\/uploads\/2019\/12\/image.jpg\" alt=\" width=\" height=\"1080\" title=\"-\"><\/p>\n<p>Die Eisk\u00f6nigin ist ein amerikanischer 3D-Computeranimations-Fantasyfilm mit Musik aus dem Jahr 2013, der von Walt Disney Animation Studios produziert und von Walt Disney Pictures ver\u00f6ffentlicht wurde. Der 53. Zeichentrickfilm von Disney ist inspiriert von Hans Christian Andersens M\u00e4rchen \u201eDie Schneek\u00f6nigin\u201c. Er erz\u00e4hlt die Geschichte einer furchtlosen Prinzessin, die sich zusammen mit einem schroffen Mann aus dem Eis, seinem treuen Rentier und einem naiven Schneemann auf die Reise macht, um ihre entfremdete Schwester zu finden, deren eisige Kr\u00e4fte ihr K\u00f6nigreich versehentlich in einem ewigen Winter gefangen gehalten haben.<\/p>\n<p>Frozen durchlief mehrere Story-Bearbeitungen, bevor es 2011 in Auftrag gegeben wurde. Das Drehbuch schrieb Jennifer Lee, die auch gemeinsam mit Chris Buck Regie f\u00fchrte. Die Stimmen des Films stammen von Kristen Bell, Idina Menzel, Jonathan Groff, Josh Gad und Santino Fontana. Christophe Beck wurde beauftragt, die Orchestermusik des Films zu komponieren, w\u00e4hrend Robert Lopez und Kristen Anderson-Lopez die Lieder schrieben.<\/p>\n<p>\u00a0<\/p>\n<h4><strong>ARTIKELSPEZIFIKATIONEN<\/strong><\/h4>\n<ul>\n<li>Ein fantastisches SY 6579 Frozen Elsa Anna Castle Buch<\/li>\n<li>+575 Teile aus hochwertigen 100% ABS-Kunststoffsteinen, sicher f\u00fcr Kinder, lange Spielzeit, 100% kompatibel mit anderen Steinmarken wie Le .go<\/li>\n<li>Einfach aufzubauen mit der Buchanleitung f\u00fcr das Buch SY 6579 \u201eFrozen Elsa Anna Castle\u201c mit Stein-f\u00fcr-Stein-Anleitung und qualitativ hochwertigen Bildern \u2013 PDF-Datei per E-Mail gesendet.<\/li>\n<li>Die vollst\u00e4ndigen Abmessungen des Buches SY 6579 Frozen Elsa Anna Castle k\u00f6nnen Sie im Bild unten sehen.<\/li>\n<\/ul>\n<p>\u00a0<\/p>\n<h4><strong>FEHLENDE TEILE<\/strong><\/h4>\n<p>Alle Teile des SY 6579 Frozen Elsa Anna Castle Book werden vor dem Versand einer Qualit\u00e4tskontrolle unterzogen. Wenn Sie also fehlende oder besch\u00e4digte Teile finden, machen Sie sich keine Sorgen. Bitte kontaktieren Sie uns und wir senden Ihnen die Teile kostenlos zu, oder wir erstatten Ihnen den Kaufpreis, damit Sie sie woanders kaufen k\u00f6nnen.<\/p>\n<h4><strong>GARANTIE<\/strong><\/h4>\n<p>Wir garantieren das Buch SY 6579 Frozen Elsa Anna Castle f\u00fcr:<\/p>\n<p>\u2013 Volle R\u00fcckerstattung, wenn Sie Ihre Bestellung nicht erhalten<\/p>\n<p>\u2013 Kostenlose Lieferung f\u00fcr fehlende Teile oder Handbuch<\/p>\n<p>\u2013 Der Kunde muss keine Steuern und Zollgeb\u00fchren mehr zahlen. (Wenn Sie zahlen m\u00fcssen, erstatten wir Ihnen den Betrag zur\u00fcck.)\u00a0<\/p>","protected":false},"excerpt":{"rendered":"<p>SY 6579 Frozen Elsa Anna Schlossbuch<\/p>\n<p>\u2022 Mit +575 St\u00fcck<\/p>\n<p>\u2022 Einige Miniaturen:\u00a0<\/p>\n<p>+ Anna, die 18-j\u00e4hrige Prinzessin von Arendelle und Elsas j\u00fcngere Schwester<\/p>\n<p>+ Kristoff, ein Mann aus dem Eis, der von einem Rentier namens Sven begleitet wird<\/p>\n<p>+ Josh Gad als Olaf, ein empfindungsf\u00e4higer Schneemann, den Elsa und Anna als Kinder erschaffen haben und der davon tr\u00e4umt, den Sommer zu erleben<\/p>\n<p>\u00a0<\/p>\n<div id=\"gtx-trans\">\n<div class=\"gtx-trans-icon\">\u00a0<\/div>\n<\/div>","protected":false},"featured_media":13221,"comment_status":"open","ping_status":"closed","template":"","meta":{"_acf_changed":false},"product_cat":[],"product_tag":[],"class_list":["product","first","instock","shipping-taxable","purchasable","product-type-simple"],"acf":[],"_links":{"self":[{"href":"https:\/\/mouldking.store\/de\/wp-json\/wp\/v2\/product\/13220","targetHints":{"allow":["GET"]}}],"collection":[{"href":"https:\/\/mouldking.store\/de\/wp-json\/wp\/v2\/product"}],"about":[{"href":"https:\/\/mouldking.store\/de\/wp-json\/wp\/v2\/types\/product"}],"replies":[{"embeddable":true,"href":"https:\/\/mouldking.store\/de\/wp-json\/wp\/v2\/comments?post=13220"}],"wp:featuredmedia":[{"embeddable":true,"href":"https:\/\/mouldking.store\/de\/wp-json\/wp\/v2\/media\/13221"}],"wp:attachment":[{"href":"https:\/\/mouldking.store\/de\/wp-json\/wp\/v2\/media?parent=13220"}],"wp:term":[{"taxonomy":"product_cat","embeddable":true,"href":"https:\/\/mouldking.store\/de\/wp-json\/wp\/v2\/product_cat?post=13220"},{"taxonomy":"product_tag","embeddable":true,"href":"https:\/\/mouldking.store\/de\/wp-json\/wp\/v2\/product_tag?post=13220"}],"curies":[{"name":"wp","href":"https:\/\/api.w.org\/{rel}","templated":true}]}}