{"id":13365,"date":"2021-09-28T02:52:21","date_gmt":"2021-09-28T02:52:21","guid":{"rendered":"https:\/\/mouldking.store\/product\/sy-1429-frozen-carriage-ice-and-snow-princess-1091288"},"modified":"2021-12-23T09:54:38","modified_gmt":"2021-12-23T09:54:38","slug":"sy-1429-frozen-carriage-ice-and-snow-princess","status":"publish","type":"product","link":"https:\/\/mouldking.store\/de\/shop\/sy-1429-frozen-carriage-ice-and-snow-princess\/","title":{"rendered":"SY 1429 Gefrorene Kutsche Eis- und Schneeprinzessin"},"content":{"rendered":"<div class=\"richtext_wrap\">\n<div class=\"richtext\">\n<div class=\"richtext_wrap\">\n<div class=\"richtext\">Frozen: Ice and Snow Princess geh\u00f6rt zum Bausteinset der M\u00e4dchenserie, das gesamte Set enth\u00e4lt 459 Bausteinpartikel. Erstmals im Jahr 2019 gestartet.<\/div>\n<\/div>\n<\/div>\n<div>\n<p>&nbsp;<\/p>\n<figure id=\"attachment_181235\" aria-describedby=\"caption-attachment-181235\" style=\"width: 1280px\" class=\"wp-caption alignnone\"><img fetchpriority=\"high\" decoding=\"async\" class=\"size-full wp-image-181235\" title=\"SY 1429 Gefrorene Kutsche Eis- und Schneeprinzessin\" src=\"https:\/\/pay.lpwstore.com\/wp-content\/uploads\/2020\/01\/sy-1429-frozen-carriage-ice-and-snow-princess.jpg\" alt=\"SY 1429 Frozen Carriage Ice and Snow Princess\" width=\"1280\" height=\"1280\" \/><figcaption id=\"caption-attachment-181235\" class=\"wp-caption-text\">SY 1429 Gefrorene Kutsche Eis- und Schneeprinzessin<\/figcaption><\/figure>\n<\/div>\n<\/div>\n<div><\/div>","protected":false},"excerpt":{"rendered":"<ul>\n<li>Enthalten: <strong>1429+ Stk<\/strong> mit Bedienungsanleitung<\/li>\n<li>Hochwertiger Block<\/li>\n<li>Standard-E-Paket mit Bestellung &lt; 50 USD<\/li>\n<\/ul>","protected":false},"featured_media":13366,"comment_status":"open","ping_status":"closed","template":"","meta":{"_acf_changed":false},"product_cat":[],"product_tag":[],"class_list":["product","first","instock","shipping-taxable","purchasable","product-type-simple"],"acf":[],"_links":{"self":[{"href":"https:\/\/mouldking.store\/de\/wp-json\/wp\/v2\/product\/13365","targetHints":{"allow":["GET"]}}],"collection":[{"href":"https:\/\/mouldking.store\/de\/wp-json\/wp\/v2\/product"}],"about":[{"href":"https:\/\/mouldking.store\/de\/wp-json\/wp\/v2\/types\/product"}],"replies":[{"embeddable":true,"href":"https:\/\/mouldking.store\/de\/wp-json\/wp\/v2\/comments?post=13365"}],"wp:featuredmedia":[{"embeddable":true,"href":"https:\/\/mouldking.store\/de\/wp-json\/wp\/v2\/media\/13366"}],"wp:attachment":[{"href":"https:\/\/mouldking.store\/de\/wp-json\/wp\/v2\/media?parent=13365"}],"wp:term":[{"taxonomy":"product_cat","embeddable":true,"href":"https:\/\/mouldking.store\/de\/wp-json\/wp\/v2\/product_cat?post=13365"},{"taxonomy":"product_tag","embeddable":true,"href":"https:\/\/mouldking.store\/de\/wp-json\/wp\/v2\/product_tag?post=13365"}],"curies":[{"name":"wp","href":"https:\/\/api.w.org\/{rel}","templated":true}]}}