{"id":13573,"date":"2021-09-28T02:55:35","date_gmt":"2021-09-28T02:55:35","guid":{"rendered":"https:\/\/mouldking.store\/product\/xingbao-01006-toys-and-books-store-building-7957159"},"modified":"2021-12-23T09:54:35","modified_gmt":"2021-12-23T09:54:35","slug":"xingbao-01006-toys-and-books-store-building","status":"publish","type":"product","link":"https:\/\/mouldking.store\/de\/shop\/xingbao-01006-toys-and-books-store-building\/","title":{"rendered":"XINGBAO 01006 Toys And Books Store Building"},"content":{"rendered":"<p><strong>PRODUKTDETAIL<\/strong><\/p>\n<p>XINGBAO 01006 Toys And Books Store Building is based\u00a0 on Toys And Books Store Building. It&#8217;s compatible with all Building Brick sets<\/p>\n<p><img fetchpriority=\"high\" decoding=\"async\" class=\"alignnone size-full wp-image-184342\" src=\"https:\/\/pay.lpwstore.com\/wp-content\/uploads\/2020\/02\/5-15.jpg\" alt=\"-\" width=\"790\" height=\"562\" title=\"-\"><\/p>\n<ul>\n<li>+ 5400\u00a0 pieces made from high-quality 100% ABS plastic bricks, safe for children, long time to play, 100% compatible with other brick brands<\/li>\n<li><span style=\"font-size: 14.4px;\">Easy-to-build with manual instruction of Toys And Books Store Building <\/span><span style=\"font-size: 14.4px; color: #555555;\">mit Stein-f\u00fcr-Stein-Anleitung und hochwertigen Bildern<\/span><\/li>\n<li><span style=\"font-size: 14.4px;\">Full dimensions of Toys And Books Store Building:<\/span> 25cm x 25cm x 37cm<\/li>\n<\/ul>\n<p><img decoding=\"async\" class=\"alignnone size-full wp-image-184350\" src=\"https:\/\/pay.lpwstore.com\/wp-content\/uploads\/2020\/02\/13-1.jpg\" alt=\"-\" width=\"790\" height=\"648\" title=\"-\"><\/p>\n<h4><strong>LIEFERUNG &amp; R\u00dcCKGABE<\/strong><\/h4>\n<p>We guarantee for XINGBAO 01006 Toys And Books Store Building<\/p>\n<ul>\n<li>Volle R\u00fcckerstattung, wenn Sie Ihre Bestellung nicht erhalten<\/li>\n<li>Kostenlos f\u00fcr fehlende Teile oder Handbuchbuch sorgen<\/li>\n<li>Der Kunde zahlt keine Steuern und Zollgeb\u00fchren mehr. (Wenn Sie bezahlen m\u00fcssen, erstatten wir Ihnen zur\u00fcck)<\/li>\n<li>Der internationale Versand ist ziemlich kompliziert, wir bem\u00fchen uns, alle Ihre Probleme zu bearbeiten. Wenn Ihre Bestellung jedoch Probleme hat, kontaktieren Sie uns bitte per E-Mail<\/li>\n<li><span data-text-color=\"alert\"><strong>Bestellung stornieren:<\/strong><\/span> Wenn Sie eine Bestellung stornieren m\u00fcssen, m\u00fcssen Sie uns so schnell wie m\u00f6glich per E-Mail an contact@pay.lpwstore.com kontaktieren. Wir k\u00f6nnen die Bestellung nicht vor 48 Stunden stoppen<\/li>\n<\/ul>\n<h4><strong>FEHLENDE TEILE<\/strong><\/h4>\n<p>All parts of XINGBAO 01006 Toys And Books Store Building are quality checked before shipping, so if you find some missing or damaged parts, don&#8217;t worry. Please contact us and we will send them to you without any fees, or we will offer a small refund for you to buy in other places.<\/p>\n<p><img decoding=\"async\" class=\"alignnone size-full wp-image-184332\" src=\"https:\/\/pay.lpwstore.com\/wp-content\/uploads\/2020\/02\/XingBao-01006-5491Pcs-Genuine-Creative-MOC-City-Series-The-Toys-and-Bookstore-Set-Children-Building-Blocks-1.jpg\" alt=\"-\" width=\"800\" height=\"800\" title=\"-\"><\/p>\n<p><img loading=\"lazy\" decoding=\"async\" class=\"alignnone size-full wp-image-184333\" src=\"https:\/\/pay.lpwstore.com\/wp-content\/uploads\/2020\/02\/XingBao-01006-5491Pcs-Genuine-Creative-MOC-City-Series-The-Toys-and-Bookstore-Set-Children-Building-Blocks-2.jpg\" alt=\"-\" width=\"800\" height=\"800\" title=\"-\"><\/p>\n<p><img loading=\"lazy\" decoding=\"async\" class=\"alignnone size-full wp-image-184334\" src=\"https:\/\/pay.lpwstore.com\/wp-content\/uploads\/2020\/02\/XingBao-01006-5491Pcs-Genuine-Creative-MOC-City-Series-The-Toys-and-Bookstore-Set-Children-Building-Blocks-3.jpg\" alt=\"-\" width=\"800\" height=\"800\" title=\"-\"><\/p>\n<p><img loading=\"lazy\" decoding=\"async\" class=\"alignnone size-full wp-image-184335\" src=\"https:\/\/pay.lpwstore.com\/wp-content\/uploads\/2020\/02\/XingBao-01006-5491Pcs-Genuine-Creative-MOC-City-Series-The-Toys-and-Bookstore-Set-Children-Building-Blocks-4.jpg\" alt=\"-\" width=\"800\" height=\"800\" title=\"-\"><\/p>\n<p><img loading=\"lazy\" decoding=\"async\" class=\"alignnone size-full wp-image-184339\" src=\"https:\/\/pay.lpwstore.com\/wp-content\/uploads\/2020\/02\/2-14.jpg\" alt=\"-\" width=\"790\" height=\"646\" title=\"-\"><\/p>\n<p><img loading=\"lazy\" decoding=\"async\" class=\"alignnone size-full wp-image-184340\" src=\"https:\/\/pay.lpwstore.com\/wp-content\/uploads\/2020\/02\/3-15.jpg\" alt=\"-\" width=\"790\" height=\"411\" title=\"-\"><\/p>\n<p><img loading=\"lazy\" decoding=\"async\" class=\"alignnone size-full wp-image-184341\" src=\"https:\/\/pay.lpwstore.com\/wp-content\/uploads\/2020\/02\/4-14.jpg\" alt=\"-\" width=\"790\" height=\"564\" title=\"-\"><\/p>\n<p><img loading=\"lazy\" decoding=\"async\" class=\"alignnone size-full wp-image-184344\" src=\"https:\/\/pay.lpwstore.com\/wp-content\/uploads\/2020\/02\/7-5.jpg\" alt=\"-\" width=\"790\" height=\"868\" title=\"-\"><\/p>\n<p><img loading=\"lazy\" decoding=\"async\" class=\"alignnone size-large wp-image-184345\" src=\"https:\/\/pay.lpwstore.com\/wp-content\/uploads\/2020\/02\/8-2-691x1024.jpg\" alt=\"-\" width=\"691\" height=\"1024\" title=\"-\"><\/p>\n<p><img loading=\"lazy\" decoding=\"async\" class=\"alignnone size-full wp-image-184346\" src=\"https:\/\/pay.lpwstore.com\/wp-content\/uploads\/2020\/02\/9-2.jpg\" alt=\"-\" width=\"790\" height=\"931\" title=\"-\"><\/p>\n<p><img loading=\"lazy\" decoding=\"async\" class=\"alignnone size-full wp-image-184347\" src=\"https:\/\/pay.lpwstore.com\/wp-content\/uploads\/2020\/02\/10.jpg\" alt=\"-\" width=\"790\" height=\"970\" title=\"-\"><\/p>\n<p>&nbsp;<\/p>\n<p><img loading=\"lazy\" decoding=\"async\" class=\"alignnone size-full wp-image-184349\" src=\"https:\/\/pay.lpwstore.com\/wp-content\/uploads\/2020\/02\/12-1.jpg\" alt=\"-\" width=\"790\" height=\"866\" title=\"-\"><\/p>","protected":false},"excerpt":{"rendered":"<p><strong>XINGBAO 01006 Toys And Books Store Building<\/strong><\/p>\n<ul>\n<li>Ziegelmenge:<strong> 5400+ <\/strong>Stck<\/li>\n<li>Service: Kostenlose Ersatzteile<\/li>\n<li>Hinweis: Keine Originalverpackung, verwenden Sie einen Luftpolsterbeutel oder eine leere Kartonschachtel.<\/li>\n<\/ul>\n<div id=\"gtx-trans\" style=\"position: absolute; left: -3px; top: 33.3906px;\">\n<div class=\"gtx-trans-icon\"><\/div>\n<\/div>","protected":false},"featured_media":13574,"comment_status":"open","ping_status":"closed","template":"","meta":{"_acf_changed":false},"product_cat":[],"product_tag":[],"class_list":["product","first","instock","shipping-taxable","purchasable","product-type-simple"],"acf":[],"_links":{"self":[{"href":"https:\/\/mouldking.store\/de\/wp-json\/wp\/v2\/product\/13573","targetHints":{"allow":["GET"]}}],"collection":[{"href":"https:\/\/mouldking.store\/de\/wp-json\/wp\/v2\/product"}],"about":[{"href":"https:\/\/mouldking.store\/de\/wp-json\/wp\/v2\/types\/product"}],"replies":[{"embeddable":true,"href":"https:\/\/mouldking.store\/de\/wp-json\/wp\/v2\/comments?post=13573"}],"wp:featuredmedia":[{"embeddable":true,"href":"https:\/\/mouldking.store\/de\/wp-json\/wp\/v2\/media\/13574"}],"wp:attachment":[{"href":"https:\/\/mouldking.store\/de\/wp-json\/wp\/v2\/media?parent=13573"}],"wp:term":[{"taxonomy":"product_cat","embeddable":true,"href":"https:\/\/mouldking.store\/de\/wp-json\/wp\/v2\/product_cat?post=13573"},{"taxonomy":"product_tag","embeddable":true,"href":"https:\/\/mouldking.store\/de\/wp-json\/wp\/v2\/product_tag?post=13573"}],"curies":[{"name":"wp","href":"https:\/\/api.w.org\/{rel}","templated":true}]}}