{"id":13593,"date":"2021-09-28T02:55:45","date_gmt":"2021-09-28T02:55:45","guid":{"rendered":"https:\/\/mouldking.store\/product\/lej-10002-cafe-corner-building-6471180"},"modified":"2021-12-23T09:54:35","modified_gmt":"2021-12-23T09:54:35","slug":"lej-10002-cafe-corner-building","status":"publish","type":"product","link":"https:\/\/mouldking.store\/de\/shop\/lej-10002-cafe-corner-building\/","title":{"rendered":"LEJ 10002 Caf\u00e9 Eckgeb\u00e4ude"},"content":{"rendered":"<p><strong>PRODUKTDETAIL<\/strong><\/p>\n<p>LEJ 10002 Cafe Corner Building is based\u00a0 on Caffe Corner Building.\u00a0 It&#8217;s an awesome Brick set LEJ 10002 Cafe Corner Building<\/p>\n<ul>\n<li>+ 3158\u00a0 pieces made from high-quality 100% ABS plastic bricks, safe for children, long time to play, 100% compatible with other brick brands<\/li>\n<li><span style=\"font-size: 14.4px;\">Easy-to-build with manual instruction of LEJ 10002 Cafe Corner Building <\/span><span style=\"font-size: 14.4px; color: #555555;\">mit Stein-f\u00fcr-Stein-Anleitung und hochwertigen Bildern<\/span><\/li>\n<li><span style=\"font-size: 14.4px;\">Full dimensions of LEJ 10002 Cafe Corner Building:<\/span><\/li>\n<\/ul>\n<figure id=\"attachment_185974\" aria-describedby=\"caption-attachment-185974\" style=\"width: 790px\" class=\"wp-caption alignnone\"><img fetchpriority=\"high\" decoding=\"async\" class=\"size-full wp-image-185974\" src=\"https:\/\/pay.lpwstore.com\/wp-content\/uploads\/2020\/03\/LEJ-10002-Cafe-Corner-Building-12.jpg\" alt=\"-\" width=\"790\" height=\"827\" title=\"-\"><figcaption id=\"caption-attachment-185974\" class=\"wp-caption-text\">LEJ 10002 Caf\u00e9 Eckgeb\u00e4ude<\/figcaption><\/figure>\n<h4><strong>LIEFERUNG &amp; R\u00dcCKGABE<\/strong><\/h4>\n<p>We guarantee for LEJ 10002 Cafe Corner Building<\/p>\n<ul>\n<li>Volle R\u00fcckerstattung, wenn Sie Ihre Bestellung nicht erhalten<\/li>\n<li>Kostenlos f\u00fcr fehlende Teile oder Handbuchbuch sorgen<\/li>\n<li>Der Kunde zahlt keine Steuern und Zollgeb\u00fchren mehr. (Wenn Sie bezahlen m\u00fcssen, erstatten wir Ihnen zur\u00fcck)<\/li>\n<li>Der internationale Versand ist ziemlich kompliziert, wir bem\u00fchen uns, alle Ihre Probleme zu bearbeiten. Wenn Ihre Bestellung jedoch Probleme hat, kontaktieren Sie uns bitte per E-Mail<\/li>\n<li><span data-text-color=\"alert\"><strong>Bestellung stornieren:<\/strong><\/span> Wenn Sie eine Bestellung stornieren m\u00fcssen, m\u00fcssen Sie uns so schnell wie m\u00f6glich per E-Mail an contact@pay.lpwstore.com kontaktieren. Wir k\u00f6nnen die Bestellung nicht vor 48 Stunden stoppen<\/li>\n<\/ul>\n<h4><strong>FEHLENDE TEILE<\/strong><\/h4>\n<p>All parts of LEJ 10002 Cafe Corner Building \u00a0are quality checked before shipping, so if you find some missing or damaged parts, don&#8217;t worry. Please contact us and we will send them to you without any fees, or we will offer a small refund for you to buy in other places.<\/p>\n<figure id=\"attachment_185964\" aria-describedby=\"caption-attachment-185964\" style=\"width: 800px\" class=\"wp-caption alignnone\"><img decoding=\"async\" class=\"size-full wp-image-185964\" src=\"https:\/\/pay.lpwstore.com\/wp-content\/uploads\/2020\/03\/LEJ-10002-Cafe-Corner-Building-1.png\" alt=\"-\" width=\"800\" height=\"800\" title=\"-\"><figcaption id=\"caption-attachment-185964\" class=\"wp-caption-text\">LEJ 10002 Caf\u00e9 Eckgeb\u00e4ude<\/figcaption><\/figure>\n<figure id=\"attachment_185965\" aria-describedby=\"caption-attachment-185965\" style=\"width: 721px\" class=\"wp-caption alignnone\"><img decoding=\"async\" class=\"size-large wp-image-185965\" src=\"https:\/\/pay.lpwstore.com\/wp-content\/uploads\/2020\/03\/LEJ-10002-Cafe-Corner-Building-2-721x1024.jpg\" alt=\"-\" width=\"721\" height=\"1024\" title=\"-\"><figcaption id=\"caption-attachment-185965\" class=\"wp-caption-text\">LEJ 10002 Caf\u00e9 Eckgeb\u00e4ude<\/figcaption><\/figure>\n<figure id=\"attachment_185966\" aria-describedby=\"caption-attachment-185966\" style=\"width: 790px\" class=\"wp-caption alignnone\"><img loading=\"lazy\" decoding=\"async\" class=\"size-full wp-image-185966\" src=\"https:\/\/pay.lpwstore.com\/wp-content\/uploads\/2020\/03\/LEJ-10002-Cafe-Corner-Building-3.jpg\" alt=\"-\" width=\"790\" height=\"408\" title=\"-\"><figcaption id=\"caption-attachment-185966\" class=\"wp-caption-text\">LEJ 10002 Caf\u00e9 Eckgeb\u00e4ude<\/figcaption><\/figure>\n<figure id=\"attachment_185967\" aria-describedby=\"caption-attachment-185967\" style=\"width: 800px\" class=\"wp-caption alignnone\"><img loading=\"lazy\" decoding=\"async\" class=\"size-full wp-image-185967\" src=\"https:\/\/pay.lpwstore.com\/wp-content\/uploads\/2020\/03\/LEJ-10002-Cafe-Corner-Building-4.jpg\" alt=\"-\" width=\"800\" height=\"800\" title=\"-\"><figcaption id=\"caption-attachment-185967\" class=\"wp-caption-text\">LEJ 10002 Caf\u00e9 Eckgeb\u00e4ude<\/figcaption><\/figure>\n<figure id=\"attachment_185968\" aria-describedby=\"caption-attachment-185968\" style=\"width: 790px\" class=\"wp-caption alignnone\"><img loading=\"lazy\" decoding=\"async\" class=\"size-full wp-image-185968\" src=\"https:\/\/pay.lpwstore.com\/wp-content\/uploads\/2020\/03\/LEJ-10002-Cafe-Corner-Building-5.jpg\" alt=\"-\" width=\"790\" height=\"779\" title=\"-\"><figcaption id=\"caption-attachment-185968\" class=\"wp-caption-text\">LEJ 10002 Caf\u00e9 Eckgeb\u00e4ude<\/figcaption><\/figure>\n<figure id=\"attachment_185969\" aria-describedby=\"caption-attachment-185969\" style=\"width: 800px\" class=\"wp-caption alignnone\"><img loading=\"lazy\" decoding=\"async\" class=\"size-full wp-image-185969\" src=\"https:\/\/pay.lpwstore.com\/wp-content\/uploads\/2020\/03\/LEJ-10002-Cafe-Corner-Building-6.jpg\" alt=\"-\" width=\"800\" height=\"800\" title=\"-\"><figcaption id=\"caption-attachment-185969\" class=\"wp-caption-text\">LEJ 10002 Caf\u00e9 Eckgeb\u00e4ude<\/figcaption><\/figure>\n<figure id=\"attachment_185970\" aria-describedby=\"caption-attachment-185970\" style=\"width: 860px\" class=\"wp-caption alignnone\"><img loading=\"lazy\" decoding=\"async\" class=\"size-full wp-image-185970\" src=\"https:\/\/pay.lpwstore.com\/wp-content\/uploads\/2020\/03\/LEJ-10002-Cafe-Corner-Building-7.jpg\" alt=\"-\" width=\"860\" height=\"860\" title=\"-\"><figcaption id=\"caption-attachment-185970\" class=\"wp-caption-text\">LEJ 10002 Caf\u00e9 Eckgeb\u00e4ude<\/figcaption><\/figure>\n<figure id=\"attachment_185971\" aria-describedby=\"caption-attachment-185971\" style=\"width: 556px\" class=\"wp-caption alignnone\"><img loading=\"lazy\" decoding=\"async\" class=\"size-large wp-image-185971\" src=\"https:\/\/pay.lpwstore.com\/wp-content\/uploads\/2020\/03\/LEJ-10002-Cafe-Corner-Building-8-556x1024.jpg\" alt=\"-\" width=\"556\" height=\"1024\" title=\"-\"><figcaption id=\"caption-attachment-185971\" class=\"wp-caption-text\">LEJ 10002 Caf\u00e9 Eckgeb\u00e4ude<\/figcaption><\/figure>\n<figure id=\"attachment_185972\" aria-describedby=\"caption-attachment-185972\" style=\"width: 790px\" class=\"wp-caption alignnone\"><img loading=\"lazy\" decoding=\"async\" class=\"size-full wp-image-185972\" src=\"https:\/\/pay.lpwstore.com\/wp-content\/uploads\/2020\/03\/LEJ-10002-Cafe-Corner-Building-10.jpg\" alt=\"-\" width=\"790\" height=\"712\" title=\"-\"><figcaption id=\"caption-attachment-185972\" class=\"wp-caption-text\">LEJ 10002 Caf\u00e9 Eckgeb\u00e4ude<\/figcaption><\/figure>\n<figure id=\"attachment_185973\" aria-describedby=\"caption-attachment-185973\" style=\"width: 649px\" class=\"wp-caption alignnone\"><img loading=\"lazy\" decoding=\"async\" class=\"size-large wp-image-185973\" src=\"https:\/\/pay.lpwstore.com\/wp-content\/uploads\/2020\/03\/LEJ-10002-Cafe-Corner-Building-11-649x1024.jpg\" alt=\"-\" width=\"649\" height=\"1024\" title=\"-\"><figcaption id=\"caption-attachment-185973\" class=\"wp-caption-text\">LEJ 10002 Caf\u00e9 Eckgeb\u00e4ude<\/figcaption><\/figure>","protected":false},"excerpt":{"rendered":"<h3><strong>LEJ 10002 Caf\u00e9 Eckgeb\u00e4ude<\/strong><\/h3>\n<ul>\n<li>Ziegelmenge:<strong> 3158+ <\/strong>Stck<\/li>\n<li>Service: Kostenlose Ersatzteile<\/li>\n<li>Notiz: <span style=\"text-decoration: underline;\" data-text-color=\"alert\"><strong>Keine Originalverpackung<\/strong><\/span> , Verwenden Sie einen Luftpolsterbeutel oder einen leeren Karton.<\/li>\n<\/ul>","protected":false},"featured_media":13594,"comment_status":"open","ping_status":"closed","template":"","meta":{"_acf_changed":false},"product_cat":[],"product_tag":[],"class_list":["product","first","instock","shipping-taxable","purchasable","product-type-simple"],"acf":[],"_links":{"self":[{"href":"https:\/\/mouldking.store\/de\/wp-json\/wp\/v2\/product\/13593","targetHints":{"allow":["GET"]}}],"collection":[{"href":"https:\/\/mouldking.store\/de\/wp-json\/wp\/v2\/product"}],"about":[{"href":"https:\/\/mouldking.store\/de\/wp-json\/wp\/v2\/types\/product"}],"replies":[{"embeddable":true,"href":"https:\/\/mouldking.store\/de\/wp-json\/wp\/v2\/comments?post=13593"}],"wp:featuredmedia":[{"embeddable":true,"href":"https:\/\/mouldking.store\/de\/wp-json\/wp\/v2\/media\/13594"}],"wp:attachment":[{"href":"https:\/\/mouldking.store\/de\/wp-json\/wp\/v2\/media?parent=13593"}],"wp:term":[{"taxonomy":"product_cat","embeddable":true,"href":"https:\/\/mouldking.store\/de\/wp-json\/wp\/v2\/product_cat?post=13593"},{"taxonomy":"product_tag","embeddable":true,"href":"https:\/\/mouldking.store\/de\/wp-json\/wp\/v2\/product_tag?post=13593"}],"curies":[{"name":"wp","href":"https:\/\/api.w.org\/{rel}","templated":true}]}}