{"id":13610,"date":"2021-09-28T02:56:04","date_gmt":"2021-09-28T02:56:04","guid":{"rendered":"https:\/\/mouldking.store\/product\/zhegao-ql0935-the-hill-tavern-7314310"},"modified":"2021-12-23T09:54:35","modified_gmt":"2021-12-23T09:54:35","slug":"zhegao-ql0935-the-hill-tavern","status":"publish","type":"product","link":"https:\/\/mouldking.store\/de\/shop\/zhegao-ql0935-the-hill-tavern\/","title":{"rendered":"ZHEGAO QL0935 Die Bergtaverne"},"content":{"rendered":"<p><strong>PRODUKTDETAIL<\/strong><\/p>\n<p>ZHEGAO QL0935 The Hill Tavern basiert auf dem Hill Tavern-Geb\u00e4ude. Es ist ein fantastisches Brick-Set-Geb\u00e4ude<\/p>\n<ul>\n<li>+ 1367 Teile aus hochwertigen 100% ABS-Kunststoffsteinen, sicher f\u00fcr Kinder, lange Spielzeit, 100% kompatibel mit anderen Steinmarken<\/li>\n<li><span style=\"font-size: 14.4px;\">Einfach zu bauen mit manueller Anleitung von ZHEGAO QL0935 The Hill Tavern <\/span><span style=\"font-size: 14.4px; color: #555555;\">mit Stein-f\u00fcr-Stein-Anleitung und hochwertigen Bildern<\/span><\/li>\n<li><span style=\"font-size: 14.4px;\">Vollst\u00e4ndige Abmessungen von ZHEGAO QL0935 The Hill Tavern:<\/span> 19,3 cm x 17,8 cm x 30,5 cm,<\/li>\n<\/ul>\n<p><img fetchpriority=\"high\" decoding=\"async\" class=\"alignnone size-large wp-image-185076\" src=\"https:\/\/pay.lpwstore.com\/wp-content\/uploads\/2020\/03\/ZHEGAO-QL0935-The-Hill-Tavern_3-1024x648.jpg\" alt=\"-\" width=\"1020\" height=\"645\" title=\"-\"><\/p>\n<h4><strong>LIEFERUNG &amp; R\u00dcCKGABE<\/strong><\/h4>\n<p>Wir garantieren f\u00fcr ZHEGAO QL0935 The Hill Tavern<\/p>\n<ul>\n<li>Volle R\u00fcckerstattung, wenn Sie Ihre Bestellung nicht erhalten<\/li>\n<li>Kostenlos f\u00fcr fehlende Teile oder Handbuchbuch sorgen<\/li>\n<li>Der Kunde zahlt keine Steuern und Zollgeb\u00fchren mehr. (Wenn Sie bezahlen m\u00fcssen, erstatten wir Ihnen zur\u00fcck)<\/li>\n<li>Der internationale Versand ist ziemlich kompliziert, wir bem\u00fchen uns, alle Ihre Probleme zu bearbeiten. Wenn Ihre Bestellung jedoch Probleme hat, kontaktieren Sie uns bitte per E-Mail<\/li>\n<li><span data-text-color=\"alert\"><strong>Bestellung stornieren:<\/strong><\/span> Wenn Sie eine Bestellung stornieren m\u00fcssen, m\u00fcssen Sie uns so schnell wie m\u00f6glich per E-Mail an contact@pay.lpwstore.com kontaktieren. Wir k\u00f6nnen die Bestellung nicht vor 48 Stunden stoppen<\/li>\n<\/ul>\n<h4><strong>FEHLENDE TEILE<\/strong><\/h4>\n<p>Alle Teile von ZHEGAO QL0935 The Hill Tavern werden vor dem Versand einer Qualit\u00e4tspr\u00fcfung unterzogen. Machen Sie sich also keine Sorgen, wenn Sie fehlende oder besch\u00e4digte Teile finden. Bitte kontaktieren Sie uns und wir senden sie Ihnen kostenlos zu, oder wir bieten Ihnen eine kleine R\u00fcckerstattung, damit Sie sie an anderen Orten kaufen k\u00f6nnen.<\/p>\n<figure id=\"attachment_185077\" aria-describedby=\"caption-attachment-185077\" style=\"width: 899px\" class=\"wp-caption alignnone\"><img decoding=\"async\" class=\"wp-image-185077 size-large\" src=\"https:\/\/pay.lpwstore.com\/wp-content\/uploads\/2020\/03\/ZHEGAO-QL0935-The-Hill-Tavern_4-899x1024.jpg\" alt=\"-\" width=\"899\" height=\"1024\" title=\"-\"><figcaption id=\"caption-attachment-185077\" class=\"wp-caption-text\">ZHEGAO QL0935 Die Bergtaverne<\/figcaption><\/figure>\n<figure id=\"attachment_185075\" aria-describedby=\"caption-attachment-185075\" style=\"width: 1020px\" class=\"wp-caption alignnone\"><img decoding=\"async\" class=\"wp-image-185075 size-large\" src=\"https:\/\/pay.lpwstore.com\/wp-content\/uploads\/2020\/03\/ZHEGAO-QL0935-The-Hill-Tavern_2-1024x715.jpg\" alt=\"-\" width=\"1020\" height=\"712\" title=\"-\"><figcaption id=\"caption-attachment-185075\" class=\"wp-caption-text\">ZHEGAO QL0935 Die Bergtaverne<\/figcaption><\/figure>\n<figure id=\"attachment_185074\" aria-describedby=\"caption-attachment-185074\" style=\"width: 1020px\" class=\"wp-caption alignnone\"><img loading=\"lazy\" decoding=\"async\" class=\"wp-image-185074 size-large\" src=\"https:\/\/pay.lpwstore.com\/wp-content\/uploads\/2020\/03\/ZHEGAO-QL0935-The-Hill-Tavern_1-1024x1024.jpg\" alt=\"-\" width=\"1020\" height=\"1020\" title=\"-\"><figcaption id=\"caption-attachment-185074\" class=\"wp-caption-text\">ZHEGAO QL0935 Die Bergtaverne<\/figcaption><\/figure>","protected":false},"excerpt":{"rendered":"<ul>\n<li>Ziegelmenge:<strong> 1367+ <\/strong>Stck<\/li>\n<li>Service: Kostenlose Ersatzteile<\/li>\n<li>Hinweis: Keine Originalverpackung, verwenden Sie einen Luftpolsterbeutel oder eine leere Kartonschachtel.<\/li>\n<\/ul>\n<div id=\"gtx-trans\" style=\"position: absolute; left: 145px; top: -3.84375px;\">\n<div class=\"gtx-trans-icon\"><\/div>\n<\/div>","protected":false},"featured_media":13611,"comment_status":"open","ping_status":"closed","template":"","meta":{"_acf_changed":false},"product_cat":[],"product_tag":[],"class_list":["product","first","instock","shipping-taxable","purchasable","product-type-simple"],"acf":[],"_links":{"self":[{"href":"https:\/\/mouldking.store\/de\/wp-json\/wp\/v2\/product\/13610","targetHints":{"allow":["GET"]}}],"collection":[{"href":"https:\/\/mouldking.store\/de\/wp-json\/wp\/v2\/product"}],"about":[{"href":"https:\/\/mouldking.store\/de\/wp-json\/wp\/v2\/types\/product"}],"replies":[{"embeddable":true,"href":"https:\/\/mouldking.store\/de\/wp-json\/wp\/v2\/comments?post=13610"}],"wp:featuredmedia":[{"embeddable":true,"href":"https:\/\/mouldking.store\/de\/wp-json\/wp\/v2\/media\/13611"}],"wp:attachment":[{"href":"https:\/\/mouldking.store\/de\/wp-json\/wp\/v2\/media?parent=13610"}],"wp:term":[{"taxonomy":"product_cat","embeddable":true,"href":"https:\/\/mouldking.store\/de\/wp-json\/wp\/v2\/product_cat?post=13610"},{"taxonomy":"product_tag","embeddable":true,"href":"https:\/\/mouldking.store\/de\/wp-json\/wp\/v2\/product_tag?post=13610"}],"curies":[{"name":"wp","href":"https:\/\/api.w.org\/{rel}","templated":true}]}}