{"id":13615,"date":"2021-09-28T02:56:06","date_gmt":"2021-09-28T02:56:06","guid":{"rendered":"https:\/\/mouldking.store\/product\/lej-10004-bicycle-shop-building-1292059"},"modified":"2021-12-23T09:54:35","modified_gmt":"2021-12-23T09:54:35","slug":"lej-10004-bicycle-shop-building","status":"publish","type":"product","link":"https:\/\/mouldking.store\/de\/shop\/lej-10004-bicycle-shop-building\/","title":{"rendered":"LEJ 10004 Fahrradladengeb\u00e4ude"},"content":{"rendered":"<p><strong>PRODUKTDETAIL<\/strong><\/p>\n<p>LEJ 10004 Bicycle Shop Building is based\u00a0 on Bicycle Shop Building.\u00a0 It&#8217;s an awesome Brick set LEJ 10004 Bicycle Shop Building<\/p>\n<ul>\n<li>+3668\u00a0 pieces made from high-quality 100% ABS plastic bricks, safe for children, long time to play, 100% compatible with other brick brands<\/li>\n<li><span style=\"font-size: 14.4px;\">Easy-to-build with manual instruction of LEJ 10004 Bicycle Shop Building <\/span><span style=\"font-size: 14.4px; color: #555555;\">mit Stein-f\u00fcr-Stein-Anleitung und hochwertigen Bildern<\/span><\/li>\n<li><span style=\"font-size: 14.4px;\">Full dimensions of LEJ 10004 Bicycle Shop Building:<\/span><\/li>\n<\/ul>\n<figure id=\"attachment_185950\" aria-describedby=\"caption-attachment-185950\" style=\"width: 732px\" class=\"wp-caption alignnone\"><img fetchpriority=\"high\" decoding=\"async\" class=\"size-full wp-image-185950\" src=\"https:\/\/pay.lpwstore.com\/wp-content\/uploads\/2020\/02\/LEJ-10004-Bicycle-Shop-Building-1.jpg\" alt=\"-\" width=\"732\" height=\"772\" title=\"-\"><figcaption id=\"caption-attachment-185950\" class=\"wp-caption-text\">LEJ 10004 Fahrradladengeb\u00e4ude<\/figcaption><\/figure>\n<h4><strong>LIEFERUNG &amp; R\u00dcCKGABE<\/strong><\/h4>\n<p>We guarantee for LEJ 10004 Bicycle Shop Building<\/p>\n<ul>\n<li>Volle R\u00fcckerstattung, wenn Sie Ihre Bestellung nicht erhalten<\/li>\n<li>Kostenlos f\u00fcr fehlende Teile oder Handbuchbuch sorgen<\/li>\n<li>Der Kunde zahlt keine Steuern und Zollgeb\u00fchren mehr. (Wenn Sie bezahlen m\u00fcssen, erstatten wir Ihnen zur\u00fcck)<\/li>\n<li>Der internationale Versand ist ziemlich kompliziert, wir bem\u00fchen uns, alle Ihre Probleme zu bearbeiten. Wenn Ihre Bestellung jedoch Probleme hat, kontaktieren Sie uns bitte per E-Mail<\/li>\n<li><span data-text-color=\"alert\"><strong>Bestellung stornieren:<\/strong><\/span> Wenn Sie eine Bestellung stornieren m\u00fcssen, m\u00fcssen Sie uns so schnell wie m\u00f6glich per E-Mail an contact@pay.lpwstore.com kontaktieren. Wir k\u00f6nnen die Bestellung nicht vor 48 Stunden stoppen<\/li>\n<\/ul>\n<h4><strong>FEHLENDE TEILE<\/strong><\/h4>\n<p>All parts of LEJ 10004 Bicycle Shop Building \u00a0are quality checked before shipping, so if you find some missing or damaged parts, don&#8217;t worry. Please contact us and we will send them to you without any fees, or we will offer a small refund for you to buy in other places.<\/p>\n<figure id=\"attachment_185952\" aria-describedby=\"caption-attachment-185952\" style=\"width: 574px\" class=\"wp-caption alignnone\"><img decoding=\"async\" class=\"size-large wp-image-185952\" src=\"https:\/\/pay.lpwstore.com\/wp-content\/uploads\/2020\/02\/LEJ-10004-Bicycle-Shop-Building-2-574x1024.jpg\" alt=\"-\" width=\"574\" height=\"1024\" title=\"-\"><figcaption id=\"caption-attachment-185952\" class=\"wp-caption-text\">LEJ 10004 Fahrradladengeb\u00e4ude<\/figcaption><\/figure>\n<figure id=\"attachment_185953\" aria-describedby=\"caption-attachment-185953\" style=\"width: 790px\" class=\"wp-caption alignnone\"><img decoding=\"async\" class=\"size-full wp-image-185953\" src=\"https:\/\/pay.lpwstore.com\/wp-content\/uploads\/2020\/02\/LEJ-10004-Bicycle-Shop-Building-3.jpg\" alt=\"-\" width=\"790\" height=\"662\" title=\"-\"><figcaption id=\"caption-attachment-185953\" class=\"wp-caption-text\">LEJ 10004 Fahrradladengeb\u00e4ude<\/figcaption><\/figure>\n<figure id=\"attachment_185954\" aria-describedby=\"caption-attachment-185954\" style=\"width: 682px\" class=\"wp-caption alignnone\"><img loading=\"lazy\" decoding=\"async\" class=\"size-large wp-image-185954\" src=\"https:\/\/pay.lpwstore.com\/wp-content\/uploads\/2020\/02\/LEJ-10004-Bicycle-Shop-Building-4-682x1024.jpg\" alt=\"-\" width=\"682\" height=\"1024\" title=\"-\"><figcaption id=\"caption-attachment-185954\" class=\"wp-caption-text\">LEJ 10004 Fahrradladengeb\u00e4ude<\/figcaption><\/figure>\n<figure id=\"attachment_185955\" aria-describedby=\"caption-attachment-185955\" style=\"width: 790px\" class=\"wp-caption alignnone\"><img loading=\"lazy\" decoding=\"async\" class=\"size-full wp-image-185955\" src=\"https:\/\/pay.lpwstore.com\/wp-content\/uploads\/2020\/02\/LEJ-10004-Bicycle-Shop-Building-5.jpg\" alt=\"-\" width=\"790\" height=\"810\" title=\"-\"><figcaption id=\"caption-attachment-185955\" class=\"wp-caption-text\">LEJ 10004 Fahrradladengeb\u00e4ude<\/figcaption><\/figure>\n<figure id=\"attachment_185956\" aria-describedby=\"caption-attachment-185956\" style=\"width: 768px\" class=\"wp-caption alignnone\"><img loading=\"lazy\" decoding=\"async\" class=\"size-large wp-image-185956\" src=\"https:\/\/pay.lpwstore.com\/wp-content\/uploads\/2020\/02\/LEJ-10004-Bicycle-Shop-Building-6-768x1024.jpg\" alt=\"-\" width=\"768\" height=\"1024\" title=\"-\"><figcaption id=\"caption-attachment-185956\" class=\"wp-caption-text\">LEJ 10004 Fahrradladengeb\u00e4ude<\/figcaption><\/figure>\n<figure id=\"attachment_185958\" aria-describedby=\"caption-attachment-185958\" style=\"width: 790px\" class=\"wp-caption alignnone\"><img loading=\"lazy\" decoding=\"async\" class=\"size-full wp-image-185958\" src=\"https:\/\/pay.lpwstore.com\/wp-content\/uploads\/2020\/02\/LEJ-10004-Bicycle-Shop-Building-8.jpg\" alt=\"-\" width=\"790\" height=\"791\" title=\"-\"><figcaption id=\"caption-attachment-185958\" class=\"wp-caption-text\">LEJ 10004 Fahrradladengeb\u00e4ude<\/figcaption><\/figure>\n<figure id=\"attachment_185959\" aria-describedby=\"caption-attachment-185959\" style=\"width: 721px\" class=\"wp-caption alignnone\"><img loading=\"lazy\" decoding=\"async\" class=\"size-full wp-image-185959\" src=\"https:\/\/pay.lpwstore.com\/wp-content\/uploads\/2020\/02\/LEJ-10004-Bicycle-Shop-Building-9.jpg\" alt=\"-\" width=\"721\" height=\"664\" title=\"-\"><figcaption id=\"caption-attachment-185959\" class=\"wp-caption-text\">LEJ 10004 Fahrradladengeb\u00e4ude<\/figcaption><\/figure>\n<figure id=\"attachment_185957\" aria-describedby=\"caption-attachment-185957\" style=\"width: 790px\" class=\"wp-caption alignnone\"><img loading=\"lazy\" decoding=\"async\" class=\"size-full wp-image-185957\" src=\"https:\/\/pay.lpwstore.com\/wp-content\/uploads\/2020\/02\/LEJ-10004-Bicycle-Shop-Building-7.jpg\" alt=\"-\" width=\"790\" height=\"376\" title=\"-\"><figcaption id=\"caption-attachment-185957\" class=\"wp-caption-text\">LEJ 10004 Fahrradladengeb\u00e4ude<\/figcaption><\/figure>","protected":false},"excerpt":{"rendered":"<h3><strong>LEJ 10004 Fahrradladengeb\u00e4ude<\/strong><\/h3>\n<ul>\n<li>Ziegelmenge:<strong> 3668+ <\/strong>Stck<\/li>\n<li>Service: Kostenlose Ersatzteile<\/li>\n<li>Hinweis: Keine Originalverpackung, verwenden Sie einen Luftpolsterbeutel oder eine leere Kartonschachtel.<\/li>\n<\/ul>","protected":false},"featured_media":13616,"comment_status":"open","ping_status":"closed","template":"","meta":{"_acf_changed":false},"product_cat":[],"product_tag":[],"class_list":["product","first","instock","shipping-taxable","purchasable","product-type-simple"],"acf":[],"_links":{"self":[{"href":"https:\/\/mouldking.store\/de\/wp-json\/wp\/v2\/product\/13615","targetHints":{"allow":["GET"]}}],"collection":[{"href":"https:\/\/mouldking.store\/de\/wp-json\/wp\/v2\/product"}],"about":[{"href":"https:\/\/mouldking.store\/de\/wp-json\/wp\/v2\/types\/product"}],"replies":[{"embeddable":true,"href":"https:\/\/mouldking.store\/de\/wp-json\/wp\/v2\/comments?post=13615"}],"wp:featuredmedia":[{"embeddable":true,"href":"https:\/\/mouldking.store\/de\/wp-json\/wp\/v2\/media\/13616"}],"wp:attachment":[{"href":"https:\/\/mouldking.store\/de\/wp-json\/wp\/v2\/media?parent=13615"}],"wp:term":[{"taxonomy":"product_cat","embeddable":true,"href":"https:\/\/mouldking.store\/de\/wp-json\/wp\/v2\/product_cat?post=13615"},{"taxonomy":"product_tag","embeddable":true,"href":"https:\/\/mouldking.store\/de\/wp-json\/wp\/v2\/product_tag?post=13615"}],"curies":[{"name":"wp","href":"https:\/\/api.w.org\/{rel}","templated":true}]}}