{"id":13658,"date":"2021-09-28T02:56:40","date_gmt":"2021-09-28T02:56:40","guid":{"rendered":"https:\/\/mouldking.store\/product\/sy7598-iron-man-mk43-bust-12-by-zetovince-motorize-6892516"},"modified":"2021-12-23T09:54:35","modified_gmt":"2021-12-23T09:54:35","slug":"sy7598-iron-man-mk43-bust-12-by-zetovince-motorize","status":"publish","type":"product","link":"https:\/\/mouldking.store\/de\/shop\/sy7598-iron-man-mk43-bust-12-by-zetovince-motorize\/","title":{"rendered":"SY7598 Iron Man MK43 Bust 1:2 by ZetoVince Motorize"},"content":{"rendered":"<p><strong>PRODUKTDETAIL<\/strong><\/p>\n<p>SY7598 Iron Man MK43 Bust 1:2 by ZetoVince Motorize by\u00a0 is based\u00a0 on designed of ZetoVince (George Panteleon), a bust of Iron Man &#8211; a famous super hero of Marvel.<br \/>\n<img decoding=\"async\" class=\"alignnone size-full wp-image-180754\" src=\"https:\/\/pay.lpwstore.com\/wp-content\/uploads\/2019\/12\/61Iqoc4or5L._SX569_.jpg\" alt=\" width=\" height=\"569\" title=\"-\"><\/p>\n<h4>An awesome Brick set SY7598 Iron Man MK43 Bust 1:2 by ZetoVince Motorize<\/h4>\n<h4>\u2022 +1383\u00a0 pieces made from high-quality 100% ABS plastic bricks, safe for children, long time to play, 100% compatible with other brick brands<\/h4>\n<p><span style=\"font-size: 14.4px;\">\u2022 Include some led light, so the eyes and heart of Iron man will light up<\/span><\/p>\n<p><span style=\"font-size: 14.4px;\">\u2022 Easy-to-build with manual instruction of SY7598 Iron Man MK43 Bust 1:2 by ZetoVince Motorize <\/span><span style=\"font-size: 14.4px; color: #555555;\">mit Stein-f\u00fcr-Stein-Anleitung und hochwertigen Bildern<\/span><\/p>\n<p><span style=\"font-size: 14.4px;\">\u2022 Full dimensions of SY7598 Iron Man MK43 Bust 1:2 by ZetoVince Motorize: 30cm x 27cm<\/span><\/p>\n<figure id=\"attachment_185129\" aria-describedby=\"caption-attachment-185129\" style=\"width: 1020px\" class=\"wp-caption alignnone\"><img fetchpriority=\"high\" decoding=\"async\" class=\"wp-image-185129 size-large\" src=\"https:\/\/pay.lpwstore.com\/wp-content\/uploads\/2020\/03\/SY7598-Iron-Man-MK43-Bust-12-by-ZetoVince-Motorize_4-1024x621.jpg\" alt=\"-\" width=\"1020\" height=\"619\" title=\"-\"><figcaption id=\"caption-attachment-185129\" class=\"wp-caption-text\">SY7598 Iron Man MK43 Bust 1:2 by ZetoVince Motorize<\/figcaption><\/figure>\n<h4><strong>LIEFERUNG &amp; R\u00dcCKGABE<\/strong><\/h4>\n<p>We guarantee for SY7598 Iron Man MK43 Bust 1:2 by ZetoVince Motorize<\/p>\n<p>\u2013 Volle R\u00fcckerstattung, wenn Sie Ihre Bestellung nicht erhalten \u2013 Kostenlose Bereitstellung f\u00fcr fehlende Teile oder manuelles Buch \u2013 Der Kunde zahlt keine Steuern und Zollgeb\u00fchren mehr. (Wenn Sie bezahlen m\u00fcssen, erstatten wir Ihnen zur\u00fcck)<\/p>\n<p>\u2013 Der internationale Versand ist ziemlich kompliziert, wir bem\u00fchen uns, alle Ihre Probleme zu bearbeiten. Wenn Ihre Bestellung jedoch Probleme hat, kontaktieren Sie uns bitte per E-Mail<\/p>\n<p>\u2013 Bestellung stornieren: Wenn Sie eine Bestellung stornieren m\u00fcssen, m\u00fcssen Sie uns so schnell wie m\u00f6glich per E-Mail an contact@pay.lpwstore.com kontaktieren. Wir k\u00f6nnen die Bestellung nicht vor 48 Stunden stoppen<\/p>\n<h4><strong>FEHLENDE TEILE<\/strong><\/h4>\n<p>All parts of SY7598 Iron Man MK43 Bust 1:2 by ZetoVince Motorize \u00a0are quality checked before shipping, so if you find some missing or damaged parts, don&#8217;t worry.\u00a0 Please contact us and we will send them to you without any fees, or we will offer a small refund for you to buy in other places.<\/p>\n<figure id=\"attachment_185130\" aria-describedby=\"caption-attachment-185130\" style=\"width: 1020px\" class=\"wp-caption alignnone\"><img decoding=\"async\" class=\"wp-image-185130 size-large\" src=\"https:\/\/pay.lpwstore.com\/wp-content\/uploads\/2020\/03\/SY7598-Iron-Man-MK43-Bust-12-by-ZetoVince-Motorize_5-1024x637.jpg\" alt=\"-\" width=\"1020\" height=\"635\" title=\"-\"><figcaption id=\"caption-attachment-185130\" class=\"wp-caption-text\">SY7598 Iron Man MK43 Bust 1:2 by ZetoVince Motorize<\/figcaption><\/figure>\n<figure id=\"attachment_185131\" aria-describedby=\"caption-attachment-185131\" style=\"width: 1020px\" class=\"wp-caption alignnone\"><img decoding=\"async\" class=\"wp-image-185131 size-large\" src=\"https:\/\/pay.lpwstore.com\/wp-content\/uploads\/2020\/03\/SY7598-Iron-Man-MK43-Bust-12-by-ZetoVince-Motorize_6-1024x589.jpg\" alt=\"-\" width=\"1020\" height=\"587\" title=\"-\"><figcaption id=\"caption-attachment-185131\" class=\"wp-caption-text\">SY7598 Iron Man MK43 Bust 1:2 by ZetoVince Motorize<\/figcaption><\/figure>\n<figure id=\"attachment_185128\" aria-describedby=\"caption-attachment-185128\" style=\"width: 1020px\" class=\"wp-caption alignnone\"><img loading=\"lazy\" decoding=\"async\" class=\"wp-image-185128 size-large\" src=\"https:\/\/pay.lpwstore.com\/wp-content\/uploads\/2020\/03\/SY7598-Iron-Man-MK43-Bust-12-by-ZetoVince-Motorize_3-1024x925.jpg\" alt=\"-\" width=\"1020\" height=\"921\" title=\"-\"><figcaption id=\"caption-attachment-185128\" class=\"wp-caption-text\">SY7598 Iron Man MK43 Bust 1:2 by ZetoVince Motorize<\/figcaption><\/figure>\n<div id=\"gtx-anchor\" style=\"width: 222.111px; height: 16.6667px;\"><\/div>\n<div class=\"jfk-bubble gtx-bubble\" role=\"alertdialog\" aria-describedby=\"bubble-8\">\n<div id=\"bubble-8\" class=\"jfk-bubble-content-id\">\n<div id=\"gtx-host\" style=\"min-width: 200px; max-width: 400px;\"><\/div>\n<\/div>\n<div class=\"jfk-bubble-closebtn-id jfk-bubble-closebtn\" role=\"button\" aria-label=\"Schlie\u00dfen\"><\/div>\n<div class=\"jfk-bubble-arrow-id jfk-bubble-arrow jfk-bubble-arrowup\">\n<div class=\"jfk-bubble-arrowimplbefore\"><\/div>\n<div class=\"jfk-bubble-arrowimplafter\"><\/div>\n<\/div>\n<\/div>","protected":false},"excerpt":{"rendered":"<h2><span data-text-color=\"alert\"><strong>PRESELL \u2013 LIEFERBEREIT AB APRIL 2020<\/strong><\/span><\/h2>\n<h3><strong>SY7598 Iron Man MK43 Bust 1:2 by ZetoVince Motorize<\/strong><\/h3>\n<p>\u2022 Include: <strong>1383+ Pcs<\/strong><\/p>\n<p>\u2022 Highest Quality bricks<\/p>\n<p>\u2022 Do not contain original box. Only carton box with bubble wrap outsite<\/p>","protected":false},"featured_media":13659,"comment_status":"open","ping_status":"closed","template":"","meta":{"_acf_changed":false},"product_cat":[],"product_tag":[],"class_list":["product","first","instock","shipping-taxable","purchasable","product-type-simple"],"acf":[],"_links":{"self":[{"href":"https:\/\/mouldking.store\/de\/wp-json\/wp\/v2\/product\/13658","targetHints":{"allow":["GET"]}}],"collection":[{"href":"https:\/\/mouldking.store\/de\/wp-json\/wp\/v2\/product"}],"about":[{"href":"https:\/\/mouldking.store\/de\/wp-json\/wp\/v2\/types\/product"}],"replies":[{"embeddable":true,"href":"https:\/\/mouldking.store\/de\/wp-json\/wp\/v2\/comments?post=13658"}],"wp:featuredmedia":[{"embeddable":true,"href":"https:\/\/mouldking.store\/de\/wp-json\/wp\/v2\/media\/13659"}],"wp:attachment":[{"href":"https:\/\/mouldking.store\/de\/wp-json\/wp\/v2\/media?parent=13658"}],"wp:term":[{"taxonomy":"product_cat","embeddable":true,"href":"https:\/\/mouldking.store\/de\/wp-json\/wp\/v2\/product_cat?post=13658"},{"taxonomy":"product_tag","embeddable":true,"href":"https:\/\/mouldking.store\/de\/wp-json\/wp\/v2\/product_tag?post=13658"}],"curies":[{"name":"wp","href":"https:\/\/api.w.org\/{rel}","templated":true}]}}