{"id":13674,"date":"2021-09-28T02:56:53","date_gmt":"2021-09-28T02:56:53","guid":{"rendered":"https:\/\/mouldking.store\/product\/18k-k89-drogon-dragon-game-of-thrones-by-martin-ot-5853407"},"modified":"2021-12-23T09:54:35","modified_gmt":"2021-12-23T09:54:35","slug":"18k-k89-drogon-dragon-game-of-thrones-by-martin-ot","status":"publish","type":"product","link":"https:\/\/mouldking.store\/de\/shop\/18k-k89-drogon-dragon-game-of-thrones-by-martin-ot\/","title":{"rendered":"18K K89 Drogon Dragon \u2013 Game of Thrones von Martin Ot"},"content":{"rendered":"<p><strong>PRODUKTDETAIL<\/strong><\/p>\n<p>18K Drogon Dragon GOT von Martin Ot basiert auf einem Design von Martin Ot, Drogon in der Game of Thrones-Filmreihe. Ein tolles Brick-Set 18K Drogon Dragon GOT von Martin Ot <img fetchpriority=\"high\" decoding=\"async\" class=\"alignnone size-full wp-image-185699\" src=\"https:\/\/pay.lpwstore.com\/wp-content\/uploads\/2020\/03\/9d17c11cb83f398d636e4b6dfd8e98e6.jpg\" alt=\"-\" width=\"800\" height=\"450\" title=\"-\"><\/p>\n<ul>\n<li>+20000 Teile aus hochwertigen 100% ABS-Kunststoffsteinen, sicher f\u00fcr Kinder, lange Spielzeit, 100% kompatibel mit anderen Steinmarken<\/li>\n<li><span style=\"font-size: 14.4px;\">Einfach zu bauen mit manueller Anleitung von 18K Drogon Dragon GOT von Martin Ot <\/span><span style=\"font-size: 14.4px; color: #555555;\">mit Stein-f\u00fcr-Stein-Anleitung und hochwertigen Bildern<\/span><\/li>\n<li><span style=\"font-size: 14.4px;\">Vollst\u00e4ndige Abmessungen von 18K Drogon Dragon GOT von Martin Ot:\u00a0<\/span><\/li>\n<\/ul>\n<figure id=\"attachment_185697\" aria-describedby=\"caption-attachment-185697\" style=\"width: 800px\" class=\"wp-caption alignnone\"><img decoding=\"async\" class=\"size-full wp-image-185697\" src=\"https:\/\/pay.lpwstore.com\/wp-content\/uploads\/2020\/03\/18K-Drogon-Dragon-GOT-by-Martin-Ot-4.jpg\" alt=\"-\" width=\"800\" height=\"660\" title=\"-\"><figcaption id=\"caption-attachment-185697\" class=\"wp-caption-text\">18K Drogon Dragon GOT von Martin Ot<\/figcaption><\/figure>\n<h4><strong>LIEFERUNG &amp; R\u00dcCKGABE<\/strong><\/h4>\n<p>Wir garantieren f\u00fcr 18K K89 Drogon Dragon GOT von Martin Ot<\/p>\n<ul>\n<li>Volle R\u00fcckerstattung, wenn Sie Ihre Bestellung nicht erhalten<\/li>\n<li>Kostenlos f\u00fcr fehlende Teile oder Handbuchbuch sorgen<\/li>\n<li>Der Kunde zahlt keine Steuern und Zollgeb\u00fchren mehr. (Wenn Sie bezahlen m\u00fcssen, erstatten wir Ihnen zur\u00fcck)<\/li>\n<li>Der internationale Versand ist ziemlich kompliziert, wir bem\u00fchen uns, alle Ihre Probleme zu bearbeiten. Wenn Ihre Bestellung jedoch Probleme hat, kontaktieren Sie uns bitte per E-Mail<\/li>\n<li><span data-text-color=\"alert\"><strong>Bestellung stornieren:<\/strong><\/span> Wenn Sie eine Bestellung stornieren m\u00fcssen, m\u00fcssen Sie uns so schnell wie m\u00f6glich per E-Mail an contact@pay.lpwstore.com kontaktieren. Wir k\u00f6nnen die Bestellung nicht vor 48 Stunden stoppen<\/li>\n<\/ul>\n<h4><strong>FEHLENDE TEILE<\/strong><\/h4>\n<p>Alle Teile von 18K Drogon Dragon GOT von Martin Ot werden vor dem Versand einer Qualit\u00e4tspr\u00fcfung unterzogen. Machen Sie sich also keine Sorgen, wenn Sie fehlende oder besch\u00e4digte Teile finden. Bitte kontaktieren Sie uns und wir senden sie Ihnen kostenlos zu, oder wir bieten Ihnen eine kleine R\u00fcckerstattung, damit Sie sie an anderen Orten kaufen k\u00f6nnen.<\/p>\n<figure id=\"attachment_180966\" class=\"wp-caption alignnone\" style=\"width: 605px;\" aria-describedby=\"caption-attachment-180966\"><\/figure>\n<div id=\"gtx-anchor\" style=\"position: absolute; visibility: hidden; left: 10px; top: 51.7813px; width: 522px; height: 16px;\"><\/div>\n<div class=\"jfk-bubble gtx-bubble\" style=\"visibility: visible; left: -54px; top: 78px; opacity: 1;\" role=\"alertdialog\" aria-describedby=\"bubble-2\">\n<div id=\"bubble-2\" class=\"jfk-bubble-content-id\">\n<div id=\"gtx-host\" style=\"min-width: 200px; max-width: 400px;\">\n<figure id=\"attachment_185694\" aria-describedby=\"caption-attachment-185694\" style=\"width: 800px\" class=\"wp-caption alignnone\"><img decoding=\"async\" class=\"size-full wp-image-185694\" src=\"https:\/\/pay.lpwstore.com\/wp-content\/uploads\/2020\/03\/18K-Drogon-Dragon-GOT-by-Martin-Ot-1.jpg\" alt=\"-\" width=\"800\" height=\"540\" title=\"-\"><figcaption id=\"caption-attachment-185694\" class=\"wp-caption-text\">18K Drogon Dragon GOT von Martin Ot<\/figcaption><\/figure>\n<figure id=\"attachment_185695\" aria-describedby=\"caption-attachment-185695\" style=\"width: 800px\" class=\"wp-caption alignnone\"><img loading=\"lazy\" decoding=\"async\" class=\"size-full wp-image-185695\" src=\"https:\/\/pay.lpwstore.com\/wp-content\/uploads\/2020\/03\/18K-Drogon-Dragon-GOT-by-Martin-Ot-2.jpg\" alt=\"-\" width=\"800\" height=\"540\" title=\"-\"><figcaption id=\"caption-attachment-185695\" class=\"wp-caption-text\">18K Drogon Dragon GOT von Martin Ot<\/figcaption><\/figure>\n<figure id=\"attachment_185696\" aria-describedby=\"caption-attachment-185696\" style=\"width: 800px\" class=\"wp-caption alignnone\"><img loading=\"lazy\" decoding=\"async\" class=\"size-full wp-image-185696\" src=\"https:\/\/pay.lpwstore.com\/wp-content\/uploads\/2020\/03\/18K-Drogon-Dragon-GOT-by-Martin-Ot-3.jpg\" alt=\"-\" width=\"800\" height=\"600\" title=\"-\"><figcaption id=\"caption-attachment-185696\" class=\"wp-caption-text\">18K Drogon Dragon GOT von Martin Ot<\/figcaption><\/figure>\n<\/div>\n<\/div>\n<div class=\"jfk-bubble-closebtn-id jfk-bubble-closebtn\" tabindex=\"0\" role=\"button\" aria-label=\"Schlie\u00dfen\"><\/div>\n<div class=\"jfk-bubble-arrow-id jfk-bubble-arrow jfk-bubble-arrowup\" style=\"left: 261px;\">\n<div class=\"jfk-bubble-arrowimplbefore\"><\/div>\n<div class=\"jfk-bubble-arrowimplafter\"><\/div>\n<\/div>\n<\/div>","protected":false},"excerpt":{"rendered":"<h3><strong>18K Drogon Dragon GOT von Martin Ot<\/strong><\/h3>\n<h3><span data-text-color=\"alert\"><strong>Erh\u00e4ltlich im Mai 2020<\/strong><\/span><\/h3>\n<ul>\n<li>Ziegelmenge: <strong>2000+ <\/strong>Stck<\/li>\n<li>Service: Kostenlose Ersatzteile<\/li>\n<li>Hinweis: Keine Originalverpackung, verwenden Sie einen Luftpolsterbeutel oder eine leere Kartonschachtel.<\/li>\n<\/ul>","protected":false},"featured_media":13675,"comment_status":"open","ping_status":"closed","template":"","meta":{"_acf_changed":false},"product_cat":[],"product_tag":[],"class_list":["product","first","instock","shipping-taxable","purchasable","product-type-simple"],"acf":[],"_links":{"self":[{"href":"https:\/\/mouldking.store\/de\/wp-json\/wp\/v2\/product\/13674","targetHints":{"allow":["GET"]}}],"collection":[{"href":"https:\/\/mouldking.store\/de\/wp-json\/wp\/v2\/product"}],"about":[{"href":"https:\/\/mouldking.store\/de\/wp-json\/wp\/v2\/types\/product"}],"replies":[{"embeddable":true,"href":"https:\/\/mouldking.store\/de\/wp-json\/wp\/v2\/comments?post=13674"}],"wp:featuredmedia":[{"embeddable":true,"href":"https:\/\/mouldking.store\/de\/wp-json\/wp\/v2\/media\/13675"}],"wp:attachment":[{"href":"https:\/\/mouldking.store\/de\/wp-json\/wp\/v2\/media?parent=13674"}],"wp:term":[{"taxonomy":"product_cat","embeddable":true,"href":"https:\/\/mouldking.store\/de\/wp-json\/wp\/v2\/product_cat?post=13674"},{"taxonomy":"product_tag","embeddable":true,"href":"https:\/\/mouldking.store\/de\/wp-json\/wp\/v2\/product_tag?post=13674"}],"curies":[{"name":"wp","href":"https:\/\/api.w.org\/{rel}","templated":true}]}}