{"id":13685,"date":"2021-09-28T02:57:05","date_gmt":"2021-09-28T02:57:05","guid":{"rendered":"https:\/\/mouldking.store\/product\/sy7599-moc-joker-bust-12-by-zetovince-motorize-9065027"},"modified":"2021-10-11T03:01:19","modified_gmt":"2021-10-11T03:01:19","slug":"sy7599-moc-joker-bust-12-by-zetovince-motorize","status":"publish","type":"product","link":"https:\/\/mouldking.store\/de\/shop\/sy7599-moc-joker-bust-12-by-zetovince-motorize\/","title":{"rendered":"SY7599 MOC Joker B\u00fcste 1:2 von ZetoVince Motorize"},"content":{"rendered":"<p><strong>PRODUKTDETAIL<\/strong><\/p>\n<p>SY7599 MOC Joker B\u00fcste 1:2 von ZetoVince Motorize basiert auf dem Design von ZetoVince (George Panteleon), einer B\u00fcste von Jocker \u2013 einem ber\u00fchmten B\u00f6sewicht aus DC Comic<\/p>\n<p><img decoding=\"async\" class=\"alignnone wp-image-180761 size-large\" src=\"https:\/\/pay.lpwstore.com\/wp-content\/uploads\/2019\/12\/maycon-andrade-joker1-1024x768.jpg\" alt=\" width=\" height=\"765\" title=\"-\"><\/p>\n<blockquote><p>Impressum: Herausgeber DC Comics<br \/>\nErster Auftritt: Batman #1 (25. April 1940)[1]<br \/>\nTeamzugeh\u00f6rigkeiten: Injustice League, Injustice Gang<br \/>\nBemerkenswerte Aliase: Red Hood<br \/>\nF\u00e4higkeiten: Kriminelles Superhirn, Chemiker, Verwendet bewaffnete Requisiten und Toxine<\/p><\/blockquote>\n<p>Ein tolles Brick-Set SY7599 MOC Joker Bust 1:2 von ZetoVince Motorize<\/p>\n<h4>\u2022 +1478 Teile aus hochwertigen 100% ABS-Kunststoffsteinen, sicher f\u00fcr Kinder, lange Spielzeit, 100% kompatibel mit anderen Steinmarken<\/h4>\n<p><span style=\"font-size: 14.4px;\">\u2022 Einfach zu bauen mit manueller Anleitung von SY7599 MOC Joker Bust 1:2 von ZetoVince Motorize <\/span><span style=\"font-size: 14.4px; color: #555555;\">mit Stein-f\u00fcr-Stein-Anleitung und hochwertigen Bildern<\/span><\/p>\n<p><span style=\"font-size: 14.4px;\">\u2022 Vollst\u00e4ndige Abmessungen von SY7599 MOC Joker Bust 1:2 von ZetoVince Motorize<\/span><\/p>\n<figure id=\"attachment_185124\" aria-describedby=\"caption-attachment-185124\" style=\"width: 1020px\" class=\"wp-caption alignnone\"><img fetchpriority=\"high\" decoding=\"async\" class=\"wp-image-185124 size-large\" src=\"https:\/\/pay.lpwstore.com\/wp-content\/uploads\/2020\/03\/SY7599-MOC-Joker-Bust-1-2-by-ZetoVince_6-1024x636.jpg\" alt=\"-\" width=\"1020\" height=\"634\" title=\"-\"><figcaption id=\"caption-attachment-185124\" class=\"wp-caption-text\">SY7599 MOC Joker B\u00fcste 1:2 von ZetoVince<\/figcaption><\/figure>\n<h4><strong>LIEFERUNG &amp; R\u00dcCKGABE<\/strong><\/h4>\n<p>Wir garantieren f\u00fcr SY7599 MOC Joker Bust 1:2 von ZetoVince<\/p>\n<p>\u2013 Volle R\u00fcckerstattung, wenn Sie Ihre Bestellung nicht erhalten \u2013 Kostenlose Bereitstellung f\u00fcr fehlende Teile oder manuelles Buch \u2013 Der Kunde zahlt keine Steuern und Zollgeb\u00fchren mehr. (Wenn Sie bezahlen m\u00fcssen, erstatten wir Ihnen zur\u00fcck)<\/p>\n<p>\u2013 Der internationale Versand ist ziemlich kompliziert, wir bem\u00fchen uns, alle Ihre Probleme zu bearbeiten. Wenn Ihre Bestellung jedoch Probleme hat, kontaktieren Sie uns bitte per E-Mail<\/p>\n<p>\u2013 Bestellung stornieren: Wenn Sie eine Bestellung stornieren m\u00fcssen, m\u00fcssen Sie uns so schnell wie m\u00f6glich per E-Mail an contact@pay.lpwstore.com kontaktieren. Wir k\u00f6nnen die Bestellung nicht vor 48 Stunden stoppen<\/p>\n<h4><strong>FEHLENDE TEILE<\/strong><\/h4>\n<p>Alle Teile des SY7599 MOC Joker B\u00fcste 1:2 von ZetoVince Motorize werden vor dem Versand einer Qualit\u00e4tspr\u00fcfung unterzogen. Machen Sie sich also keine Sorgen, wenn Sie fehlende oder besch\u00e4digte Teile finden. Bitte kontaktieren Sie uns und wir senden sie Ihnen kostenlos zu, oder wir bieten Ihnen eine kleine R\u00fcckerstattung, damit Sie sie an anderen Orten kaufen k\u00f6nnen.<\/p>\n<figure id=\"attachment_185122\" aria-describedby=\"caption-attachment-185122\" style=\"width: 1020px\" class=\"wp-caption alignnone\"><img decoding=\"async\" class=\"wp-image-185122 size-large\" src=\"https:\/\/pay.lpwstore.com\/wp-content\/uploads\/2020\/03\/SY7599-MOC-Joker-Bust-1-2-by-ZetoVince_4-1024x921.jpg\" alt=\"-\" width=\"1020\" height=\"917\" title=\"-\"><figcaption id=\"caption-attachment-185122\" class=\"wp-caption-text\">SY7599 MOC Joker B\u00fcste 1:2 von ZetoVince Motorize<\/figcaption><\/figure>\n<figure id=\"attachment_185121\" aria-describedby=\"caption-attachment-185121\" style=\"width: 1020px\" class=\"wp-caption alignnone\"><img decoding=\"async\" class=\"wp-image-185121 size-large\" src=\"https:\/\/pay.lpwstore.com\/wp-content\/uploads\/2020\/03\/SY7599-MOC-Joker-Bust-1-2-by-ZetoVince_3-1024x649.jpg\" alt=\"-\" width=\"1020\" height=\"646\" title=\"-\"><figcaption id=\"caption-attachment-185121\" class=\"wp-caption-text\">SY7599 MOC Joker B\u00fcste 1:2 von ZetoVince Motorize<\/figcaption><\/figure>\n<p>Der Kopf kann durch einige Motoren und Fernbedienung nach links und rechts gedreht werden<\/p>\n<figure id=\"attachment_185120\" aria-describedby=\"caption-attachment-185120\" style=\"width: 1020px\" class=\"wp-caption alignnone\"><img loading=\"lazy\" decoding=\"async\" class=\"wp-image-185120 size-large\" src=\"https:\/\/pay.lpwstore.com\/wp-content\/uploads\/2020\/03\/SY7599-MOC-Joker-Bust-1-2-by-ZetoVince_2-1024x543.jpg\" alt=\"-\" width=\"1020\" height=\"541\" title=\"-\"><figcaption id=\"caption-attachment-185120\" class=\"wp-caption-text\">SY7599 MOC Joker B\u00fcste 1:2 von ZetoVince Motorize<\/figcaption><\/figure>\n<div id=\"gtx-anchor\" style=\"width: 222.111px; height: 16.6667px;\"><\/div>\n<div class=\"jfk-bubble gtx-bubble\" role=\"alertdialog\" aria-describedby=\"bubble-8\">\n<div id=\"bubble-8\" class=\"jfk-bubble-content-id\">\n<div id=\"gtx-host\" style=\"min-width: 200px; max-width: 400px;\">\u00d6ffnen und Schlie\u00dfen des Mundes nach oben und unten mit einigen Motoren und Fernbedienung<\/div>\n<\/div>\n<div class=\"jfk-bubble-closebtn-id jfk-bubble-closebtn\" role=\"button\" aria-label=\"Schlie\u00dfen\"><\/div>\n<div class=\"jfk-bubble-arrowimplbefore\"><\/div>\n<div class=\"jfk-bubble-arrowimplafter\"><\/div>\n<\/div>","protected":false},"excerpt":{"rendered":"<h2><span data-text-color=\"alert\"><strong>PRESELL \u2013 LIEFERBEREIT AB APRIL 2020<\/strong><\/span><\/h2>\n<h3><strong>SY7599 MOC Joker B\u00fcste 1:2 von ZetoVince Motorize<\/strong><\/h3>\n<p>\u2022 Mit +1478 St\u00fcck \u2022 Hochwertige Steine \u2022 Enth\u00e4lt keine Originalverpackung. Nur Karton mit Luftpolsterfolie drau\u00dfen<\/p>\n<div id=\"gtx-trans\" style=\"position: absolute; left: 256px; top: 163.422px;\">\n<div class=\"gtx-trans-icon\"><\/div>\n<\/div>","protected":false},"featured_media":13686,"comment_status":"open","ping_status":"closed","template":"","meta":{"_acf_changed":false},"product_cat":[],"product_tag":[],"class_list":["product","first","instock","shipping-taxable","purchasable","product-type-simple"],"acf":[],"_links":{"self":[{"href":"https:\/\/mouldking.store\/de\/wp-json\/wp\/v2\/product\/13685","targetHints":{"allow":["GET"]}}],"collection":[{"href":"https:\/\/mouldking.store\/de\/wp-json\/wp\/v2\/product"}],"about":[{"href":"https:\/\/mouldking.store\/de\/wp-json\/wp\/v2\/types\/product"}],"replies":[{"embeddable":true,"href":"https:\/\/mouldking.store\/de\/wp-json\/wp\/v2\/comments?post=13685"}],"wp:featuredmedia":[{"embeddable":true,"href":"https:\/\/mouldking.store\/de\/wp-json\/wp\/v2\/media\/13686"}],"wp:attachment":[{"href":"https:\/\/mouldking.store\/de\/wp-json\/wp\/v2\/media?parent=13685"}],"wp:term":[{"taxonomy":"product_cat","embeddable":true,"href":"https:\/\/mouldking.store\/de\/wp-json\/wp\/v2\/product_cat?post=13685"},{"taxonomy":"product_tag","embeddable":true,"href":"https:\/\/mouldking.store\/de\/wp-json\/wp\/v2\/product_tag?post=13685"}],"curies":[{"name":"wp","href":"https:\/\/api.w.org\/{rel}","templated":true}]}}