{"id":13749,"date":"2021-09-28T02:57:29","date_gmt":"2021-09-28T02:57:29","guid":{"rendered":"https:\/\/mouldking.store\/product\/qizhile-23021-ford-gt40-mk-i-1967-moc-33807-by-geyserbricks-3127980"},"modified":"2025-12-25T09:28:05","modified_gmt":"2025-12-25T02:28:05","slug":"qizhile-23021-ford-gt40-mk-i-1967-moc-33807-by-geyserbricks","status":"publish","type":"product","link":"https:\/\/mouldking.store\/de\/shop\/qizhile-23021-ford-gt40-mk-i-1967-moc-33807-by-geyserbricks\/","title":{"rendered":"QIZHILE 23021 Ford GT40 MK I 1967 MOC 33807 von GeyserBricks"},"content":{"rendered":"<p><strong>PRODUKTDETAIL<\/strong><\/p>\n<p>QIZHILE 23021 Ford GT40 MK I 1967 MOC 33807 von GeyserBricks basiert auf einem Design von GeyserBricks. Ein tolles Brick-Set QIZHILE 23021 Ford GT40 MK I 1967 MOC 33807 von GeyserBricks<\/p>\n<p>Der Ford GT40 ist ber\u00fchmt daf\u00fcr, Dearborns erstes und wichtigstes Sportrennsportmodell zu sein, das Mitte der 1960er Jahre eifrig weiterentwickelt wurde und vier Siege in Folge beim 24-Stunden-Rennen von Le Mans einfuhr. Aber der Erfolg stellte sich nicht sofort ein. Nach dem vorzeitigen Ausscheiden aller drei von Ford eingesetzten GT40 in Le Mans im Jahr 1965 lag der Schwerpunkt darauf, den Mittelmotor-Renner in einen Langstreckensieger zu verwandeln.<\/p>\n<p>Im folgenden Jahr lief der GT40 in Le Mans nahezu unangefochten, wobei Carroll Shelbys Siebenliter-GT40 Mk II-Beispiele die Pl\u00e4tze eins und zwei belegten und ein Holman-Moody Mk II-Eintrag den dritten Platz belegte. W\u00e4hrend das Mk II-Modell 1966 den ganzen Ruhm erhielt, war die Entwicklung einer weiteren GT40-Iteration leise im Gange.<\/p>\n<figure id=\"attachment_185754\" aria-describedby=\"caption-attachment-185754\" style=\"width: 700px\" class=\"wp-caption alignnone\"><img fetchpriority=\"high\" decoding=\"async\" class=\"size-full wp-image-185754\" src=\"https:\/\/pay.lpwstore.com\/wp-content\/uploads\/2020\/03\/Ford_GT40_MKI_1967_001.jpg\" alt=\"-\" width=\"700\" height=\"431\" title=\"-\"><figcaption id=\"caption-attachment-185754\" class=\"wp-caption-text\">Ford GT40 MK I 1967<\/figcaption><\/figure>\n<blockquote><p>MOC-Nummer: 33807<br \/>\nName: Ford GT40 MK I 1967<br \/>\nEntworfen von: GeyserBricks<br \/>\nEntworfenes Jahr 2019<br \/>\nBestand: 2258 Teile<br \/>\nThema Technik &gt; Modell &gt; Rennen<br \/>\nModifikation von: 42096-1 Porsche 911 RSR<\/p><\/blockquote>\n<ul>\n<li>+2900 Teile aus hochwertigen 100% ABS-Kunststoffsteinen, sicher f\u00fcr Kinder, lange Spielzeit, 100% kompatibel mit anderen Steinmarken<\/li>\n<li><span style=\"font-size: 14.4px;\">Einfach zu bauen mit manueller Anleitung von QIZHILE 23021 Ford GT40 MK I 1967 MOC 33807 von GeyserBricks <\/span><span style=\"font-size: 14.4px; color: #555555;\">mit Stein-f\u00fcr-Stein-Anleitung und hochwertigen Bildern<\/span><\/li>\n<li><span style=\"font-size: 14.4px;\">Vollst\u00e4ndige Abmessungen des QIZHILE 23021 Ford GT40 MK I 1967 MOC 33807 von GeyserBricks: L\u00e4nge 51,38 cm (20,4 Zoll) x Breite 24,6 cm (9,7 Zoll) x H\u00f6he 16,4 cm (6,4 Zoll) x Gewicht ca. 1,78 kg (3,92 lb)<\/span><\/li>\n<\/ul>\n<h4><strong>LIEFERUNG &amp; R\u00dcCKGABE<\/strong><\/h4>\n<p>Wir garantieren f\u00fcr QIZHILE 23021 Ford GT40 MK I 1967 MOC 33807 von GeyserBricks<\/p>\n<ul>\n<li>Volle R\u00fcckerstattung, wenn Sie Ihre Bestellung nicht erhalten<\/li>\n<li>Kostenlos f\u00fcr fehlende Teile oder Handbuchbuch sorgen<\/li>\n<li>Der Kunde zahlt keine Steuern und Zollgeb\u00fchren mehr. (Wenn Sie bezahlen m\u00fcssen, erstatten wir Ihnen zur\u00fcck)<\/li>\n<li>Der internationale Versand ist ziemlich kompliziert, wir bem\u00fchen uns, alle Ihre Probleme zu bearbeiten. Wenn Ihre Bestellung jedoch Probleme hat, kontaktieren Sie uns bitte per E-Mail<\/li>\n<li><span data-text-color=\"alert\"><strong>Bestellung stornieren:<\/strong><\/span> Wenn Sie eine Bestellung stornieren m\u00fcssen, m\u00fcssen Sie uns so schnell wie m\u00f6glich per E-Mail an contact@pay.lpwstore.com kontaktieren. Wir k\u00f6nnen die Bestellung nicht vor 48 Stunden stoppen<\/li>\n<\/ul>\n<h4><strong>FEHLENDE TEILE<\/strong><\/h4>\n<p>Alle Teile des QIZHILE 23021 Ford GT40 MK I 1967 MOC 33807 von GeyserBricks werden vor dem Versand einer Qualit\u00e4tspr\u00fcfung unterzogen. Machen Sie sich also keine Sorgen, wenn Sie fehlende oder besch\u00e4digte Teile finden. Bitte kontaktieren Sie uns und wir senden sie Ihnen kostenlos zu, oder wir bieten Ihnen eine kleine R\u00fcckerstattung, damit Sie sie an anderen Orten kaufen k\u00f6nnen.<\/p>\n<figure id=\"attachment_180966\" class=\"wp-caption alignnone\" style=\"width: 605px;\" aria-describedby=\"caption-attachment-180966\"><\/figure>\n<div id=\"gtx-anchor\" style=\"position: absolute; visibility: hidden; left: 10px; top: 51.7813px; width: 522px; height: 16px;\"><\/div>\n<div class=\"jfk-bubble gtx-bubble\" style=\"visibility: visible; left: -54px; top: 78px; opacity: 1;\" role=\"alertdialog\" aria-describedby=\"bubble-2\">\n<div id=\"bubble-2\" class=\"jfk-bubble-content-id\">\n<div id=\"gtx-host\" style=\"min-width: 200px; max-width: 400px;\">\n<figure id=\"attachment_185753\" aria-describedby=\"caption-attachment-185753\" style=\"width: 501px\" class=\"wp-caption alignnone\"><img decoding=\"async\" class=\"wp-image-185753\" src=\"https:\/\/pay.lpwstore.com\/wp-content\/uploads\/2020\/03\/QIZHILE-23021-Ford-GT40-MK-I-1967-MOC-33807-by-GeyserBricks-8.jpg\" alt=\"-\" width=\"501\" height=\"501\" title=\"-\"><figcaption id=\"caption-attachment-185753\" class=\"wp-caption-text\">QIZHILE 23021 Ford GT40 MK I 1967 MOC 33807 von GeyserBricks<\/figcaption><\/figure>\n<figure id=\"attachment_185752\" aria-describedby=\"caption-attachment-185752\" style=\"width: 546px\" class=\"wp-caption alignnone\"><img decoding=\"async\" class=\"wp-image-185752\" src=\"https:\/\/pay.lpwstore.com\/wp-content\/uploads\/2020\/03\/QIZHILE-23021-Ford-GT40-MK-I-1967-MOC-33807-by-GeyserBricks-7.jpg\" alt=\"-\" width=\"546\" height=\"258\" title=\"-\"><figcaption id=\"caption-attachment-185752\" class=\"wp-caption-text\">QIZHILE 23021 Ford GT40 MK I 1967 MOC 33807 von GeyserBricks<\/figcaption><\/figure>\n<figure id=\"attachment_185751\" aria-describedby=\"caption-attachment-185751\" style=\"width: 944px\" class=\"wp-caption alignnone\"><img loading=\"lazy\" decoding=\"async\" class=\"wp-image-185751 size-full\" src=\"https:\/\/pay.lpwstore.com\/wp-content\/uploads\/2020\/03\/QIZHILE-23021-Ford-GT40-MK-I-1967-MOC-33807-by-GeyserBricks-6.jpg\" alt=\"-\" width=\"944\" height=\"347\" title=\"-\"><figcaption id=\"caption-attachment-185751\" class=\"wp-caption-text\">QIZHILE 23021 Ford GT40 MK I 1967 MOC 33807 von GeyserBricks<\/figcaption><\/figure>\n<figure id=\"attachment_185750\" aria-describedby=\"caption-attachment-185750\" style=\"width: 944px\" class=\"wp-caption alignnone\"><img loading=\"lazy\" decoding=\"async\" class=\"wp-image-185750 size-full\" src=\"https:\/\/pay.lpwstore.com\/wp-content\/uploads\/2020\/03\/QIZHILE-23021-Ford-GT40-MK-I-1967-MOC-33807-by-GeyserBricks-5.jpg\" alt=\"-\" width=\"944\" height=\"522\" title=\"-\"><figcaption id=\"caption-attachment-185750\" class=\"wp-caption-text\">QIZHILE 23021 Ford GT40 MK I 1967 MOC 33807 von GeyserBricks<\/figcaption><\/figure>\n<figure id=\"attachment_185749\" aria-describedby=\"caption-attachment-185749\" style=\"width: 944px\" class=\"wp-caption alignnone\"><img loading=\"lazy\" decoding=\"async\" class=\"wp-image-185749 size-full\" src=\"https:\/\/pay.lpwstore.com\/wp-content\/uploads\/2020\/03\/QIZHILE-23021-Ford-GT40-MK-I-1967-MOC-33807-by-GeyserBricks-4.jpg\" alt=\"-\" width=\"944\" height=\"822\" title=\"-\"><figcaption id=\"caption-attachment-185749\" class=\"wp-caption-text\">QIZHILE 23021 Ford GT40 MK I 1967 MOC 33807 von GeyserBricks<\/figcaption><\/figure>\n<figure id=\"attachment_185748\" aria-describedby=\"caption-attachment-185748\" style=\"width: 756px\" class=\"wp-caption alignnone\"><img loading=\"lazy\" decoding=\"async\" class=\"wp-image-185748 size-large\" src=\"https:\/\/pay.lpwstore.com\/wp-content\/uploads\/2020\/03\/QIZHILE-23021-Ford-GT40-MK-I-1967-MOC-33807-by-GeyserBricks-3-756x1024.jpg\" alt=\"-\" width=\"756\" height=\"1024\" title=\"-\"><figcaption id=\"caption-attachment-185748\" class=\"wp-caption-text\">QIZHILE 23021 Ford GT40 MK I 1967 MOC 33807 von GeyserBricks<\/figcaption><\/figure>\n<figure id=\"attachment_185747\" aria-describedby=\"caption-attachment-185747\" style=\"width: 944px\" class=\"wp-caption alignnone\"><img loading=\"lazy\" decoding=\"async\" class=\"wp-image-185747 size-full\" src=\"https:\/\/pay.lpwstore.com\/wp-content\/uploads\/2020\/03\/QIZHILE-23021-Ford-GT40-MK-I-1967-MOC-33807-by-GeyserBricks-2.jpg\" alt=\"-\" width=\"944\" height=\"930\" title=\"-\"><figcaption id=\"caption-attachment-185747\" class=\"wp-caption-text\">QIZHILE 23021 Ford GT40 MK I 1967 MOC 33807 von GeyserBricks<\/figcaption><\/figure>\n<figure id=\"attachment_185746\" aria-describedby=\"caption-attachment-185746\" style=\"width: 944px\" class=\"wp-caption alignnone\"><img loading=\"lazy\" decoding=\"async\" class=\"wp-image-185746 size-full\" src=\"https:\/\/pay.lpwstore.com\/wp-content\/uploads\/2020\/03\/QIZHILE-23021-Ford-GT40-MK-I-1967-MOC-33807-by-GeyserBricks-1.jpg\" alt=\"-\" width=\"944\" height=\"649\" title=\"-\"><figcaption id=\"caption-attachment-185746\" class=\"wp-caption-text\">QIZHILE 23021 Ford GT40 MK I 1967 MOC 33807 von GeyserBricks<\/figcaption><\/figure>\n<\/div>\n<\/div>\n<div class=\"jfk-bubble-closebtn-id jfk-bubble-closebtn\" tabindex=\"0\" role=\"button\" aria-label=\"Schlie\u00dfen\"><\/div>\n<div class=\"jfk-bubble-arrow-id jfk-bubble-arrow jfk-bubble-arrowup\" style=\"left: 261px;\">\n<div class=\"jfk-bubble-arrowimplbefore\"><\/div>\n<div class=\"jfk-bubble-arrowimplafter\"><\/div>\n<\/div>\n<\/div>","protected":false},"excerpt":{"rendered":"<h3><strong>QIZHILE 23021 Ford GT40 MK I 1967 MOC 33807 von GeyserBricks<\/strong><\/h3>\n<h3><span data-text-color=\"alert\"><strong>Erh\u00e4ltlich im Mai 2020 <\/strong><\/span><\/h3>\n<h3><span data-text-color=\"alert\"><strong>KEINE Motorversion (Motor kostet 30$)<\/strong><\/span><\/h3>\n<ul>\n<li>Ziegelmenge: <strong>+2900 <\/strong>Stck<\/li>\n<li>Service: Kostenlose Ersatzteile<\/li>\n<li>Hinweis: Keine Originalverpackung, verwenden Sie einen Luftpolsterbeutel oder eine leere Kartonschachtel.<\/li>\n<\/ul>\n<div class=\"jfk-bubble gtx-bubble\" style=\"visibility: visible; left: 61px; top: 56px; opacity: 1;\" role=\"alertdialog\" aria-describedby=\"bubble-2\">\n<div id=\"bubble-2\" class=\"jfk-bubble-content-id\">\n<div id=\"gtx-host\" style=\"min-width: 200px; max-width: 400px;\">\u00a0<\/div>\n<\/div>\n<div class=\"jfk-bubble-closebtn-id jfk-bubble-closebtn\" tabindex=\"0\" role=\"button\" aria-label=\"Schlie\u00dfen\">\u00a0<\/div>\n<div class=\"jfk-bubble-arrow-id jfk-bubble-arrow jfk-bubble-arrowup\" style=\"left: 65.5px;\">\n<div class=\"jfk-bubble-arrowimplbefore\">\u00a0<\/div>\n<div class=\"jfk-bubble-arrowimplafter\">\u00a0<\/div>\n<\/div>\n<\/div>","protected":false},"featured_media":13750,"comment_status":"open","ping_status":"closed","template":"","meta":{"_acf_changed":false},"product_cat":[],"product_tag":[],"class_list":["product","first","outofstock","shipping-taxable","purchasable","product-type-simple"],"acf":[],"_links":{"self":[{"href":"https:\/\/mouldking.store\/de\/wp-json\/wp\/v2\/product\/13749","targetHints":{"allow":["GET"]}}],"collection":[{"href":"https:\/\/mouldking.store\/de\/wp-json\/wp\/v2\/product"}],"about":[{"href":"https:\/\/mouldking.store\/de\/wp-json\/wp\/v2\/types\/product"}],"replies":[{"embeddable":true,"href":"https:\/\/mouldking.store\/de\/wp-json\/wp\/v2\/comments?post=13749"}],"wp:featuredmedia":[{"embeddable":true,"href":"https:\/\/mouldking.store\/de\/wp-json\/wp\/v2\/media\/13750"}],"wp:attachment":[{"href":"https:\/\/mouldking.store\/de\/wp-json\/wp\/v2\/media?parent=13749"}],"wp:term":[{"taxonomy":"product_cat","embeddable":true,"href":"https:\/\/mouldking.store\/de\/wp-json\/wp\/v2\/product_cat?post=13749"},{"taxonomy":"product_tag","embeddable":true,"href":"https:\/\/mouldking.store\/de\/wp-json\/wp\/v2\/product_tag?post=13749"}],"curies":[{"name":"wp","href":"https:\/\/api.w.org\/{rel}","templated":true}]}}