{"id":13767,"date":"2021-09-28T02:58:04","date_gmt":"2021-09-27T19:58:04","guid":{"rendered":"https:\/\/mouldking.store\/product\/sy-6297-going-merry-straw-hat-ship-1363125"},"modified":"2023-10-24T09:50:31","modified_gmt":"2023-10-24T02:50:31","slug":"sy-6297-going-merry-straw-hat-ship","status":"publish","type":"product","link":"https:\/\/mouldking.store\/de\/shop\/sy-6297-going-merry-straw-hat-ship\/","title":{"rendered":"SY 6297 Going Merry Strohhutschiff"},"content":{"rendered":"<p><strong>PRODUKTDETAIL<\/strong> SY 6297 Going Merry Straw Hat Ship basiert auf Going Merry Straw Hat Ship in One Piece Manga &amp; Anime. Es ist ein tolles Brick-Set SY 6297 Going Merry Straw Hat Ship<\/p>\n<figure id=\"attachment_185948\" aria-describedby=\"caption-attachment-185948\" style=\"width: 740px\" class=\"wp-caption alignnone\"><img fetchpriority=\"high\" decoding=\"async\" class=\"size-full wp-image-185948\" src=\"https:\/\/pay.lpwstore.com\/wp-content\/uploads\/2020\/03\/The-Going-Merry-One-Piece.jpg\" alt=\"-\" width=\"740\" height=\"370\" title=\"-\"><figcaption id=\"caption-attachment-185948\" class=\"wp-caption-text\">SY 6297 Going Merry Strohhutschiff<\/figcaption><\/figure>\n<ul>\n<li>+ 1048 Teile aus hochwertigen 100% ABS-Kunststoffsteinen, sicher f\u00fcr Kinder, lange Spielzeit, 100% kompatibel mit anderen Steinmarken<\/li>\n<li><span style=\"font-size: 14.4px;\">Einfach zu bauen mit manueller Anleitung von xxx <\/span><span style=\"font-size: 14.4px; color: #555555;\">mit Stein-f\u00fcr-Stein-Anleitung und hochwertigen Bildern<\/span><\/li>\n<li><span style=\"font-size: 14.4px;\">Vollst\u00e4ndige Abmessungen des SY 6297 Going Merry Straw Hat Ship:<\/span><\/li>\n<\/ul>\n<h4><strong>LIEFERUNG &amp; R\u00dcCKGABE<\/strong><\/h4>\n<p>Wir garantieren f\u00fcr SY 6297 Going Merry Straw Hat Ship:<\/p>\n<ul>\n<li>Volle R\u00fcckerstattung, wenn Sie Ihre Bestellung nicht erhalten<\/li>\n<li>Kostenlos f\u00fcr fehlende Teile oder Handbuchbuch sorgen<\/li>\n<li>Der Kunde zahlt keine Steuern und Zollgeb\u00fchren mehr. (Wenn Sie bezahlen m\u00fcssen, erstatten wir Ihnen zur\u00fcck)<\/li>\n<li>Der internationale Versand ist ziemlich kompliziert, wir bem\u00fchen uns, alle Ihre Probleme zu bearbeiten. Wenn Ihre Bestellung jedoch Probleme hat, kontaktieren Sie uns bitte per E-Mail<\/li>\n<li><span data-text-color=\"alert\"><strong>Bestellung stornieren:<\/strong><\/span> Wenn Sie eine Bestellung stornieren m\u00fcssen, m\u00fcssen Sie uns so schnell wie m\u00f6glich per E-Mail an contact@pay.lpwstore.com kontaktieren. Wir k\u00f6nnen die Bestellung nicht vor 48 Stunden stoppen<\/li>\n<\/ul>\n<h4><strong>FEHLENDE TEILE<\/strong><\/h4>\n<p>Alle Teile des SY 6297 Going Merry Straw Hat Ship werden vor dem Versand einer Qualit\u00e4tspr\u00fcfung unterzogen. Wenn Sie also fehlende oder besch\u00e4digte Teile finden, machen Sie sich keine Sorgen. Bitte kontaktieren Sie uns und wir senden sie Ihnen kostenlos zu, oder wir bieten Ihnen eine kleine R\u00fcckerstattung, damit Sie sie an anderen Orten kaufen k\u00f6nnen.<\/p>\n<p><figure id=\"attachment_185945\" aria-describedby=\"caption-attachment-185945\" style=\"width: 1020px\" class=\"wp-caption alignnone\"><img decoding=\"async\" class=\"size-large wp-image-185945\" src=\"https:\/\/pay.lpwstore.com\/wp-content\/uploads\/2020\/03\/SY-6297-Going-Merry-Straw-Hat-Ship-1-1024x1024.jpg\" alt=\"-\" width=\"1020\" height=\"1020\" title=\"-\"><figcaption id=\"caption-attachment-185945\" class=\"wp-caption-text\">SY 6297 Going Merry Strohhutschiff<\/figcaption><\/figure><figure id=\"attachment_185946\" aria-describedby=\"caption-attachment-185946\" style=\"width: 800px\" class=\"wp-caption alignnone\"><img decoding=\"async\" class=\"size-full wp-image-185946\" src=\"https:\/\/pay.lpwstore.com\/wp-content\/uploads\/2020\/03\/SY-6297-Going-Merry-Straw-Hat-Ship-1.png\" alt=\"-\" width=\"800\" height=\"800\" title=\"-\"><figcaption id=\"caption-attachment-185946\" class=\"wp-caption-text\">SY 6297 Going Merry Strohhutschiff<\/figcaption><\/figure><figure id=\"attachment_185947\" aria-describedby=\"caption-attachment-185947\" style=\"width: 800px\" class=\"wp-caption alignnone\"><img loading=\"lazy\" decoding=\"async\" class=\"size-full wp-image-185947\" src=\"https:\/\/pay.lpwstore.com\/wp-content\/uploads\/2020\/03\/SY-6297-Going-Merry-Straw-Hat-Ship-2.jpg\" alt=\"-\" width=\"800\" height=\"800\" title=\"-\"><figcaption id=\"caption-attachment-185947\" class=\"wp-caption-text\">SY 6297 Going Merry Strohhutschiff<\/figcaption><\/figure><figure id=\"attachment_186441\" aria-describedby=\"caption-attachment-186441\" style=\"width: 800px\" class=\"wp-caption alignnone\"><img loading=\"lazy\" decoding=\"async\" class=\"size-full wp-image-186441\" src=\"https:\/\/pay.lpwstore.com\/wp-content\/uploads\/2020\/03\/t\u1ea3i-xu\u1ed1ng-5.png\" alt=\"-\" width=\"800\" height=\"800\" title=\"-\"><figcaption id=\"caption-attachment-186441\" class=\"wp-caption-text\">SY 6297 Going Merry Strohhutschiff<\/figcaption><\/figure><figure id=\"attachment_186442\" aria-describedby=\"caption-attachment-186442\" style=\"width: 800px\" class=\"wp-caption alignnone\"><img loading=\"lazy\" decoding=\"async\" class=\"size-large wp-image-186442\" src=\"https:\/\/pay.lpwstore.com\/wp-content\/uploads\/2020\/03\/t\u1ea3i-xu\u1ed1ng-6.png\" alt=\"-\" width=\"800\" height=\"800\" title=\"-\"><figcaption id=\"caption-attachment-186442\" class=\"wp-caption-text\">SY 6297 Going Merry Strohhutschiff<\/figcaption><\/figure><figure id=\"attachment_186443\" aria-describedby=\"caption-attachment-186443\" style=\"width: 800px\" class=\"wp-caption alignnone\"><img loading=\"lazy\" decoding=\"async\" class=\"size-large wp-image-186443\" src=\"https:\/\/pay.lpwstore.com\/wp-content\/uploads\/2020\/03\/t\u1ea3i-xu\u1ed1ng-7.png\" alt=\"-\" width=\"800\" height=\"800\" title=\"-\"><figcaption id=\"caption-attachment-186443\" class=\"wp-caption-text\">SY 6297 Going Merry Strohhutschiff<\/figcaption><\/figure><\/p>","protected":false},"excerpt":{"rendered":"<h3><strong>SY 6297 Going Merry Strohhutschiff<\/strong><\/h3>\n<h3><span data-text-color=\"alert\"><strong>Auf Lager! Begrenzter Vorrat!<\/strong><\/span><\/h3>\n<ul>\n<li>Ziegelmenge: <strong>1048+ <\/strong>Stck<\/li>\n<li>Service: Kostenlose Ersatzteile<\/li>\n<li>Hinweis: Keine Originalverpackung, verwenden Sie einen Luftpolsterbeutel oder eine leere Kartonschachtel.<\/li>\n<\/ul>\n<div id=\"gtx-trans\" style=\"position: absolute; left: 135px; top: 139.469px;\">\n<div class=\"gtx-trans-icon\"><\/div>\n<\/div>","protected":false},"featured_media":13768,"comment_status":"open","ping_status":"closed","template":"","meta":{"_acf_changed":false},"product_cat":[15],"product_tag":[],"class_list":["product","first","outofstock","shipping-taxable","purchasable","product-type-simple"],"acf":[],"_links":{"self":[{"href":"https:\/\/mouldking.store\/de\/wp-json\/wp\/v2\/product\/13767","targetHints":{"allow":["GET"]}}],"collection":[{"href":"https:\/\/mouldking.store\/de\/wp-json\/wp\/v2\/product"}],"about":[{"href":"https:\/\/mouldking.store\/de\/wp-json\/wp\/v2\/types\/product"}],"replies":[{"embeddable":true,"href":"https:\/\/mouldking.store\/de\/wp-json\/wp\/v2\/comments?post=13767"}],"wp:featuredmedia":[{"embeddable":true,"href":"https:\/\/mouldking.store\/de\/wp-json\/wp\/v2\/media\/13768"}],"wp:attachment":[{"href":"https:\/\/mouldking.store\/de\/wp-json\/wp\/v2\/media?parent=13767"}],"wp:term":[{"taxonomy":"product_cat","embeddable":true,"href":"https:\/\/mouldking.store\/de\/wp-json\/wp\/v2\/product_cat?post=13767"},{"taxonomy":"product_tag","embeddable":true,"href":"https:\/\/mouldking.store\/de\/wp-json\/wp\/v2\/product_tag?post=13767"}],"curies":[{"name":"wp","href":"https:\/\/api.w.org\/{rel}","templated":true}]}}