{"id":13810,"date":"2021-09-28T02:58:21","date_gmt":"2021-09-28T02:58:21","guid":{"rendered":"https:\/\/mouldking.store\/product\/sembo-701804-range-rover-aurora-car-5743043"},"modified":"2021-12-23T09:54:34","modified_gmt":"2021-12-23T09:54:34","slug":"sembo-701804-range-rover-aurora-car","status":"publish","type":"product","link":"https:\/\/mouldking.store\/de\/shop\/sembo-701804-range-rover-aurora-car\/","title":{"rendered":"Sembo 701804 Range Rover Aurora Auto"},"content":{"rendered":"<div class=\"richtext_wrap\">\n<div class=\"richtext\">Land Rover Aurora Backbike geh\u00f6rt zum Bausteinset der Rennserie, das gesamte Set enth\u00e4lt 813 Bausteinpartikel. Erstmals eingef\u00fchrt im Jahr 2020.<\/div>\n<div>\n<figure id=\"attachment_186125\" aria-describedby=\"caption-attachment-186125\" style=\"width: 1344px\" class=\"wp-caption aligncenter\"><img fetchpriority=\"high\" decoding=\"async\" class=\"size-full wp-image-186125\" title=\"Sembo 701804 Range Rover Aurora Auto\" src=\"https:\/\/pay.lpwstore.com\/wp-content\/uploads\/2020\/04\/sembo-701804-range-rover-aurora-car-081503.jpg\" alt=\"Sembo 701804 Range Rover Aurora Car\" width=\"1344\" height=\"896\" \/><figcaption id=\"caption-attachment-186125\" class=\"wp-caption-text\">Sembo 701804 Range Rover Aurora Auto<\/figcaption><\/figure>\n<\/div>\n<\/div>","protected":false},"excerpt":{"rendered":"<ul>\n<li>Enthalten <strong>813<\/strong>\u00a0Stck<\/li>\n<li>Manuelle Anweisung enthalten<\/li>\n<li>Hochwertiger ABS-Block<\/li>\n<\/ul>","protected":false},"featured_media":13811,"comment_status":"open","ping_status":"closed","template":"","meta":{"_acf_changed":false},"product_cat":[],"product_tag":[],"class_list":["product","first","instock","shipping-taxable","purchasable","product-type-simple"],"acf":[],"_links":{"self":[{"href":"https:\/\/mouldking.store\/de\/wp-json\/wp\/v2\/product\/13810","targetHints":{"allow":["GET"]}}],"collection":[{"href":"https:\/\/mouldking.store\/de\/wp-json\/wp\/v2\/product"}],"about":[{"href":"https:\/\/mouldking.store\/de\/wp-json\/wp\/v2\/types\/product"}],"replies":[{"embeddable":true,"href":"https:\/\/mouldking.store\/de\/wp-json\/wp\/v2\/comments?post=13810"}],"wp:featuredmedia":[{"embeddable":true,"href":"https:\/\/mouldking.store\/de\/wp-json\/wp\/v2\/media\/13811"}],"wp:attachment":[{"href":"https:\/\/mouldking.store\/de\/wp-json\/wp\/v2\/media?parent=13810"}],"wp:term":[{"taxonomy":"product_cat","embeddable":true,"href":"https:\/\/mouldking.store\/de\/wp-json\/wp\/v2\/product_cat?post=13810"},{"taxonomy":"product_tag","embeddable":true,"href":"https:\/\/mouldking.store\/de\/wp-json\/wp\/v2\/product_tag?post=13810"}],"curies":[{"name":"wp","href":"https:\/\/api.w.org\/{rel}","templated":true}]}}