{"id":13816,"date":"2021-09-28T02:58:34","date_gmt":"2021-09-28T02:58:34","guid":{"rendered":"https:\/\/mouldking.store\/product\/builo-qc007-container-truck-shineyu-1-10-9208536"},"modified":"2021-10-11T03:01:18","modified_gmt":"2021-10-11T03:01:18","slug":"builo-qc007-container-truck-shineyu-1-10","status":"publish","type":"product","link":"https:\/\/mouldking.store\/de\/shop\/builo-qc007-container-truck-shineyu-1-10\/","title":{"rendered":"BUILO QC007 Container-LKW ShineYu 1 10"},"content":{"rendered":"<p><strong>PRODUKTDETAIL<\/strong><\/p>\n<p>BUILO QC007 Container Truck ShineYu 1 10 basiert auf Container Truck ShineYu mit einem Verh\u00e4ltnis von 1:10. Es ist ein tolles Brick-Set BUILO QC007 Container Truck ShineYu 1 10<\/p>\n<figure id=\"attachment_186738\" aria-describedby=\"caption-attachment-186738\" style=\"width: 1024px\" class=\"wp-caption alignnone\"><img fetchpriority=\"high\" decoding=\"async\" class=\"size-full wp-image-186738\" src=\"https:\/\/pay.lpwstore.com\/wp-content\/uploads\/2020\/04\/volvo-fh540-container-truck-w-206526_1.jpg\" alt=\"-\" width=\"1024\" height=\"576\" title=\"-\"><figcaption id=\"caption-attachment-186738\" class=\"wp-caption-text\">BUILO QC007 Container-LKW ShineYu 1 10<\/figcaption><\/figure>\n<ul>\n<li>+ 2875 Teile aus hochwertigen 100% ABS-Kunststoffsteinen, sicher f\u00fcr Kinder, lange Spielzeit, 100% kompatibel mit anderen Steinmarken<\/li>\n<li><span style=\"font-size: 14.4px;\">Einfach zu bauen mit manueller Anleitung von BUILO QC007 Container Truck ShineYu 1 10 <\/span><span style=\"font-size: 14.4px; color: #555555;\">mit Stein-f\u00fcr-Stein-Anleitung und hochwertigen Bildern<\/span><\/li>\n<li><span style=\"font-size: 14.4px;\">Vollst\u00e4ndige Abmessungen des BUILO QC007 Container Truck ShineYu 1 10:<\/span><\/li>\n<\/ul>\n<h4><strong>LIEFERUNG &amp; R\u00dcCKGABE<\/strong><\/h4>\n<p>Wir garantieren f\u00fcr BUILO QC007 Container Truck ShineYu 1 10<\/p>\n<ul>\n<li>Volle R\u00fcckerstattung, wenn Sie Ihre Bestellung nicht erhalten<\/li>\n<li>Kostenlos f\u00fcr fehlende Teile oder Handbuchbuch sorgen<\/li>\n<li>Der Kunde zahlt keine Steuern und Zollgeb\u00fchren mehr. (Wenn Sie bezahlen m\u00fcssen, erstatten wir Ihnen zur\u00fcck)<\/li>\n<li>Der internationale Versand ist ziemlich kompliziert, wir bem\u00fchen uns, alle Ihre Probleme zu bearbeiten. Wenn Ihre Bestellung jedoch Probleme hat, kontaktieren Sie uns bitte per E-Mail<\/li>\n<li><span data-text-color=\"alert\"><strong>Bestellung stornieren:<\/strong><\/span> Wenn Sie eine Bestellung stornieren m\u00fcssen, m\u00fcssen Sie uns so schnell wie m\u00f6glich per E-Mail an contact@pay.lpwstore.com kontaktieren. Wir k\u00f6nnen die Bestellung nicht vor 48 Stunden stoppen<\/li>\n<\/ul>\n<h4><strong>FEHLENDE TEILE<\/strong><\/h4>\n<p>Alle Teile des BUILO QC007 Container Truck ShineYu 1 10 werden vor dem Versand einer Qualit\u00e4tspr\u00fcfung unterzogen. Wenn Sie also fehlende oder besch\u00e4digte Teile finden, machen Sie sich keine Sorgen. Bitte kontaktieren Sie uns und wir senden sie Ihnen kostenlos zu, oder wir bieten Ihnen eine kleine R\u00fcckerstattung, damit Sie sie an anderen Orten kaufen k\u00f6nnen.<\/p>\n<p>BUILO QC007 Container-LKW ShineYu 1 10<img decoding=\"async\" class=\"alignnone size-full wp-image-197209\" src=\"https:\/\/pay.lpwstore.com\/wp-content\/uploads\/2020\/04\/BUILO-QC007-Container-Truck-ShineYu-1-10.jpg\" alt=\"BUILO-QC007-Container-Truck-ShineYu-1-10\" width=\"800\" height=\"800\" title=\"-\"> <img decoding=\"async\" class=\"alignnone size-full wp-image-197210\" src=\"https:\/\/pay.lpwstore.com\/wp-content\/uploads\/2020\/04\/BUILO-QC007-Container-Truck-ShineYu-1-10-v2.jpg\" alt=\"-\" width=\"800\" height=\"800\" title=\"-\"> <img loading=\"lazy\" decoding=\"async\" class=\"alignnone size-full wp-image-197211\" src=\"https:\/\/pay.lpwstore.com\/wp-content\/uploads\/2020\/04\/BUILO-QC007-Container-Truck-ShineYu-1-10-v3.jpg\" alt=\"BUILO-QC007-Container-Truck-ShineYu-1-10-v3\" width=\"800\" height=\"800\" title=\"-\"> <img loading=\"lazy\" decoding=\"async\" class=\"alignnone size-full wp-image-197212\" src=\"https:\/\/pay.lpwstore.com\/wp-content\/uploads\/2020\/04\/BUILO-QC007-Container-Truck-ShineYu-1-10-v4.jpg\" alt=\"-\" width=\"800\" height=\"800\" title=\"-\"> <img loading=\"lazy\" decoding=\"async\" class=\"alignnone size-full wp-image-197213\" src=\"https:\/\/pay.lpwstore.com\/wp-content\/uploads\/2020\/04\/BUILO-QC007-Container-Truck-ShineYu-1-10-v5.jpg\" alt=\"-\" width=\"800\" height=\"800\" title=\"-\"><\/p>","protected":false},"excerpt":{"rendered":"<h3><strong>BUILO QC007 Container-LKW ShineYu 1 10<\/strong><\/h3>\n<ul>\n<li>Ziegelmenge: <strong>2949+ <\/strong>Stck<\/li>\n<li>Service: Kostenlose Ersatzteile<\/li>\n<li>Notiz: <span style=\"text-decoration: underline;\" data-text-color=\"alert\"><strong>Keine Originalverpackung<\/strong><\/span>, Verwenden Sie einen Luftpolsterbeutel oder einen leeren Karton.<\/li>\n<\/ul>\n<div id=\"gtx-anchor\" style=\"position: absolute; visibility: hidden; left: 10px; top: 72.2917px; width: 207.542px; height: 22.6667px;\"><\/div>\n<div class=\"jfk-bubble gtx-bubble\" style=\"visibility: visible; left: 99px; top: 105px; opacity: 1;\" role=\"alertdialog\" aria-describedby=\"bubble-2\">\n<div id=\"bubble-2\" class=\"jfk-bubble-content-id\">\n<div id=\"gtx-host\" style=\"min-width: 200px; max-width: 400px;\"><\/div>\n<\/div>\n<div class=\"jfk-bubble-closebtn-id jfk-bubble-closebtn\" tabindex=\"0\" role=\"button\" aria-label=\"Schlie\u00dfen\"><\/div>\n<div class=\"jfk-bubble-arrow-id jfk-bubble-arrow jfk-bubble-arrowup\" style=\"left: 103.5px;\">\n<div class=\"jfk-bubble-arrowimplbefore\"><\/div>\n<div class=\"jfk-bubble-arrowimplafter\"><\/div>\n<\/div>\n<\/div>","protected":false},"featured_media":13817,"comment_status":"open","ping_status":"closed","template":"","meta":{"_acf_changed":false},"product_cat":[],"product_tag":[],"class_list":["product","first","outofstock","shipping-taxable","purchasable","product-type-variable","has-default-attributes"],"acf":[],"_links":{"self":[{"href":"https:\/\/mouldking.store\/de\/wp-json\/wp\/v2\/product\/13816","targetHints":{"allow":["GET"]}}],"collection":[{"href":"https:\/\/mouldking.store\/de\/wp-json\/wp\/v2\/product"}],"about":[{"href":"https:\/\/mouldking.store\/de\/wp-json\/wp\/v2\/types\/product"}],"replies":[{"embeddable":true,"href":"https:\/\/mouldking.store\/de\/wp-json\/wp\/v2\/comments?post=13816"}],"wp:featuredmedia":[{"embeddable":true,"href":"https:\/\/mouldking.store\/de\/wp-json\/wp\/v2\/media\/13817"}],"wp:attachment":[{"href":"https:\/\/mouldking.store\/de\/wp-json\/wp\/v2\/media?parent=13816"}],"wp:term":[{"taxonomy":"product_cat","embeddable":true,"href":"https:\/\/mouldking.store\/de\/wp-json\/wp\/v2\/product_cat?post=13816"},{"taxonomy":"product_tag","embeddable":true,"href":"https:\/\/mouldking.store\/de\/wp-json\/wp\/v2\/product_tag?post=13816"}],"curies":[{"name":"wp","href":"https:\/\/api.w.org\/{rel}","templated":true}]}}