{"id":13844,"date":"2021-09-28T02:59:04","date_gmt":"2021-09-28T02:59:04","guid":{"rendered":"https:\/\/mouldking.store\/product\/sembo-701023-audi-r8-sport-white-1-10-5570055"},"modified":"2021-10-11T03:01:18","modified_gmt":"2021-10-11T03:01:18","slug":"sembo-701023-audi-r8-sport-white-1-10","status":"publish","type":"product","link":"https:\/\/mouldking.store\/de\/shop\/sembo-701023-audi-r8-sport-white-1-10\/","title":{"rendered":"SEMBO 701023 Audi R8 Sport Wei\u00df 1 10"},"content":{"rendered":"<p><strong>PRODUKTDETAIL<\/strong><\/p>\n<p>SEMBO 701023 Audi R8 Sport Wei\u00df 1 10 basiert auf Audi R8 Sportwagen mit \u00dcbersetzung 1:10. Es ist ein tolles Brick-Set Sembo 701023 Audi R8 Sport White 1 10<\/p>\n<ul>\n<li>+ 2768 Teile aus hochwertigen 100% ABS-Kunststoffsteinen, sicher f\u00fcr Kinder, lange Spielzeit, 100% kompatibel mit anderen Steinmarken<\/li>\n<li><span style=\"font-size: 14.4px;\">Einfach zu bauen mit Anleitung von Sembo 701023 Audi R8 Sport Wei\u00df 1 10 <\/span><span style=\"font-size: 14.4px; color: #555555;\">mit Stein-f\u00fcr-Stein-Anleitung und hochwertigen Bildern<\/span><\/li>\n<li>Motor, Fernbedienung und Licht sind separat erh\u00e4ltlich und f\u00fcgen weitere $40 hinzu<\/li>\n<li><span style=\"font-size: 14.4px;\">Vollst\u00e4ndige Abmessungen von Sembo 701023 Audi R8 Sport Wei\u00df 1 10:<\/span><\/li>\n<\/ul>\n<figure id=\"attachment_186705\" aria-describedby=\"caption-attachment-186705\" style=\"width: 1020px\" class=\"wp-caption alignnone\"><img fetchpriority=\"high\" decoding=\"async\" class=\"wp-image-186705 size-large\" src=\"https:\/\/pay.lpwstore.com\/wp-content\/uploads\/2020\/04\/S-701023-Audi-R8-Sport-White-1-10-10-1024x283.jpg\" alt=\"-\" width=\"1020\" height=\"282\" title=\"-\"><figcaption id=\"caption-attachment-186705\" class=\"wp-caption-text\">SEMBO 701023 Audi R8 Sport Wei\u00df 1 10<\/figcaption><\/figure>\n<h4><strong>LIEFERUNG &amp; R\u00dcCKGABE<\/strong><\/h4>\n<p>Wir garantieren f\u00fcr Sembo 701023 Audi R8 Sport Wei\u00df 1 10<\/p>\n<ul>\n<li>Volle R\u00fcckerstattung, wenn Sie Ihre Bestellung nicht erhalten<\/li>\n<li>Kostenlos f\u00fcr fehlende Teile oder Handbuchbuch sorgen<\/li>\n<li>Der Kunde zahlt keine Steuern und Zollgeb\u00fchren mehr. (Wenn Sie bezahlen m\u00fcssen, erstatten wir Ihnen zur\u00fcck)<\/li>\n<li>Der internationale Versand ist ziemlich kompliziert, wir bem\u00fchen uns, alle Ihre Probleme zu bearbeiten. Wenn Ihre Bestellung jedoch Probleme hat, kontaktieren Sie uns bitte per E-Mail<\/li>\n<li><span data-text-color=\"alert\"><strong>Bestellung stornieren:<\/strong><\/span> Wenn Sie eine Bestellung stornieren m\u00fcssen, m\u00fcssen Sie uns so schnell wie m\u00f6glich per E-Mail an contact@pay.lpwstore.com kontaktieren. Wir k\u00f6nnen die Bestellung nicht vor 48 Stunden stoppen<\/li>\n<\/ul>\n<h4><strong>FEHLENDE TEILE<\/strong><\/h4>\n<p>Alle Teile von Sembo 701023 Audi R8 Sport Wei\u00df 1 10 werden vor dem Versand einer Qualit\u00e4tspr\u00fcfung unterzogen. Wenn Sie also fehlende oder besch\u00e4digte Teile finden, machen Sie sich keine Sorgen. Bitte kontaktieren Sie uns und wir senden sie Ihnen kostenlos zu, oder wir bieten Ihnen eine kleine R\u00fcckerstattung, damit Sie sie an anderen Orten kaufen k\u00f6nnen.<\/p>\n<figure id=\"attachment_186696\" aria-describedby=\"caption-attachment-186696\" style=\"width: 1020px\" class=\"wp-caption alignnone\"><img decoding=\"async\" class=\"wp-image-186696 size-large\" src=\"https:\/\/pay.lpwstore.com\/wp-content\/uploads\/2020\/04\/S-701023-Audi-R8-Sport-White-1-10-1-1024x583.jpg\" alt=\"-\" width=\"1020\" height=\"581\" title=\"-\"><figcaption id=\"caption-attachment-186696\" class=\"wp-caption-text\">SEMBO 701023 Audi R8 Sport Wei\u00df 1 10<\/figcaption><\/figure>\n<figure id=\"attachment_186697\" aria-describedby=\"caption-attachment-186697\" style=\"width: 1020px\" class=\"wp-caption alignnone\"><img decoding=\"async\" class=\"wp-image-186697 size-large\" src=\"https:\/\/pay.lpwstore.com\/wp-content\/uploads\/2020\/04\/S-701023-Audi-R8-Sport-White-1-10-2-1024x606.jpg\" alt=\"-\" width=\"1020\" height=\"604\" title=\"-\"><figcaption id=\"caption-attachment-186697\" class=\"wp-caption-text\">SEMBO 701023 Audi R8 Sport Wei\u00df 1 10<\/figcaption><\/figure>\n<figure id=\"attachment_186698\" aria-describedby=\"caption-attachment-186698\" style=\"width: 1020px\" class=\"wp-caption alignnone\"><img loading=\"lazy\" decoding=\"async\" class=\"wp-image-186698 size-large\" src=\"https:\/\/pay.lpwstore.com\/wp-content\/uploads\/2020\/04\/S-701023-Audi-R8-Sport-White-1-10-3-1024x571.jpg\" alt=\"-\" width=\"1020\" height=\"569\" title=\"-\"><figcaption id=\"caption-attachment-186698\" class=\"wp-caption-text\">SEMBO 701023 Audi R8 Sport Wei\u00df 1 10<\/figcaption><\/figure>\n<figure id=\"attachment_186699\" aria-describedby=\"caption-attachment-186699\" style=\"width: 1020px\" class=\"wp-caption alignnone\"><img loading=\"lazy\" decoding=\"async\" class=\"wp-image-186699 size-large\" src=\"https:\/\/pay.lpwstore.com\/wp-content\/uploads\/2020\/04\/S-701023-Audi-R8-Sport-White-1-10-4-1024x576.jpg\" alt=\"-\" width=\"1020\" height=\"574\" title=\"-\"><figcaption id=\"caption-attachment-186699\" class=\"wp-caption-text\">SEMBO 701023 Audi R8 Sport Wei\u00df 1 10<\/figcaption><\/figure>\n<figure id=\"attachment_186700\" aria-describedby=\"caption-attachment-186700\" style=\"width: 1020px\" class=\"wp-caption alignnone\"><img loading=\"lazy\" decoding=\"async\" class=\"wp-image-186700 size-large\" src=\"https:\/\/pay.lpwstore.com\/wp-content\/uploads\/2020\/04\/S-701023-Audi-R8-Sport-White-1-10-5-1024x662.jpg\" alt=\"-\" width=\"1020\" height=\"659\" title=\"-\"><figcaption id=\"caption-attachment-186700\" class=\"wp-caption-text\">SEMBO 701023 Audi R8 Sport Wei\u00df 1 10<\/figcaption><\/figure>\n<figure id=\"attachment_186701\" aria-describedby=\"caption-attachment-186701\" style=\"width: 1020px\" class=\"wp-caption alignnone\"><img loading=\"lazy\" decoding=\"async\" class=\"wp-image-186701 size-large\" src=\"https:\/\/pay.lpwstore.com\/wp-content\/uploads\/2020\/04\/S-701023-Audi-R8-Sport-White-1-10-6-1024x491.jpg\" alt=\"-\" width=\"1020\" height=\"489\" title=\"-\"><figcaption id=\"caption-attachment-186701\" class=\"wp-caption-text\">SEMBO 701023 Audi R8 Sport Wei\u00df 1 10<\/figcaption><\/figure>\n<figure id=\"attachment_186702\" aria-describedby=\"caption-attachment-186702\" style=\"width: 1020px\" class=\"wp-caption alignnone\"><img loading=\"lazy\" decoding=\"async\" class=\"wp-image-186702 size-large\" src=\"https:\/\/pay.lpwstore.com\/wp-content\/uploads\/2020\/04\/S-701023-Audi-R8-Sport-White-1-10-7-1024x500.jpg\" alt=\"-\" width=\"1020\" height=\"498\" title=\"-\"><figcaption id=\"caption-attachment-186702\" class=\"wp-caption-text\">SEMBO 701023 Audi R8 Sport Wei\u00df 1 10<\/figcaption><\/figure>\n<figure id=\"attachment_186703\" aria-describedby=\"caption-attachment-186703\" style=\"width: 1020px\" class=\"wp-caption alignnone\"><img loading=\"lazy\" decoding=\"async\" class=\"wp-image-186703 size-large\" src=\"https:\/\/pay.lpwstore.com\/wp-content\/uploads\/2020\/04\/S-701023-Audi-R8-Sport-White-1-10-8-1024x500.jpg\" alt=\"-\" width=\"1020\" height=\"498\" title=\"-\"><figcaption id=\"caption-attachment-186703\" class=\"wp-caption-text\">SEMBO 701023 Audi R8 Sport Wei\u00df 1 10<\/figcaption><\/figure>\n<figure id=\"attachment_186704\" aria-describedby=\"caption-attachment-186704\" style=\"width: 1020px\" class=\"wp-caption alignnone\"><img loading=\"lazy\" decoding=\"async\" class=\"wp-image-186704 size-large\" src=\"https:\/\/pay.lpwstore.com\/wp-content\/uploads\/2020\/04\/S-701023-Audi-R8-Sport-White-1-10-9-1024x773.jpg\" alt=\"-\" width=\"1020\" height=\"770\" title=\"-\"><figcaption id=\"caption-attachment-186704\" class=\"wp-caption-text\">SEMBO 701023 Audi R8 Sport Wei\u00df 1 10<\/figcaption><\/figure>\n<figure id=\"attachment_186706\" aria-describedby=\"caption-attachment-186706\" style=\"width: 1020px\" class=\"wp-caption alignnone\"><img loading=\"lazy\" decoding=\"async\" class=\"wp-image-186706 size-large\" src=\"https:\/\/pay.lpwstore.com\/wp-content\/uploads\/2020\/04\/S-701023-Audi-R8-Sport-White-1-10-11-1024x497.jpg\" alt=\"-\" width=\"1020\" height=\"495\" title=\"-\"><figcaption id=\"caption-attachment-186706\" class=\"wp-caption-text\">SEMBO 701023 Audi R8 Sport Wei\u00df 1 10<\/figcaption><\/figure>\n<figure id=\"attachment_186708\" aria-describedby=\"caption-attachment-186708\" style=\"width: 1020px\" class=\"wp-caption alignnone\"><img loading=\"lazy\" decoding=\"async\" class=\"wp-image-186708 size-large\" src=\"https:\/\/pay.lpwstore.com\/wp-content\/uploads\/2020\/04\/S-701023-Audi-R8-Sport-White-1-10-13-1024x609.jpg\" alt=\"-\" width=\"1020\" height=\"607\" title=\"-\"><figcaption id=\"caption-attachment-186708\" class=\"wp-caption-text\">SEMBO 701023 Audi R8 Sport Wei\u00df 1 10<\/figcaption><\/figure>\n<figure id=\"attachment_186707\" aria-describedby=\"caption-attachment-186707\" style=\"width: 1020px\" class=\"wp-caption alignnone\"><img loading=\"lazy\" decoding=\"async\" class=\"wp-image-186707 size-large\" src=\"https:\/\/pay.lpwstore.com\/wp-content\/uploads\/2020\/04\/S-701023-Audi-R8-Sport-White-1-10-12-1024x991.jpg\" alt=\"-\" width=\"1020\" height=\"987\" title=\"-\"><figcaption id=\"caption-attachment-186707\" class=\"wp-caption-text\">SEMBO 701023 Audi R8 Sport Wei\u00df 1 10<\/figcaption><\/figure>","protected":false},"excerpt":{"rendered":"<h3><strong>SEMBO 701023 Audi R8 Sport Wei\u00df 1 10<\/strong><\/h3>\n<h3><span data-text-color=\"alert\"><strong>Erh\u00e4ltlich im Mai 2020<\/strong><\/span><\/h3>\n<h3><span data-text-color=\"alert\"><strong>NEIN (Motor- und Lichtversion) (Motor- und Lichtkosten 40$)<\/strong><\/span><\/h3>\n<ul>\n<li>Ziegelmenge: <strong>2768+ <\/strong>Stck<\/li>\n<li>Service: Kostenlose Ersatzteile<\/li>\n<li>Notiz: <span style=\"text-decoration: underline;\" data-text-color=\"alert\"><strong>Keine Originalverpackung<\/strong><\/span>, Verwenden Sie einen Luftpolsterbeutel oder einen leeren Karton.<\/li>\n<\/ul>\n<div id=\"gtx-trans\" style=\"position: absolute; left: 138px; top: 145.125px;\">\n<div class=\"gtx-trans-icon\"><\/div>\n<\/div>","protected":false},"featured_media":13845,"comment_status":"open","ping_status":"closed","template":"","meta":{"_acf_changed":false},"product_cat":[],"product_tag":[],"class_list":["product","first","outofstock","shipping-taxable","purchasable","product-type-variable","has-default-attributes"],"acf":[],"_links":{"self":[{"href":"https:\/\/mouldking.store\/de\/wp-json\/wp\/v2\/product\/13844","targetHints":{"allow":["GET"]}}],"collection":[{"href":"https:\/\/mouldking.store\/de\/wp-json\/wp\/v2\/product"}],"about":[{"href":"https:\/\/mouldking.store\/de\/wp-json\/wp\/v2\/types\/product"}],"replies":[{"embeddable":true,"href":"https:\/\/mouldking.store\/de\/wp-json\/wp\/v2\/comments?post=13844"}],"wp:featuredmedia":[{"embeddable":true,"href":"https:\/\/mouldking.store\/de\/wp-json\/wp\/v2\/media\/13845"}],"wp:attachment":[{"href":"https:\/\/mouldking.store\/de\/wp-json\/wp\/v2\/media?parent=13844"}],"wp:term":[{"taxonomy":"product_cat","embeddable":true,"href":"https:\/\/mouldking.store\/de\/wp-json\/wp\/v2\/product_cat?post=13844"},{"taxonomy":"product_tag","embeddable":true,"href":"https:\/\/mouldking.store\/de\/wp-json\/wp\/v2\/product_tag?post=13844"}],"curies":[{"name":"wp","href":"https:\/\/api.w.org\/{rel}","templated":true}]}}