{"id":13861,"date":"2021-09-28T02:59:13","date_gmt":"2021-09-28T02:59:13","guid":{"rendered":"https:\/\/mouldking.store\/product\/sy-6296-boa-hancock-kuja-pirate-ship-9650132"},"modified":"2021-12-23T09:54:33","modified_gmt":"2021-12-23T09:54:33","slug":"sy-6296-boa-hancock-kuja-pirate-ship","status":"publish","type":"product","link":"https:\/\/mouldking.store\/de\/shop\/sy-6296-boa-hancock-kuja-pirate-ship\/","title":{"rendered":"SY 6296 Boa Hancock Kuja Piratenschiff"},"content":{"rendered":"<p><strong>PRODUKTDETAIL<\/strong><\/p>\n<p>SY 6296 Boa Hancock Kuja Pirate Ship is based\u00a0 on Boa Hancock Kuja Pirate Ship in One Piece manga &amp; Anime .\u00a0 It&#8217;s an awesome Brick set SY 6296 Boa Hancock Kuja Pirate Ship <img fetchpriority=\"high\" decoding=\"async\" class=\"alignnone size-full wp-image-186451\" src=\"https:\/\/pay.lpwstore.com\/wp-content\/uploads\/2020\/04\/kuja-pirates-ship.jpg\" alt=\"-\" width=\"454\" height=\"389\" title=\"-\"><\/p>\n<ul>\n<li>+ 1099\u00a0 pieces made from high-quality 100% ABS plastic bricks, safe for children, long time to play, 100% compatible with other brick brands<\/li>\n<li><span style=\"font-size: 14.4px;\">Easy-to-build with manual instruction of SY 6296 Boa Hancock Kuja Pirate Ship <\/span><span style=\"font-size: 14.4px; color: #555555;\">mit Stein-f\u00fcr-Stein-Anleitung und hochwertigen Bildern<\/span><\/li>\n<li><span style=\"font-size: 14.4px;\">Full dimensions of SY 6296 Boa Hancock Kuja Pirate Ship:<\/span><\/li>\n<\/ul>\n<h4><strong>LIEFERUNG &amp; R\u00dcCKGABE<\/strong><\/h4>\n<p>We guarantee for SY 6296 Boa Hancock Kuja Pirate Ship:<\/p>\n<ul>\n<li>Volle R\u00fcckerstattung, wenn Sie Ihre Bestellung nicht erhalten<\/li>\n<li>Kostenlos f\u00fcr fehlende Teile oder Handbuchbuch sorgen<\/li>\n<li>Der Kunde zahlt keine Steuern und Zollgeb\u00fchren mehr. (Wenn Sie bezahlen m\u00fcssen, erstatten wir Ihnen zur\u00fcck)<\/li>\n<li>Der internationale Versand ist ziemlich kompliziert, wir bem\u00fchen uns, alle Ihre Probleme zu bearbeiten. Wenn Ihre Bestellung jedoch Probleme hat, kontaktieren Sie uns bitte per E-Mail<\/li>\n<li><span data-text-color=\"alert\"><strong>Bestellung stornieren:<\/strong><\/span> Wenn Sie eine Bestellung stornieren m\u00fcssen, m\u00fcssen Sie uns so schnell wie m\u00f6glich per E-Mail an contact@pay.lpwstore.com kontaktieren. Wir k\u00f6nnen die Bestellung nicht vor 48 Stunden stoppen<\/li>\n<\/ul>\n<h4><strong>FEHLENDE TEILE<\/strong><\/h4>\n<p>All parts of SY 6296 Boa Hancock Kuja Pirate Ship \u00a0are quality checked before shipping, so if you find some missing or damaged parts, don&#8217;t worry. Please contact us and we will send them to you without any fees, or we will offer a small refund for you to buy in other places.<\/p>\n<p><figure id=\"attachment_186445\" aria-describedby=\"caption-attachment-186445\" style=\"width: 1009px\" class=\"wp-caption alignnone\"><img decoding=\"async\" class=\"size-large wp-image-186445\" src=\"https:\/\/pay.lpwstore.com\/wp-content\/uploads\/2020\/04\/SY-6296-Boa-Hancock-Kuja-Pirate-Ship-1-1009x1024.jpg\" alt=\"-\" width=\"1009\" height=\"1024\" title=\"-\"><figcaption id=\"caption-attachment-186445\" class=\"wp-caption-text\">SY 6296 Boa Hancock Kuja Piratenschiff<\/figcaption><\/figure><figure id=\"attachment_186446\" aria-describedby=\"caption-attachment-186446\" style=\"width: 800px\" class=\"wp-caption alignnone\"><img decoding=\"async\" class=\"size-large wp-image-186446\" src=\"https:\/\/pay.lpwstore.com\/wp-content\/uploads\/2020\/04\/SY-6296-Boa-Hancock-Kuja-Pirate-Ship-1.png\" alt=\"-\" width=\"800\" height=\"800\" title=\"-\"><figcaption id=\"caption-attachment-186446\" class=\"wp-caption-text\">SY 6296 Boa Hancock Kuja Piratenschiff<\/figcaption><\/figure><figure id=\"attachment_186447\" aria-describedby=\"caption-attachment-186447\" style=\"width: 800px\" class=\"wp-caption alignnone\"><img loading=\"lazy\" decoding=\"async\" class=\"size-large wp-image-186447\" src=\"https:\/\/pay.lpwstore.com\/wp-content\/uploads\/2020\/04\/SY-6296-Boa-Hancock-Kuja-Pirate-Ship-2.png\" alt=\"-\" width=\"800\" height=\"800\" title=\"-\"><figcaption id=\"caption-attachment-186447\" class=\"wp-caption-text\">SY 6296 Boa Hancock Kuja Piratenschiff<\/figcaption><\/figure><figure id=\"attachment_186448\" aria-describedby=\"caption-attachment-186448\" style=\"width: 800px\" class=\"wp-caption alignnone\"><img loading=\"lazy\" decoding=\"async\" class=\"size-large wp-image-186448\" src=\"https:\/\/pay.lpwstore.com\/wp-content\/uploads\/2020\/04\/SY-6296-Boa-Hancock-Kuja-Pirate-Ship-3.png\" alt=\"-\" width=\"800\" height=\"800\" title=\"-\"><figcaption id=\"caption-attachment-186448\" class=\"wp-caption-text\">SY 6296 Boa Hancock Kuja Piratenschiff<\/figcaption><\/figure><figure id=\"attachment_186449\" aria-describedby=\"caption-attachment-186449\" style=\"width: 800px\" class=\"wp-caption alignnone\"><img loading=\"lazy\" decoding=\"async\" class=\"size-large wp-image-186449\" src=\"https:\/\/pay.lpwstore.com\/wp-content\/uploads\/2020\/04\/SY-6296-Boa-Hancock-Kuja-Pirate-Ship-4.png\" alt=\"-\" width=\"800\" height=\"800\" title=\"-\"><figcaption id=\"caption-attachment-186449\" class=\"wp-caption-text\">SY 6296 Boa Hancock Kuja Piratenschiff<\/figcaption><\/figure><figure id=\"attachment_186450\" aria-describedby=\"caption-attachment-186450\" style=\"width: 640px\" class=\"wp-caption alignnone\"><img loading=\"lazy\" decoding=\"async\" class=\"size-large wp-image-186450\" src=\"https:\/\/pay.lpwstore.com\/wp-content\/uploads\/2020\/04\/SY-6296-Boa-Hancock-Kuja-Pirate-Ship-5.png\" alt=\"-\" width=\"640\" height=\"640\" title=\"-\"><figcaption id=\"caption-attachment-186450\" class=\"wp-caption-text\">SY 6296 Boa Hancock Kuja Piratenschiff<\/figcaption><\/figure><\/p>\n<div class=\"mceTemp\">\u00a0<\/div>","protected":false},"excerpt":{"rendered":"<h3><strong>SY 6296 Boa Hancock Kuja Piratenschiff<\/strong><\/h3>\n<h3><span data-text-color=\"alert\"><strong>Auf Lager! Begrenzter Vorrat!<\/strong><\/span><\/h3>\n<ul>\n<li>Ziegelmenge: <strong>1099+ <\/strong>Stck<\/li>\n<li>Service: Kostenlose Ersatzteile<\/li>\n<li>Hinweis: Keine Originalverpackung, verwenden Sie einen Luftpolsterbeutel oder eine leere Kartonschachtel.<\/li>\n<\/ul>","protected":false},"featured_media":13862,"comment_status":"open","ping_status":"closed","template":"","meta":{"_acf_changed":false},"product_cat":[],"product_tag":[],"class_list":["product","first","instock","shipping-taxable","purchasable","product-type-simple"],"acf":[],"_links":{"self":[{"href":"https:\/\/mouldking.store\/de\/wp-json\/wp\/v2\/product\/13861","targetHints":{"allow":["GET"]}}],"collection":[{"href":"https:\/\/mouldking.store\/de\/wp-json\/wp\/v2\/product"}],"about":[{"href":"https:\/\/mouldking.store\/de\/wp-json\/wp\/v2\/types\/product"}],"replies":[{"embeddable":true,"href":"https:\/\/mouldking.store\/de\/wp-json\/wp\/v2\/comments?post=13861"}],"wp:featuredmedia":[{"embeddable":true,"href":"https:\/\/mouldking.store\/de\/wp-json\/wp\/v2\/media\/13862"}],"wp:attachment":[{"href":"https:\/\/mouldking.store\/de\/wp-json\/wp\/v2\/media?parent=13861"}],"wp:term":[{"taxonomy":"product_cat","embeddable":true,"href":"https:\/\/mouldking.store\/de\/wp-json\/wp\/v2\/product_cat?post=13861"},{"taxonomy":"product_tag","embeddable":true,"href":"https:\/\/mouldking.store\/de\/wp-json\/wp\/v2\/product_tag?post=13861"}],"curies":[{"name":"wp","href":"https:\/\/api.w.org\/{rel}","templated":true}]}}