{"id":13875,"date":"2021-09-28T02:59:29","date_gmt":"2021-09-28T02:59:29","guid":{"rendered":"https:\/\/mouldking.store\/product\/zhegao-ql0959-castle-in-the-sky-6512430"},"modified":"2021-12-23T09:54:33","modified_gmt":"2021-12-23T09:54:33","slug":"zhegao-ql0959-castle-in-the-sky","status":"publish","type":"product","link":"https:\/\/mouldking.store\/de\/shop\/zhegao-ql0959-castle-in-the-sky\/","title":{"rendered":"ZHEGAO QL0959 Castle In The Sky"},"content":{"rendered":"<p><strong>PRODUKTDETAIL<\/strong><\/p>\n<p>ZHEGAO QL0959 Castle In The Sky is based\u00a0 on Castle In The Sky .\u00a0 It&#8217;s an awesome Brick set ZHEGAO QL0959 Castle In The Sky<\/p>\n<ul>\n<li>+ 3206\u00a0 pieces made from high-quality 100% ABS plastic bricks, safe for children, long time to play, 100% compatible with other brick brands<\/li>\n<li><span style=\"font-size: 14.4px;\">Easy-to-build with manual instruction of ZHEGAO QL0959 Castle In The Sky <\/span><span style=\"font-size: 14.4px; color: #555555;\">mit Stein-f\u00fcr-Stein-Anleitung und hochwertigen Bildern<\/span><\/li>\n<li><span style=\"font-size: 14.4px;\">Full dimensions of ZHEGAO QL0959 Castle In The Sky:<\/span><\/li>\n<\/ul>\n<figure id=\"attachment_187779\" aria-describedby=\"caption-attachment-187779\" style=\"width: 468px\" class=\"wp-caption alignnone\"><img fetchpriority=\"high\" decoding=\"async\" class=\"size-full wp-image-187779\" src=\"https:\/\/pay.lpwstore.com\/wp-content\/uploads\/2020\/04\/ZHEGAO-QL0959-Castle-In-The-Sky-3.jpg\" alt=\"-\" width=\"468\" height=\"787\" title=\"-\"><figcaption id=\"caption-attachment-187779\" class=\"wp-caption-text\">ZHEGAO QL0959 Castle In The Sky<\/figcaption><\/figure>\n<h4><strong>LIEFERUNG &amp; R\u00dcCKGABE<\/strong><\/h4>\n<p>We guarantee for ZHEGAO QL0959 Castle In The Sky<\/p>\n<ul>\n<li>Volle R\u00fcckerstattung, wenn Sie Ihre Bestellung nicht erhalten<\/li>\n<li>Kostenlos f\u00fcr fehlende Teile oder Handbuchbuch sorgen<\/li>\n<li>Der Kunde zahlt keine Steuern und Zollgeb\u00fchren mehr. (Wenn Sie bezahlen m\u00fcssen, erstatten wir Ihnen zur\u00fcck)<\/li>\n<li>Der internationale Versand ist ziemlich kompliziert, wir bem\u00fchen uns, alle Ihre Probleme zu bearbeiten. Wenn Ihre Bestellung jedoch Probleme hat, kontaktieren Sie uns bitte per E-Mail<\/li>\n<li><span data-text-color=\"alert\"><strong>Bestellung stornieren:<\/strong><\/span> Wenn Sie eine Bestellung stornieren m\u00fcssen, m\u00fcssen Sie uns so schnell wie m\u00f6glich per E-Mail an contact@pay.lpwstore.com kontaktieren. Wir k\u00f6nnen die Bestellung nicht vor 48 Stunden stoppen<\/li>\n<\/ul>\n<h4><strong>FEHLENDE TEILE<\/strong><\/h4>\n<p>All parts of ZHEGAO QL0959 Castle In The Sky \u00a0are quality checked before shipping, so if you find some missing or damaged parts, don&#8217;t worry. Please contact us and we will send them to you without any fees, or we will offer a small refund for you to buy in other places.<\/p>\n<figure id=\"attachment_187780\" aria-describedby=\"caption-attachment-187780\" style=\"width: 466px\" class=\"wp-caption alignnone\"><img decoding=\"async\" class=\"size-full wp-image-187780\" src=\"https:\/\/pay.lpwstore.com\/wp-content\/uploads\/2020\/04\/ZHEGAO-QL0959-Castle-In-The-Sky-4.jpg\" alt=\"-\" width=\"466\" height=\"391\" title=\"-\"><figcaption id=\"caption-attachment-187780\" class=\"wp-caption-text\">ZHEGAO QL0959 Castle In The Sky<\/figcaption><\/figure>\n<figure id=\"attachment_187781\" aria-describedby=\"caption-attachment-187781\" style=\"width: 474px\" class=\"wp-caption alignnone\"><img decoding=\"async\" class=\"size-full wp-image-187781\" src=\"https:\/\/pay.lpwstore.com\/wp-content\/uploads\/2020\/04\/ZHEGAO-QL0959-Castle-In-The-Sky-5.jpg\" alt=\"-\" width=\"474\" height=\"391\" title=\"-\"><figcaption id=\"caption-attachment-187781\" class=\"wp-caption-text\">ZHEGAO QL0959 Castle In The Sky<\/figcaption><\/figure>\n<figure id=\"attachment_187783\" aria-describedby=\"caption-attachment-187783\" style=\"width: 981px\" class=\"wp-caption alignnone\"><img loading=\"lazy\" decoding=\"async\" class=\"size-large wp-image-187783\" src=\"https:\/\/pay.lpwstore.com\/wp-content\/uploads\/2020\/04\/ZHEGAO-QL0959-Castle-In-The-Sky-7-981x1024.jpg\" alt=\"-\" width=\"981\" height=\"1024\" title=\"-\"><figcaption id=\"caption-attachment-187783\" class=\"wp-caption-text\">ZHEGAO QL0959 Castle In The Sky<\/figcaption><\/figure>\n<figure id=\"attachment_187778\" aria-describedby=\"caption-attachment-187778\" style=\"width: 669px\" class=\"wp-caption alignnone\"><img loading=\"lazy\" decoding=\"async\" class=\"wp-image-187778\" src=\"https:\/\/pay.lpwstore.com\/wp-content\/uploads\/2020\/04\/ZHEGAO-QL0959-Castle-In-The-Sky-2.jpg\" alt=\"-\" width=\"669\" height=\"557\" title=\"-\"><figcaption id=\"caption-attachment-187778\" class=\"wp-caption-text\">ZHEGAO QL0959 Castle In The Sky<\/figcaption><\/figure>\n<figure id=\"attachment_187777\" aria-describedby=\"caption-attachment-187777\" style=\"width: 669px\" class=\"wp-caption alignnone\"><img loading=\"lazy\" decoding=\"async\" class=\"wp-image-187777\" src=\"https:\/\/pay.lpwstore.com\/wp-content\/uploads\/2020\/04\/ZHEGAO-QL0959-Castle-In-The-Sky-1.jpg\" alt=\"-\" width=\"669\" height=\"575\" title=\"-\"><figcaption id=\"caption-attachment-187777\" class=\"wp-caption-text\">ZHEGAO QL0959 Castle In The Sky<\/figcaption><\/figure>\n<figure id=\"attachment_187782\" aria-describedby=\"caption-attachment-187782\" style=\"width: 1020px\" class=\"wp-caption alignnone\"><img loading=\"lazy\" decoding=\"async\" class=\"size-large wp-image-187782\" src=\"https:\/\/pay.lpwstore.com\/wp-content\/uploads\/2020\/04\/ZHEGAO-QL0959-Castle-In-The-Sky-6-1024x764.jpg\" alt=\"-\" width=\"1020\" height=\"761\" title=\"-\"><figcaption id=\"caption-attachment-187782\" class=\"wp-caption-text\">ZHEGAO QL0959 Castle In The Sky<\/figcaption><\/figure>","protected":false},"excerpt":{"rendered":"<h3><strong>ZHEGAO QL0959 Castle In The Sky<\/strong><\/h3>\n<ul>\n<li>Ziegelmenge: <strong>3206+ <\/strong>Stck<\/li>\n<li>Service: Kostenlose Ersatzteile<\/li>\n<li>Notiz: <span style=\"text-decoration: underline;\" data-text-color=\"alert\"><strong>Keine Originalverpackung<\/strong><\/span>, Verwenden Sie einen Luftpolsterbeutel oder einen leeren Karton.<\/li>\n<\/ul>\n<div id=\"gtx-trans\" style=\"position: absolute; left: 567px; top: 231.625px;\">\n<div class=\"gtx-trans-icon\"><\/div>\n<\/div>","protected":false},"featured_media":13876,"comment_status":"open","ping_status":"closed","template":"","meta":{"_acf_changed":false},"product_cat":[],"product_tag":[],"class_list":["product","first","instock","shipping-taxable","purchasable","product-type-simple"],"acf":[],"_links":{"self":[{"href":"https:\/\/mouldking.store\/de\/wp-json\/wp\/v2\/product\/13875","targetHints":{"allow":["GET"]}}],"collection":[{"href":"https:\/\/mouldking.store\/de\/wp-json\/wp\/v2\/product"}],"about":[{"href":"https:\/\/mouldking.store\/de\/wp-json\/wp\/v2\/types\/product"}],"replies":[{"embeddable":true,"href":"https:\/\/mouldking.store\/de\/wp-json\/wp\/v2\/comments?post=13875"}],"wp:featuredmedia":[{"embeddable":true,"href":"https:\/\/mouldking.store\/de\/wp-json\/wp\/v2\/media\/13876"}],"wp:attachment":[{"href":"https:\/\/mouldking.store\/de\/wp-json\/wp\/v2\/media?parent=13875"}],"wp:term":[{"taxonomy":"product_cat","embeddable":true,"href":"https:\/\/mouldking.store\/de\/wp-json\/wp\/v2\/product_cat?post=13875"},{"taxonomy":"product_tag","embeddable":true,"href":"https:\/\/mouldking.store\/de\/wp-json\/wp\/v2\/product_tag?post=13875"}],"curies":[{"name":"wp","href":"https:\/\/api.w.org\/{rel}","templated":true}]}}