{"id":13967,"date":"2021-09-28T03:01:03","date_gmt":"2021-09-27T20:01:03","guid":{"rendered":"https:\/\/mouldking.store\/product\/qizhile-90009-garage-car-parking-6449220"},"modified":"2022-06-15T15:12:12","modified_gmt":"2022-06-15T08:12:12","slug":"qizhile-90009-garage-car-parking","status":"publish","type":"product","link":"https:\/\/mouldking.store\/de\/shop\/qizhile-90009-garage-car-parking\/","title":{"rendered":"QIZHILE 90009 Garage Parkplatz"},"content":{"rendered":"<p><strong>PRODUKTDETAIL<\/strong><\/p>\n<p>QIZHILE 90009 Garage Car Parking is based\u00a0 on Garage Car Parking, can fit with car in 1:8 or smaller (1:10; 1:12&#8230;) .\u00a0 It&#8217;s an awesome Brick set QIZHILE 90009 Garage Car Parking<\/p>\n<ul>\n<li>+ 2436\u00a0 pieces and Top Led light block, made from high-quality 100% ABS plastic bricks, safe for children, long time to play, 100% compatible with other brick brands<\/li>\n<li><span style=\"font-size: 14.4px;\">Easy-to-build with manual instruction of QIZHILE 90009 Garage Car Parking <\/span><span style=\"font-size: 14.4px; color: #555555;\">mit Stein-f\u00fcr-Stein-Anleitung und hochwertigen Bildern<\/span><\/li>\n<li><span style=\"font-size: 14.4px;\">Full dimensions of QIZHILE 90009 Garage Car Parking:<\/span><\/li>\n<\/ul>\n<figure id=\"attachment_188861\" aria-describedby=\"caption-attachment-188861\" style=\"width: 1020px\" class=\"wp-caption alignnone\"><img fetchpriority=\"high\" decoding=\"async\" class=\"size-large wp-image-188861\" src=\"https:\/\/pay.lpwstore.com\/wp-content\/uploads\/2020\/05\/QIZHILE-90009-Garage-Car-Parking-2-1024x504.jpg\" alt=\"-\" width=\"1020\" height=\"502\" title=\"-\"><figcaption id=\"caption-attachment-188861\" class=\"wp-caption-text\">QIZHILE 90009 Garage Parkplatz<\/figcaption><\/figure>\n<h4><strong>LIEFERUNG &amp; R\u00dcCKGABE<\/strong><\/h4>\n<p>We guarantee for QIZHILE 90009 Garage Car Parking<\/p>\n<ul>\n<li>Volle R\u00fcckerstattung, wenn Sie Ihre Bestellung nicht erhalten<\/li>\n<li>Kostenlos f\u00fcr fehlende Teile oder Handbuchbuch sorgen<\/li>\n<li>Der Kunde zahlt keine Steuern und Zollgeb\u00fchren mehr. (Wenn Sie bezahlen m\u00fcssen, erstatten wir Ihnen zur\u00fcck)<\/li>\n<li>Der internationale Versand ist ziemlich kompliziert, wir bem\u00fchen uns, alle Ihre Probleme zu bearbeiten. Wenn Ihre Bestellung jedoch Probleme hat, kontaktieren Sie uns bitte per E-Mail<\/li>\n<li><span data-text-color=\"alert\"><strong>Bestellung stornieren:<\/strong><\/span> Wenn Sie eine Bestellung stornieren m\u00fcssen, m\u00fcssen Sie uns so schnell wie m\u00f6glich per E-Mail an contact@pay.lpwstore.com kontaktieren. Wir k\u00f6nnen die Bestellung nicht vor 48 Stunden stoppen<\/li>\n<\/ul>\n<h4><strong>FEHLENDE TEILE<\/strong><\/h4>\n<p>All parts of QIZHILE 90009 Garage Car Parking \u00a0are quality checked before shipping, so if you find some missing or damaged parts, don&#8217;t worry. Please contact us and we will send them to you without any fees, or we will offer a small refund for you to buy in other places.<\/p>\n<h4><strong>PAKET<\/strong><\/h4>\n<p>QIZHILE 90009 Garage Car Parking new in sealed Bag with Bubble Safty Packing (No original box, original box is too big and easy to be broken during shipping, and this will save cost for you. We promise to pack the blocks well.<\/p>\n<figure id=\"attachment_188866\" aria-describedby=\"caption-attachment-188866\" style=\"width: 1020px\" class=\"wp-caption alignnone\"><img decoding=\"async\" class=\"size-large wp-image-188866\" src=\"https:\/\/pay.lpwstore.com\/wp-content\/uploads\/2020\/05\/QIZHILE-90009-Garage-Car-Parking-7-1024x1024.jpg\" alt=\"-\" width=\"1020\" height=\"1020\" title=\"-\"><figcaption id=\"caption-attachment-188866\" class=\"wp-caption-text\">QIZHILE 90009 Garage Parkplatz<\/figcaption><\/figure>\n<figure id=\"attachment_188865\" aria-describedby=\"caption-attachment-188865\" style=\"width: 700px\" class=\"wp-caption alignnone\"><img decoding=\"async\" class=\"wp-image-188865\" src=\"https:\/\/pay.lpwstore.com\/wp-content\/uploads\/2020\/05\/QIZHILE-90009-Garage-Car-Parking-6.jpg\" alt=\"-\" width=\"700\" height=\"443\" title=\"-\"><figcaption id=\"caption-attachment-188865\" class=\"wp-caption-text\">QIZHILE 90009 Garage Parkplatz<\/figcaption><\/figure>\n<figure id=\"attachment_188864\" aria-describedby=\"caption-attachment-188864\" style=\"width: 700px\" class=\"wp-caption alignnone\"><img loading=\"lazy\" decoding=\"async\" class=\"wp-image-188864\" src=\"https:\/\/pay.lpwstore.com\/wp-content\/uploads\/2020\/05\/QIZHILE-90009-Garage-Car-Parking-5.jpg\" alt=\"-\" width=\"700\" height=\"439\" title=\"-\"><figcaption id=\"caption-attachment-188864\" class=\"wp-caption-text\">QIZHILE 90009 Garage Parkplatz<\/figcaption><\/figure>\n<figure id=\"attachment_188863\" aria-describedby=\"caption-attachment-188863\" style=\"width: 700px\" class=\"wp-caption alignnone\"><img loading=\"lazy\" decoding=\"async\" class=\"wp-image-188863\" src=\"https:\/\/pay.lpwstore.com\/wp-content\/uploads\/2020\/05\/QIZHILE-90009-Garage-Car-Parking-4.jpg\" alt=\"-\" width=\"700\" height=\"443\" title=\"-\"><figcaption id=\"caption-attachment-188863\" class=\"wp-caption-text\">QIZHILE 90009 Garage Parkplatz<\/figcaption><\/figure>\n<figure id=\"attachment_188862\" aria-describedby=\"caption-attachment-188862\" style=\"width: 700px\" class=\"wp-caption alignnone\"><img loading=\"lazy\" decoding=\"async\" class=\"wp-image-188862\" src=\"https:\/\/pay.lpwstore.com\/wp-content\/uploads\/2020\/05\/QIZHILE-90009-Garage-Car-Parking-3.jpg\" alt=\"-\" width=\"700\" height=\"446\" title=\"-\"><figcaption id=\"caption-attachment-188862\" class=\"wp-caption-text\">QIZHILE 90009 Garage Parkplatz<\/figcaption><\/figure>\n<figure id=\"attachment_188860\" aria-describedby=\"caption-attachment-188860\" style=\"width: 1020px\" class=\"wp-caption alignnone\"><img loading=\"lazy\" decoding=\"async\" class=\"size-large wp-image-188860\" src=\"https:\/\/pay.lpwstore.com\/wp-content\/uploads\/2020\/05\/QIZHILE-90009-Garage-Car-Parking-1-1024x692.jpg\" alt=\"-\" width=\"1020\" height=\"689\" title=\"-\"><figcaption id=\"caption-attachment-188860\" class=\"wp-caption-text\">QIZHILE 90009 Garage Parkplatz<\/figcaption><\/figure>","protected":false},"excerpt":{"rendered":"<h3><strong>QIZHILE 90009 Garage Parkplatz<\/strong><\/h3>\n<h3><span data-text-color=\"alert\"><strong>Available in July 2020<\/strong><\/span><\/h3>\n<ul>\n<li>Ziegelmenge: <strong>2436+ <\/strong>pcs + Top Led light Block<\/li>\n<li>Service: Kostenlose Ersatzteile<\/li>\n<li>Notiz: <span style=\"text-decoration: underline;\" data-text-color=\"alert\"><strong>Keine Originalverpackung<\/strong><\/span>, Verwenden Sie einen Luftpolsterbeutel oder einen leeren Karton.<\/li>\n<\/ul>\n<div id=\"gtx-trans\" style=\"position: absolute; left: 567px; top: 231.625px;\">\n<div class=\"gtx-trans-icon\"><\/div>\n<\/div>","protected":false},"featured_media":13968,"comment_status":"open","ping_status":"closed","template":"","meta":{"_acf_changed":false},"product_cat":[15],"product_tag":[],"class_list":["product","first","instock","shipping-taxable","purchasable","product-type-simple"],"acf":[],"_links":{"self":[{"href":"https:\/\/mouldking.store\/de\/wp-json\/wp\/v2\/product\/13967","targetHints":{"allow":["GET"]}}],"collection":[{"href":"https:\/\/mouldking.store\/de\/wp-json\/wp\/v2\/product"}],"about":[{"href":"https:\/\/mouldking.store\/de\/wp-json\/wp\/v2\/types\/product"}],"replies":[{"embeddable":true,"href":"https:\/\/mouldking.store\/de\/wp-json\/wp\/v2\/comments?post=13967"}],"wp:featuredmedia":[{"embeddable":true,"href":"https:\/\/mouldking.store\/de\/wp-json\/wp\/v2\/media\/13968"}],"wp:attachment":[{"href":"https:\/\/mouldking.store\/de\/wp-json\/wp\/v2\/media?parent=13967"}],"wp:term":[{"taxonomy":"product_cat","embeddable":true,"href":"https:\/\/mouldking.store\/de\/wp-json\/wp\/v2\/product_cat?post=13967"},{"taxonomy":"product_tag","embeddable":true,"href":"https:\/\/mouldking.store\/de\/wp-json\/wp\/v2\/product_tag?post=13967"}],"curies":[{"name":"wp","href":"https:\/\/api.w.org\/{rel}","templated":true}]}}