{"id":14011,"date":"2021-09-28T03:01:40","date_gmt":"2021-09-27T20:01:40","guid":{"rendered":"https:\/\/mouldking.store\/product\/18k-rx78-2-the-first-gundam-mobile-suit-160-26001-6951185"},"modified":"2022-09-19T10:12:29","modified_gmt":"2022-09-19T03:12:29","slug":"18k-rx78-2-the-first-gundam-mobile-suit-160-26001","status":"publish","type":"product","link":"https:\/\/mouldking.store\/de\/shop\/18k-rx78-2-the-first-gundam-mobile-suit-160-26001\/","title":{"rendered":"18K RX78-2 Der erste mobile Gundam-Anzug 1:60 26001"},"content":{"rendered":"<p><strong>PRODUKTDETAIL<\/strong><\/p>\n<p>18K RX78-2 The First Gundam Mobile Suit 1:60 26001 basiert auf RX78-2 The First Gundam Mobile Suit im Verh\u00e4ltnis 1:60. Es ist ein tolles Brick-Set 18K RX78-2 The First Gundam Mobile Suit 1:60 26001<\/p>\n<ul>\n<li>+ 12000 Teile aus hochwertigen 100% ABS-Kunststoffsteinen, sicher f\u00fcr Kinder, lange Spielzeit, 100% kompatibel mit anderen Steinmarken<\/li>\n<li><span style=\"font-size: 14.4px;\">Einfach zu bauen mit manueller Anleitung von xxx <\/span><span style=\"font-size: 14.4px; color: #555555;\">mit Stein-f\u00fcr-Stein-Anleitung und hochwertigen Bildern<\/span><\/li>\n<li><span style=\"font-size: 14.4px;\">Vollst\u00e4ndige Abmessungen des 18K RX78-2 The First Gundam Mobile Suit 1:60 26001: 90 cm hoch<\/span><\/li>\n<\/ul>\n<p>\u00a0<\/p>\n<h4><strong>LIEFERUNG &amp; R\u00dcCKGABE<\/strong><\/h4>\n<p>Wir garantieren f\u00fcr 18K RX78-2 The First Gundam Mobile Suit 1:60 26001<\/p>\n<ul>\n<li>Volle R\u00fcckerstattung, wenn Sie Ihre Bestellung nicht erhalten<\/li>\n<li>Kostenlos f\u00fcr fehlende Teile oder Handbuchbuch sorgen<\/li>\n<li>Der Kunde zahlt keine Steuern und Zollgeb\u00fchren mehr. (Wenn Sie bezahlen m\u00fcssen, erstatten wir Ihnen zur\u00fcck)<\/li>\n<li>Der internationale Versand ist ziemlich kompliziert, wir bem\u00fchen uns, alle Ihre Probleme zu bearbeiten. Wenn Ihre Bestellung jedoch Probleme hat, kontaktieren Sie uns bitte per E-Mail<\/li>\n<li><span data-text-color=\"alert\"><strong>Bestellung stornieren:<\/strong><\/span> Wenn Sie eine Bestellung stornieren m\u00fcssen, m\u00fcssen Sie uns so schnell wie m\u00f6glich per E-Mail an contact@pay.lpwstore.com kontaktieren. Wir k\u00f6nnen die Bestellung nicht vor 48 Stunden stoppen<\/li>\n<\/ul>\n<h4><strong>FEHLENDE TEILE<\/strong><\/h4>\n<p>Alle Teile des 18K RX78-2 The First Gundam Mobile Suit 1:60 26001 werden vor dem Versand einer Qualit\u00e4tspr\u00fcfung unterzogen. Wenn Sie also fehlende oder besch\u00e4digte Teile finden, machen Sie sich keine Sorgen. Bitte kontaktieren Sie uns und wir senden sie Ihnen kostenlos zu, oder wir bieten Ihnen eine kleine R\u00fcckerstattung, damit Sie sie an anderen Orten kaufen k\u00f6nnen.<\/p>\n<h4><strong>PAKET<\/strong><\/h4>\n<p>18K RX78-2 The First Gundam Mobile Suit 1:60 26001 neu in versiegelter Tasche mit Luftpolsterverpackung (keine Originalverpackung, Originalverpackung ist zu gro\u00df und kann beim Versand leicht besch\u00e4digt werden, wodurch Sie Kosten sparen. Wir versprechen es Packen Sie die Bl\u00f6cke gut ein.\u00a0<\/p>\n<p><figure id=\"attachment_188491\" aria-describedby=\"caption-attachment-188491\" style=\"width: 800px\" class=\"wp-caption aligncenter\"><img fetchpriority=\"high\" decoding=\"async\" class=\"size-full wp-image-188491\" title=\"Super 18K RX78-2 Der erste Gundam Mobile Suit 1:60\" src=\"https:\/\/pay.lpwstore.com\/wp-content\/uploads\/2020\/05\/super-18k-rx78-2-the-first-gundam-mobile-suit-160-114252.jpg\" alt=\"Super 18K RX78-2 The First Gundam Mobile Suit 1:60\" width=\"800\" height=\"800\" \/><figcaption id=\"caption-attachment-188491\" class=\"wp-caption-text\">Super 18K RX78-2 Der erste Gundam Mobile Suit 1:60<\/figcaption><\/figure><figure id=\"attachment_188492\" aria-describedby=\"caption-attachment-188492\" style=\"width: 800px\" class=\"wp-caption aligncenter\"><img decoding=\"async\" class=\"size-full wp-image-188492\" title=\"Super 18K RX78-2 Der erste Gundam Mobile Suit 1:60\" src=\"https:\/\/pay.lpwstore.com\/wp-content\/uploads\/2020\/05\/super-18k-rx78-2-the-first-gundam-mobile-suit-160-114254.jpg\" alt=\"Super 18K RX78-2 The First Gundam Mobile Suit 1:60\" width=\"800\" height=\"800\" \/><figcaption id=\"caption-attachment-188492\" class=\"wp-caption-text\">Super 18K RX78-2 Der erste Gundam Mobile Suit 1:60<\/figcaption><\/figure><figure id=\"attachment_188493\" aria-describedby=\"caption-attachment-188493\" style=\"width: 800px\" class=\"wp-caption aligncenter\"><img decoding=\"async\" class=\"size-full wp-image-188493\" title=\"Super 18K RX78-2 Der erste Gundam Mobile Suit 1:60\" src=\"https:\/\/pay.lpwstore.com\/wp-content\/uploads\/2020\/05\/super-18k-rx78-2-the-first-gundam-mobile-suit-160-114255.jpg\" alt=\"Super 18K RX78-2 The First Gundam Mobile Suit 1:60\" width=\"800\" height=\"800\" \/><figcaption id=\"caption-attachment-188493\" class=\"wp-caption-text\">Super 18K RX78-2 Der erste Gundam Mobile Suit 1:60<\/figcaption><\/figure><figure id=\"attachment_188494\" aria-describedby=\"caption-attachment-188494\" style=\"width: 800px\" class=\"wp-caption aligncenter\"><img loading=\"lazy\" decoding=\"async\" class=\"size-full wp-image-188494\" title=\"Super 18K RX78-2 Der erste Gundam Mobile Suit 1:60\" src=\"https:\/\/pay.lpwstore.com\/wp-content\/uploads\/2020\/05\/super-18k-rx78-2-the-first-gundam-mobile-suit-160-114258.jpg\" alt=\"Super 18K RX78-2 The First Gundam Mobile Suit 1:60\" width=\"800\" height=\"800\" \/><figcaption id=\"caption-attachment-188494\" class=\"wp-caption-text\">Super 18K RX78-2 Der erste Gundam Mobile Suit 1:60<\/figcaption><\/figure><figure id=\"attachment_188495\" aria-describedby=\"caption-attachment-188495\" style=\"width: 800px\" class=\"wp-caption aligncenter\"><img loading=\"lazy\" decoding=\"async\" class=\"size-full wp-image-188495\" title=\"Super 18K RX78-2 Der erste Gundam Mobile Suit 1:60\" src=\"https:\/\/pay.lpwstore.com\/wp-content\/uploads\/2020\/05\/super-18k-rx78-2-the-first-gundam-mobile-suit-160-114300.jpg\" alt=\"Super 18K RX78-2 The First Gundam Mobile Suit 1:60\" width=\"800\" height=\"800\" \/><figcaption id=\"caption-attachment-188495\" class=\"wp-caption-text\">Super 18K RX78-2 Der erste Gundam Mobile Suit 1:60<\/figcaption><\/figure><figure id=\"attachment_188496\" aria-describedby=\"caption-attachment-188496\" style=\"width: 266px\" class=\"wp-caption aligncenter\"><img loading=\"lazy\" decoding=\"async\" class=\"size-full wp-image-188496\" title=\"Super 18K RX78-2 Der erste Gundam Mobile Suit 1:60\" src=\"https:\/\/pay.lpwstore.com\/wp-content\/uploads\/2020\/05\/super-18k-rx78-2-the-first-gundam-mobile-suit-160-114303.jpg\" alt=\"Super 18K RX78-2 The First Gundam Mobile Suit 1:60\" width=\"266\" height=\"1280\" \/><figcaption id=\"caption-attachment-188496\" class=\"wp-caption-text\">Super 18K RX78-2 Der erste Gundam Mobile Suit 1:60<\/figcaption><\/figure><\/p>\n<div class=\"richtext_wrap\">\n<div class=\"richtext\">Die erste Generation Gundam Gundam RX-78-2 Mobile Suit 1:60 (Gundam RX78-2 Static model) geh\u00f6rt zu den fortschrittlichen Modellreihen der Baukastensets. Das gesamte Set enth\u00e4lt 3500 Bausteinpartikel. Es wird 2019 eingef\u00fchrt.<\/div>\n<\/div>\n<div id=\"gtx-trans\" style=\"position: absolute; left: -13px; top: 671.316px;\">\n<div class=\"gtx-trans-icon\">\u00a0<\/div>\n<\/div>","protected":false},"excerpt":{"rendered":"<h3><strong>18K RX78-2 Der erste mobile Gundam-Anzug 1:60 26001<\/strong><\/h3>\n<h3>\u00a0<\/h3>\n<ul>\n<li>Ziegelmenge: <strong>12000+ <\/strong>Stck<\/li>\n<li>Service: Kostenlose Ersatzteile<\/li>\n<li>Notiz: <span style=\"text-decoration: underline;\" data-text-color=\"alert\"><strong>Keine Originalverpackung<\/strong><\/span>, Verwenden Sie einen Luftpolsterbeutel oder einen leeren Karton.<\/li>\n<\/ul>","protected":false},"featured_media":14012,"comment_status":"open","ping_status":"closed","template":"","meta":{"_acf_changed":false},"product_cat":[15],"product_tag":[],"class_list":["product","first","instock","shipping-taxable","purchasable","product-type-simple"],"acf":[],"_links":{"self":[{"href":"https:\/\/mouldking.store\/de\/wp-json\/wp\/v2\/product\/14011","targetHints":{"allow":["GET"]}}],"collection":[{"href":"https:\/\/mouldking.store\/de\/wp-json\/wp\/v2\/product"}],"about":[{"href":"https:\/\/mouldking.store\/de\/wp-json\/wp\/v2\/types\/product"}],"replies":[{"embeddable":true,"href":"https:\/\/mouldking.store\/de\/wp-json\/wp\/v2\/comments?post=14011"}],"wp:featuredmedia":[{"embeddable":true,"href":"https:\/\/mouldking.store\/de\/wp-json\/wp\/v2\/media\/14012"}],"wp:attachment":[{"href":"https:\/\/mouldking.store\/de\/wp-json\/wp\/v2\/media?parent=14011"}],"wp:term":[{"taxonomy":"product_cat","embeddable":true,"href":"https:\/\/mouldking.store\/de\/wp-json\/wp\/v2\/product_cat?post=14011"},{"taxonomy":"product_tag","embeddable":true,"href":"https:\/\/mouldking.store\/de\/wp-json\/wp\/v2\/product_tag?post=14011"}],"curies":[{"name":"wp","href":"https:\/\/api.w.org\/{rel}","templated":true}]}}