{"id":14032,"date":"2021-09-28T03:02:27","date_gmt":"2021-09-27T20:02:27","guid":{"rendered":"https:\/\/mouldking.store\/product\/lej-906-moc-31189-il-toro-azzurro-super-car-9985005"},"modified":"2025-12-25T09:28:05","modified_gmt":"2025-12-25T02:28:05","slug":"lej-906-moc-31189-il-toro-azzurro-super-car","status":"publish","type":"product","link":"https:\/\/mouldking.store\/de\/shop\/lej-906-moc-31189-il-toro-azzurro-super-car\/","title":{"rendered":"LEJ 906 MOC 31189 Il Toro Azzurro Superauto"},"content":{"rendered":"<h4><strong>PRODUKTDETAIL<\/strong><\/h4>\n<h4>An awesome Brick set LEJ 906 MOC 31189 Il Toro Azzurro Super Car based on MOC 31189 Il Toro Azzurro, include:<\/h4>\n<ul>\n<li>A V10 in the front,<\/li>\n<li>A 4 speed sequential gearbox operated with flappy pedals at the steering wheel,<\/li>\n<li>A0 D-N-R switch in the console, independent suspension on all wheels,<\/li>\n<li>4 wheel drive<\/li>\n<li>All doors can open.<\/li>\n<\/ul>\n<h4>\u2022 +2700\u00a0 pieces made from high-quality 100% ABS plastic bricks, safe for children, long time to play, 100% compatible with other brick brands<\/h4>\n<p><span style=\"font-size: 14.4px\">\u2022 Easy-to-build with manual instruction of LEJ 906 MOC 31189 Il Toro Azzurro Super Car<\/span><span style=\"font-size: 14.4px\">\u00a0brick by brick guide and high quality pictures<\/span><\/p>\n<p><span style=\"font-size: 14.4px\">\u2022 Full dimensions of LEJ 906 MOC 31189 Il Toro Azzurro Super Car<\/span><\/p>\n<figure id=\"attachment_188831\" aria-describedby=\"caption-attachment-188831\" style=\"width: 750px\" class=\"wp-caption alignnone\"><img fetchpriority=\"high\" decoding=\"async\" class=\"size-full wp-image-188831\" src=\"https:\/\/pay.lpwstore.com\/wp-content\/uploads\/2020\/05\/LEJ-906-MOC-31189-Il-Toro-Azzurro-Super-Car-2.jpg\" alt=\"-\" width=\"750\" height=\"424\" title=\"-\"><figcaption id=\"caption-attachment-188831\" class=\"wp-caption-text\">LEJ 906 MOC 31189 Il Toro Azzurro Superauto<\/figcaption><\/figure>\n<h4><strong>LIEFERUNG &amp; R\u00dcCKGABE<\/strong><\/h4>\n<ul>\n<li>We guarantee for LEJ 906 MOC 31189 Il Toro Azzurro Super Car: &#8211; Full refund if do not receive your order &#8211; Free provide for missing pieces or Manual book &#8211; Customer will not pay any more for tax and customs fee. (If you have to pay, we will refund to you)<\/li>\n<li>Der internationale Versand ist ziemlich kompliziert, wir bem\u00fchen uns, alle Ihre Probleme zu bearbeiten. Wenn Ihre Bestellung jedoch Probleme hat, kontaktieren Sie uns bitte per E-Mail<\/li>\n<li>Bestellung stornieren: Wenn Sie eine Bestellung stornieren m\u00fcssen, m\u00fcssen Sie uns so schnell wie m\u00f6glich per E-Mail an contact@pay.lpwstore.com kontaktieren. Wir k\u00f6nnen die Bestellung nicht vor 48 Stunden stoppen<\/li>\n<\/ul>\n<h4><strong>FEHLENDE TEILE<\/strong><\/h4>\n<p>All parts of LEJ 906 MOC 31189 Il Toro Azzurro Super Car \u00a0are quality checked before shipping, so if you find some missing or damaged parts, don&#8217;t worry.\u00a0 Please contact us and we will send them to you without any fees, or we will offer a small refund for you to buy in other places<\/p>\n<figure id=\"attachment_188842\" aria-describedby=\"caption-attachment-188842\" style=\"width: 1000px\" class=\"wp-caption alignnone\"><img decoding=\"async\" class=\"size-full wp-image-188842\" src=\"https:\/\/pay.lpwstore.com\/wp-content\/uploads\/2020\/05\/LEJ-906-MOC-31189-Il-Toro-Azzurro-Super-Car-11.png\" alt=\"-\" width=\"1000\" height=\"1000\" title=\"-\"><figcaption id=\"caption-attachment-188842\" class=\"wp-caption-text\">LEJ 906 MOC 31189 Il Toro Azzurro Superauto<\/figcaption><\/figure>\n<figure id=\"attachment_188841\" aria-describedby=\"caption-attachment-188841\" style=\"width: 1000px\" class=\"wp-caption alignnone\"><img decoding=\"async\" class=\"size-full wp-image-188841\" src=\"https:\/\/pay.lpwstore.com\/wp-content\/uploads\/2020\/05\/LEJ-906-MOC-31189-Il-Toro-Azzurro-Super-Car-10.png\" alt=\"-\" width=\"1000\" height=\"1000\" title=\"-\"><figcaption id=\"caption-attachment-188841\" class=\"wp-caption-text\">LEJ 906 MOC 31189 Il Toro Azzurro Superauto<\/figcaption><\/figure>\n<figure id=\"attachment_188840\" aria-describedby=\"caption-attachment-188840\" style=\"width: 1000px\" class=\"wp-caption alignnone\"><img loading=\"lazy\" decoding=\"async\" class=\"size-full wp-image-188840\" src=\"https:\/\/pay.lpwstore.com\/wp-content\/uploads\/2020\/05\/LEJ-906-MOC-31189-Il-Toro-Azzurro-Super-Car-9.png\" alt=\"-\" width=\"1000\" height=\"1000\" title=\"-\"><figcaption id=\"caption-attachment-188840\" class=\"wp-caption-text\">LEJ 906 MOC 31189 Il Toro Azzurro Superauto<\/figcaption><\/figure>\n<p><img loading=\"lazy\" decoding=\"async\" class=\"alignnone size-full wp-image-188839\" src=\"https:\/\/pay.lpwstore.com\/wp-content\/uploads\/2020\/05\/LEJ-906-MOC-31189-Il-Toro-Azzurro-Super-Car-8.png\" alt=\"-\" width=\"750\" height=\"725\" title=\"-\"><\/p>\n<figure id=\"attachment_188838\" aria-describedby=\"caption-attachment-188838\" style=\"width: 1000px\" class=\"wp-caption alignnone\"><img loading=\"lazy\" decoding=\"async\" class=\"size-full wp-image-188838\" src=\"https:\/\/pay.lpwstore.com\/wp-content\/uploads\/2020\/05\/LEJ-906-MOC-31189-Il-Toro-Azzurro-Super-Car-7.png\" alt=\"-\" width=\"1000\" height=\"1000\" title=\"-\"><figcaption id=\"caption-attachment-188838\" class=\"wp-caption-text\">LEJ 906 MOC 31189 Il Toro Azzurro Superauto<\/figcaption><\/figure>\n<figure id=\"attachment_188836\" aria-describedby=\"caption-attachment-188836\" style=\"width: 1000px\" class=\"wp-caption alignnone\"><img loading=\"lazy\" decoding=\"async\" class=\"size-full wp-image-188836\" src=\"https:\/\/pay.lpwstore.com\/wp-content\/uploads\/2020\/05\/LEJ-906-MOC-31189-Il-Toro-Azzurro-Super-Car-5.png\" alt=\"-\" width=\"1000\" height=\"888\" title=\"-\"><figcaption id=\"caption-attachment-188836\" class=\"wp-caption-text\">LEJ 906 MOC 31189 Il Toro Azzurro Superauto<\/figcaption><\/figure>\n<figure id=\"attachment_188835\" aria-describedby=\"caption-attachment-188835\" style=\"width: 750px\" class=\"wp-caption alignnone\"><img loading=\"lazy\" decoding=\"async\" class=\"size-full wp-image-188835\" src=\"https:\/\/pay.lpwstore.com\/wp-content\/uploads\/2020\/05\/LEJ-906-MOC-31189-Il-Toro-Azzurro-Super-Car-4.jpg\" alt=\"-\" width=\"750\" height=\"750\" title=\"-\"><figcaption id=\"caption-attachment-188835\" class=\"wp-caption-text\">LEJ 906 MOC 31189 Il Toro Azzurro Superauto<\/figcaption><\/figure>\n<figure id=\"attachment_188834\" aria-describedby=\"caption-attachment-188834\" style=\"width: 970px\" class=\"wp-caption alignnone\"><img loading=\"lazy\" decoding=\"async\" class=\"size-large wp-image-188834\" src=\"https:\/\/pay.lpwstore.com\/wp-content\/uploads\/2020\/05\/LEJ-906-MOC-31189-Il-Toro-Azzurro-Super-Car-3-970x1024.png\" alt=\"-\" width=\"970\" height=\"1024\" title=\"-\"><figcaption id=\"caption-attachment-188834\" class=\"wp-caption-text\">LEJ 906 MOC 31189 Il Toro Azzurro Superauto<\/figcaption><\/figure>\n<figure id=\"attachment_188833\" aria-describedby=\"caption-attachment-188833\" style=\"width: 750px\" class=\"wp-caption alignnone\"><img loading=\"lazy\" decoding=\"async\" class=\"size-full wp-image-188833\" src=\"https:\/\/pay.lpwstore.com\/wp-content\/uploads\/2020\/05\/LEJ-906-MOC-31189-Il-Toro-Azzurro-Super-Car-3.jpg\" alt=\"-\" width=\"750\" height=\"750\" title=\"-\"><figcaption id=\"caption-attachment-188833\" class=\"wp-caption-text\">LEJ 906 MOC 31189 Il Toro Azzurro Superauto<\/figcaption><\/figure>\n<figure id=\"attachment_188832\" aria-describedby=\"caption-attachment-188832\" style=\"width: 1000px\" class=\"wp-caption alignnone\"><img loading=\"lazy\" decoding=\"async\" class=\"size-full wp-image-188832\" src=\"https:\/\/pay.lpwstore.com\/wp-content\/uploads\/2020\/05\/LEJ-906-MOC-31189-Il-Toro-Azzurro-Super-Car-2.png\" alt=\"-\" width=\"1000\" height=\"1012\" title=\"-\"><figcaption id=\"caption-attachment-188832\" class=\"wp-caption-text\">LEJ 906 MOC 31189 Il Toro Azzurro Superauto<\/figcaption><\/figure>\n<figure id=\"attachment_188829\" aria-describedby=\"caption-attachment-188829\" style=\"width: 750px\" class=\"wp-caption alignnone\"><img loading=\"lazy\" decoding=\"async\" class=\"size-full wp-image-188829\" src=\"https:\/\/pay.lpwstore.com\/wp-content\/uploads\/2020\/05\/LEJ-906-MOC-31189-Il-Toro-Azzurro-Super-Car-1.jpg\" alt=\"-\" width=\"750\" height=\"562\" title=\"-\"><figcaption id=\"caption-attachment-188829\" class=\"wp-caption-text\">LEJ 906 MOC 31189 Il Toro Azzurro Superauto<\/figcaption><\/figure>","protected":false},"excerpt":{"rendered":"<p><strong>LEJ 906 MOC 31189 Il Toro Azzurro Superauto<\/strong><\/p>\n<ul>\n<li>Ziegelmenge: <strong>2700+ <\/strong>pcs \/\u00a0<span style=\"text-decoration: underline\" data-text-color=\"alert\"><strong>No MOTOR VERSION<\/strong><\/span><\/li>\n<li>Service: Kostenlose Ersatzteile<\/li>\n<li>Notiz: <span style=\"text-decoration: underline\" data-text-color=\"alert\"><strong>Keine Originalverpackung<\/strong><\/span>, Verwenden Sie einen Luftpolsterbeutel oder einen leeren Karton.<\/li>\n<\/ul>\n<div class=\"jfk-bubble gtx-bubble\" role=\"alertdialog\" aria-describedby=\"bubble-7\">\n<div id=\"bubble-7\" class=\"jfk-bubble-content-id\">\n<div id=\"gtx-host\" style=\"min-width: 200px;max-width: 400px\"><\/div>\n<\/div>\n<div class=\"jfk-bubble-closebtn-id jfk-bubble-closebtn\" role=\"button\" aria-label=\"Schlie\u00dfen\"><\/div>\n<div class=\"jfk-bubble-arrow-id jfk-bubble-arrow jfk-bubble-arrowup\">\n<div class=\"jfk-bubble-arrowimplbefore\"><\/div>\n<div class=\"jfk-bubble-arrowimplafter\"><\/div>\n<\/div>\n<\/div>","protected":false},"featured_media":14033,"comment_status":"open","ping_status":"closed","template":"","meta":{"_acf_changed":false},"product_cat":[15],"product_tag":[4450],"class_list":["product","first","instock","shipping-taxable","purchasable","product-type-simple"],"acf":[],"_links":{"self":[{"href":"https:\/\/mouldking.store\/de\/wp-json\/wp\/v2\/product\/14032","targetHints":{"allow":["GET"]}}],"collection":[{"href":"https:\/\/mouldking.store\/de\/wp-json\/wp\/v2\/product"}],"about":[{"href":"https:\/\/mouldking.store\/de\/wp-json\/wp\/v2\/types\/product"}],"replies":[{"embeddable":true,"href":"https:\/\/mouldking.store\/de\/wp-json\/wp\/v2\/comments?post=14032"}],"wp:featuredmedia":[{"embeddable":true,"href":"https:\/\/mouldking.store\/de\/wp-json\/wp\/v2\/media\/14033"}],"wp:attachment":[{"href":"https:\/\/mouldking.store\/de\/wp-json\/wp\/v2\/media?parent=14032"}],"wp:term":[{"taxonomy":"product_cat","embeddable":true,"href":"https:\/\/mouldking.store\/de\/wp-json\/wp\/v2\/product_cat?post=14032"},{"taxonomy":"product_tag","embeddable":true,"href":"https:\/\/mouldking.store\/de\/wp-json\/wp\/v2\/product_tag?post=14032"}],"curies":[{"name":"wp","href":"https:\/\/api.w.org\/{rel}","templated":true}]}}