{"id":14047,"date":"2021-09-28T03:02:42","date_gmt":"2021-09-28T03:02:42","guid":{"rendered":"https:\/\/mouldking.store\/product\/sy-1200-silent-mary-ship-pirate-of-the-caribbean-compatible-71042-16042-6413235"},"modified":"2021-12-23T09:54:32","modified_gmt":"2021-12-23T09:54:32","slug":"sy-1200-silent-mary-ship-pirate-of-the-caribbean-compatible-71042-16042","status":"publish","type":"product","link":"https:\/\/mouldking.store\/de\/shop\/sy-1200-silent-mary-ship-pirate-of-the-caribbean-compatible-71042-16042\/","title":{"rendered":"SY 1200 Silent Mary Ship Pirate of the Caribbean kompatibel 71042 16042"},"content":{"rendered":"<figure id=\"attachment_189184\" aria-describedby=\"caption-attachment-189184\" style=\"width: 2500px\" class=\"wp-caption aligncenter\"><img fetchpriority=\"high\" decoding=\"async\" class=\"size-full wp-image-189184\" title=\"SY 1200 Piratenkaribikschiff Silent Mary Kompatibel mit LEGO 71042 LEPIN 16042\" src=\"https:\/\/pay.lpwstore.com\/wp-content\/uploads\/2020\/05\/sy-1200-pirate-caribbean-ship-silent-mary-compatible-lego-71042-lepin-16042-111445.jpg\" alt=\"SY 1200 Pirate Caribbean Ship Silent Mary Compatible LEGO 71042 LEPIN 16042\" width=\"2500\" height=\"1609\" \/><figcaption id=\"caption-attachment-189184\" class=\"wp-caption-text\">SY 1200 Piratenkaribisches Schiff Silent Mary Kompatibel 71042 16042<\/figcaption><\/figure>\n<div class=\"set_text\">Als sie das Geheimnis der stillen Mary entdeckte, hob sie den aufklappbaren Bug, \u00f6ffnete den Skelettrumpf und wechselte vom Segelmodus in den Angriffsmodus. \u00d6ffnen Sie die Mitte des Rumpfes, betreten Sie das Innere und lassen Sie den Geisterhai frei. Reproduzieren Sie das Geheimnis der im Kampf zerst\u00f6rten stillen Mary mit dieser exquisiten Lego-Replik, die einen faltbaren Hauptmast, einen aufklappbaren Bug, einen aufklappbaren Rumpf sowie acht Minifiguren aus Filmfiguren und zwei Geisterhaie enth\u00e4lt. Lassen Sie diese beeindruckende Nachbildung des stillen Geisterschiffs Mary die Magie von Disneys Fluch der Karibik zu sich nach Hause bringen. Dieses Modell bietet ein zufriedenstellendes Bau- und Spielerlebnis. Mit integriertem Sockel, geeignet f\u00fcr die Pr\u00e4sentation zu Hause und im B\u00fcro. Enth\u00e4lt 8 Minifiguren, Captain Jack Sparrow, Captain Henry, Karina, Captain Lesano, Captain Armando Salazar, Officer Magoda, Officer Santos, Silent Mary&#039;s Masthead und 2 zerlegte Geisterhaie. Enth\u00e4lt ein bewegliches Bugteil, einen aufklappbaren Skelettrumpf und Details zu Verfall und Zerst\u00f6rung, ein bewegliches Ruder, 3 Masten, darunter einen klappbaren Hauptmast, einen Bugspriet mit Kr\u00e4hennest und Mast, ein zerbrochenes Schiffssegel, ein exquisites Achterdeck und ein Ruderboot mit 2 Rudern. Es enth\u00e4lt auch Schilde und Schwertzubeh\u00f6r, das aus dem Bogen von Silent Mary geschnitzt wurde. Zur Ausr\u00fcstung geh\u00f6ren 2 graue Schwerter, 3 schwarze Schwerter und 1 Pistole. Als Zubeh\u00f6r sind ein Kompasssextant, 2 Ferngl\u00e4ser und ein Schiffsmodell in Flaschen enthalten. Zu den besonderen Accessoires geh\u00f6ren die Per\u00fccke von Kapit\u00e4n Salazar und ein dekoratives Galileo-Tagebuch mit bedruckten Einb\u00e4nden und astronomischen Seiten.<\/p>\n<hr \/>\n<p>Holen Sie sich mit dieser beeindruckenden Nachbildung des Geisterschiffs Silent Mary den Zauber von Disneys Fluch der Karibik nach Hause. Dieses hochdetaillierte Modell mit \u00fcber 2.200 Teilen verf\u00fcgt \u00fcber einen aufklappbaren Bugabschnitt, einen aufklappbaren Skelettrumpf mit Verfalls- und Zerst\u00f6rungsdetails, ein bewegliches Ruder, einen zusammenklappbaren Hauptmast und zwei weitere Masten, einen langen Bugspriet mit Kr\u00e4hennest und Mast, zerfetzte Segel, ein detailliertes Achterdeck sowie ein Ruderboot mit zwei Rudern und einer Reihe von Waffen und Zubeh\u00f6relementen. Dieses Modell bietet ein lohnendes Bau- und Spielerlebnis, und der integrierte St\u00e4nder macht es f\u00fcr die Pr\u00e4sentation zu Hause oder im B\u00fcro geeignet. Enth\u00e4lt au\u00dferdem acht Minifiguren: Captain Jack Sparrow, Henry, Carina, Lieutenant Lesaro, Captain Salazar, Officer Magda, Officer Santos und die Silent Mary Masthead sowie zwei abnehmbare Geisterhaie.<\/p>\n<ul>\n<li>Enth\u00e4lt acht Minifiguren: Captain Jack Sparrow, Henry, Carina, Lieutenant Lesaro, Captain Salazar, Officer Magda, Officer Santos und die Silent Mary Masthead sowie zwei abnehmbare Geisterhaie.<\/li>\n<li>Verf\u00fcgt \u00fcber einen aufklappbaren Bugabschnitt, einen aufklappbaren Skelettrumpf mit Verfalls- und Zerst\u00f6rungsdetails, ein bewegliches Ruder, drei Masten, darunter einen zusammenklappbaren Hauptmast, einen langen Bugspriet mit Kr\u00e4hennest und Mast, zerfetzte Segel, ein detailliertes Achterdeck sowie ein Ruderboot mit zwei Rudern.<\/li>\n<li>Zur Ausr\u00fcstung geh\u00f6ren zwei graue Schwerter, drei schwarze Schwerter und eine Pistole.<\/li>\n<li>Enth\u00e4lt auch die Schild- und Schwertelemente der Silent Mary-Mastspitze.<\/li>\n<li>Zu den Zubeh\u00f6relementen geh\u00f6ren ein Kompass, ein Sextant, ein Monokular, zwei Besen und ein Flaschenschiff.<\/li>\n<li>Zu den besonderen Elementen geh\u00f6ren das Haarteil von Kapit\u00e4n Salazar und ein dekoriertes Galileo-Tagebuch mit bedrucktem Einband und Astronomieseite.<\/li>\n<li>Heben Sie den aufklappbaren Bugteil an und \u00f6ffnen Sie den Skelettrumpf, um vom Segelmodus in den Angriffsmodus zu wechseln.<\/li>\n<li>\u00d6ffnen Sie die Rumpfmitte, um auf die Geisterhaie zuzugreifen und sie freizulassen.<\/li>\n<li>Dieses Set enth\u00e4lt \u00fcber 2.200 Teile.<\/li>\n<li>Die Silent Mary mit dem Hauptmast in vertikaler Position ist \u00fcber 18 Zoll (48 cm) hoch, 26 Zoll (68 cm) lang und 8 Zoll (22 cm) breit und \u00fcber 14 Zoll (36 cm) breit, wenn der Hauptmast zusammengeklappt ist.<\/li>\n<\/ul>\n<\/div>\n<hr \/>\n<p>Silent Mary geh\u00f6rt zum Baukasten der Film- und Fernsehspielserie. Das gesamte Set enth\u00e4lt 2294 Bausteinpartikel. 71042 wurde erstmals 2017 auf den Markt gebracht und sp\u00e4ter von inl\u00e4ndischen Bausteinmarken wie , Shengyuan S brand SY, Leyi LERI \/ Bole Bela und LEJI LEJI graviert.<\/p>","protected":false},"excerpt":{"rendered":"<ul>\n<li>Enthalten <strong>2294+<\/strong> Stck<\/li>\n<li>Handbuch Anleitungsbuch<\/li>\n<\/ul>","protected":false},"featured_media":14048,"comment_status":"open","ping_status":"closed","template":"","meta":{"_acf_changed":false},"product_cat":[],"product_tag":[],"class_list":["product","first","instock","shipping-taxable","purchasable","product-type-simple"],"acf":[],"_links":{"self":[{"href":"https:\/\/mouldking.store\/de\/wp-json\/wp\/v2\/product\/14047","targetHints":{"allow":["GET"]}}],"collection":[{"href":"https:\/\/mouldking.store\/de\/wp-json\/wp\/v2\/product"}],"about":[{"href":"https:\/\/mouldking.store\/de\/wp-json\/wp\/v2\/types\/product"}],"replies":[{"embeddable":true,"href":"https:\/\/mouldking.store\/de\/wp-json\/wp\/v2\/comments?post=14047"}],"wp:featuredmedia":[{"embeddable":true,"href":"https:\/\/mouldking.store\/de\/wp-json\/wp\/v2\/media\/14048"}],"wp:attachment":[{"href":"https:\/\/mouldking.store\/de\/wp-json\/wp\/v2\/media?parent=14047"}],"wp:term":[{"taxonomy":"product_cat","embeddable":true,"href":"https:\/\/mouldking.store\/de\/wp-json\/wp\/v2\/product_cat?post=14047"},{"taxonomy":"product_tag","embeddable":true,"href":"https:\/\/mouldking.store\/de\/wp-json\/wp\/v2\/product_tag?post=14047"}],"curies":[{"name":"wp","href":"https:\/\/api.w.org\/{rel}","templated":true}]}}