{"id":14064,"date":"2021-09-28T03:02:52","date_gmt":"2021-09-28T03:02:52","guid":{"rendered":"https:\/\/mouldking.store\/product\/urge-10011-post-office-building-2654885"},"modified":"2021-12-23T09:54:32","modified_gmt":"2021-12-23T09:54:32","slug":"urge-10011-post-office-building","status":"publish","type":"product","link":"https:\/\/mouldking.store\/de\/shop\/urge-10011-post-office-building\/","title":{"rendered":"URGE 10011 Postgeb\u00e4ude"},"content":{"rendered":"<p><strong>PRODUKTDETAIL<\/strong><\/p>\n<p>URGE 10011 Post Office Building basiert auf Post Office Building . Es ist ein tolles Brick-Set URGE 10011 Post Office Building<\/p>\n<figure id=\"attachment_189367\" aria-describedby=\"caption-attachment-189367\" style=\"width: 914px\" class=\"wp-caption alignnone\"><img fetchpriority=\"high\" decoding=\"async\" class=\"size-full wp-image-189367\" src=\"https:\/\/pay.lpwstore.com\/wp-content\/uploads\/2020\/05\/URGE-10011-Post-Office.jpg\" alt=\"-\" width=\"914\" height=\"914\" title=\"-\"><figcaption id=\"caption-attachment-189367\" class=\"wp-caption-text\">URGE 10011 Postgeb\u00e4ude<\/figcaption><\/figure>\n<ul>\n<li>+ 3500 Teile aus hochwertigen 100% ABS-Kunststoffsteinen, sicher f\u00fcr Kinder, lange Spielzeit, 100% kompatibel mit anderen Steinmarken<\/li>\n<li><span style=\"font-size: 14.4px;\">Einfach zu bauen mit manueller Anleitung von URGE 10011 Post Office Building <\/span><span style=\"font-size: 14.4px; color: #555555;\">mit Stein-f\u00fcr-Stein-Anleitung und hochwertigen Bildern<\/span><\/li>\n<li><span style=\"font-size: 14.4px;\">Vollst\u00e4ndige Abmessungen des Postgeb\u00e4udes URGE 10011:<\/span><\/li>\n<\/ul>\n<h4><strong>LIEFERUNG &amp; R\u00dcCKGABE<\/strong><\/h4>\n<p>Wir garantieren f\u00fcr URGE 10011 Post Office Building<\/p>\n<ul>\n<li>Volle R\u00fcckerstattung, wenn Sie Ihre Bestellung nicht erhalten<\/li>\n<li>Kostenlos f\u00fcr fehlende Teile oder Handbuchbuch sorgen<\/li>\n<li>Der Kunde zahlt keine Steuern und Zollgeb\u00fchren mehr. (Wenn Sie bezahlen m\u00fcssen, erstatten wir Ihnen zur\u00fcck)<\/li>\n<li>Der internationale Versand ist ziemlich kompliziert, wir bem\u00fchen uns, alle Ihre Probleme zu bearbeiten. Wenn Ihre Bestellung jedoch Probleme hat, kontaktieren Sie uns bitte per E-Mail<\/li>\n<li><span data-text-color=\"alert\"><strong>Bestellung stornieren:<\/strong><\/span> Wenn Sie eine Bestellung stornieren m\u00fcssen, m\u00fcssen Sie uns so schnell wie m\u00f6glich per E-Mail an contact@pay.lpwstore.com kontaktieren. Wir k\u00f6nnen die Bestellung nicht vor 48 Stunden stoppen<\/li>\n<\/ul>\n<h4><strong>FEHLENDE TEILE<\/strong><\/h4>\n<p>Alle Teile des URGE 10011 Post Office Building werden vor dem Versand einer Qualit\u00e4tspr\u00fcfung unterzogen. Machen Sie sich also keine Sorgen, wenn Sie fehlende oder besch\u00e4digte Teile finden. Bitte kontaktieren Sie uns und wir senden sie Ihnen kostenlos zu, oder wir bieten Ihnen eine kleine R\u00fcckerstattung, damit Sie sie an anderen Orten kaufen k\u00f6nnen.<\/p>\n<h4><strong>PAKET<\/strong><\/h4>\n<p>URGE 10011 Post Office Building neu in versiegeltem Beutel mit Luftpolsterverpackung (Keine Originalverpackung, die Originalverpackung ist zu gro\u00df und kann beim Versand leicht besch\u00e4digt werden, wodurch Sie Kosten sparen. Wir versprechen, die Bl\u00f6cke gut zu verpacken.<\/p>","protected":false},"excerpt":{"rendered":"<h3><strong>URGE 10011 Postgeb\u00e4ude<\/strong><\/h3>\n<h3><span data-text-color=\"alert\"><strong>VORBESTELLUNG \/ Verf\u00fcgbar im Juli 2020<\/strong><\/span><\/h3>\n<ul>\n<li>Ziegelmenge: <strong>3500+ <\/strong>Stck<\/li>\n<li>Service: Kostenlose Ersatzteile<\/li>\n<li>Notiz: <span style=\"text-decoration: underline;\" data-text-color=\"alert\"><strong>Keine Originalverpackung<\/strong><\/span>, Verwenden Sie einen Luftpolsterbeutel oder einen leeren Karton.<\/li>\n<\/ul>\n<div id=\"gtx-trans\" style=\"position: absolute; left: 567px; top: 231.625px;\">\n<div class=\"gtx-trans-icon\"><\/div>\n<\/div>","protected":false},"featured_media":14065,"comment_status":"open","ping_status":"closed","template":"","meta":{"_acf_changed":false},"product_cat":[],"product_tag":[],"class_list":["product","first","outofstock","shipping-taxable","purchasable","product-type-simple"],"acf":[],"_links":{"self":[{"href":"https:\/\/mouldking.store\/de\/wp-json\/wp\/v2\/product\/14064","targetHints":{"allow":["GET"]}}],"collection":[{"href":"https:\/\/mouldking.store\/de\/wp-json\/wp\/v2\/product"}],"about":[{"href":"https:\/\/mouldking.store\/de\/wp-json\/wp\/v2\/types\/product"}],"replies":[{"embeddable":true,"href":"https:\/\/mouldking.store\/de\/wp-json\/wp\/v2\/comments?post=14064"}],"wp:featuredmedia":[{"embeddable":true,"href":"https:\/\/mouldking.store\/de\/wp-json\/wp\/v2\/media\/14065"}],"wp:attachment":[{"href":"https:\/\/mouldking.store\/de\/wp-json\/wp\/v2\/media?parent=14064"}],"wp:term":[{"taxonomy":"product_cat","embeddable":true,"href":"https:\/\/mouldking.store\/de\/wp-json\/wp\/v2\/product_cat?post=14064"},{"taxonomy":"product_tag","embeddable":true,"href":"https:\/\/mouldking.store\/de\/wp-json\/wp\/v2\/product_tag?post=14064"}],"curies":[{"name":"wp","href":"https:\/\/api.w.org\/{rel}","templated":true}]}}