{"id":14469,"date":"2021-09-28T03:06:59","date_gmt":"2021-09-28T03:06:59","guid":{"rendered":"https:\/\/mouldking.store\/product\/builo-qc006-land-rover-defender-pick-up-6-wheels-flying-huntsman-kahn-design-8054778"},"modified":"2021-12-23T09:54:28","modified_gmt":"2021-12-23T09:54:28","slug":"builo-qc006-land-rover-defender-pick-up-6-wheels-flying-huntsman-kahn-design","status":"publish","type":"product","link":"https:\/\/mouldking.store\/de\/shop\/builo-qc006-land-rover-defender-pick-up-6-wheels-flying-huntsman-kahn-design\/","title":{"rendered":"BUILO QC006 Land Rover Defender Pick Up 6 Wheels Flying Huntsman Kahn Design"},"content":{"rendered":"<p><strong>PRODUKTDETAIL<\/strong><\/p>\n<p>BUILO QC006 Land Rover Defender Pick Up 6 Wheels Flying Huntsman Kahn Design base on Land Rover Defender Pick Up 6 Wheels Flying Huntsman of Kahn Design.\u00a0 It&#8217;s an awesome Brick set MOC, produced by Lepinworld.<\/p>\n<p>the Mercedes-AMG G63 6&#215;6 for this. That\u2019s not to say the extraordinary factory-built off-roader started the 6&#215;6 trend, but it certainly gave tough truck enthusiasts an extra push to build a six-wheelers out of just about everything. The latest mega-monster is this highly custom 2017 Land Rover Defender \u2013 a machine already well-suited for tackling the road less traveled. Built as a pickup truck by Chelsea Truck Company, this Flying Huntsman 6&#215;6 is actually for sale and can be yours for the modest price of \u00a3279,999. That\u2019s roughly $348,230 in U.S. currency, which is about as modest as, well, this truck.<\/p>\n<figure id=\"attachment_191448\" aria-describedby=\"caption-attachment-191448\" style=\"width: 1020px\" class=\"wp-caption alignnone\"><img fetchpriority=\"high\" decoding=\"async\" class=\"size-large wp-image-191448\" src=\"https:\/\/pay.lpwstore.com\/wp-content\/uploads\/2020\/06\/BUILO-QC006-Land-Rover-Defender-Pick-Up-6-Wheels-Flying-Huntsman-Kahn-Design-3-1024x995.png\" alt=\"-\" width=\"1020\" height=\"991\" title=\"-\"><figcaption id=\"caption-attachment-191448\" class=\"wp-caption-text\">BUILO QC006 Land Rover Defender Pick Up 6 Wheels Flying Huntsman Kahn Design<\/figcaption><\/figure>\n<figure id=\"attachment_191447\" aria-describedby=\"caption-attachment-191447\" style=\"width: 1020px\" class=\"wp-caption alignnone\"><img decoding=\"async\" class=\"size-large wp-image-191447\" src=\"https:\/\/pay.lpwstore.com\/wp-content\/uploads\/2020\/06\/BUILO-QC006-Land-Rover-Defender-Pick-Up-6-Wheels-Flying-Huntsman-Kahn-Design-2-1024x491.png\" alt=\"-\" width=\"1020\" height=\"489\" title=\"-\"><figcaption id=\"caption-attachment-191447\" class=\"wp-caption-text\">BUILO QC006 Land Rover Defender Pick Up 6 Wheels Flying Huntsman Kahn Design<\/figcaption><\/figure>\n<figure id=\"attachment_191449\" aria-describedby=\"caption-attachment-191449\" style=\"width: 1020px\" class=\"wp-caption alignnone\"><img decoding=\"async\" class=\"size-large wp-image-191449\" src=\"https:\/\/pay.lpwstore.com\/wp-content\/uploads\/2020\/06\/BUILO-QC006-Land-Rover-Defender-Pick-Up-6-Wheels-Flying-Huntsman-Kahn-Design-4-1024x791.png\" alt=\"-\" width=\"1020\" height=\"788\" title=\"-\"><figcaption id=\"caption-attachment-191449\" class=\"wp-caption-text\">BUILO QC006 Land Rover Defender Pick Up 6 Wheels Flying Huntsman Kahn Design<\/figcaption><\/figure>\n<ul>\n<li>+ 2911\u00a0 pieces made from high-quality 100% ABS plastic bricks, safe for children, long time to play, 100% compatible with other brick brands<\/li>\n<li>Inlcude some Chome parts, with changing coloer from Green to Grey Titan<\/li>\n<li><span style=\"font-size: 14.4px;\">Easy-to-build with manual instruction of IMV 42010 Land Rover Defender Half-Track by Prinoth <\/span><span style=\"font-size: 14.4px; color: #555555;\">mit Stein-f\u00fcr-Stein-Anleitung und hochwertigen Bildern<\/span><\/li>\n<li><span style=\"font-size: 14.4px;\">Full dimensions of BUILO QC006 Land Rover Defender Pick Up 6 Wheels Flying Huntsman Kahn Design: 25cm high x 51cm long<\/span><\/li>\n<\/ul>\n<h4><strong>LIEFERUNG &amp; R\u00dcCKGABE<\/strong><\/h4>\n<p>We guarantee for BUILO QC006 Land Rover Defender Pick Up 6 Wheels Flying Huntsman Kahn Design<\/p>\n<ul>\n<li>Volle R\u00fcckerstattung, wenn Sie Ihre Bestellung nicht erhalten<\/li>\n<li>Kostenlos f\u00fcr fehlende Teile oder Handbuchbuch sorgen<\/li>\n<li>Der Kunde zahlt keine Steuern und Zollgeb\u00fchren mehr. (Wenn Sie bezahlen m\u00fcssen, erstatten wir Ihnen zur\u00fcck)<\/li>\n<li>Der internationale Versand ist ziemlich kompliziert, wir bem\u00fchen uns, alle Ihre Probleme zu bearbeiten. Wenn Ihre Bestellung jedoch Probleme hat, kontaktieren Sie uns bitte per E-Mail<\/li>\n<li><span data-text-color=\"alert\"><strong>Bestellung stornieren:<\/strong><\/span> Wenn Sie eine Bestellung stornieren m\u00fcssen, m\u00fcssen Sie uns so schnell wie m\u00f6glich per E-Mail an contact@pay.lpwstore.com kontaktieren. Wir k\u00f6nnen die Bestellung nicht vor 48 Stunden stoppen<\/li>\n<\/ul>\n<h4><strong>FEHLENDE TEILE<\/strong><\/h4>\n<p>All parts of BUILO QC006 Land Rover Defender Pick Up 6 Wheels Flying Huntsman Kahn Design \u00a0are quality checked before shipping, so if you find some missing or damaged parts, don&#8217;t worry. Please contact us and we will send them to you without any fees, or we will offer a small refund for you to buy in other places.<\/p>\n<figure id=\"attachment_191446\" aria-describedby=\"caption-attachment-191446\" style=\"width: 1020px\" class=\"wp-caption alignnone\"><img loading=\"lazy\" decoding=\"async\" class=\"size-large wp-image-191446\" src=\"https:\/\/pay.lpwstore.com\/wp-content\/uploads\/2020\/06\/BUILO-QC006-Land-Rover-Defender-Pick-Up-6-Wheels-Flying-Huntsman-Kahn-Design-1-1024x984.png\" alt=\"-\" width=\"1020\" height=\"980\" title=\"-\"><figcaption id=\"caption-attachment-191446\" class=\"wp-caption-text\">BUILO QC006 Land Rover Defender Pick Up 6 Wheels Flying Huntsman Kahn Design<\/figcaption><\/figure>\n<div id=\"gtx-trans\" style=\"position: absolute; left: 549px; top: 34.5195px;\">\n<div class=\"gtx-trans-icon\"><\/div>\n<\/div>","protected":false},"excerpt":{"rendered":"<h3><span data-text-color=\"alert\"><strong>AVAILABLE IN AUGUST 2020 &#8211; NO MOTOR VERSION<\/strong><\/span><\/h3>\n<ul>\n<li>Ziegelmenge:<strong> +2911 <\/strong>Stck<\/li>\n<li>Service: Kostenlose Ersatzteile<\/li>\n<li>Hinweis: Keine Originalverpackung, verwenden Sie einen Luftpolsterbeutel oder eine leere Kartonschachtel.<\/li>\n<\/ul>","protected":false},"featured_media":14470,"comment_status":"open","ping_status":"closed","template":"","meta":{"_acf_changed":false},"product_cat":[],"product_tag":[],"class_list":["product","first","instock","shipping-taxable","purchasable","product-type-simple"],"acf":[],"_links":{"self":[{"href":"https:\/\/mouldking.store\/de\/wp-json\/wp\/v2\/product\/14469","targetHints":{"allow":["GET"]}}],"collection":[{"href":"https:\/\/mouldking.store\/de\/wp-json\/wp\/v2\/product"}],"about":[{"href":"https:\/\/mouldking.store\/de\/wp-json\/wp\/v2\/types\/product"}],"replies":[{"embeddable":true,"href":"https:\/\/mouldking.store\/de\/wp-json\/wp\/v2\/comments?post=14469"}],"wp:featuredmedia":[{"embeddable":true,"href":"https:\/\/mouldking.store\/de\/wp-json\/wp\/v2\/media\/14470"}],"wp:attachment":[{"href":"https:\/\/mouldking.store\/de\/wp-json\/wp\/v2\/media?parent=14469"}],"wp:term":[{"taxonomy":"product_cat","embeddable":true,"href":"https:\/\/mouldking.store\/de\/wp-json\/wp\/v2\/product_cat?post=14469"},{"taxonomy":"product_tag","embeddable":true,"href":"https:\/\/mouldking.store\/de\/wp-json\/wp\/v2\/product_tag?post=14469"}],"curies":[{"name":"wp","href":"https:\/\/api.w.org\/{rel}","templated":true}]}}