{"id":14717,"date":"2021-09-28T03:10:25","date_gmt":"2021-09-28T03:10:25","guid":{"rendered":"https:\/\/mouldking.store\/product\/panlos-61002-huipai-house-ancient-architecture-china-town-7448253"},"modified":"2024-08-06T15:22:38","modified_gmt":"2024-08-06T08:22:38","slug":"panlos-61002-huipai-house-ancient-architecture-china-town","status":"publish","type":"product","link":"https:\/\/mouldking.store\/de\/shop\/panlos-61002-huipai-house-ancient-architecture-china-town\/","title":{"rendered":"PANLOS 61002 Alte Architektur des Huipai-Hauses \u2013 China Town"},"content":{"rendered":"<p><span>Haust\u00fcrhof im Anhui-Stil, klassisches H\u00e4uschen, privater Garten, kleine Br\u00fccke und flie\u00dfendes Wasser geh\u00f6ren zur Themenserie der Baukastensets. Das gesamte Set enth\u00e4lt 1872 Bausteinpartikel.\u00a0<\/span><span>Es wurde 2019 ins Leben gerufen.<\/span><\/p>\n<p><img fetchpriority=\"high\" decoding=\"async\" class=\"size-full wp-image-192415 aligncenter\" src=\"https:\/\/pay.lpwstore.com\/wp-content\/uploads\/2020\/06\/PANLOS-61002-Huipai-House-Ancient-Architecture-China-Town4.jpg\" alt=\"PANLOS-61002-Huipai-House-Ancient-Architecture---China-Town4\" width=\"800\" height=\"800\" title=\"-\"> <img decoding=\"async\" class=\"size-full wp-image-192413 aligncenter\" src=\"https:\/\/pay.lpwstore.com\/wp-content\/uploads\/2020\/06\/PANLOS-61002-Huipai-House-Ancient-Architecture-China-Town2.jpg\" alt=\"-\" width=\"800\" height=\"800\" title=\"-\"> <img decoding=\"async\" class=\"size-full wp-image-192414 aligncenter\" src=\"https:\/\/pay.lpwstore.com\/wp-content\/uploads\/2020\/06\/PANLOS-61002-Huipai-House-Ancient-Architecture-China-Town3.jpg\" alt=\"-\" width=\"800\" height=\"800\" title=\"-\"> <img loading=\"lazy\" decoding=\"async\" class=\"size-full wp-image-192412 aligncenter\" src=\"https:\/\/pay.lpwstore.com\/wp-content\/uploads\/2020\/06\/PANLOS-61002-Huipai-House-Ancient-Architecture-China-Town.jpg\" alt=\"-\" width=\"800\" height=\"800\" title=\"-\"><\/p>","protected":false},"excerpt":{"rendered":"<ul>\n<li>Enthalten <strong>1872+<\/strong> Stck<\/li>\n<li>Manuelles Lehrbuch<\/li>\n<li>Hochwertiger ABS-Block<\/li>\n<\/ul>","protected":false},"author":1,"featured_media":14718,"comment_status":"open","ping_status":"closed","template":"","meta":{"_acf_changed":false},"product_cat":[390],"product_tag":[],"class_list":["product","first","instock","shipping-taxable","purchasable","product-type-simple"],"acf":[],"_links":{"self":[{"href":"https:\/\/mouldking.store\/de\/wp-json\/wp\/v2\/product\/14717","targetHints":{"allow":["GET"]}}],"collection":[{"href":"https:\/\/mouldking.store\/de\/wp-json\/wp\/v2\/product"}],"about":[{"href":"https:\/\/mouldking.store\/de\/wp-json\/wp\/v2\/types\/product"}],"author":[{"embeddable":true,"href":"https:\/\/mouldking.store\/de\/wp-json\/wp\/v2\/users\/1"}],"replies":[{"embeddable":true,"href":"https:\/\/mouldking.store\/de\/wp-json\/wp\/v2\/comments?post=14717"}],"wp:featuredmedia":[{"embeddable":true,"href":"https:\/\/mouldking.store\/de\/wp-json\/wp\/v2\/media\/14718"}],"wp:attachment":[{"href":"https:\/\/mouldking.store\/de\/wp-json\/wp\/v2\/media?parent=14717"}],"wp:term":[{"taxonomy":"product_cat","embeddable":true,"href":"https:\/\/mouldking.store\/de\/wp-json\/wp\/v2\/product_cat?post=14717"},{"taxonomy":"product_tag","embeddable":true,"href":"https:\/\/mouldking.store\/de\/wp-json\/wp\/v2\/product_tag?post=14717"}],"curies":[{"name":"wp","href":"https:\/\/api.w.org\/{rel}","templated":true}]}}