{"id":14905,"date":"2021-09-28T03:12:56","date_gmt":"2021-09-28T03:12:56","guid":{"rendered":"https:\/\/mouldking.store\/product\/sembo-701944-honda-motorcycle-9990452"},"modified":"2021-12-23T09:53:40","modified_gmt":"2021-12-23T09:53:40","slug":"sembo-701944-honda-motorcycle","status":"publish","type":"product","link":"https:\/\/mouldking.store\/de\/shop\/sembo-701944-honda-motorcycle\/","title":{"rendered":"SEMBO 701944 Honda Motorrad"},"content":{"rendered":"<p>Honda Motorrad (TECHINQUE: Honda) geh\u00f6rt zur mechanischen Blockserie der Baukastensets, das gesamte Set enth\u00e4lt 1205 Bausteinpartikel. Es wird 2020 eingef\u00fchrt.<\/p>\n<p><img fetchpriority=\"high\" decoding=\"async\" class=\"size-full wp-image-192794 aligncenter\" src=\"https:\/\/pay.lpwstore.com\/wp-content\/uploads\/2020\/07\/SEMBO-701944-Honda-Motorcycle.jpg\" alt=\"SEMBO-701944-Honda-Motorcycle\" width=\"800\" height=\"800\" title=\"-\"> <img decoding=\"async\" class=\"size-full wp-image-192795 aligncenter\" src=\"https:\/\/pay.lpwstore.com\/wp-content\/uploads\/2020\/07\/SEMBO-701944-Honda-Motorcycle-2.jpg\" alt=\"-\" width=\"800\" height=\"800\" title=\"-\"> <img decoding=\"async\" class=\"size-full wp-image-192796 aligncenter\" src=\"https:\/\/pay.lpwstore.com\/wp-content\/uploads\/2020\/07\/SEMBO-701944-Honda-Motorcycle-3.jpg\" alt=\"-\" width=\"800\" height=\"800\" title=\"-\"><\/p>","protected":false},"excerpt":{"rendered":"<ul>\n<li>Enthalten <strong>1205+<\/strong> Stck<\/li>\n<li>Manuelles Lehrbuch<\/li>\n<li>Hochwertiger ABS-Block<\/li>\n<\/ul>","protected":false},"featured_media":14906,"comment_status":"open","ping_status":"closed","template":"","meta":{"_acf_changed":false},"product_cat":[],"product_tag":[],"class_list":["product","first","instock","shipping-taxable","purchasable","product-type-simple"],"acf":[],"_links":{"self":[{"href":"https:\/\/mouldking.store\/de\/wp-json\/wp\/v2\/product\/14905","targetHints":{"allow":["GET"]}}],"collection":[{"href":"https:\/\/mouldking.store\/de\/wp-json\/wp\/v2\/product"}],"about":[{"href":"https:\/\/mouldking.store\/de\/wp-json\/wp\/v2\/types\/product"}],"replies":[{"embeddable":true,"href":"https:\/\/mouldking.store\/de\/wp-json\/wp\/v2\/comments?post=14905"}],"wp:featuredmedia":[{"embeddable":true,"href":"https:\/\/mouldking.store\/de\/wp-json\/wp\/v2\/media\/14906"}],"wp:attachment":[{"href":"https:\/\/mouldking.store\/de\/wp-json\/wp\/v2\/media?parent=14905"}],"wp:term":[{"taxonomy":"product_cat","embeddable":true,"href":"https:\/\/mouldking.store\/de\/wp-json\/wp\/v2\/product_cat?post=14905"},{"taxonomy":"product_tag","embeddable":true,"href":"https:\/\/mouldking.store\/de\/wp-json\/wp\/v2\/product_tag?post=14905"}],"curies":[{"name":"wp","href":"https:\/\/api.w.org\/{rel}","templated":true}]}}