{"id":14958,"date":"2021-09-28T03:13:37","date_gmt":"2021-09-28T03:13:37","guid":{"rendered":"https:\/\/mouldking.store\/product\/winner-7062-the-red-convertible-classic-car-2657621"},"modified":"2021-12-23T09:53:40","modified_gmt":"2021-12-23T09:53:40","slug":"winner-7062-the-red-convertible-classic-car","status":"publish","type":"product","link":"https:\/\/mouldking.store\/de\/shop\/winner-7062-the-red-convertible-classic-car\/","title":{"rendered":"GEWINNER 7062 Der rote Cabrio-Klassiker"},"content":{"rendered":"<p><span>Der Cabrio-Oldtimer 1:10 (The Red Convertible Car) geh\u00f6rt zur Mechanik-Reihe der Bauk\u00e4sten. Das gesamte Set enth\u00e4lt 1141 Bausteinpartikel.\u00a0<\/span><span>Es wurde erstmals im Jahr 2017 eingef\u00fchrt<\/span><\/p>\n<p><img fetchpriority=\"high\" decoding=\"async\" class=\"size-full wp-image-192885 aligncenter\" src=\"https:\/\/pay.lpwstore.com\/wp-content\/uploads\/2020\/07\/WINNER-7062-The-Red-Convertible-Classic-Car-5.jpg\" alt=\"WINNER-7062-The-Red-Convertible-Classic-Car-5\" width=\"800\" height=\"800\" title=\"-\"> <img decoding=\"async\" class=\"size-full wp-image-192882 aligncenter\" src=\"https:\/\/pay.lpwstore.com\/wp-content\/uploads\/2020\/07\/WINNER-7062-The-Red-Convertible-Classic-Car-2.jpg\" alt=\"-\" width=\"800\" height=\"800\" title=\"-\"> <img decoding=\"async\" class=\"size-full wp-image-192883 aligncenter\" src=\"https:\/\/pay.lpwstore.com\/wp-content\/uploads\/2020\/07\/WINNER-7062-The-Red-Convertible-Classic-Car-3.jpg\" alt=\"-\" width=\"800\" height=\"800\" title=\"-\"> <img loading=\"lazy\" decoding=\"async\" class=\"size-full wp-image-192884 aligncenter\" src=\"https:\/\/pay.lpwstore.com\/wp-content\/uploads\/2020\/07\/WINNER-7062-The-Red-Convertible-Classic-Car-4.jpg\" alt=\"-\" width=\"800\" height=\"800\" title=\"-\"><\/p>","protected":false},"excerpt":{"rendered":"<ul>\n<li>Enthalten <strong>1141+<\/strong> Stck<\/li>\n<li>Manuelles Lehrbuch<\/li>\n<li>Hochwertiger ABS-Block<\/li>\n<\/ul>","protected":false},"featured_media":14959,"comment_status":"open","ping_status":"closed","template":"","meta":{"_acf_changed":false},"product_cat":[],"product_tag":[],"class_list":["product","first","instock","shipping-taxable","purchasable","product-type-simple"],"acf":[],"_links":{"self":[{"href":"https:\/\/mouldking.store\/de\/wp-json\/wp\/v2\/product\/14958","targetHints":{"allow":["GET"]}}],"collection":[{"href":"https:\/\/mouldking.store\/de\/wp-json\/wp\/v2\/product"}],"about":[{"href":"https:\/\/mouldking.store\/de\/wp-json\/wp\/v2\/types\/product"}],"replies":[{"embeddable":true,"href":"https:\/\/mouldking.store\/de\/wp-json\/wp\/v2\/comments?post=14958"}],"wp:featuredmedia":[{"embeddable":true,"href":"https:\/\/mouldking.store\/de\/wp-json\/wp\/v2\/media\/14959"}],"wp:attachment":[{"href":"https:\/\/mouldking.store\/de\/wp-json\/wp\/v2\/media?parent=14958"}],"wp:term":[{"taxonomy":"product_cat","embeddable":true,"href":"https:\/\/mouldking.store\/de\/wp-json\/wp\/v2\/product_cat?post=14958"},{"taxonomy":"product_tag","embeddable":true,"href":"https:\/\/mouldking.store\/de\/wp-json\/wp\/v2\/product_tag?post=14958"}],"curies":[{"name":"wp","href":"https:\/\/api.w.org\/{rel}","templated":true}]}}