{"id":14979,"date":"2021-09-28T03:13:52","date_gmt":"2021-09-28T03:13:52","guid":{"rendered":"https:\/\/mouldking.store\/product\/xingbao-xb-01026-changan-zhuque-street-zhiyuan-square-prosperous-tang-dynasty-8598670"},"modified":"2021-12-23T09:53:37","modified_gmt":"2021-12-23T09:53:37","slug":"xingbao-xb-01026-changan-zhuque-street-zhiyuan-square-prosperous-tang-dynasty","status":"publish","type":"product","link":"https:\/\/mouldking.store\/de\/shop\/xingbao-xb-01026-changan-zhuque-street-zhiyuan-square-prosperous-tang-dynasty\/","title":{"rendered":"XINGBAO XB-01026 Changan Zhuque Street: Zhiyuan Square Wohlhabende Tang-Dynastie"},"content":{"rendered":"<p>Zhuan Street, Chang&#039;an: Zhiyuanfang (die wohlhabende Tang-Dynastie) geh\u00f6rt zu den High-Level-Modellserien von Bausteinsets. Das gesamte Set enth\u00e4lt 2.451 Bausteinpartikel. Es wird 2020 eingef\u00fchrt.<\/p>\n<p><img fetchpriority=\"high\" decoding=\"async\" class=\"size-full wp-image-192945 aligncenter\" src=\"https:\/\/pay.lpwstore.com\/wp-content\/uploads\/2020\/07\/XINGBAO-XB-01026-Changan-Zhuque-Street-Zhiyuan-Square-Prosperous-Tang-Dynasty-3.jpg\" alt=\"XINGBAO-XB-01026-Changan-Zhuque-Street-Zhiyuan-Square-Prosperous-Tang-Dynasty-3\" width=\"800\" height=\"800\" title=\"-\"> <img decoding=\"async\" class=\"size-full wp-image-192946 aligncenter\" src=\"https:\/\/pay.lpwstore.com\/wp-content\/uploads\/2020\/07\/XINGBAO-XB-01026-Changan-Zhuque-Street-Zhiyuan-Square-Prosperous-Tang-Dynasty.jpg\" alt=\"XINGBAO-XB-01026-Changan-Zhuque-Street-Zhiyuan-Square-Prosperous-Tang-Dynasty\" width=\"800\" height=\"800\" title=\"-\"><\/p>","protected":false},"excerpt":{"rendered":"<ul>\n<li>Enthalten <strong>2451+<\/strong> Stck<\/li>\n<li>Manuelles Lehrbuch<\/li>\n<li>Hochwertiger ABS-Block<\/li>\n<\/ul>","protected":false},"featured_media":14980,"comment_status":"open","ping_status":"closed","template":"","meta":{"_acf_changed":false},"product_cat":[],"product_tag":[],"class_list":["product","first","instock","shipping-taxable","purchasable","product-type-simple"],"acf":[],"_links":{"self":[{"href":"https:\/\/mouldking.store\/de\/wp-json\/wp\/v2\/product\/14979","targetHints":{"allow":["GET"]}}],"collection":[{"href":"https:\/\/mouldking.store\/de\/wp-json\/wp\/v2\/product"}],"about":[{"href":"https:\/\/mouldking.store\/de\/wp-json\/wp\/v2\/types\/product"}],"replies":[{"embeddable":true,"href":"https:\/\/mouldking.store\/de\/wp-json\/wp\/v2\/comments?post=14979"}],"wp:featuredmedia":[{"embeddable":true,"href":"https:\/\/mouldking.store\/de\/wp-json\/wp\/v2\/media\/14980"}],"wp:attachment":[{"href":"https:\/\/mouldking.store\/de\/wp-json\/wp\/v2\/media?parent=14979"}],"wp:term":[{"taxonomy":"product_cat","embeddable":true,"href":"https:\/\/mouldking.store\/de\/wp-json\/wp\/v2\/product_cat?post=14979"},{"taxonomy":"product_tag","embeddable":true,"href":"https:\/\/mouldking.store\/de\/wp-json\/wp\/v2\/product_tag?post=14979"}],"curies":[{"name":"wp","href":"https:\/\/api.w.org\/{rel}","templated":true}]}}