{"id":15130,"date":"2021-09-28T03:16:14","date_gmt":"2021-09-28T03:16:14","guid":{"rendered":"https:\/\/mouldking.store\/product\/cada-c61042-moc-the-2020-ferrari-488-pista-by-brunojj1-1-8-2125328"},"modified":"2025-12-25T09:28:05","modified_gmt":"2025-12-25T02:28:05","slug":"cada-c61042-moc-the-2020-ferrari-488-pista-by-brunojj1-1-8","status":"publish","type":"product","link":"https:\/\/mouldking.store\/de\/shop\/cada-c61042-moc-the-2020-ferrari-488-pista-by-brunojj1-1-8\/","title":{"rendered":"CADA C61042 MOC Der 2020 Ferrari 488 Pista von brunojj1 1 8"},"content":{"rendered":"<p><strong>PRODUKTDETAIL<\/strong><\/p>\n<p>CADA C61042 MOC Der 2020 Ferrari 488 Pista von brunojj1 1:8 basiert auf MOC Der 2020 Ferrari 488 Pista von brunojj1 1:8 und a <span data-text-color=\"alert\"><strong>Autorisiertes Design von Brunojj1<\/strong><\/span> . Es ist ein fantastisches Ziegelset CADA C61042 MOC Der 2020 Ferrari 488 Pista von brunojj1 1:8<\/p>\n<figure id=\"attachment_193448\" aria-describedby=\"caption-attachment-193448\" style=\"width: 1020px\" class=\"wp-caption alignnone\"><img fetchpriority=\"high\" decoding=\"async\" class=\"wp-image-193448 size-large\" src=\"https:\/\/pay.lpwstore.com\/wp-content\/uploads\/2020\/07\/CADA-C61042-MOC-The-Ferrari-488-Pista-by-brunojj1-1-1024x576.jpg\" alt=\"-\" width=\"1020\" height=\"574\" title=\"-\"><figcaption id=\"caption-attachment-193448\" class=\"wp-caption-text\">CADA C61042 MOC Der 2020 Ferrari 488 Pista von brunojj1<\/figcaption><\/figure>\n<p>Der Ferrari 488 Pista 2020 ist der Stoff f\u00fcr Supersportwagen-Tr\u00e4ume. Mit breiten Schultern, gew\u00f6lbten Kotfl\u00fcgeln und einem anmutig gew\u00f6lbten Dach sticht dieser selbstbewusste Italiener aus der Masse heraus. Sein Innenraum ist \u00fcberraschend ger\u00e4umig und bietet mehr Platz, als man normalerweise in einem zweit\u00fcrigen Sportwagen findet. Wenn es um Leistung geht, bietet der 488 die Kraft und Ausgeglichenheit, die Sie von einem Auto mit dem legend\u00e4ren Ferrari-Typenschild erwarten w\u00fcrden<\/p>\n<figure id=\"attachment_193453\" aria-describedby=\"caption-attachment-193453\" style=\"width: 1020px\" class=\"wp-caption alignnone\"><img decoding=\"async\" class=\"wp-image-193453 size-large\" src=\"https:\/\/pay.lpwstore.com\/wp-content\/uploads\/2020\/07\/CADA-C61042-MOC-The-Ferrari-488-Pista-by-brunojj1-4-1024x350.jpg\" alt=\"-\" width=\"1020\" height=\"349\" title=\"-\"><figcaption id=\"caption-attachment-193453\" class=\"wp-caption-text\">CADA C61042 MOC Der 2020 Ferrari 488 Pista von brunojj1 1:8<\/figcaption><\/figure>\n<p>Unter der Haube des 488 arbeitet ein 3,9-Liter-V8 mit zwei Turboladern, der satte 711 PS und ein Drehmoment von 567 lb-ft erzeugt. Ein Siebengang-Automatikgetriebe regelt das Geschehen und leitet die Kraft an die Hinterr\u00e4der des Wagens. Der 2020 488 wurde speziell daf\u00fcr entwickelt, Ihren Durst nach Geschwindigkeit zu stillen. Bei unseren Tests auf der Rennstrecke schaffte er den Sprint von null auf 60 Meilen pro Stunde in nur 2,7 Sekunden. Damit ist er dem McLaren 720S gleichgestellt. Die Federung des 488 ist sowohl kommunikativ als auch geschmeidig und bietet eine Fahrqualit\u00e4t, die dieses Auto zu einem einigerma\u00dfen angenehmen Begleiter im Alltag macht.<\/p>\n<ul>\n<li>+ 3700 Teile aus hochwertigen 100% ABS-Kunststoffsteinen, sicher f\u00fcr Kinder, lange Spielzeit, 100% kompatibel mit anderen Steinmarken<\/li>\n<li><span style=\"font-size: 14.4px;\">Einfach zu bauen mit manueller Anleitung von CADA C61042 MOC Der Ferrari 488 Pista von brunojj1 1 8 <\/span><span style=\"font-size: 14.4px; color: #555555;\">mit Stein-f\u00fcr-Stein-Anleitung und hochwertigen Bildern<\/span><\/li>\n<li><span style=\"font-size: 14.4px;\">Vollst\u00e4ndige Abmessungen des CADA C61042 MOC Der 2020 Ferrari 488 Pista von brunojj1 1 8:<\/span><\/li>\n<\/ul>\n<h4><strong>LIEFERUNG &amp; R\u00dcCKGABE<\/strong><\/h4>\n<p>Wir garantieren f\u00fcr CADA C61042 MOC Der 2020 Ferrari 488 Pista von brunojj1 1 8<\/p>\n<ul>\n<li>Volle R\u00fcckerstattung, wenn Sie Ihre Bestellung nicht erhalten<\/li>\n<li>Kostenlos f\u00fcr fehlende Teile oder Handbuchbuch sorgen<\/li>\n<li>Der Kunde zahlt keine Steuern und Zollgeb\u00fchren mehr. (Wenn Sie bezahlen m\u00fcssen, erstatten wir Ihnen zur\u00fcck)<\/li>\n<li>Der internationale Versand ist ziemlich kompliziert, wir bem\u00fchen uns, alle Ihre Probleme zu bearbeiten. Wenn Ihre Bestellung jedoch Probleme hat, kontaktieren Sie uns bitte per E-Mail<\/li>\n<li><span data-text-color=\"alert\"><strong>Bestellung stornieren:<\/strong><\/span> Wenn Sie eine Bestellung stornieren m\u00fcssen, m\u00fcssen Sie uns so schnell wie m\u00f6glich per E-Mail an contact@pay.lpwstore.com kontaktieren. Wir k\u00f6nnen die Bestellung nicht vor 48 Stunden stoppen<\/li>\n<\/ul>\n<h4><strong>FEHLENDE TEILE<\/strong><\/h4>\n<p>Alle Teile des CADA C61042 MOC The 2020 Ferrari 488 Pista von brunojj1 1 8 werden vor dem Versand einer Qualit\u00e4tspr\u00fcfung unterzogen. Wenn Sie also fehlende oder besch\u00e4digte Teile finden, machen Sie sich keine Sorgen. Bitte kontaktieren Sie uns und wir senden Ihnen die Produkte kostenlos zu, oder wir bieten Ihnen eine kleine R\u00fcckerstattung an, damit Sie sie an anderen Orten kaufen k\u00f6nnen.<\/p>\n<figure id=\"attachment_193450\" aria-describedby=\"caption-attachment-193450\" style=\"width: 1000px\" class=\"wp-caption alignnone\"><img decoding=\"async\" class=\"size-full wp-image-193450\" src=\"https:\/\/pay.lpwstore.com\/wp-content\/uploads\/2020\/07\/CADA-C61042-MOC-The-Ferrari-488-Pista-by-brunojj1-2.jpg\" alt=\"-\" width=\"1000\" height=\"750\" title=\"-\"><figcaption id=\"caption-attachment-193450\" class=\"wp-caption-text\">CADA C61042 MOC Der 2020 Ferrari 488 Pista von brunojj1<\/figcaption><\/figure>\n<figure id=\"attachment_193451\" aria-describedby=\"caption-attachment-193451\" style=\"width: 988px\" class=\"wp-caption alignnone\"><img loading=\"lazy\" decoding=\"async\" class=\"size-full wp-image-193451\" src=\"https:\/\/pay.lpwstore.com\/wp-content\/uploads\/2020\/07\/CADA-C61042-MOC-The-Ferrari-488-Pista-by-brunojj1-2.png\" alt=\"-\" width=\"988\" height=\"583\" title=\"-\"><figcaption id=\"caption-attachment-193451\" class=\"wp-caption-text\">CADA C61042 MOC Der 2020 Ferrari 488 Pista von brunojj1<\/figcaption><\/figure>\n<figure id=\"attachment_193452\" aria-describedby=\"caption-attachment-193452\" style=\"width: 510px\" class=\"wp-caption alignnone\"><img loading=\"lazy\" decoding=\"async\" class=\"size-full wp-image-193452\" src=\"https:\/\/pay.lpwstore.com\/wp-content\/uploads\/2020\/07\/CADA-C61042-MOC-The-Ferrari-488-Pista-by-brunojj1-3.jpg\" alt=\"-\" width=\"510\" height=\"509\" title=\"-\"><figcaption id=\"caption-attachment-193452\" class=\"wp-caption-text\">CADA C61042 MOC Der 2020 Ferrari 488 Pista von brunojj1<\/figcaption><\/figure>\n<figure id=\"attachment_193453\" aria-describedby=\"caption-attachment-193453\" style=\"width: 1020px\" class=\"wp-caption alignnone\"><img loading=\"lazy\" decoding=\"async\" class=\"size-large wp-image-193453\" src=\"https:\/\/pay.lpwstore.com\/wp-content\/uploads\/2020\/07\/CADA-C61042-MOC-The-Ferrari-488-Pista-by-brunojj1-4-1024x350.jpg\" alt=\"-\" width=\"1020\" height=\"349\" title=\"-\"><figcaption id=\"caption-attachment-193453\" class=\"wp-caption-text\">CADA C61042 MOC Der 2020 Ferrari 488 Pista von brunojj1<\/figcaption><\/figure>\n<figure id=\"attachment_193454\" aria-describedby=\"caption-attachment-193454\" style=\"width: 1020px\" class=\"wp-caption alignnone\"><img loading=\"lazy\" decoding=\"async\" class=\"size-large wp-image-193454\" src=\"https:\/\/pay.lpwstore.com\/wp-content\/uploads\/2020\/07\/CADA-C61042-MOC-The-Ferrari-488-Pista-by-brunojj1-5-1024x576.jpg\" alt=\"-\" width=\"1020\" height=\"574\" title=\"-\"><figcaption id=\"caption-attachment-193454\" class=\"wp-caption-text\">CADA C61042 MOC Der 2020 Ferrari 488 Pista von brunojj1<\/figcaption><\/figure>","protected":false},"excerpt":{"rendered":"<h3><strong>CADA C61042 MOC Der 2020 Ferrari 488 Pista von brunojj1 1 8 mit Fernbedienung<\/strong><\/h3>\n<ul>\n<li>Ziegelmenge: <strong>3700+ <\/strong>Stck<\/li>\n<li>Service: Kostenlose Ersatzteile<\/li>\n<li>Notiz: <span style=\"text-decoration: underline;\" data-text-color=\"alert\"><strong>Keine Originalverpackung<\/strong><\/span>, Verwenden Sie einen Luftpolsterbeutel oder einen leeren Karton.<\/li>\n<\/ul>","protected":false},"featured_media":15131,"comment_status":"open","ping_status":"closed","template":"","meta":{"_acf_changed":false},"product_cat":[],"product_tag":[],"class_list":["product","first","instock","shipping-taxable","purchasable","product-type-simple"],"acf":[],"_links":{"self":[{"href":"https:\/\/mouldking.store\/de\/wp-json\/wp\/v2\/product\/15130","targetHints":{"allow":["GET"]}}],"collection":[{"href":"https:\/\/mouldking.store\/de\/wp-json\/wp\/v2\/product"}],"about":[{"href":"https:\/\/mouldking.store\/de\/wp-json\/wp\/v2\/types\/product"}],"replies":[{"embeddable":true,"href":"https:\/\/mouldking.store\/de\/wp-json\/wp\/v2\/comments?post=15130"}],"wp:featuredmedia":[{"embeddable":true,"href":"https:\/\/mouldking.store\/de\/wp-json\/wp\/v2\/media\/15131"}],"wp:attachment":[{"href":"https:\/\/mouldking.store\/de\/wp-json\/wp\/v2\/media?parent=15130"}],"wp:term":[{"taxonomy":"product_cat","embeddable":true,"href":"https:\/\/mouldking.store\/de\/wp-json\/wp\/v2\/product_cat?post=15130"},{"taxonomy":"product_tag","embeddable":true,"href":"https:\/\/mouldking.store\/de\/wp-json\/wp\/v2\/product_tag?post=15130"}],"curies":[{"name":"wp","href":"https:\/\/api.w.org\/{rel}","templated":true}]}}