{"id":15466,"date":"2021-09-28T03:20:56","date_gmt":"2021-09-28T03:20:56","guid":{"rendered":"https:\/\/mouldking.store\/product\/sy-5100-5103-famous-car-world-3414374"},"modified":"2021-10-11T03:00:57","modified_gmt":"2021-10-11T03:00:57","slug":"sy-5100-5103-famous-car-world","status":"publish","type":"product","link":"https:\/\/mouldking.store\/de\/shop\/sy-5100-5103-famous-car-world\/","title":{"rendered":"SY 5100-5103 Ber\u00fchmte Autowelt"},"content":{"rendered":"<p style=\"text-align: left;\">Die ber\u00fchmte Autowelt geh\u00f6rt zum Bausteinset der Rennserie, das gesamte Set enth\u00e4lt 1328 Bausteine. Erstmals ver\u00f6ffentlicht im Jahr 2020.<\/p>\n<p><img fetchpriority=\"high\" decoding=\"async\" class=\"alignnone size-full wp-image-194483 aligncenter\" src=\"https:\/\/pay.lpwstore.com\/wp-content\/uploads\/2020\/08\/SY-5100-Ferrari-FXXK-EVO.jpg\" alt=\"SY-5100-Ferrari-FXXK-EVO\" width=\"800\" height=\"800\" title=\"-\"> <img decoding=\"async\" class=\"alignnone size-full wp-image-194482 aligncenter\" src=\"https:\/\/pay.lpwstore.com\/wp-content\/uploads\/2020\/08\/SY-5101-Lamborghini-Veneno.jpg\" alt=\"SY-5101-Lamborghini-Veneno\" width=\"800\" height=\"800\" title=\"-\"> <img decoding=\"async\" class=\"alignnone size-full wp-image-194481 aligncenter\" src=\"https:\/\/pay.lpwstore.com\/wp-content\/uploads\/2020\/08\/SY-5102-Maserati.jpg\" alt=\"SY-5102-Maserati\" width=\"800\" height=\"800\" title=\"-\"> <img loading=\"lazy\" decoding=\"async\" class=\"alignnone size-full wp-image-194480 aligncenter\" src=\"https:\/\/pay.lpwstore.com\/wp-content\/uploads\/2020\/08\/SY-5103-McLaren-Senna.jpg\" alt=\"SY-5103 McLaren Senna\" width=\"800\" height=\"800\" title=\"-\"><\/p>","protected":false},"excerpt":{"rendered":"<ul>\n<li>Manuelles Lehrbuch<\/li>\n<li>Hochwertiger ABS-Block<\/li>\n<li>Keine Originalverpackung<\/li>\n<\/ul>","protected":false},"featured_media":15467,"comment_status":"open","ping_status":"closed","template":"","meta":{"_acf_changed":false},"product_cat":[],"product_tag":[],"class_list":["product","first","outofstock","shipping-taxable","purchasable","product-type-variable","has-default-attributes"],"acf":[],"_links":{"self":[{"href":"https:\/\/mouldking.store\/de\/wp-json\/wp\/v2\/product\/15466","targetHints":{"allow":["GET"]}}],"collection":[{"href":"https:\/\/mouldking.store\/de\/wp-json\/wp\/v2\/product"}],"about":[{"href":"https:\/\/mouldking.store\/de\/wp-json\/wp\/v2\/types\/product"}],"replies":[{"embeddable":true,"href":"https:\/\/mouldking.store\/de\/wp-json\/wp\/v2\/comments?post=15466"}],"wp:featuredmedia":[{"embeddable":true,"href":"https:\/\/mouldking.store\/de\/wp-json\/wp\/v2\/media\/15467"}],"wp:attachment":[{"href":"https:\/\/mouldking.store\/de\/wp-json\/wp\/v2\/media?parent=15466"}],"wp:term":[{"taxonomy":"product_cat","embeddable":true,"href":"https:\/\/mouldking.store\/de\/wp-json\/wp\/v2\/product_cat?post=15466"},{"taxonomy":"product_tag","embeddable":true,"href":"https:\/\/mouldking.store\/de\/wp-json\/wp\/v2\/product_tag?post=15466"}],"curies":[{"name":"wp","href":"https:\/\/api.w.org\/{rel}","templated":true}]}}