{"id":15563,"date":"2021-09-28T03:23:05","date_gmt":"2021-09-27T20:23:05","guid":{"rendered":"https:\/\/mouldking.store\/product\/wange-4222-burj-khalifa-8758261"},"modified":"2024-05-08T20:06:26","modified_gmt":"2024-05-08T13:06:26","slug":"wange-4222-burj-khalifa","status":"publish","type":"product","link":"https:\/\/mouldking.store\/de\/shop\/wange-4222-burj-khalifa\/","title":{"rendered":"WANGE 4222 Burj Khalifa"},"content":{"rendered":"<p>Dubai Burj Khalifa geh\u00f6rt zum Bausteinset der Mini-Modellreihe, das gesamte Set enth\u00e4lt 580 Ziegelpartikel. Erstmals ver\u00f6ffentlicht im Jahr 2020.<img fetchpriority=\"high\" decoding=\"async\" class=\"wp-image-195078 aligncenter\" src=\"https:\/\/pay.lpwstore.com\/wp-content\/uploads\/2020\/08\/WANGE-4222-Burj-Khalifa-2.jpg\" alt=\"WANGE-4222-Burj-Khalifa-2\" width=\"776\" height=\"1096\" title=\"-\"><\/p>","protected":false},"excerpt":{"rendered":"<ul>\n<li>Enthalten <strong>580+<\/strong> Stck<\/li>\n<li>Manuelles Lehrbuch<\/li>\n<li>Hochwertiger ABS-Block<\/li>\n<li>Keine Originalverpackung<\/li>\n<\/ul>","protected":false},"featured_media":15564,"comment_status":"open","ping_status":"closed","template":"","meta":{"_acf_changed":false},"product_cat":[15],"product_tag":[],"class_list":["product","first","instock","shipping-taxable","purchasable","product-type-simple"],"acf":[],"_links":{"self":[{"href":"https:\/\/mouldking.store\/de\/wp-json\/wp\/v2\/product\/15563","targetHints":{"allow":["GET"]}}],"collection":[{"href":"https:\/\/mouldking.store\/de\/wp-json\/wp\/v2\/product"}],"about":[{"href":"https:\/\/mouldking.store\/de\/wp-json\/wp\/v2\/types\/product"}],"replies":[{"embeddable":true,"href":"https:\/\/mouldking.store\/de\/wp-json\/wp\/v2\/comments?post=15563"}],"wp:featuredmedia":[{"embeddable":true,"href":"https:\/\/mouldking.store\/de\/wp-json\/wp\/v2\/media\/15564"}],"wp:attachment":[{"href":"https:\/\/mouldking.store\/de\/wp-json\/wp\/v2\/media?parent=15563"}],"wp:term":[{"taxonomy":"product_cat","embeddable":true,"href":"https:\/\/mouldking.store\/de\/wp-json\/wp\/v2\/product_cat?post=15563"},{"taxonomy":"product_tag","embeddable":true,"href":"https:\/\/mouldking.store\/de\/wp-json\/wp\/v2\/product_tag?post=15563"}],"curies":[{"name":"wp","href":"https:\/\/api.w.org\/{rel}","templated":true}]}}