{"id":15722,"date":"2021-09-28T03:24:06","date_gmt":"2021-09-28T03:24:06","guid":{"rendered":"https:\/\/mouldking.store\/product\/kazi-ky98253-military-train-dpk32-railway-track-laying-machine-3042530"},"modified":"2021-12-23T09:53:24","modified_gmt":"2021-12-23T09:53:24","slug":"kazi-ky98253-military-train-dpk32-railway-track-laying-machine","status":"publish","type":"product","link":"https:\/\/mouldking.store\/de\/shop\/kazi-ky98253-military-train-dpk32-railway-track-laying-machine\/","title":{"rendered":"KAZI KY98253 Milit\u00e4rzug: Gleisbaumaschine DPK32"},"content":{"rendered":"<p style=\"text-align: left;\">Milit\u00e4rzug: Gleisbaumaschine DPK32 (Milit\u00e4rzug) geh\u00f6rt zum Bausteinset der City-Serie, das gesamte Set enth\u00e4lt 1270 Bausteinpartikel. Erstmals ver\u00f6ffentlicht im Jahr 2020.<\/p>\n<p><img fetchpriority=\"high\" decoding=\"async\" class=\"alignnone size-full wp-image-195374 aligncenter\" src=\"https:\/\/pay.lpwstore.com\/wp-content\/uploads\/2020\/08\/KAZI-KY98253-Military-train-DPK32-railway-track-laying-machine.jpg\" alt=\"KAZI-KY98253-Military-train-DPK32-railway-track-laying-machine\" width=\"800\" height=\"800\" title=\"-\"> <img decoding=\"async\" class=\"alignnone size-full wp-image-195375 aligncenter\" src=\"https:\/\/pay.lpwstore.com\/wp-content\/uploads\/2020\/08\/KAZI-KY98253-Military-train-DPK32-railway-track-laying-machine-2.jpg\" alt=\"KAZI-KY98253-Military-train-DPK32-railway-track-laying-machine-2\" width=\"800\" height=\"800\" title=\"-\"><\/p>","protected":false},"excerpt":{"rendered":"<ul>\n<li>Enthalten <strong>1270+<\/strong> Stck<\/li>\n<li>Manuelles Lehrbuch<\/li>\n<li>Hochwertiger ABS-Block<\/li>\n<li>Keine Originalverpackung<\/li>\n<\/ul>","protected":false},"featured_media":15723,"comment_status":"open","ping_status":"closed","template":"","meta":{"_acf_changed":false},"product_cat":[372],"product_tag":[],"class_list":["product","first","instock","shipping-taxable","purchasable","product-type-simple"],"acf":[],"_links":{"self":[{"href":"https:\/\/mouldking.store\/de\/wp-json\/wp\/v2\/product\/15722","targetHints":{"allow":["GET"]}}],"collection":[{"href":"https:\/\/mouldking.store\/de\/wp-json\/wp\/v2\/product"}],"about":[{"href":"https:\/\/mouldking.store\/de\/wp-json\/wp\/v2\/types\/product"}],"replies":[{"embeddable":true,"href":"https:\/\/mouldking.store\/de\/wp-json\/wp\/v2\/comments?post=15722"}],"wp:featuredmedia":[{"embeddable":true,"href":"https:\/\/mouldking.store\/de\/wp-json\/wp\/v2\/media\/15723"}],"wp:attachment":[{"href":"https:\/\/mouldking.store\/de\/wp-json\/wp\/v2\/media?parent=15722"}],"wp:term":[{"taxonomy":"product_cat","embeddable":true,"href":"https:\/\/mouldking.store\/de\/wp-json\/wp\/v2\/product_cat?post=15722"},{"taxonomy":"product_tag","embeddable":true,"href":"https:\/\/mouldking.store\/de\/wp-json\/wp\/v2\/product_tag?post=15722"}],"curies":[{"name":"wp","href":"https:\/\/api.w.org\/{rel}","templated":true}]}}