{"id":15780,"date":"2021-09-28T03:24:52","date_gmt":"2021-09-28T03:24:52","guid":{"rendered":"https:\/\/mouldking.store\/product\/sy-0002-nissan-r34-gt-r-super-car-7474531"},"modified":"2022-03-07T22:29:28","modified_gmt":"2022-03-07T15:29:28","slug":"sy-0002-nissan-r34-gt-r-super-car","status":"publish","type":"product","link":"https:\/\/mouldking.store\/de\/shop\/sy-0002-nissan-r34-gt-r-super-car\/","title":{"rendered":"SY 0002 Nissan R34 GT-R Superauto"},"content":{"rendered":"<p style=\"text-align: left;\">Nissan Skyline GTR R34 (Nissan Skyline GTR R34) geh\u00f6rt zum Bausteinset der fortgeschrittenen Modellreihe, das gesamte Set enth\u00e4lt 1286 Bausteinpartikel. Erstmals ver\u00f6ffentlicht im Jahr 2020.<\/p>\n<p><img fetchpriority=\"high\" decoding=\"async\" class=\"alignnone size-full wp-image-195732 aligncenter\" src=\"https:\/\/pay.lpwstore.com\/wp-content\/uploads\/2020\/09\/SY-0002-Nissan-R34-GT-R-Super-Car.jpg\" alt=\"SY-0002-Nissan-R34-GT-R-Super-Car\" width=\"800\" height=\"800\" title=\"-\"> <img decoding=\"async\" class=\"alignnone size-full wp-image-195733 aligncenter\" src=\"https:\/\/pay.lpwstore.com\/wp-content\/uploads\/2020\/09\/SY-0002-Nissan-R34-GT-R-Super-Car-2.jpg\" alt=\"SY-0002-Nissan-R34-GT-R-Super-Car-2\" width=\"800\" height=\"800\" title=\"-\"><\/p>","protected":false},"excerpt":{"rendered":"<ul>\n<li>Enthalten <strong>1286+<\/strong> Stck<\/li>\n<li>Manuelles Lehrbuch<\/li>\n<li>Hochwertiger ABS-Block<\/li>\n<li>Keine Originalverpackung<\/li>\n<\/ul>","protected":false},"featured_media":15781,"comment_status":"open","ping_status":"closed","template":"","meta":{"_acf_changed":false},"product_cat":[15],"product_tag":[],"class_list":["product","first","outofstock","shipping-taxable","purchasable","product-type-simple"],"acf":[],"_links":{"self":[{"href":"https:\/\/mouldking.store\/de\/wp-json\/wp\/v2\/product\/15780","targetHints":{"allow":["GET"]}}],"collection":[{"href":"https:\/\/mouldking.store\/de\/wp-json\/wp\/v2\/product"}],"about":[{"href":"https:\/\/mouldking.store\/de\/wp-json\/wp\/v2\/types\/product"}],"replies":[{"embeddable":true,"href":"https:\/\/mouldking.store\/de\/wp-json\/wp\/v2\/comments?post=15780"}],"wp:featuredmedia":[{"embeddable":true,"href":"https:\/\/mouldking.store\/de\/wp-json\/wp\/v2\/media\/15781"}],"wp:attachment":[{"href":"https:\/\/mouldking.store\/de\/wp-json\/wp\/v2\/media?parent=15780"}],"wp:term":[{"taxonomy":"product_cat","embeddable":true,"href":"https:\/\/mouldking.store\/de\/wp-json\/wp\/v2\/product_cat?post=15780"},{"taxonomy":"product_tag","embeddable":true,"href":"https:\/\/mouldking.store\/de\/wp-json\/wp\/v2\/product_tag?post=15780"}],"curies":[{"name":"wp","href":"https:\/\/api.w.org\/{rel}","templated":true}]}}