{"id":16291,"date":"2021-09-28T03:30:34","date_gmt":"2021-09-28T03:30:34","guid":{"rendered":"https:\/\/mouldking.store\/product\/sy-1512-dinosaur-world-tyrannosaurus-9688503"},"modified":"2021-12-23T09:53:14","modified_gmt":"2021-12-23T09:53:14","slug":"sy-1512-dinosaur-world-tyrannosaurus","status":"publish","type":"product","link":"https:\/\/mouldking.store\/de\/shop\/sy-1512-dinosaur-world-tyrannosaurus\/","title":{"rendered":"SY 1512 Dinosaurierwelt: Tyrannosaurus"},"content":{"rendered":"<p>Creator SY 1512 Dinosaur World: Tyrannosaurus geh\u00f6rt zum Bausteinset der Advanced-Modellreihe, das gesamte Set enth\u00e4lt 988 Bausteinpartikel. Erstmals ver\u00f6ffentlicht im Jahr 2020.<\/p>\n<p><img fetchpriority=\"high\" decoding=\"async\" class=\"alignnone size-full wp-image-197801\" src=\"https:\/\/pay.lpwstore.com\/wp-content\/uploads\/2020\/11\/Creator-SY-1512-Dinosaur-World-Tyrannosaurus.jpg\" alt=\"-\" width=\"800\" height=\"800\" title=\"-\"><\/p>\n<p><img decoding=\"async\" class=\"alignnone size-full wp-image-197800\" src=\"https:\/\/pay.lpwstore.com\/wp-content\/uploads\/2020\/11\/Creator-SY-1512-Dinosaur-World-Tyrannosaurus-2.jpg\" alt=\"-\" width=\"800\" height=\"800\" title=\"-\"><\/p>","protected":false},"excerpt":{"rendered":"<ul>\n<li>Enthalten <b><span style=\"color: #000000\">988<\/span><\/b><strong>+<\/strong> Stck<\/li>\n<li>Manuelles Lehrbuch<\/li>\n<li>Hochwertiger ABS-Block<\/li>\n<li>Keine Originalverpackung<\/li>\n<\/ul>","protected":false},"featured_media":16292,"comment_status":"open","ping_status":"closed","template":"","meta":{"_acf_changed":false},"product_cat":[],"product_tag":[],"class_list":["product","first","instock","shipping-taxable","purchasable","product-type-simple"],"acf":[],"_links":{"self":[{"href":"https:\/\/mouldking.store\/de\/wp-json\/wp\/v2\/product\/16291","targetHints":{"allow":["GET"]}}],"collection":[{"href":"https:\/\/mouldking.store\/de\/wp-json\/wp\/v2\/product"}],"about":[{"href":"https:\/\/mouldking.store\/de\/wp-json\/wp\/v2\/types\/product"}],"replies":[{"embeddable":true,"href":"https:\/\/mouldking.store\/de\/wp-json\/wp\/v2\/comments?post=16291"}],"wp:featuredmedia":[{"embeddable":true,"href":"https:\/\/mouldking.store\/de\/wp-json\/wp\/v2\/media\/16292"}],"wp:attachment":[{"href":"https:\/\/mouldking.store\/de\/wp-json\/wp\/v2\/media?parent=16291"}],"wp:term":[{"taxonomy":"product_cat","embeddable":true,"href":"https:\/\/mouldking.store\/de\/wp-json\/wp\/v2\/product_cat?post=16291"},{"taxonomy":"product_tag","embeddable":true,"href":"https:\/\/mouldking.store\/de\/wp-json\/wp\/v2\/product_tag?post=16291"}],"curies":[{"name":"wp","href":"https:\/\/api.w.org\/{rel}","templated":true}]}}