{"id":18036,"date":"2021-09-28T03:54:57","date_gmt":"2021-09-28T03:54:57","guid":{"rendered":"https:\/\/mouldking.store\/product\/mork-023024-2-pink-porsche-gt-super-car-8449518"},"modified":"2021-12-23T09:50:52","modified_gmt":"2021-12-23T09:50:52","slug":"mork-023024-2-pink-porsche-gt-super-car","status":"publish","type":"product","link":"https:\/\/mouldking.store\/de\/shop\/mork-023024-2-pink-porsche-gt-super-car\/","title":{"rendered":"MORK 023024-2 Porsche GT Super Car Rosa"},"content":{"rendered":"<p style=\"text-align: center;\">MORK 023024-2 Pinker Porsche GT Super Car geh\u00f6rt zum Technic Series Baukastenset. Das gesamte Set enth\u00e4lt 1268 Bausteinpartikel. Erstmals ver\u00f6ffentlicht im Jahr 2021.<\/p>\n<figure id=\"attachment_206175\" aria-describedby=\"caption-attachment-206175\" style=\"width: 800px\" class=\"wp-caption aligncenter\"><a href=\"https:\/\/pay.lpwstore.com\/wp-content\/uploads\/2021\/04\/MORK-023024-2-Pink-Porsche-GT-Super-Car.jpg\" target=\"_blank\" rel=\"noopener\"><img fetchpriority=\"high\" decoding=\"async\" class=\"wp-image-206175 size-full\" title=\"MORK 023024-2 Porsche GT Super Car Rosa\" src=\"https:\/\/pay.lpwstore.com\/wp-content\/uploads\/2021\/04\/MORK-023024-2-Pink-Porsche-GT-Super-Car.jpg\" alt=\"MORK 023024-2 Pink Porsche GT Super Car\" width=\"800\" height=\"800\" \/><\/a><figcaption id=\"caption-attachment-206175\" class=\"wp-caption-text\">MORK 023024-2 Porsche GT Super Car Rosa<\/figcaption><\/figure>\n<p><img decoding=\"async\" class=\"alignnone size-full wp-image-206176 aligncenter\" src=\"https:\/\/pay.lpwstore.com\/wp-content\/uploads\/2021\/04\/MORK-023024-2-Pink-Porsche-GT-Super-Car-2.jpg\" alt=\"-\" width=\"800\" height=\"800\" title=\"-\"> <img decoding=\"async\" class=\"alignnone size-full wp-image-206177 aligncenter\" src=\"https:\/\/pay.lpwstore.com\/wp-content\/uploads\/2021\/04\/MORK-023024-2-Pink-Porsche-GT-Super-Car-3.jpg\" alt=\"-\" width=\"800\" height=\"800\" title=\"-\"> <img loading=\"lazy\" decoding=\"async\" class=\"alignnone size-full wp-image-206178 aligncenter\" src=\"https:\/\/pay.lpwstore.com\/wp-content\/uploads\/2021\/04\/MORK-023024-2-Pink-Porsche-GT-Super-Car-4.jpg\" alt=\"-\" width=\"800\" height=\"800\" title=\"-\"> <img loading=\"lazy\" decoding=\"async\" class=\"alignnone size-full wp-image-206179 aligncenter\" src=\"https:\/\/pay.lpwstore.com\/wp-content\/uploads\/2021\/04\/MORK-023024-2-Pink-Porsche-GT-Super-Car-5.jpg\" alt=\"-\" width=\"800\" height=\"800\" title=\"-\"><\/p>","protected":false},"excerpt":{"rendered":"<ul>\n<li>Enthalten\u00a0<strong>1268+<\/strong>\u00a0Stck<\/li>\n<li>Manuelles Lehrbuch<\/li>\n<li>Hochwertiger ABS-Block<\/li>\n<\/ul>","protected":false},"featured_media":18037,"comment_status":"open","ping_status":"closed","template":"","meta":{"_acf_changed":false},"product_cat":[],"product_tag":[],"class_list":["product","first","instock","shipping-taxable","purchasable","product-type-simple"],"acf":[],"_links":{"self":[{"href":"https:\/\/mouldking.store\/de\/wp-json\/wp\/v2\/product\/18036","targetHints":{"allow":["GET"]}}],"collection":[{"href":"https:\/\/mouldking.store\/de\/wp-json\/wp\/v2\/product"}],"about":[{"href":"https:\/\/mouldking.store\/de\/wp-json\/wp\/v2\/types\/product"}],"replies":[{"embeddable":true,"href":"https:\/\/mouldking.store\/de\/wp-json\/wp\/v2\/comments?post=18036"}],"wp:featuredmedia":[{"embeddable":true,"href":"https:\/\/mouldking.store\/de\/wp-json\/wp\/v2\/media\/18037"}],"wp:attachment":[{"href":"https:\/\/mouldking.store\/de\/wp-json\/wp\/v2\/media?parent=18036"}],"wp:term":[{"taxonomy":"product_cat","embeddable":true,"href":"https:\/\/mouldking.store\/de\/wp-json\/wp\/v2\/product_cat?post=18036"},{"taxonomy":"product_tag","embeddable":true,"href":"https:\/\/mouldking.store\/de\/wp-json\/wp\/v2\/product_tag?post=18036"}],"curies":[{"name":"wp","href":"https:\/\/api.w.org\/{rel}","templated":true}]}}