{"id":18307,"date":"2021-09-28T03:58:33","date_gmt":"2021-09-28T03:58:33","guid":{"rendered":"https:\/\/mouldking.store\/product\/tigaole-t3004-ferrari-pull-back-supercar-9194740"},"modified":"2021-12-23T09:50:47","modified_gmt":"2021-12-23T09:50:47","slug":"tigaole-t3004-ferrari-pull-back-supercar","status":"publish","type":"product","link":"https:\/\/mouldking.store\/de\/shop\/tigaole-t3004-ferrari-pull-back-supercar\/","title":{"rendered":"TIGAOLE T3004 Ferrari zieht Supersportwagen zur\u00fcck"},"content":{"rendered":"<p>TIGAOLE T3004 Ferrari Pull Back Supercar geh\u00f6rt zum Baukasten der mechanischen Gruppenserie. Das gesamte Set enth\u00e4lt 419 Bausteinpartikel. Erstmals ver\u00f6ffentlicht im Jahr 2021.<\/p>\n<p>&nbsp;<\/p>\n<figure id=\"attachment_207406\" aria-describedby=\"caption-attachment-207406\" style=\"width: 800px\" class=\"wp-caption aligncenter\"><a href=\"https:\/\/pay.lpwstore.com\/wp-content\/uploads\/2021\/05\/tigaole-t3004-ferrari-pull-back-supercar-221057.jpg\" target=\"_blank\" rel=\"noopener\"><img fetchpriority=\"high\" decoding=\"async\" class=\"wp-image-207406 size-full\" title=\"TIGAOLE T3004 Ferrari zieht Supersportwagen zur\u00fcck\" src=\"https:\/\/pay.lpwstore.com\/wp-content\/uploads\/2021\/05\/tigaole-t3004-ferrari-pull-back-supercar-221057.jpg\" alt=\"TIGAOLE T3004 Ferrari Pull Back Supercar\" width=\"800\" height=\"801\" \/><\/a><figcaption id=\"caption-attachment-207406\" class=\"wp-caption-text\">TIGAOLE T3004 Ferrari zieht Supersportwagen zur\u00fcck<\/figcaption><\/figure>\n<figure id=\"attachment_207407\" aria-describedby=\"caption-attachment-207407\" style=\"width: 797px\" class=\"wp-caption aligncenter\"><img decoding=\"async\" class=\"size-full wp-image-207407\" title=\"TIGAOLE T3004 Ferrari zieht Supersportwagen zur\u00fcck\" src=\"https:\/\/pay.lpwstore.com\/wp-content\/uploads\/2021\/05\/tigaole-t3004-ferrari-pull-back-supercar-221101.jpg\" alt=\"TIGAOLE T3004 Ferrari Pull Back Supercar\" width=\"797\" height=\"724\" \/><figcaption id=\"caption-attachment-207407\" class=\"wp-caption-text\">TIGAOLE T3004 Ferrari zieht Supersportwagen zur\u00fcck<\/figcaption><\/figure>\n<p>&nbsp;<\/p>","protected":false},"excerpt":{"rendered":"<ul>\n<li>Enthalten\u00a0<strong>419+<\/strong>\u00a0Stck<\/li>\n<li>Manuelles Lehrbuch<\/li>\n<li>Hochwertiger ABS-Block<\/li>\n<li>Keine Originalverpackung<\/li>\n<\/ul>","protected":false},"featured_media":18308,"comment_status":"open","ping_status":"closed","template":"","meta":{"_acf_changed":false},"product_cat":[],"product_tag":[],"class_list":["product","first","instock","shipping-taxable","purchasable","product-type-simple"],"acf":[],"_links":{"self":[{"href":"https:\/\/mouldking.store\/de\/wp-json\/wp\/v2\/product\/18307","targetHints":{"allow":["GET"]}}],"collection":[{"href":"https:\/\/mouldking.store\/de\/wp-json\/wp\/v2\/product"}],"about":[{"href":"https:\/\/mouldking.store\/de\/wp-json\/wp\/v2\/types\/product"}],"replies":[{"embeddable":true,"href":"https:\/\/mouldking.store\/de\/wp-json\/wp\/v2\/comments?post=18307"}],"wp:featuredmedia":[{"embeddable":true,"href":"https:\/\/mouldking.store\/de\/wp-json\/wp\/v2\/media\/18308"}],"wp:attachment":[{"href":"https:\/\/mouldking.store\/de\/wp-json\/wp\/v2\/media?parent=18307"}],"wp:term":[{"taxonomy":"product_cat","embeddable":true,"href":"https:\/\/mouldking.store\/de\/wp-json\/wp\/v2\/product_cat?post=18307"},{"taxonomy":"product_tag","embeddable":true,"href":"https:\/\/mouldking.store\/de\/wp-json\/wp\/v2\/product_tag?post=18307"}],"curies":[{"name":"wp","href":"https:\/\/api.w.org\/{rel}","templated":true}]}}